{"id":40490,"date":"2025-10-10T10:30:45","date_gmt":"2025-10-10T08:30:45","guid":{"rendered":"https:\/\/tibladin.dk\/?post_type=product&#038;p=40490"},"modified":"2026-03-30T12:33:11","modified_gmt":"2026-03-30T10:33:11","slug":"berberkorg-l-aghanim","status":"publish","type":"product","link":"https:\/\/tibladin.dk\/sv\/produkt\/berberkurv-l-aghanim\/","title":{"rendered":"Berberkorg L \u2013 AGHANIM"},"content":{"rendered":"<div class=\"wpb-content-wrapper\"><p>F\u00e4rgglad och karakt\u00e4rsfull berberkorg, handgjord i Marockos berg med hj\u00e4lp av ur\u00e5ldriga v\u00e4vtekniker. Perfekt f\u00f6r f\u00f6rvaring - unika m\u00f6nster!<div class=\"vc_row wpb_row vc_row-fluid\"><div class=\"wpb_column vc_column_container vc_col-sm-4\"><div class=\"vc_column-inner\"><div class=\"wpb_wrapper\"><\/div><\/div><\/div><div class=\"wpb_column vc_column_container vc_col-sm-4\"><div class=\"vc_column-inner\"><div class=\"wpb_wrapper\"><h3 style=\"text-align: left\" class=\"vc_custom_heading vc_do_custom_heading\" >Underh\u00e5ll<\/h3>\n\t<div class=\"wpb_text_column wpb_content_element\" >\n\t\t<div class=\"wpb_wrapper\">\n\t\t\t<p>F\u00f6r reng\u00f6ring \u00e4r det enklaste att dammsuga den noggrant.<\/p>\n\n\t\t<\/div>\n\t<\/div>\n<\/div><\/div><\/div><div class=\"wpb_column vc_column_container vc_col-sm-4\"><div class=\"vc_column-inner\"><div class=\"wpb_wrapper\"><h3 style=\"text-align: left\" class=\"vc_custom_heading vc_do_custom_heading\" >Historien bakom<\/h3>\n\t<div class=\"wpb_text_column wpb_content_element\" >\n\t\t<div class=\"wpb_wrapper\">\n\t\t\t<p>Jag \u00e4lskar kurvor! De kan ge alla rum v\u00e4rme och mysighet.<\/p>\n<p>Anv\u00e4nd denna korg som f\u00f6rvaring f\u00f6r extra kuddar och filtar, halsdukar eller tofflor.<\/p>\n<p>Korgarna \u00e4r handgjorda och fr\u00e5n ett familjef\u00f6retag i Marrakech som \u00e4r specialiserat p\u00e5 fl\u00e4tad och har gjort det i generationer.<\/p>\n\n\t\t<\/div>\n\t<\/div>\n<\/div><\/div><\/div><\/div>\n<\/div>","protected":false},"excerpt":{"rendered":"<p>Aghanim betyder f\u00e4rgglad p\u00e5 berberiska \u2013 ett namn som perfekt f\u00e5ngar den livfulla energin och de varma tonerna i denna handgjorda korg.<\/p>\n<p>Korgen \u00e4r skapad av kvinnor i Marockos Atlasberg, d\u00e4r generationer av kunskap och tradition m\u00f6ts i varje fl\u00e4ta. De intensiva nyanserna av orange, gr\u00f6nt, lila och r\u00f6tt skapar ett harmoniskt m\u00f6nster som utstr\u00e5lar hantverk, kultur och \u00e4kthet.<\/p>\n<p>Med en h\u00f6jd p\u00e5 cirka 40 cm och en diameter p\u00e5 26 cm \u00e4r Aghanim b\u00e5de en funktionell f\u00f6rvaringsl\u00f6sning och ett konstn\u00e4rligt element som ger v\u00e4rme och personlighet till hemmet. Den passar perfekt i vardagsrummet, hallen eller badrummet \u2013 var du \u00e4n vill ha en touch av Marockos f\u00e4rger och sj\u00e4l.<\/p>\n<p>Aghanim \u00e4r en symbol f\u00f6r kreativitet, liv och kvinnligt hantverk \u2013 ett litet m\u00e4sterverk skapat med k\u00e4rlek och t\u00e5lamod.<\/p>\n<p>Detaljer:<\/p>\n<p>* Handgjort i Marocko<br \/>\n* Material: naturgr\u00e4s och ulltr\u00e5d<br \/>\n* M\u00e5tt: ca. H 40 cm x \u00d8 26 cm<\/p>\n<p>Varje korg \u00e4r unik \u2013 sm\u00e5 variationer i f\u00e4rger och m\u00f6nster kan f\u00f6rekomma<\/p>","protected":false},"featured_media":40437,"template":"","meta":{"inline_featured_image":false},"product_brand":[],"product_cat":[55,51],"product_tag":[],"class_list":{"0":"post-40490","1":"product","2":"type-product","3":"status-publish","4":"has-post-thumbnail","6":"product_cat-kurve","7":"product_cat-opbevaring","9":"first","10":"outofstock","11":"taxable","12":"shipping-taxable","13":"purchasable","14":"product-type-simple"},"exclude_global_add_ons":[],"addons":[],"yoast_head":"<!-- This site is optimized with the Yoast SEO plugin v27.4 - https:\/\/yoast.com\/product\/yoast-seo-wordpress\/ -->\n<title>Berberkurv L - AGHANIM - Tibladin<\/title>\n<meta name=\"description\" content=\"Berberkurv i intense nuancer af orange, gr\u00f8n, lilla og r\u00f8d, h\u00e5ndlavet i Marokkos bjerge. F\u00e5s i flere varianter \u2013 perfekt til opbevaring!\" \/>\n<meta name=\"robots\" content=\"index, follow, max-snippet:-1, max-image-preview:large, max-video-preview:-1\" \/>\n<link rel=\"canonical\" href=\"https:\/\/tibladin.dk\/sv\/produkt\/berberkorg-l-aghanim\/\" \/>\n<meta property=\"og:locale\" content=\"sv_SE\" \/>\n<meta property=\"og:type\" content=\"article\" \/>\n<meta property=\"og:title\" content=\"Berberkurv L - AGHANIM - Tibladin\" \/>\n<meta property=\"og:description\" content=\"Berberkurv i intense nuancer af orange, gr\u00f8n, lilla og r\u00f8d, h\u00e5ndlavet i Marokkos bjerge. F\u00e5s i flere varianter \u2013 perfekt til opbevaring!\" \/>\n<meta property=\"og:url\" content=\"https:\/\/tibladin.dk\/sv\/produkt\/berberkorg-l-aghanim\/\" \/>\n<meta property=\"og:site_name\" content=\"Tibladin\" \/>\n<meta property=\"article:modified_time\" content=\"2026-03-30T10:33:11+00:00\" \/>\n<meta property=\"og:image\" content=\"https:\/\/tibladin.dk\/wp-content\/uploads\/2025\/10\/Aghanim-berberkurv-str.-L.jpeg\" \/>\n\t<meta property=\"og:image:width\" content=\"800\" \/>\n\t<meta property=\"og:image:height\" content=\"800\" \/>\n\t<meta property=\"og:image:type\" content=\"image\/jpeg\" \/>\n<meta name=\"twitter:card\" content=\"summary_large_image\" \/>\n<meta name=\"twitter:label1\" content=\"Ber\u00e4knad l\u00e4stid\" \/>\n\t<meta name=\"twitter:data1\" content=\"1 minut\" \/>\n<script type=\"application\/ld+json\" class=\"yoast-schema-graph\">{\"@context\":\"https:\\\/\\\/schema.org\",\"@graph\":[{\"@type\":\"WebPage\",\"@id\":\"https:\\\/\\\/tibladin.dk\\\/produkt\\\/berberkurv-l-aghanim\\\/\",\"url\":\"https:\\\/\\\/tibladin.dk\\\/produkt\\\/berberkurv-l-aghanim\\\/\",\"name\":\"Berberkurv L - AGHANIM - Tibladin\",\"isPartOf\":{\"@id\":\"https:\\\/\\\/tibladin.dk\\\/#website\"},\"primaryImageOfPage\":{\"@id\":\"https:\\\/\\\/tibladin.dk\\\/produkt\\\/berberkurv-l-aghanim\\\/#primaryimage\"},\"image\":{\"@id\":\"https:\\\/\\\/tibladin.dk\\\/produkt\\\/berberkurv-l-aghanim\\\/#primaryimage\"},\"thumbnailUrl\":\"https:\\\/\\\/tibladin.dk\\\/wp-content\\\/uploads\\\/2025\\\/10\\\/Aghanim-berberkurv-str.-L.jpeg\",\"datePublished\":\"2025-10-10T08:30:45+00:00\",\"dateModified\":\"2026-03-30T10:33:11+00:00\",\"description\":\"Berberkurv i intense nuancer af orange, gr\u00f8n, lilla og r\u00f8d, h\u00e5ndlavet i Marokkos bjerge. F\u00e5s i flere varianter \u2013 perfekt til opbevaring!\",\"breadcrumb\":{\"@id\":\"https:\\\/\\\/tibladin.dk\\\/produkt\\\/berberkurv-l-aghanim\\\/#breadcrumb\"},\"inLanguage\":\"sv-SE\",\"potentialAction\":[{\"@type\":\"ReadAction\",\"target\":[\"https:\\\/\\\/tibladin.dk\\\/produkt\\\/berberkurv-l-aghanim\\\/\"]}]},{\"@type\":\"ImageObject\",\"inLanguage\":\"sv-SE\",\"@id\":\"https:\\\/\\\/tibladin.dk\\\/produkt\\\/berberkurv-l-aghanim\\\/#primaryimage\",\"url\":\"https:\\\/\\\/tibladin.dk\\\/wp-content\\\/uploads\\\/2025\\\/10\\\/Aghanim-berberkurv-str.-L.jpeg\",\"contentUrl\":\"https:\\\/\\\/tibladin.dk\\\/wp-content\\\/uploads\\\/2025\\\/10\\\/Aghanim-berberkurv-str.-L.jpeg\",\"width\":800,\"height\":800,\"caption\":\"Aghanim-berberkurv-str.-L\"},{\"@type\":\"BreadcrumbList\",\"@id\":\"https:\\\/\\\/tibladin.dk\\\/produkt\\\/berberkurv-l-aghanim\\\/#breadcrumb\",\"itemListElement\":[{\"@type\":\"ListItem\",\"position\":1,\"name\":\"Hjem\",\"item\":\"https:\\\/\\\/tibladin.dk\\\/\"},{\"@type\":\"ListItem\",\"position\":2,\"name\":\"Shop\",\"item\":\"https:\\\/\\\/tibladin.dk\\\/shop\\\/\"},{\"@type\":\"ListItem\",\"position\":3,\"name\":\"Berberkurv L &#8211; AGHANIM\"}]},{\"@type\":\"WebSite\",\"@id\":\"https:\\\/\\\/tibladin.dk\\\/#website\",\"url\":\"https:\\\/\\\/tibladin.dk\\\/\",\"name\":\"Tibladin\",\"description\":\"Tibladin\",\"publisher\":{\"@id\":\"https:\\\/\\\/tibladin.dk\\\/#organization\"},\"potentialAction\":[{\"@type\":\"SearchAction\",\"target\":{\"@type\":\"EntryPoint\",\"urlTemplate\":\"https:\\\/\\\/tibladin.dk\\\/?s={search_term_string}\"},\"query-input\":{\"@type\":\"PropertyValueSpecification\",\"valueRequired\":true,\"valueName\":\"search_term_string\"}}],\"inLanguage\":\"sv-SE\"},{\"@type\":\"Organization\",\"@id\":\"https:\\\/\\\/tibladin.dk\\\/#organization\",\"name\":\"Tibladin\",\"url\":\"https:\\\/\\\/tibladin.dk\\\/\",\"logo\":{\"@type\":\"ImageObject\",\"inLanguage\":\"sv-SE\",\"@id\":\"https:\\\/\\\/tibladin.dk\\\/#\\\/schema\\\/logo\\\/image\\\/\",\"url\":\"https:\\\/\\\/tibladin.dk\\\/wp-content\\\/uploads\\\/2022\\\/09\\\/tibladin_logo.svg\",\"contentUrl\":\"https:\\\/\\\/tibladin.dk\\\/wp-content\\\/uploads\\\/2022\\\/09\\\/tibladin_logo.svg\",\"caption\":\"Tibladin\"},\"image\":{\"@id\":\"https:\\\/\\\/tibladin.dk\\\/#\\\/schema\\\/logo\\\/image\\\/\"}}]}<\/script>\n<!-- \/ Yoast SEO plugin. -->","yoast_head_json":{"title":"Berberkorg L - AGHANIM - Tibladin","description":"Berberkorg i intensiva nyanser av orange, gr\u00f6nt, lila och r\u00f6tt, handgjord i Marockos berg. Finns i flera varianter - perfekt f\u00f6r f\u00f6rvaring!","robots":{"index":"index","follow":"follow","max-snippet":"max-snippet:-1","max-image-preview":"max-image-preview:large","max-video-preview":"max-video-preview:-1"},"canonical":"https:\/\/tibladin.dk\/sv\/produkt\/berberkorg-l-aghanim\/","og_locale":"sv_SE","og_type":"article","og_title":"Berberkurv L - AGHANIM - Tibladin","og_description":"Berberkurv i intense nuancer af orange, gr\u00f8n, lilla og r\u00f8d, h\u00e5ndlavet i Marokkos bjerge. F\u00e5s i flere varianter \u2013 perfekt til opbevaring!","og_url":"https:\/\/tibladin.dk\/sv\/produkt\/berberkorg-l-aghanim\/","og_site_name":"Tibladin","article_modified_time":"2026-03-30T10:33:11+00:00","og_image":[{"width":800,"height":800,"url":"https:\/\/tibladin.dk\/wp-content\/uploads\/2025\/10\/Aghanim-berberkurv-str.-L.jpeg","type":"image\/jpeg"}],"twitter_card":"summary_large_image","twitter_misc":{"Ber\u00e4knad l\u00e4stid":"1 minut"},"schema":{"@context":"https:\/\/schema.org","@graph":[{"@type":"WebPage","@id":"https:\/\/tibladin.dk\/produkt\/berberkurv-l-aghanim\/","url":"https:\/\/tibladin.dk\/produkt\/berberkurv-l-aghanim\/","name":"Berberkorg L - AGHANIM - Tibladin","isPartOf":{"@id":"https:\/\/tibladin.dk\/#website"},"primaryImageOfPage":{"@id":"https:\/\/tibladin.dk\/produkt\/berberkurv-l-aghanim\/#primaryimage"},"image":{"@id":"https:\/\/tibladin.dk\/produkt\/berberkurv-l-aghanim\/#primaryimage"},"thumbnailUrl":"https:\/\/tibladin.dk\/wp-content\/uploads\/2025\/10\/Aghanim-berberkurv-str.-L.jpeg","datePublished":"2025-10-10T08:30:45+00:00","dateModified":"2026-03-30T10:33:11+00:00","description":"Berberkorg i intensiva nyanser av orange, gr\u00f6nt, lila och r\u00f6tt, handgjord i Marockos berg. Finns i flera varianter - perfekt f\u00f6r f\u00f6rvaring!","breadcrumb":{"@id":"https:\/\/tibladin.dk\/produkt\/berberkurv-l-aghanim\/#breadcrumb"},"inLanguage":"sv-SE","potentialAction":[{"@type":"ReadAction","target":["https:\/\/tibladin.dk\/produkt\/berberkurv-l-aghanim\/"]}]},{"@type":"ImageObject","inLanguage":"sv-SE","@id":"https:\/\/tibladin.dk\/produkt\/berberkurv-l-aghanim\/#primaryimage","url":"https:\/\/tibladin.dk\/wp-content\/uploads\/2025\/10\/Aghanim-berberkurv-str.-L.jpeg","contentUrl":"https:\/\/tibladin.dk\/wp-content\/uploads\/2025\/10\/Aghanim-berberkurv-str.-L.jpeg","width":800,"height":800,"caption":"Aghanim-berberkurv-str.-L"},{"@type":"BreadcrumbList","@id":"https:\/\/tibladin.dk\/produkt\/berberkurv-l-aghanim\/#breadcrumb","itemListElement":[{"@type":"ListItem","position":1,"name":"Hjem","item":"https:\/\/tibladin.dk\/"},{"@type":"ListItem","position":2,"name":"Shop","item":"https:\/\/tibladin.dk\/shop\/"},{"@type":"ListItem","position":3,"name":"Berberkurv L &#8211; AGHANIM"}]},{"@type":"WebSite","@id":"https:\/\/tibladin.dk\/#website","url":"https:\/\/tibladin.dk\/","name":"Tibladin","description":"Tibladin","publisher":{"@id":"https:\/\/tibladin.dk\/#organization"},"potentialAction":[{"@type":"SearchAction","target":{"@type":"EntryPoint","urlTemplate":"https:\/\/tibladin.dk\/?s={search_term_string}"},"query-input":{"@type":"PropertyValueSpecification","valueRequired":true,"valueName":"search_term_string"}}],"inLanguage":"sv-SE"},{"@type":"Organization","@id":"https:\/\/tibladin.dk\/#organization","name":"Tibladin","url":"https:\/\/tibladin.dk\/","logo":{"@type":"ImageObject","inLanguage":"sv-SE","@id":"https:\/\/tibladin.dk\/#\/schema\/logo\/image\/","url":"https:\/\/tibladin.dk\/wp-content\/uploads\/2022\/09\/tibladin_logo.svg","contentUrl":"https:\/\/tibladin.dk\/wp-content\/uploads\/2022\/09\/tibladin_logo.svg","caption":"Tibladin"},"image":{"@id":"https:\/\/tibladin.dk\/#\/schema\/logo\/image\/"}}]}},"_links":{"self":[{"href":"https:\/\/tibladin.dk\/sv\/wp-json\/wp\/v2\/product\/40490","targetHints":{"allow":["GET"]}}],"collection":[{"href":"https:\/\/tibladin.dk\/sv\/wp-json\/wp\/v2\/product"}],"about":[{"href":"https:\/\/tibladin.dk\/sv\/wp-json\/wp\/v2\/types\/product"}],"wp:featuredmedia":[{"embeddable":true,"href":"https:\/\/tibladin.dk\/sv\/wp-json\/wp\/v2\/media\/40437"}],"wp:attachment":[{"href":"https:\/\/tibladin.dk\/sv\/wp-json\/wp\/v2\/media?parent=40490"}],"wp:term":[{"taxonomy":"product_brand","embeddable":true,"href":"https:\/\/tibladin.dk\/sv\/wp-json\/wp\/v2\/product_brand?post=40490"},{"taxonomy":"product_cat","embeddable":true,"href":"https:\/\/tibladin.dk\/sv\/wp-json\/wp\/v2\/product_cat?post=40490"},{"taxonomy":"product_tag","embeddable":true,"href":"https:\/\/tibladin.dk\/sv\/wp-json\/wp\/v2\/product_tag?post=40490"}],"curies":[{"name":"wp","href":"https:\/\/api.w.org\/{rel}","templated":true}]}}