{"id":40518,"date":"2025-10-10T12:20:39","date_gmt":"2025-10-10T10:20:39","guid":{"rendered":"https:\/\/tibladin.dk\/?post_type=product&#038;p=40518"},"modified":"2025-10-10T14:04:59","modified_gmt":"2025-10-10T12:04:59","slug":"berberkorg-med-tazgirt","status":"publish","type":"product","link":"https:\/\/tibladin.dk\/sv\/produkt\/berberkurv-m-tazgirt\/","title":{"rendered":"Berberkorg M \u2013 TAZGIRT"},"content":{"rendered":"<div class=\"wpb-content-wrapper\"><div class=\"vc_row wpb_row vc_row-fluid\"><div class=\"wpb_column vc_column_container vc_col-sm-4\"><div class=\"vc_column-inner\"><div class=\"wpb_wrapper\"><\/div><\/div><\/div><div class=\"wpb_column vc_column_container vc_col-sm-4\"><div class=\"vc_column-inner\"><div class=\"wpb_wrapper\"><h3 style=\"text-align: left\" class=\"vc_custom_heading vc_do_custom_heading\" >Underh\u00e5ll<\/h3>\n\t<div class=\"wpb_text_column wpb_content_element\" >\n\t\t<div class=\"wpb_wrapper\">\n\t\t\t<p>F\u00f6r reng\u00f6ring \u00e4r det enklaste att dammsuga den noggrant.<\/p>\n\n\t\t<\/div>\n\t<\/div>\n<\/div><\/div><\/div><div class=\"wpb_column vc_column_container vc_col-sm-4\"><div class=\"vc_column-inner\"><div class=\"wpb_wrapper\"><h3 style=\"text-align: left\" class=\"vc_custom_heading vc_do_custom_heading\" >Historien bakom<\/h3>\n\t<div class=\"wpb_text_column wpb_content_element\" >\n\t\t<div class=\"wpb_wrapper\">\n\t\t\t<p>Jag \u00e4lskar kurvor! De kan ge alla rum v\u00e4rme och mysighet.<\/p>\n<p>Korgarna \u00e4r handgjorda och fr\u00e5n ett familjef\u00f6retag i Marrakech som \u00e4r specialiserat p\u00e5 fl\u00e4tad och har gjort det i generationer.<\/p>\n\n\t\t<\/div>\n\t<\/div>\n<\/div><\/div><\/div><\/div>\n<\/div>","protected":false},"excerpt":{"rendered":"<p>Tazgirt betyder ros p\u00e5 berberspr\u00e5k \u2013 ett namn som \u00e5terspeglar korgens eleganta f\u00e4rgspel och feminina energi.<\/p>\n<p>Denna handgjorda berberkorg \u00e4r skapad av kvinnor i Marockos Atlasberg med traditionella tekniker som f\u00f6rts vidare genom generationer. Korgen \u00e4r v\u00e4vd av naturligt gr\u00e4s och omsorgsfullt lindad med ulltr\u00e5d i mjukt rosa och djupt svart, vilka tillsammans bildar ett grafiskt m\u00f6nster som symboliserar styrka och sk\u00f6nhet.<\/p>\n<p>Med en h\u00f6jd p\u00e5 cirka 23 cm och en diameter p\u00e5 13 cm \u00e4r Tazgirt idealisk som dekorativ f\u00f6rvaring f\u00f6r smycken, nycklar eller helt enkelt som ett estetiskt inslag p\u00e5 en hylla eller ett bord. Den ger v\u00e4rme, tradition och en touch av marockanskt hantverk in i hemmet.<\/p>\n<p>Tazgirt \u00e4r mer \u00e4n en korg \u2013 det \u00e4r en liten symbol f\u00f6r sk\u00f6nhet och hantverk, skapad med t\u00e5lamod och k\u00e4rlek av kvinnor som h\u00e5ller berberkulturen vid liv.<\/p>\n<p>Detaljer:<br \/>\n\u2022 Handgjort i Marocko<br \/>\n\u2022 Material: naturgr\u00e4s och ulltr\u00e5d<br \/>\n\u2022 M\u00e5tt: ca. H 23 cm x \u00d8 13 cm<\/p>\n<p>Varje korg \u00e4r unik \u2013 sm\u00e5 variationer i f\u00e4rger och m\u00f6nster kan f\u00f6rekomma<\/p>","protected":false},"featured_media":40510,"template":"","meta":{"inline_featured_image":false},"product_brand":[],"product_cat":[55,51],"product_tag":[134],"class_list":{"0":"post-40518","1":"product","2":"type-product","3":"status-publish","4":"has-post-thumbnail","6":"product_cat-kurve","7":"product_cat-opbevaring","8":"product_tag-berberkurv","10":"first","11":"instock","12":"taxable","13":"shipping-taxable","14":"purchasable","15":"product-type-simple"},"exclude_global_add_ons":[],"addons":[],"yoast_head":"<!-- This site is optimized with the Yoast SEO plugin v27.4 - https:\/\/yoast.com\/product\/yoast-seo-wordpress\/ -->\n<title>Berberkurv M - TAZGIRT - Tibladin<\/title>\n<meta name=\"description\" content=\"Flot berberkurv med m\u00f8nster i r\u00f8de og m\u00f8rke nuancer. Passer til stuen, badev\u00e6relset og sovev\u00e6relset. Stort udvalg af berberkurve i mange m\u00f8nstrer og farver.\" \/>\n<meta name=\"robots\" content=\"index, follow, max-snippet:-1, max-image-preview:large, max-video-preview:-1\" \/>\n<link rel=\"canonical\" href=\"https:\/\/tibladin.dk\/sv\/produkt\/berberkorg-med-tazgirt\/\" \/>\n<meta property=\"og:locale\" content=\"sv_SE\" \/>\n<meta property=\"og:type\" content=\"article\" \/>\n<meta property=\"og:title\" content=\"Berberkurv M - TAZGIRT - Tibladin\" \/>\n<meta property=\"og:description\" content=\"Flot berberkurv med m\u00f8nster i r\u00f8de og m\u00f8rke nuancer. Passer til stuen, badev\u00e6relset og sovev\u00e6relset. Stort udvalg af berberkurve i mange m\u00f8nstrer og farver.\" \/>\n<meta property=\"og:url\" content=\"https:\/\/tibladin.dk\/sv\/produkt\/berberkorg-med-tazgirt\/\" \/>\n<meta property=\"og:site_name\" content=\"Tibladin\" \/>\n<meta property=\"article:modified_time\" content=\"2025-10-10T12:04:59+00:00\" \/>\n<meta property=\"og:image\" content=\"https:\/\/tibladin.dk\/wp-content\/uploads\/2025\/10\/Tazgirt-berberkurv_1.jpeg\" \/>\n\t<meta property=\"og:image:width\" content=\"800\" \/>\n\t<meta property=\"og:image:height\" content=\"800\" \/>\n\t<meta property=\"og:image:type\" content=\"image\/jpeg\" \/>\n<meta name=\"twitter:card\" content=\"summary_large_image\" \/>\n<meta name=\"twitter:label1\" content=\"Ber\u00e4knad l\u00e4stid\" \/>\n\t<meta name=\"twitter:data1\" content=\"1 minut\" \/>\n<script type=\"application\/ld+json\" class=\"yoast-schema-graph\">{\"@context\":\"https:\\\/\\\/schema.org\",\"@graph\":[{\"@type\":\"WebPage\",\"@id\":\"https:\\\/\\\/tibladin.dk\\\/produkt\\\/berberkurv-m-tazgirt\\\/\",\"url\":\"https:\\\/\\\/tibladin.dk\\\/produkt\\\/berberkurv-m-tazgirt\\\/\",\"name\":\"Berberkurv M - TAZGIRT - Tibladin\",\"isPartOf\":{\"@id\":\"https:\\\/\\\/tibladin.dk\\\/#website\"},\"primaryImageOfPage\":{\"@id\":\"https:\\\/\\\/tibladin.dk\\\/produkt\\\/berberkurv-m-tazgirt\\\/#primaryimage\"},\"image\":{\"@id\":\"https:\\\/\\\/tibladin.dk\\\/produkt\\\/berberkurv-m-tazgirt\\\/#primaryimage\"},\"thumbnailUrl\":\"https:\\\/\\\/tibladin.dk\\\/wp-content\\\/uploads\\\/2025\\\/10\\\/Tazgirt-berberkurv_1.jpeg\",\"datePublished\":\"2025-10-10T10:20:39+00:00\",\"dateModified\":\"2025-10-10T12:04:59+00:00\",\"description\":\"Flot berberkurv med m\u00f8nster i r\u00f8de og m\u00f8rke nuancer. Passer til stuen, badev\u00e6relset og sovev\u00e6relset. Stort udvalg af berberkurve i mange m\u00f8nstrer og farver.\",\"breadcrumb\":{\"@id\":\"https:\\\/\\\/tibladin.dk\\\/produkt\\\/berberkurv-m-tazgirt\\\/#breadcrumb\"},\"inLanguage\":\"sv-SE\",\"potentialAction\":[{\"@type\":\"ReadAction\",\"target\":[\"https:\\\/\\\/tibladin.dk\\\/produkt\\\/berberkurv-m-tazgirt\\\/\"]}]},{\"@type\":\"ImageObject\",\"inLanguage\":\"sv-SE\",\"@id\":\"https:\\\/\\\/tibladin.dk\\\/produkt\\\/berberkurv-m-tazgirt\\\/#primaryimage\",\"url\":\"https:\\\/\\\/tibladin.dk\\\/wp-content\\\/uploads\\\/2025\\\/10\\\/Tazgirt-berberkurv_1.jpeg\",\"contentUrl\":\"https:\\\/\\\/tibladin.dk\\\/wp-content\\\/uploads\\\/2025\\\/10\\\/Tazgirt-berberkurv_1.jpeg\",\"width\":800,\"height\":800,\"caption\":\"Tazgirt-berberkurv_1\"},{\"@type\":\"BreadcrumbList\",\"@id\":\"https:\\\/\\\/tibladin.dk\\\/produkt\\\/berberkurv-m-tazgirt\\\/#breadcrumb\",\"itemListElement\":[{\"@type\":\"ListItem\",\"position\":1,\"name\":\"Hjem\",\"item\":\"https:\\\/\\\/tibladin.dk\\\/\"},{\"@type\":\"ListItem\",\"position\":2,\"name\":\"Shop\",\"item\":\"https:\\\/\\\/tibladin.dk\\\/shop\\\/\"},{\"@type\":\"ListItem\",\"position\":3,\"name\":\"Berberkurv M &#8211; TAZGIRT\"}]},{\"@type\":\"WebSite\",\"@id\":\"https:\\\/\\\/tibladin.dk\\\/#website\",\"url\":\"https:\\\/\\\/tibladin.dk\\\/\",\"name\":\"Tibladin\",\"description\":\"Tibladin\",\"publisher\":{\"@id\":\"https:\\\/\\\/tibladin.dk\\\/#organization\"},\"potentialAction\":[{\"@type\":\"SearchAction\",\"target\":{\"@type\":\"EntryPoint\",\"urlTemplate\":\"https:\\\/\\\/tibladin.dk\\\/?s={search_term_string}\"},\"query-input\":{\"@type\":\"PropertyValueSpecification\",\"valueRequired\":true,\"valueName\":\"search_term_string\"}}],\"inLanguage\":\"sv-SE\"},{\"@type\":\"Organization\",\"@id\":\"https:\\\/\\\/tibladin.dk\\\/#organization\",\"name\":\"Tibladin\",\"url\":\"https:\\\/\\\/tibladin.dk\\\/\",\"logo\":{\"@type\":\"ImageObject\",\"inLanguage\":\"sv-SE\",\"@id\":\"https:\\\/\\\/tibladin.dk\\\/#\\\/schema\\\/logo\\\/image\\\/\",\"url\":\"https:\\\/\\\/tibladin.dk\\\/wp-content\\\/uploads\\\/2022\\\/09\\\/tibladin_logo.svg\",\"contentUrl\":\"https:\\\/\\\/tibladin.dk\\\/wp-content\\\/uploads\\\/2022\\\/09\\\/tibladin_logo.svg\",\"caption\":\"Tibladin\"},\"image\":{\"@id\":\"https:\\\/\\\/tibladin.dk\\\/#\\\/schema\\\/logo\\\/image\\\/\"}}]}<\/script>\n<!-- \/ Yoast SEO plugin. -->","yoast_head_json":{"title":"Berberkorg M - TAZGIRT - Tibladin","description":"Vacker berberkorg med m\u00f6nster i r\u00f6da och m\u00f6rka nyanser. L\u00e4mplig f\u00f6r vardagsrum, badrum och sovrum. Stort utbud av berberkorgar i m\u00e5nga m\u00f6nster och f\u00e4rger.","robots":{"index":"index","follow":"follow","max-snippet":"max-snippet:-1","max-image-preview":"max-image-preview:large","max-video-preview":"max-video-preview:-1"},"canonical":"https:\/\/tibladin.dk\/sv\/produkt\/berberkorg-med-tazgirt\/","og_locale":"sv_SE","og_type":"article","og_title":"Berberkurv M - TAZGIRT - Tibladin","og_description":"Flot berberkurv med m\u00f8nster i r\u00f8de og m\u00f8rke nuancer. Passer til stuen, badev\u00e6relset og sovev\u00e6relset. Stort udvalg af berberkurve i mange m\u00f8nstrer og farver.","og_url":"https:\/\/tibladin.dk\/sv\/produkt\/berberkorg-med-tazgirt\/","og_site_name":"Tibladin","article_modified_time":"2025-10-10T12:04:59+00:00","og_image":[{"width":800,"height":800,"url":"https:\/\/tibladin.dk\/wp-content\/uploads\/2025\/10\/Tazgirt-berberkurv_1.jpeg","type":"image\/jpeg"}],"twitter_card":"summary_large_image","twitter_misc":{"Ber\u00e4knad l\u00e4stid":"1 minut"},"schema":{"@context":"https:\/\/schema.org","@graph":[{"@type":"WebPage","@id":"https:\/\/tibladin.dk\/produkt\/berberkurv-m-tazgirt\/","url":"https:\/\/tibladin.dk\/produkt\/berberkurv-m-tazgirt\/","name":"Berberkorg M - TAZGIRT - Tibladin","isPartOf":{"@id":"https:\/\/tibladin.dk\/#website"},"primaryImageOfPage":{"@id":"https:\/\/tibladin.dk\/produkt\/berberkurv-m-tazgirt\/#primaryimage"},"image":{"@id":"https:\/\/tibladin.dk\/produkt\/berberkurv-m-tazgirt\/#primaryimage"},"thumbnailUrl":"https:\/\/tibladin.dk\/wp-content\/uploads\/2025\/10\/Tazgirt-berberkurv_1.jpeg","datePublished":"2025-10-10T10:20:39+00:00","dateModified":"2025-10-10T12:04:59+00:00","description":"Vacker berberkorg med m\u00f6nster i r\u00f6da och m\u00f6rka nyanser. L\u00e4mplig f\u00f6r vardagsrum, badrum och sovrum. Stort utbud av berberkorgar i m\u00e5nga m\u00f6nster och f\u00e4rger.","breadcrumb":{"@id":"https:\/\/tibladin.dk\/produkt\/berberkurv-m-tazgirt\/#breadcrumb"},"inLanguage":"sv-SE","potentialAction":[{"@type":"ReadAction","target":["https:\/\/tibladin.dk\/produkt\/berberkurv-m-tazgirt\/"]}]},{"@type":"ImageObject","inLanguage":"sv-SE","@id":"https:\/\/tibladin.dk\/produkt\/berberkurv-m-tazgirt\/#primaryimage","url":"https:\/\/tibladin.dk\/wp-content\/uploads\/2025\/10\/Tazgirt-berberkurv_1.jpeg","contentUrl":"https:\/\/tibladin.dk\/wp-content\/uploads\/2025\/10\/Tazgirt-berberkurv_1.jpeg","width":800,"height":800,"caption":"Tazgirt-berberkurv_1"},{"@type":"BreadcrumbList","@id":"https:\/\/tibladin.dk\/produkt\/berberkurv-m-tazgirt\/#breadcrumb","itemListElement":[{"@type":"ListItem","position":1,"name":"Hjem","item":"https:\/\/tibladin.dk\/"},{"@type":"ListItem","position":2,"name":"Shop","item":"https:\/\/tibladin.dk\/shop\/"},{"@type":"ListItem","position":3,"name":"Berberkurv M &#8211; TAZGIRT"}]},{"@type":"WebSite","@id":"https:\/\/tibladin.dk\/#website","url":"https:\/\/tibladin.dk\/","name":"Tibladin","description":"Tibladin","publisher":{"@id":"https:\/\/tibladin.dk\/#organization"},"potentialAction":[{"@type":"SearchAction","target":{"@type":"EntryPoint","urlTemplate":"https:\/\/tibladin.dk\/?s={search_term_string}"},"query-input":{"@type":"PropertyValueSpecification","valueRequired":true,"valueName":"search_term_string"}}],"inLanguage":"sv-SE"},{"@type":"Organization","@id":"https:\/\/tibladin.dk\/#organization","name":"Tibladin","url":"https:\/\/tibladin.dk\/","logo":{"@type":"ImageObject","inLanguage":"sv-SE","@id":"https:\/\/tibladin.dk\/#\/schema\/logo\/image\/","url":"https:\/\/tibladin.dk\/wp-content\/uploads\/2022\/09\/tibladin_logo.svg","contentUrl":"https:\/\/tibladin.dk\/wp-content\/uploads\/2022\/09\/tibladin_logo.svg","caption":"Tibladin"},"image":{"@id":"https:\/\/tibladin.dk\/#\/schema\/logo\/image\/"}}]}},"_links":{"self":[{"href":"https:\/\/tibladin.dk\/sv\/wp-json\/wp\/v2\/product\/40518","targetHints":{"allow":["GET"]}}],"collection":[{"href":"https:\/\/tibladin.dk\/sv\/wp-json\/wp\/v2\/product"}],"about":[{"href":"https:\/\/tibladin.dk\/sv\/wp-json\/wp\/v2\/types\/product"}],"wp:featuredmedia":[{"embeddable":true,"href":"https:\/\/tibladin.dk\/sv\/wp-json\/wp\/v2\/media\/40510"}],"wp:attachment":[{"href":"https:\/\/tibladin.dk\/sv\/wp-json\/wp\/v2\/media?parent=40518"}],"wp:term":[{"taxonomy":"product_brand","embeddable":true,"href":"https:\/\/tibladin.dk\/sv\/wp-json\/wp\/v2\/product_brand?post=40518"},{"taxonomy":"product_cat","embeddable":true,"href":"https:\/\/tibladin.dk\/sv\/wp-json\/wp\/v2\/product_cat?post=40518"},{"taxonomy":"product_tag","embeddable":true,"href":"https:\/\/tibladin.dk\/sv\/wp-json\/wp\/v2\/product_tag?post=40518"}],"curies":[{"name":"wp","href":"https:\/\/api.w.org\/{rel}","templated":true}]}}