{"id":40558,"date":"2025-10-10T13:47:04","date_gmt":"2025-10-10T11:47:04","guid":{"rendered":"https:\/\/tibladin.dk\/?post_type=product&#038;p=40558"},"modified":"2025-10-10T13:57:00","modified_gmt":"2025-10-10T11:57:00","slug":"berberkorg-med-noura","status":"publish","type":"product","link":"https:\/\/tibladin.dk\/sv\/produkt\/berberkurv-m-noura\/","title":{"rendered":"Berberkorg M \u2013 NOURA"},"content":{"rendered":"<div class=\"wpb-content-wrapper\"><div class=\"vc_row wpb_row vc_row-fluid\"><div class=\"wpb_column vc_column_container vc_col-sm-4\"><div class=\"vc_column-inner\"><div class=\"wpb_wrapper\"><\/div><\/div><\/div><div class=\"wpb_column vc_column_container vc_col-sm-4\"><div class=\"vc_column-inner\"><div class=\"wpb_wrapper\"><h3 style=\"text-align: left\" class=\"vc_custom_heading vc_do_custom_heading\" >Underh\u00e5ll<\/h3>\n\t<div class=\"wpb_text_column wpb_content_element\" >\n\t\t<div class=\"wpb_wrapper\">\n\t\t\t<p>F\u00f6r reng\u00f6ring \u00e4r det enklaste att dammsuga den noggrant.<\/p>\n\n\t\t<\/div>\n\t<\/div>\n<\/div><\/div><\/div><div class=\"wpb_column vc_column_container vc_col-sm-4\"><div class=\"vc_column-inner\"><div class=\"wpb_wrapper\"><h3 style=\"text-align: left\" class=\"vc_custom_heading vc_do_custom_heading\" >Historien bakom<\/h3>\n\t<div class=\"wpb_text_column wpb_content_element\" >\n\t\t<div class=\"wpb_wrapper\">\n\t\t\t<p>Jag \u00e4lskar kurvor! De kan ge alla rum v\u00e4rme och mysighet.<\/p>\n<p>Korgarna \u00e4r handgjorda och fr\u00e5n ett familjef\u00f6retag i Marrakech som \u00e4r specialiserat p\u00e5 fl\u00e4tad och har gjort det i generationer.<\/p>\n\n\t\t<\/div>\n\t<\/div>\n<\/div><\/div><\/div><\/div>\n<\/div>","protected":false},"excerpt":{"rendered":"<p>Noura betyder ljus p\u00e5 arabiska \u2013 ett namn som vackert \u00e5terspeglar kontrasten mellan m\u00f6rka och ljusa f\u00e4rger i denna handgjorda berberkorg.<br \/>\nKorgen \u00e4r skapad av kvinnor i Marockos Atlasberg med traditionella tekniker, d\u00e4r naturligt gr\u00e4s fl\u00e4tas och lindas med ulltr\u00e5dar i nyanser av djupt lila, gr\u00f6nt, rosa och kr\u00e4mf\u00e4rgat. F\u00e4rgkombinationen skapar ett livfullt men balanserat uttryck som ger karakt\u00e4r och v\u00e4rme till alla inredningar.<\/p>\n<p>Med en h\u00f6jd p\u00e5 cirka 20\u201325 cm och en diameter p\u00e5 cirka 18\u201322 cm \u00e4r Noura perfekt som en mindre f\u00f6rvaringskorg f\u00f6r smycken, nycklar, bomullspinnar eller som ett f\u00e4rgglatt, handgjort element p\u00e5 en hylla, i hallen eller i badrummet.<\/p>\n<p>Varje Noura \u00e4r ett unikt hantverksstycke \u2013 skapat med t\u00e5lamod och precision av kvinnor som f\u00f6r berberkulturen vidare genom sina h\u00e4nder. Ett sant uttryck f\u00f6r Marockos sj\u00e4l och tradition.<\/p>\n<p>Detaljer:<\/p>\n<ul>\n<li>Handgjort i Marocko<\/li>\n<li>Material: naturgr\u00e4s och ulltr\u00e5d<\/li>\n<li>M\u00e5tt: ca. H 20\u201325 cm x \u00d8 18\u201322 cm<\/li>\n<\/ul>\n<p>Varje korg \u00e4r unik \u2013 sm\u00e5 variationer i f\u00e4rger och m\u00f6nster kan f\u00f6rekomma<\/p>","protected":false},"featured_media":40554,"template":"","meta":{"inline_featured_image":false},"product_brand":[],"product_cat":[55,51],"product_tag":[134],"class_list":{"0":"post-40558","1":"product","2":"type-product","3":"status-publish","4":"has-post-thumbnail","6":"product_cat-kurve","7":"product_cat-opbevaring","8":"product_tag-berberkurv","10":"first","11":"instock","12":"taxable","13":"shipping-taxable","14":"purchasable","15":"product-type-simple"},"exclude_global_add_ons":[],"addons":[],"yoast_head":"<!-- This site is optimized with the Yoast SEO plugin v27.4 - https:\/\/yoast.com\/product\/yoast-seo-wordpress\/ -->\n<title>Berberkurv M - NOURA - Tibladin<\/title>\n<meta name=\"description\" content=\"Berberkurv i dyb lilla, gr\u00f8n, pink og creme \u2013 perfekt til opbevaring i alle hjemmets rum. F\u00e5s i et stort udvalg af farver og m\u00f8nstre.\" \/>\n<meta name=\"robots\" content=\"index, follow, max-snippet:-1, max-image-preview:large, max-video-preview:-1\" \/>\n<link rel=\"canonical\" href=\"https:\/\/tibladin.dk\/sv\/produkt\/berberkorg-med-noura\/\" \/>\n<meta property=\"og:locale\" content=\"sv_SE\" \/>\n<meta property=\"og:type\" content=\"article\" \/>\n<meta property=\"og:title\" content=\"Berberkurv M - NOURA - Tibladin\" \/>\n<meta property=\"og:description\" content=\"Berberkurv i dyb lilla, gr\u00f8n, pink og creme \u2013 perfekt til opbevaring i alle hjemmets rum. F\u00e5s i et stort udvalg af farver og m\u00f8nstre.\" \/>\n<meta property=\"og:url\" content=\"https:\/\/tibladin.dk\/sv\/produkt\/berberkorg-med-noura\/\" \/>\n<meta property=\"og:site_name\" content=\"Tibladin\" \/>\n<meta property=\"article:modified_time\" content=\"2025-10-10T11:57:00+00:00\" \/>\n<meta property=\"og:image\" content=\"https:\/\/tibladin.dk\/wp-content\/uploads\/2025\/10\/Noura_1.jpeg\" \/>\n\t<meta property=\"og:image:width\" content=\"800\" \/>\n\t<meta property=\"og:image:height\" content=\"800\" \/>\n\t<meta property=\"og:image:type\" content=\"image\/jpeg\" \/>\n<meta name=\"twitter:card\" content=\"summary_large_image\" \/>\n<meta name=\"twitter:label1\" content=\"Ber\u00e4knad l\u00e4stid\" \/>\n\t<meta name=\"twitter:data1\" content=\"1 minut\" \/>\n<script type=\"application\/ld+json\" class=\"yoast-schema-graph\">{\"@context\":\"https:\\\/\\\/schema.org\",\"@graph\":[{\"@type\":\"WebPage\",\"@id\":\"https:\\\/\\\/tibladin.dk\\\/produkt\\\/berberkurv-m-noura\\\/\",\"url\":\"https:\\\/\\\/tibladin.dk\\\/produkt\\\/berberkurv-m-noura\\\/\",\"name\":\"Berberkurv M - NOURA - Tibladin\",\"isPartOf\":{\"@id\":\"https:\\\/\\\/tibladin.dk\\\/#website\"},\"primaryImageOfPage\":{\"@id\":\"https:\\\/\\\/tibladin.dk\\\/produkt\\\/berberkurv-m-noura\\\/#primaryimage\"},\"image\":{\"@id\":\"https:\\\/\\\/tibladin.dk\\\/produkt\\\/berberkurv-m-noura\\\/#primaryimage\"},\"thumbnailUrl\":\"https:\\\/\\\/tibladin.dk\\\/wp-content\\\/uploads\\\/2025\\\/10\\\/Noura_1.jpeg\",\"datePublished\":\"2025-10-10T11:47:04+00:00\",\"dateModified\":\"2025-10-10T11:57:00+00:00\",\"description\":\"Berberkurv i dyb lilla, gr\u00f8n, pink og creme \u2013 perfekt til opbevaring i alle hjemmets rum. F\u00e5s i et stort udvalg af farver og m\u00f8nstre.\",\"breadcrumb\":{\"@id\":\"https:\\\/\\\/tibladin.dk\\\/produkt\\\/berberkurv-m-noura\\\/#breadcrumb\"},\"inLanguage\":\"sv-SE\",\"potentialAction\":[{\"@type\":\"ReadAction\",\"target\":[\"https:\\\/\\\/tibladin.dk\\\/produkt\\\/berberkurv-m-noura\\\/\"]}]},{\"@type\":\"ImageObject\",\"inLanguage\":\"sv-SE\",\"@id\":\"https:\\\/\\\/tibladin.dk\\\/produkt\\\/berberkurv-m-noura\\\/#primaryimage\",\"url\":\"https:\\\/\\\/tibladin.dk\\\/wp-content\\\/uploads\\\/2025\\\/10\\\/Noura_1.jpeg\",\"contentUrl\":\"https:\\\/\\\/tibladin.dk\\\/wp-content\\\/uploads\\\/2025\\\/10\\\/Noura_1.jpeg\",\"width\":800,\"height\":800,\"caption\":\"Noura_1\"},{\"@type\":\"BreadcrumbList\",\"@id\":\"https:\\\/\\\/tibladin.dk\\\/produkt\\\/berberkurv-m-noura\\\/#breadcrumb\",\"itemListElement\":[{\"@type\":\"ListItem\",\"position\":1,\"name\":\"Hjem\",\"item\":\"https:\\\/\\\/tibladin.dk\\\/\"},{\"@type\":\"ListItem\",\"position\":2,\"name\":\"Shop\",\"item\":\"https:\\\/\\\/tibladin.dk\\\/shop\\\/\"},{\"@type\":\"ListItem\",\"position\":3,\"name\":\"Berberkurv M &#8211; NOURA\"}]},{\"@type\":\"WebSite\",\"@id\":\"https:\\\/\\\/tibladin.dk\\\/#website\",\"url\":\"https:\\\/\\\/tibladin.dk\\\/\",\"name\":\"Tibladin\",\"description\":\"Tibladin\",\"publisher\":{\"@id\":\"https:\\\/\\\/tibladin.dk\\\/#organization\"},\"potentialAction\":[{\"@type\":\"SearchAction\",\"target\":{\"@type\":\"EntryPoint\",\"urlTemplate\":\"https:\\\/\\\/tibladin.dk\\\/?s={search_term_string}\"},\"query-input\":{\"@type\":\"PropertyValueSpecification\",\"valueRequired\":true,\"valueName\":\"search_term_string\"}}],\"inLanguage\":\"sv-SE\"},{\"@type\":\"Organization\",\"@id\":\"https:\\\/\\\/tibladin.dk\\\/#organization\",\"name\":\"Tibladin\",\"url\":\"https:\\\/\\\/tibladin.dk\\\/\",\"logo\":{\"@type\":\"ImageObject\",\"inLanguage\":\"sv-SE\",\"@id\":\"https:\\\/\\\/tibladin.dk\\\/#\\\/schema\\\/logo\\\/image\\\/\",\"url\":\"https:\\\/\\\/tibladin.dk\\\/wp-content\\\/uploads\\\/2022\\\/09\\\/tibladin_logo.svg\",\"contentUrl\":\"https:\\\/\\\/tibladin.dk\\\/wp-content\\\/uploads\\\/2022\\\/09\\\/tibladin_logo.svg\",\"caption\":\"Tibladin\"},\"image\":{\"@id\":\"https:\\\/\\\/tibladin.dk\\\/#\\\/schema\\\/logo\\\/image\\\/\"}}]}<\/script>\n<!-- \/ Yoast SEO plugin. -->","yoast_head_json":{"title":"Berberkorg M - NOURA - Tibladin","description":"Berberkorg i djupt lila, gr\u00f6nt, rosa och kr\u00e4mf\u00e4rgat \u2013 perfekt f\u00f6r f\u00f6rvaring i hemmets alla rum. Finns i en m\u00e4ngd olika f\u00e4rger och m\u00f6nster.","robots":{"index":"index","follow":"follow","max-snippet":"max-snippet:-1","max-image-preview":"max-image-preview:large","max-video-preview":"max-video-preview:-1"},"canonical":"https:\/\/tibladin.dk\/sv\/produkt\/berberkorg-med-noura\/","og_locale":"sv_SE","og_type":"article","og_title":"Berberkurv M - NOURA - Tibladin","og_description":"Berberkurv i dyb lilla, gr\u00f8n, pink og creme \u2013 perfekt til opbevaring i alle hjemmets rum. F\u00e5s i et stort udvalg af farver og m\u00f8nstre.","og_url":"https:\/\/tibladin.dk\/sv\/produkt\/berberkorg-med-noura\/","og_site_name":"Tibladin","article_modified_time":"2025-10-10T11:57:00+00:00","og_image":[{"width":800,"height":800,"url":"https:\/\/tibladin.dk\/wp-content\/uploads\/2025\/10\/Noura_1.jpeg","type":"image\/jpeg"}],"twitter_card":"summary_large_image","twitter_misc":{"Ber\u00e4knad l\u00e4stid":"1 minut"},"schema":{"@context":"https:\/\/schema.org","@graph":[{"@type":"WebPage","@id":"https:\/\/tibladin.dk\/produkt\/berberkurv-m-noura\/","url":"https:\/\/tibladin.dk\/produkt\/berberkurv-m-noura\/","name":"Berberkorg M - NOURA - Tibladin","isPartOf":{"@id":"https:\/\/tibladin.dk\/#website"},"primaryImageOfPage":{"@id":"https:\/\/tibladin.dk\/produkt\/berberkurv-m-noura\/#primaryimage"},"image":{"@id":"https:\/\/tibladin.dk\/produkt\/berberkurv-m-noura\/#primaryimage"},"thumbnailUrl":"https:\/\/tibladin.dk\/wp-content\/uploads\/2025\/10\/Noura_1.jpeg","datePublished":"2025-10-10T11:47:04+00:00","dateModified":"2025-10-10T11:57:00+00:00","description":"Berberkorg i djupt lila, gr\u00f6nt, rosa och kr\u00e4mf\u00e4rgat \u2013 perfekt f\u00f6r f\u00f6rvaring i hemmets alla rum. Finns i en m\u00e4ngd olika f\u00e4rger och m\u00f6nster.","breadcrumb":{"@id":"https:\/\/tibladin.dk\/produkt\/berberkurv-m-noura\/#breadcrumb"},"inLanguage":"sv-SE","potentialAction":[{"@type":"ReadAction","target":["https:\/\/tibladin.dk\/produkt\/berberkurv-m-noura\/"]}]},{"@type":"ImageObject","inLanguage":"sv-SE","@id":"https:\/\/tibladin.dk\/produkt\/berberkurv-m-noura\/#primaryimage","url":"https:\/\/tibladin.dk\/wp-content\/uploads\/2025\/10\/Noura_1.jpeg","contentUrl":"https:\/\/tibladin.dk\/wp-content\/uploads\/2025\/10\/Noura_1.jpeg","width":800,"height":800,"caption":"Noura_1"},{"@type":"BreadcrumbList","@id":"https:\/\/tibladin.dk\/produkt\/berberkurv-m-noura\/#breadcrumb","itemListElement":[{"@type":"ListItem","position":1,"name":"Hjem","item":"https:\/\/tibladin.dk\/"},{"@type":"ListItem","position":2,"name":"Shop","item":"https:\/\/tibladin.dk\/shop\/"},{"@type":"ListItem","position":3,"name":"Berberkurv M &#8211; NOURA"}]},{"@type":"WebSite","@id":"https:\/\/tibladin.dk\/#website","url":"https:\/\/tibladin.dk\/","name":"Tibladin","description":"Tibladin","publisher":{"@id":"https:\/\/tibladin.dk\/#organization"},"potentialAction":[{"@type":"SearchAction","target":{"@type":"EntryPoint","urlTemplate":"https:\/\/tibladin.dk\/?s={search_term_string}"},"query-input":{"@type":"PropertyValueSpecification","valueRequired":true,"valueName":"search_term_string"}}],"inLanguage":"sv-SE"},{"@type":"Organization","@id":"https:\/\/tibladin.dk\/#organization","name":"Tibladin","url":"https:\/\/tibladin.dk\/","logo":{"@type":"ImageObject","inLanguage":"sv-SE","@id":"https:\/\/tibladin.dk\/#\/schema\/logo\/image\/","url":"https:\/\/tibladin.dk\/wp-content\/uploads\/2022\/09\/tibladin_logo.svg","contentUrl":"https:\/\/tibladin.dk\/wp-content\/uploads\/2022\/09\/tibladin_logo.svg","caption":"Tibladin"},"image":{"@id":"https:\/\/tibladin.dk\/#\/schema\/logo\/image\/"}}]}},"_links":{"self":[{"href":"https:\/\/tibladin.dk\/sv\/wp-json\/wp\/v2\/product\/40558","targetHints":{"allow":["GET"]}}],"collection":[{"href":"https:\/\/tibladin.dk\/sv\/wp-json\/wp\/v2\/product"}],"about":[{"href":"https:\/\/tibladin.dk\/sv\/wp-json\/wp\/v2\/types\/product"}],"wp:featuredmedia":[{"embeddable":true,"href":"https:\/\/tibladin.dk\/sv\/wp-json\/wp\/v2\/media\/40554"}],"wp:attachment":[{"href":"https:\/\/tibladin.dk\/sv\/wp-json\/wp\/v2\/media?parent=40558"}],"wp:term":[{"taxonomy":"product_brand","embeddable":true,"href":"https:\/\/tibladin.dk\/sv\/wp-json\/wp\/v2\/product_brand?post=40558"},{"taxonomy":"product_cat","embeddable":true,"href":"https:\/\/tibladin.dk\/sv\/wp-json\/wp\/v2\/product_cat?post=40558"},{"taxonomy":"product_tag","embeddable":true,"href":"https:\/\/tibladin.dk\/sv\/wp-json\/wp\/v2\/product_tag?post=40558"}],"curies":[{"name":"wp","href":"https:\/\/api.w.org\/{rel}","templated":true}]}}