{"id":40932,"date":"2025-10-16T11:18:29","date_gmt":"2025-10-16T09:18:29","guid":{"rendered":"https:\/\/tibladin.dk\/?post_type=product&#038;p=40932"},"modified":"2026-03-31T12:48:06","modified_gmt":"2026-03-31T10:48:06","slug":"kaktus-siden-orngott-lavendelblaa-vit-48x92-exemplar","status":"publish","type":"product","link":"https:\/\/tibladin.dk\/sv\/produkt\/kaktussilke-pudebetraek-lavendalblaa-hvide-48x92-kopier\/","title":{"rendered":"Kaktus siden\u00f6rngott \u2013 Lavendelbl\u00e5tt 49\u00d792 cm."},"content":{"rendered":"<div class=\"wpb-content-wrapper\"><div class=\"vc_row wpb_row vc_row-fluid\"><div class=\"wpb_column vc_column_container vc_col-sm-4\"><div class=\"vc_column-inner\"><div class=\"wpb_wrapper\"><\/div><\/div><\/div><div class=\"wpb_column vc_column_container vc_col-sm-4\"><div class=\"vc_column-inner\"><div class=\"wpb_wrapper\"><h3 style=\"text-align: left\" class=\"vc_custom_heading vc_do_custom_heading\" >Underh\u00e5ll<\/h3>\n\t<div class=\"wpb_text_column wpb_content_element\" >\n\t\t<div class=\"wpb_wrapper\">\n\t\t\t<p>Kuddfodralet t\u00e5l inte vatten!<\/p>\n<p>De m\u00e5ste kemtv\u00e4ttas p\u00e5 kemtv\u00e4tt.<\/p>\n<p>Eftersom kuddfodralen \u00e4r 100 % handgjorda finns det brister s\u00e5v\u00e4l som skillnader i storlek och m\u00f6nster, vilket \u00e4r en del av charmen med dessa kuddar.<\/p>\n\n\t\t<\/div>\n\t<\/div>\n<\/div><\/div><\/div><div class=\"wpb_column vc_column_container vc_col-sm-4\"><div class=\"vc_column-inner\"><div class=\"wpb_wrapper\"><h3 style=\"text-align: left\" class=\"vc_custom_heading vc_do_custom_heading\" >Historien bakom<\/h3>\n\t<div class=\"wpb_text_column wpb_content_element\" >\n\t\t<div class=\"wpb_wrapper\">\n\t\t\t<p>Kuddfodralen i kaktussilke \u2013 \u00e4ven kallat agavesilke \u2013 \u00e4r handgjorda. \u00d6verdragen har en kraftig dragkedja, s\u00e5 du kan enkelt ta bort \u00f6verdragen och ta dem f\u00f6r reng\u00f6ring.<\/p>\n<p>\u00d6verdragen passar 50 x 50 eller 60 x 60 cm. monteringsdynor, beroende p\u00e5 hur fulla du vill ha dem.<\/p>\n<p>Kaktussilke \u00e4r v\u00e4vt av fibrer fr\u00e5n kaktusar fr\u00e5n Marocko.<\/p>\n\n\t\t<\/div>\n\t<\/div>\n<\/div><\/div><\/div><\/div>\n<\/div>","protected":false},"excerpt":{"rendered":"<p data-start=\"82\" data-end=\"171\"><strong>Unika, handgjorda marockanska \u00f6rngott i vackra lavendelbl\u00e5 nyanser med vita ornament.<\/strong><\/p>\n<p data-start=\"173\" data-end=\"340\">Dessa kaktussilkeskuddar \u00e4r det perfekta valet f\u00f6r dig som \u00e4lskar en personlig och bohemiskt inspirerad inredning. De tillf\u00f6r v\u00e4rme, f\u00e4rg och ett unikt uttryck till ditt hem.<\/p>\n<p data-start=\"342\" data-end=\"638\">P\u00e5 Tibladin, v\u00e5r <em data-start=\"364\" data-end=\"371\">Sabra<\/em>-kuddar handgjorda med k\u00e4rlek i Marocko \u2013 v\u00e4vda av \u00e4kta Aloe Vera-silke utvunnet fr\u00e5n kaktusplantor som v\u00e4xer i Sahara\u00f6knen.<br data-start=\"499\" data-end=\"502\" \/>Sidenet \u00e4r f\u00e4rgat med naturliga pigment fr\u00e5n v\u00e4xter, b\u00e4r, r\u00f6tter och mineraler \u2013 100 % ekologiskt och skapat enligt ur\u00e5ldriga berbertraditioner.<\/p>\n<p data-start=\"640\" data-end=\"776\">Varje \u00f6rngott \u00e4r unikt och b\u00e4r sm\u00e5 defekter som vittnar om \u00e4kta hantverk \u2013 sm\u00e5 charmiga konstverk med sin egen historia.<\/p>\n<p data-start=\"778\" data-end=\"970\"><strong data-start=\"778\" data-end=\"792\">Storlek:<\/strong> Passar monteringsplattor i <strong data-start=\"822\" data-end=\"836\">50 x 90 cm<\/strong>, beroende p\u00e5 hur fyllig du vill ha din kudde.<br data-start=\"879\" data-end=\"882\" \/><strong data-start=\"882\" data-end=\"893\">Notera:<\/strong> \u00d6rngott levereras utan fyllning \u2013 <strong data-start=\"925\" data-end=\"970\">Monteringsplatta kan k\u00f6pas f\u00f6r 150 DKK.<\/strong><\/p>","protected":false},"featured_media":40877,"template":"","meta":{"inline_featured_image":false},"product_brand":[],"product_cat":[160,66,178,37],"product_tag":[],"class_list":{"0":"post-40932","1":"product","2":"type-product","3":"status-publish","4":"has-post-thumbnail","6":"product_cat-kaktussilke-puder","7":"product_cat-pudebetraek","8":"product_cat-store-kaktussilke-puder","9":"product_cat-tekstiler","11":"first","12":"instock","13":"taxable","14":"shipping-taxable","15":"purchasable","16":"product-type-variable"},"exclude_global_add_ons":false,"addons":[{"name":"Vill du ha presentinslagning?","type":"checkbox","position":0,"required":false,"title_format":"label","default":"","description_enable":false,"description":"","placeholder_enable":false,"placeholder":"","display":"images","restrictions_type":"any_text","adjust_price":false,"price":"","price_type":"flat_fee","restrictions":false,"min":"0","max":"0","options":[{"label":"Ja tak","price":"10","price_type":"flat_fee","image":11015,"visibility":true}],"id":1669646111},{"name":"F\u00e5 ditt \u00f6rngott levererat med en stor monteringsplatta","type":"multiple_choice","position":0,"required":false,"title_format":"label","default":"","description_enable":false,"description":"","placeholder_enable":false,"placeholder":"","display":"select","restrictions_type":"any_text","adjust_price":false,"price":"","price_type":"flat_fee","restrictions":false,"min":"0","max":"0","options":[{"label":"Ja tak!","price":"150","price_type":"quantity_based","image":0,"visibility":true}],"id":1760629446}],"yoast_head":"<!-- This site is optimized with the Yoast SEO plugin v27.4 - https:\/\/yoast.com\/product\/yoast-seo-wordpress\/ -->\n<title>Marokkansk kaktussilke pude | Lavendel | H\u00e5ndlavet i Marrakech<\/title>\n<meta name=\"description\" content=\"Kaktussilkepude i lavendelbl\u00e5 med hvide ornamenter \u2013 perfekt til sofaen.Passer til pude 48x92 cm, alt efter hvor fyldig du \u00f8nsker den.\u21d2 Find den her\" \/>\n<meta name=\"robots\" content=\"index, follow, max-snippet:-1, max-image-preview:large, max-video-preview:-1\" \/>\n<link rel=\"canonical\" href=\"https:\/\/tibladin.dk\/sv\/produkt\/kaktus-siden-orngott-lavendelblaa-vit-48x92-exemplar\/\" \/>\n<meta property=\"og:locale\" content=\"sv_SE\" \/>\n<meta property=\"og:type\" content=\"article\" \/>\n<meta property=\"og:title\" content=\"Marokkansk kaktussilke pude | Lavendel | H\u00e5ndlavet i Marrakech\" \/>\n<meta property=\"og:description\" content=\"Kaktussilkepude i lavendelbl\u00e5 med hvide ornamenter \u2013 perfekt til sofaen.Passer til pude 48x92 cm, alt efter hvor fyldig du \u00f8nsker den.\u21d2 Find den her\" \/>\n<meta property=\"og:url\" content=\"https:\/\/tibladin.dk\/sv\/produkt\/kaktus-siden-orngott-lavendelblaa-vit-48x92-exemplar\/\" \/>\n<meta property=\"og:site_name\" content=\"Tibladin\" \/>\n<meta property=\"article:modified_time\" content=\"2026-03-31T10:48:06+00:00\" \/>\n<meta property=\"og:image\" content=\"https:\/\/tibladin.dk\/wp-content\/uploads\/2025\/10\/LAVENDELBLAa_2Kaktuspude_48x92_4.jpg\" \/>\n\t<meta property=\"og:image:width\" content=\"800\" \/>\n\t<meta property=\"og:image:height\" content=\"800\" \/>\n\t<meta property=\"og:image:type\" content=\"image\/jpeg\" \/>\n<meta name=\"twitter:card\" content=\"summary_large_image\" \/>\n<meta name=\"twitter:label1\" content=\"Ber\u00e4knad l\u00e4stid\" \/>\n\t<meta name=\"twitter:data1\" content=\"2 minuter\" \/>\n<script type=\"application\/ld+json\" class=\"yoast-schema-graph\">{\"@context\":\"https:\\\/\\\/schema.org\",\"@graph\":[{\"@type\":\"WebPage\",\"@id\":\"https:\\\/\\\/tibladin.dk\\\/produkt\\\/kaktussilke-pudebetraek-lavendalblaa-hvide-48x92-kopier\\\/\",\"url\":\"https:\\\/\\\/tibladin.dk\\\/produkt\\\/kaktussilke-pudebetraek-lavendalblaa-hvide-48x92-kopier\\\/\",\"name\":\"Marokkansk kaktussilke pude | Lavendel | H\u00e5ndlavet i Marrakech\",\"isPartOf\":{\"@id\":\"https:\\\/\\\/tibladin.dk\\\/#website\"},\"primaryImageOfPage\":{\"@id\":\"https:\\\/\\\/tibladin.dk\\\/produkt\\\/kaktussilke-pudebetraek-lavendalblaa-hvide-48x92-kopier\\\/#primaryimage\"},\"image\":{\"@id\":\"https:\\\/\\\/tibladin.dk\\\/produkt\\\/kaktussilke-pudebetraek-lavendalblaa-hvide-48x92-kopier\\\/#primaryimage\"},\"thumbnailUrl\":\"https:\\\/\\\/tibladin.dk\\\/wp-content\\\/uploads\\\/2025\\\/10\\\/LAVENDELBLAa_2Kaktuspude_48x92_4.jpg\",\"datePublished\":\"2025-10-16T09:18:29+00:00\",\"dateModified\":\"2026-03-31T10:48:06+00:00\",\"description\":\"Kaktussilkepude i lavendelbl\u00e5 med hvide ornamenter \u2013 perfekt til sofaen.Passer til pude 48x92 cm, alt efter hvor fyldig du \u00f8nsker den.\u21d2 Find den her\",\"breadcrumb\":{\"@id\":\"https:\\\/\\\/tibladin.dk\\\/produkt\\\/kaktussilke-pudebetraek-lavendalblaa-hvide-48x92-kopier\\\/#breadcrumb\"},\"inLanguage\":\"sv-SE\",\"potentialAction\":[{\"@type\":\"ReadAction\",\"target\":[\"https:\\\/\\\/tibladin.dk\\\/produkt\\\/kaktussilke-pudebetraek-lavendalblaa-hvide-48x92-kopier\\\/\"]}]},{\"@type\":\"ImageObject\",\"inLanguage\":\"sv-SE\",\"@id\":\"https:\\\/\\\/tibladin.dk\\\/produkt\\\/kaktussilke-pudebetraek-lavendalblaa-hvide-48x92-kopier\\\/#primaryimage\",\"url\":\"https:\\\/\\\/tibladin.dk\\\/wp-content\\\/uploads\\\/2025\\\/10\\\/LAVENDELBLAa_2Kaktuspude_48x92_4.jpg\",\"contentUrl\":\"https:\\\/\\\/tibladin.dk\\\/wp-content\\\/uploads\\\/2025\\\/10\\\/LAVENDELBLAa_2Kaktuspude_48x92_4.jpg\",\"width\":800,\"height\":800,\"caption\":\"LAVENDELBLAa_2Kaktuspude_48x92_4\"},{\"@type\":\"BreadcrumbList\",\"@id\":\"https:\\\/\\\/tibladin.dk\\\/produkt\\\/kaktussilke-pudebetraek-lavendalblaa-hvide-48x92-kopier\\\/#breadcrumb\",\"itemListElement\":[{\"@type\":\"ListItem\",\"position\":1,\"name\":\"Hjem\",\"item\":\"https:\\\/\\\/tibladin.dk\\\/\"},{\"@type\":\"ListItem\",\"position\":2,\"name\":\"Shop\",\"item\":\"https:\\\/\\\/tibladin.dk\\\/shop\\\/\"},{\"@type\":\"ListItem\",\"position\":3,\"name\":\"Kaktussilke pudebetr\u00e6k &#8211; Lavendelbl\u00e5 49&#215;92 cm.\"}]},{\"@type\":\"WebSite\",\"@id\":\"https:\\\/\\\/tibladin.dk\\\/#website\",\"url\":\"https:\\\/\\\/tibladin.dk\\\/\",\"name\":\"Tibladin\",\"description\":\"Tibladin\",\"publisher\":{\"@id\":\"https:\\\/\\\/tibladin.dk\\\/#organization\"},\"potentialAction\":[{\"@type\":\"SearchAction\",\"target\":{\"@type\":\"EntryPoint\",\"urlTemplate\":\"https:\\\/\\\/tibladin.dk\\\/?s={search_term_string}\"},\"query-input\":{\"@type\":\"PropertyValueSpecification\",\"valueRequired\":true,\"valueName\":\"search_term_string\"}}],\"inLanguage\":\"sv-SE\"},{\"@type\":\"Organization\",\"@id\":\"https:\\\/\\\/tibladin.dk\\\/#organization\",\"name\":\"Tibladin\",\"url\":\"https:\\\/\\\/tibladin.dk\\\/\",\"logo\":{\"@type\":\"ImageObject\",\"inLanguage\":\"sv-SE\",\"@id\":\"https:\\\/\\\/tibladin.dk\\\/#\\\/schema\\\/logo\\\/image\\\/\",\"url\":\"https:\\\/\\\/tibladin.dk\\\/wp-content\\\/uploads\\\/2022\\\/09\\\/tibladin_logo.svg\",\"contentUrl\":\"https:\\\/\\\/tibladin.dk\\\/wp-content\\\/uploads\\\/2022\\\/09\\\/tibladin_logo.svg\",\"caption\":\"Tibladin\"},\"image\":{\"@id\":\"https:\\\/\\\/tibladin.dk\\\/#\\\/schema\\\/logo\\\/image\\\/\"}}]}<\/script>\n<!-- \/ Yoast SEO plugin. -->","yoast_head_json":{"title":"Marockansk kaktussilkeskudde | Lavendel | Handgjord i Marrakech","description":"Kaktussilkeskudde i lavendelbl\u00e5tt med vita ornament - perfekt f\u00f6r soffan. Passar till kudde 48x92 cm, beroende p\u00e5 hur fyllig du vill ha den.\u21d2 Hitta den h\u00e4r","robots":{"index":"index","follow":"follow","max-snippet":"max-snippet:-1","max-image-preview":"max-image-preview:large","max-video-preview":"max-video-preview:-1"},"canonical":"https:\/\/tibladin.dk\/sv\/produkt\/kaktus-siden-orngott-lavendelblaa-vit-48x92-exemplar\/","og_locale":"sv_SE","og_type":"article","og_title":"Marokkansk kaktussilke pude | Lavendel | H\u00e5ndlavet i Marrakech","og_description":"Kaktussilkepude i lavendelbl\u00e5 med hvide ornamenter \u2013 perfekt til sofaen.Passer til pude 48x92 cm, alt efter hvor fyldig du \u00f8nsker den.\u21d2 Find den her","og_url":"https:\/\/tibladin.dk\/sv\/produkt\/kaktus-siden-orngott-lavendelblaa-vit-48x92-exemplar\/","og_site_name":"Tibladin","article_modified_time":"2026-03-31T10:48:06+00:00","og_image":[{"width":800,"height":800,"url":"https:\/\/tibladin.dk\/wp-content\/uploads\/2025\/10\/LAVENDELBLAa_2Kaktuspude_48x92_4.jpg","type":"image\/jpeg"}],"twitter_card":"summary_large_image","twitter_misc":{"Ber\u00e4knad l\u00e4stid":"2 minuter"},"schema":{"@context":"https:\/\/schema.org","@graph":[{"@type":"WebPage","@id":"https:\/\/tibladin.dk\/produkt\/kaktussilke-pudebetraek-lavendalblaa-hvide-48x92-kopier\/","url":"https:\/\/tibladin.dk\/produkt\/kaktussilke-pudebetraek-lavendalblaa-hvide-48x92-kopier\/","name":"Marockansk kaktussilkeskudde | Lavendel | Handgjord i Marrakech","isPartOf":{"@id":"https:\/\/tibladin.dk\/#website"},"primaryImageOfPage":{"@id":"https:\/\/tibladin.dk\/produkt\/kaktussilke-pudebetraek-lavendalblaa-hvide-48x92-kopier\/#primaryimage"},"image":{"@id":"https:\/\/tibladin.dk\/produkt\/kaktussilke-pudebetraek-lavendalblaa-hvide-48x92-kopier\/#primaryimage"},"thumbnailUrl":"https:\/\/tibladin.dk\/wp-content\/uploads\/2025\/10\/LAVENDELBLAa_2Kaktuspude_48x92_4.jpg","datePublished":"2025-10-16T09:18:29+00:00","dateModified":"2026-03-31T10:48:06+00:00","description":"Kaktussilkeskudde i lavendelbl\u00e5tt med vita ornament - perfekt f\u00f6r soffan. Passar till kudde 48x92 cm, beroende p\u00e5 hur fyllig du vill ha den.\u21d2 Hitta den h\u00e4r","breadcrumb":{"@id":"https:\/\/tibladin.dk\/produkt\/kaktussilke-pudebetraek-lavendalblaa-hvide-48x92-kopier\/#breadcrumb"},"inLanguage":"sv-SE","potentialAction":[{"@type":"ReadAction","target":["https:\/\/tibladin.dk\/produkt\/kaktussilke-pudebetraek-lavendalblaa-hvide-48x92-kopier\/"]}]},{"@type":"ImageObject","inLanguage":"sv-SE","@id":"https:\/\/tibladin.dk\/produkt\/kaktussilke-pudebetraek-lavendalblaa-hvide-48x92-kopier\/#primaryimage","url":"https:\/\/tibladin.dk\/wp-content\/uploads\/2025\/10\/LAVENDELBLAa_2Kaktuspude_48x92_4.jpg","contentUrl":"https:\/\/tibladin.dk\/wp-content\/uploads\/2025\/10\/LAVENDELBLAa_2Kaktuspude_48x92_4.jpg","width":800,"height":800,"caption":"LAVENDELBLAa_2Kaktuspude_48x92_4"},{"@type":"BreadcrumbList","@id":"https:\/\/tibladin.dk\/produkt\/kaktussilke-pudebetraek-lavendalblaa-hvide-48x92-kopier\/#breadcrumb","itemListElement":[{"@type":"ListItem","position":1,"name":"Hjem","item":"https:\/\/tibladin.dk\/"},{"@type":"ListItem","position":2,"name":"Shop","item":"https:\/\/tibladin.dk\/shop\/"},{"@type":"ListItem","position":3,"name":"Kaktussilke pudebetr\u00e6k &#8211; Lavendelbl\u00e5 49&#215;92 cm."}]},{"@type":"WebSite","@id":"https:\/\/tibladin.dk\/#website","url":"https:\/\/tibladin.dk\/","name":"Tibladin","description":"Tibladin","publisher":{"@id":"https:\/\/tibladin.dk\/#organization"},"potentialAction":[{"@type":"SearchAction","target":{"@type":"EntryPoint","urlTemplate":"https:\/\/tibladin.dk\/?s={search_term_string}"},"query-input":{"@type":"PropertyValueSpecification","valueRequired":true,"valueName":"search_term_string"}}],"inLanguage":"sv-SE"},{"@type":"Organization","@id":"https:\/\/tibladin.dk\/#organization","name":"Tibladin","url":"https:\/\/tibladin.dk\/","logo":{"@type":"ImageObject","inLanguage":"sv-SE","@id":"https:\/\/tibladin.dk\/#\/schema\/logo\/image\/","url":"https:\/\/tibladin.dk\/wp-content\/uploads\/2022\/09\/tibladin_logo.svg","contentUrl":"https:\/\/tibladin.dk\/wp-content\/uploads\/2022\/09\/tibladin_logo.svg","caption":"Tibladin"},"image":{"@id":"https:\/\/tibladin.dk\/#\/schema\/logo\/image\/"}}]}},"_links":{"self":[{"href":"https:\/\/tibladin.dk\/sv\/wp-json\/wp\/v2\/product\/40932","targetHints":{"allow":["GET"]}}],"collection":[{"href":"https:\/\/tibladin.dk\/sv\/wp-json\/wp\/v2\/product"}],"about":[{"href":"https:\/\/tibladin.dk\/sv\/wp-json\/wp\/v2\/types\/product"}],"wp:featuredmedia":[{"embeddable":true,"href":"https:\/\/tibladin.dk\/sv\/wp-json\/wp\/v2\/media\/40877"}],"wp:attachment":[{"href":"https:\/\/tibladin.dk\/sv\/wp-json\/wp\/v2\/media?parent=40932"}],"wp:term":[{"taxonomy":"product_brand","embeddable":true,"href":"https:\/\/tibladin.dk\/sv\/wp-json\/wp\/v2\/product_brand?post=40932"},{"taxonomy":"product_cat","embeddable":true,"href":"https:\/\/tibladin.dk\/sv\/wp-json\/wp\/v2\/product_cat?post=40932"},{"taxonomy":"product_tag","embeddable":true,"href":"https:\/\/tibladin.dk\/sv\/wp-json\/wp\/v2\/product_tag?post=40932"}],"curies":[{"name":"wp","href":"https:\/\/api.w.org\/{rel}","templated":true}]}}