{"id":41308,"date":"2025-10-22T12:47:18","date_gmt":"2025-10-22T10:47:18","guid":{"rendered":"https:\/\/tibladin.dk\/?post_type=product&#038;p=41308"},"modified":"2026-04-14T11:48:27","modified_gmt":"2026-04-14T09:48:27","slug":"skaal-i-tamegroot-14-cm-bred","status":"publish","type":"product","link":"https:\/\/tibladin.dk\/sv\/produkt\/skaal-i-tamegroute-14-cm-groen\/","title":{"rendered":"Sk\u00e5l i Tamegroute \u2013 14 cm \u2013 GR\u00d6N"},"content":{"rendered":"<div class=\"wpb-content-wrapper\"><div class=\"vc_row wpb_row vc_row-fluid\"><div class=\"wpb_column vc_column_container vc_col-sm-4\"><div class=\"vc_column-inner\"><div class=\"wpb_wrapper\"><\/div><\/div><\/div><div class=\"wpb_column vc_column_container vc_col-sm-4\"><div class=\"vc_column-inner\"><div class=\"wpb_wrapper\"><h3 style=\"text-align: left\" class=\"vc_custom_heading vc_do_custom_heading\" >Underh\u00e5ll<\/h3>\n\t<div class=\"wpb_text_column wpb_content_element\" >\n\t\t<div class=\"wpb_wrapper\">\n\t\t\t<p>Vi rekommenderar inte diskmaskinen. Det \u00e4r b\u00e4ttre att tv\u00e4tta dem f\u00f6r hand.<\/p>\n\n\t\t<\/div>\n\t<\/div>\n<\/div><\/div><\/div><div class=\"wpb_column vc_column_container vc_col-sm-4\"><div class=\"vc_column-inner\"><div class=\"wpb_wrapper\"><h3 style=\"text-align: left\" class=\"vc_custom_heading vc_do_custom_heading\" >Historien bakom<\/h3>\n\t<div class=\"wpb_text_column wpb_content_element\" >\n\t\t<div class=\"wpb_wrapper\">\n\t\t\t<p>Tamegroute-keramik \u00e4r ett traditionellt s\u00e4tt att tillverka keramik som kommer fr\u00e5n marockanska folk i Zagora-regionen. S\u00e4ttet p\u00e5 vilket den \u00e4r tillverkad, och den unika gr\u00f6na f\u00e4rgen, \u00e4r det som k\u00e4nnetecknar keramiken b\u00e4st. P\u00e5 grund av hur den \u00e4r tillverkad har keramiken en mycket taktil yta. Samtidigt som den \u00e4r handgjord kan det \u00e4ven f\u00f6rekomma olika sm\u00e5 variationer i storlekar, f\u00e4rger och bel\u00e4ggning, samt brister i keramiken. Det \u00e4r en del av charmen att det \u00e4r unikt, och det ger keramiken mer karakt\u00e4r.<\/p>\n<p>Keramiken \u00e4r inte l\u00e4mplig f\u00f6r mat.<\/p>\n\n\t\t<\/div>\n\t<\/div>\n<\/div><\/div><\/div><\/div>\n<\/div>","protected":false},"excerpt":{"rendered":"<p>Vackra och helt annorlunda Tamegroute-sk\u00e5lar i de ikoniska gr\u00f6na glasyrf\u00e4rgerna. Sk\u00e5larna m\u00e4ter cirka 14 cm i diameter och \u00e4r 6-7 cm h\u00f6ga.<\/p>\n<p>Det kan finnas olika sm\u00e5 variationer i storlekar, f\u00e4rger och bel\u00e4ggning, d\u00e5 Tamegroute keramik \u00e4r handgjord p\u00e5 ett v\u00e4ldigt speciellt s\u00e4tt.<\/p>\n<p><span style=\"font-weight: 400;\">Tamegroute keramik \u00e4r k\u00e4nt f\u00f6r en ofullbordad, rustik och r\u00e5 look. Keramiken har sk\u00e5ror, n\u00e5got skurna p\u00e5 vissa st\u00e4llen, m\u00e4rken och glasyrskillnader. Helt ofullkomlig!<\/span><\/p>\n<p><br style=\"font-weight: 400;\" \/><br style=\"font-weight: 400;\" \/><\/p>","protected":false},"featured_media":40995,"template":"","meta":{"inline_featured_image":false},"product_brand":[],"product_cat":[138],"product_tag":[],"class_list":{"0":"post-41308","1":"product","2":"type-product","3":"status-publish","4":"has-post-thumbnail","6":"product_cat-tamegroute-keramik","8":"first","9":"outofstock","10":"taxable","11":"shipping-taxable","12":"purchasable","13":"product-type-simple"},"exclude_global_add_ons":false,"addons":[{"name":"Vill du ha presentinslagning?","type":"checkbox","position":0,"required":false,"title_format":"label","default":"","description_enable":false,"description":"","placeholder_enable":false,"placeholder":"","display":"images","restrictions_type":"any_text","adjust_price":false,"price":"","price_type":"flat_fee","restrictions":false,"min":"0","max":"0","options":[{"label":"Ja tak","price":"10","price_type":"flat_fee","image":11015,"visibility":true}],"id":1669646111}],"yoast_head":"<!-- This site is optimized with the Yoast SEO plugin v27.4 - https:\/\/yoast.com\/product\/yoast-seo-wordpress\/ -->\n<title>Sk\u00e5l i Tamegroute - 14 cm - GR\u00d8N<\/title>\n<meta name=\"description\" content=\"Tamegroute keramik sk\u00e5le 14 cm, med smukke detaljer. Stort udvalg af den smukke Tamegroute keramik, som er h\u00e5ndlavet i Marokko\" \/>\n<meta name=\"robots\" content=\"index, follow, max-snippet:-1, max-image-preview:large, max-video-preview:-1\" \/>\n<link rel=\"canonical\" href=\"https:\/\/tibladin.dk\/sv\/produkt\/skaal-i-tamegroot-14-cm-bred\/\" \/>\n<meta property=\"og:locale\" content=\"sv_SE\" \/>\n<meta property=\"og:type\" content=\"article\" \/>\n<meta property=\"og:title\" content=\"Sk\u00e5l i Tamegroute - 14 cm - GR\u00d8N\" \/>\n<meta property=\"og:description\" content=\"Tamegroute keramik sk\u00e5le 14 cm, med smukke detaljer. Stort udvalg af den smukke Tamegroute keramik, som er h\u00e5ndlavet i Marokko\" \/>\n<meta property=\"og:url\" content=\"https:\/\/tibladin.dk\/sv\/produkt\/skaal-i-tamegroot-14-cm-bred\/\" \/>\n<meta property=\"og:site_name\" content=\"Tibladin\" \/>\n<meta property=\"article:modified_time\" content=\"2026-04-14T09:48:27+00:00\" \/>\n<meta property=\"og:image\" content=\"https:\/\/tibladin.dk\/wp-content\/uploads\/2025\/10\/14-cm-groen-skaal-tamegroute_1.jpg\" \/>\n\t<meta property=\"og:image:width\" content=\"800\" \/>\n\t<meta property=\"og:image:height\" content=\"800\" \/>\n\t<meta property=\"og:image:type\" content=\"image\/jpeg\" \/>\n<meta name=\"twitter:card\" content=\"summary_large_image\" \/>\n<meta name=\"twitter:label1\" content=\"Ber\u00e4knad l\u00e4stid\" \/>\n\t<meta name=\"twitter:data1\" content=\"2 minuter\" \/>\n<script type=\"application\/ld+json\" class=\"yoast-schema-graph\">{\"@context\":\"https:\\\/\\\/schema.org\",\"@graph\":[{\"@type\":\"WebPage\",\"@id\":\"https:\\\/\\\/tibladin.dk\\\/produkt\\\/skaal-i-tamegroute-14-cm-groen\\\/\",\"url\":\"https:\\\/\\\/tibladin.dk\\\/produkt\\\/skaal-i-tamegroute-14-cm-groen\\\/\",\"name\":\"Sk\u00e5l i Tamegroute - 14 cm - GR\u00d8N\",\"isPartOf\":{\"@id\":\"https:\\\/\\\/tibladin.dk\\\/#website\"},\"primaryImageOfPage\":{\"@id\":\"https:\\\/\\\/tibladin.dk\\\/produkt\\\/skaal-i-tamegroute-14-cm-groen\\\/#primaryimage\"},\"image\":{\"@id\":\"https:\\\/\\\/tibladin.dk\\\/produkt\\\/skaal-i-tamegroute-14-cm-groen\\\/#primaryimage\"},\"thumbnailUrl\":\"https:\\\/\\\/tibladin.dk\\\/wp-content\\\/uploads\\\/2025\\\/10\\\/14-cm-groen-skaal-tamegroute_1.jpg\",\"datePublished\":\"2025-10-22T10:47:18+00:00\",\"dateModified\":\"2026-04-14T09:48:27+00:00\",\"description\":\"Tamegroute keramik sk\u00e5le 14 cm, med smukke detaljer. Stort udvalg af den smukke Tamegroute keramik, som er h\u00e5ndlavet i Marokko\",\"breadcrumb\":{\"@id\":\"https:\\\/\\\/tibladin.dk\\\/produkt\\\/skaal-i-tamegroute-14-cm-groen\\\/#breadcrumb\"},\"inLanguage\":\"sv-SE\",\"potentialAction\":[{\"@type\":\"ReadAction\",\"target\":[\"https:\\\/\\\/tibladin.dk\\\/produkt\\\/skaal-i-tamegroute-14-cm-groen\\\/\"]}]},{\"@type\":\"ImageObject\",\"inLanguage\":\"sv-SE\",\"@id\":\"https:\\\/\\\/tibladin.dk\\\/produkt\\\/skaal-i-tamegroute-14-cm-groen\\\/#primaryimage\",\"url\":\"https:\\\/\\\/tibladin.dk\\\/wp-content\\\/uploads\\\/2025\\\/10\\\/14-cm-groen-skaal-tamegroute_1.jpg\",\"contentUrl\":\"https:\\\/\\\/tibladin.dk\\\/wp-content\\\/uploads\\\/2025\\\/10\\\/14-cm-groen-skaal-tamegroute_1.jpg\",\"width\":800,\"height\":800,\"caption\":\"14-cm-groen-skaal-tamegroute_1\"},{\"@type\":\"BreadcrumbList\",\"@id\":\"https:\\\/\\\/tibladin.dk\\\/produkt\\\/skaal-i-tamegroute-14-cm-groen\\\/#breadcrumb\",\"itemListElement\":[{\"@type\":\"ListItem\",\"position\":1,\"name\":\"Hjem\",\"item\":\"https:\\\/\\\/tibladin.dk\\\/\"},{\"@type\":\"ListItem\",\"position\":2,\"name\":\"Shop\",\"item\":\"https:\\\/\\\/tibladin.dk\\\/shop\\\/\"},{\"@type\":\"ListItem\",\"position\":3,\"name\":\"Sk\u00e5l i Tamegroute &#8211; 14 cm &#8211; GR\u00d8N\"}]},{\"@type\":\"WebSite\",\"@id\":\"https:\\\/\\\/tibladin.dk\\\/#website\",\"url\":\"https:\\\/\\\/tibladin.dk\\\/\",\"name\":\"Tibladin\",\"description\":\"Tibladin\",\"publisher\":{\"@id\":\"https:\\\/\\\/tibladin.dk\\\/#organization\"},\"potentialAction\":[{\"@type\":\"SearchAction\",\"target\":{\"@type\":\"EntryPoint\",\"urlTemplate\":\"https:\\\/\\\/tibladin.dk\\\/?s={search_term_string}\"},\"query-input\":{\"@type\":\"PropertyValueSpecification\",\"valueRequired\":true,\"valueName\":\"search_term_string\"}}],\"inLanguage\":\"sv-SE\"},{\"@type\":\"Organization\",\"@id\":\"https:\\\/\\\/tibladin.dk\\\/#organization\",\"name\":\"Tibladin\",\"url\":\"https:\\\/\\\/tibladin.dk\\\/\",\"logo\":{\"@type\":\"ImageObject\",\"inLanguage\":\"sv-SE\",\"@id\":\"https:\\\/\\\/tibladin.dk\\\/#\\\/schema\\\/logo\\\/image\\\/\",\"url\":\"https:\\\/\\\/tibladin.dk\\\/wp-content\\\/uploads\\\/2022\\\/09\\\/tibladin_logo.svg\",\"contentUrl\":\"https:\\\/\\\/tibladin.dk\\\/wp-content\\\/uploads\\\/2022\\\/09\\\/tibladin_logo.svg\",\"caption\":\"Tibladin\"},\"image\":{\"@id\":\"https:\\\/\\\/tibladin.dk\\\/#\\\/schema\\\/logo\\\/image\\\/\"}}]}<\/script>\n<!-- \/ Yoast SEO plugin. -->","yoast_head_json":{"title":"Sk\u00e5l i Tamegroute - 14 cm - GR\u00d6N","description":"Tamegroute keramiksk\u00e5lar 14 cm, med vackra detaljer. Stort urval av vacker Tamegroute keramik, handgjord i Marocko","robots":{"index":"index","follow":"follow","max-snippet":"max-snippet:-1","max-image-preview":"max-image-preview:large","max-video-preview":"max-video-preview:-1"},"canonical":"https:\/\/tibladin.dk\/sv\/produkt\/skaal-i-tamegroot-14-cm-bred\/","og_locale":"sv_SE","og_type":"article","og_title":"Sk\u00e5l i Tamegroute - 14 cm - GR\u00d8N","og_description":"Tamegroute keramik sk\u00e5le 14 cm, med smukke detaljer. Stort udvalg af den smukke Tamegroute keramik, som er h\u00e5ndlavet i Marokko","og_url":"https:\/\/tibladin.dk\/sv\/produkt\/skaal-i-tamegroot-14-cm-bred\/","og_site_name":"Tibladin","article_modified_time":"2026-04-14T09:48:27+00:00","og_image":[{"width":800,"height":800,"url":"https:\/\/tibladin.dk\/wp-content\/uploads\/2025\/10\/14-cm-groen-skaal-tamegroute_1.jpg","type":"image\/jpeg"}],"twitter_card":"summary_large_image","twitter_misc":{"Ber\u00e4knad l\u00e4stid":"2 minuter"},"schema":{"@context":"https:\/\/schema.org","@graph":[{"@type":"WebPage","@id":"https:\/\/tibladin.dk\/produkt\/skaal-i-tamegroute-14-cm-groen\/","url":"https:\/\/tibladin.dk\/produkt\/skaal-i-tamegroute-14-cm-groen\/","name":"Sk\u00e5l i Tamegroute - 14 cm - GR\u00d6N","isPartOf":{"@id":"https:\/\/tibladin.dk\/#website"},"primaryImageOfPage":{"@id":"https:\/\/tibladin.dk\/produkt\/skaal-i-tamegroute-14-cm-groen\/#primaryimage"},"image":{"@id":"https:\/\/tibladin.dk\/produkt\/skaal-i-tamegroute-14-cm-groen\/#primaryimage"},"thumbnailUrl":"https:\/\/tibladin.dk\/wp-content\/uploads\/2025\/10\/14-cm-groen-skaal-tamegroute_1.jpg","datePublished":"2025-10-22T10:47:18+00:00","dateModified":"2026-04-14T09:48:27+00:00","description":"Tamegroute keramiksk\u00e5lar 14 cm, med vackra detaljer. Stort urval av vacker Tamegroute keramik, handgjord i Marocko","breadcrumb":{"@id":"https:\/\/tibladin.dk\/produkt\/skaal-i-tamegroute-14-cm-groen\/#breadcrumb"},"inLanguage":"sv-SE","potentialAction":[{"@type":"ReadAction","target":["https:\/\/tibladin.dk\/produkt\/skaal-i-tamegroute-14-cm-groen\/"]}]},{"@type":"ImageObject","inLanguage":"sv-SE","@id":"https:\/\/tibladin.dk\/produkt\/skaal-i-tamegroute-14-cm-groen\/#primaryimage","url":"https:\/\/tibladin.dk\/wp-content\/uploads\/2025\/10\/14-cm-groen-skaal-tamegroute_1.jpg","contentUrl":"https:\/\/tibladin.dk\/wp-content\/uploads\/2025\/10\/14-cm-groen-skaal-tamegroute_1.jpg","width":800,"height":800,"caption":"14-cm-groen-skaal-tamegroute_1"},{"@type":"BreadcrumbList","@id":"https:\/\/tibladin.dk\/produkt\/skaal-i-tamegroute-14-cm-groen\/#breadcrumb","itemListElement":[{"@type":"ListItem","position":1,"name":"Hjem","item":"https:\/\/tibladin.dk\/"},{"@type":"ListItem","position":2,"name":"Shop","item":"https:\/\/tibladin.dk\/shop\/"},{"@type":"ListItem","position":3,"name":"Sk\u00e5l i Tamegroute &#8211; 14 cm &#8211; GR\u00d8N"}]},{"@type":"WebSite","@id":"https:\/\/tibladin.dk\/#website","url":"https:\/\/tibladin.dk\/","name":"Tibladin","description":"Tibladin","publisher":{"@id":"https:\/\/tibladin.dk\/#organization"},"potentialAction":[{"@type":"SearchAction","target":{"@type":"EntryPoint","urlTemplate":"https:\/\/tibladin.dk\/?s={search_term_string}"},"query-input":{"@type":"PropertyValueSpecification","valueRequired":true,"valueName":"search_term_string"}}],"inLanguage":"sv-SE"},{"@type":"Organization","@id":"https:\/\/tibladin.dk\/#organization","name":"Tibladin","url":"https:\/\/tibladin.dk\/","logo":{"@type":"ImageObject","inLanguage":"sv-SE","@id":"https:\/\/tibladin.dk\/#\/schema\/logo\/image\/","url":"https:\/\/tibladin.dk\/wp-content\/uploads\/2022\/09\/tibladin_logo.svg","contentUrl":"https:\/\/tibladin.dk\/wp-content\/uploads\/2022\/09\/tibladin_logo.svg","caption":"Tibladin"},"image":{"@id":"https:\/\/tibladin.dk\/#\/schema\/logo\/image\/"}}]}},"_links":{"self":[{"href":"https:\/\/tibladin.dk\/sv\/wp-json\/wp\/v2\/product\/41308","targetHints":{"allow":["GET"]}}],"collection":[{"href":"https:\/\/tibladin.dk\/sv\/wp-json\/wp\/v2\/product"}],"about":[{"href":"https:\/\/tibladin.dk\/sv\/wp-json\/wp\/v2\/types\/product"}],"wp:featuredmedia":[{"embeddable":true,"href":"https:\/\/tibladin.dk\/sv\/wp-json\/wp\/v2\/media\/40995"}],"wp:attachment":[{"href":"https:\/\/tibladin.dk\/sv\/wp-json\/wp\/v2\/media?parent=41308"}],"wp:term":[{"taxonomy":"product_brand","embeddable":true,"href":"https:\/\/tibladin.dk\/sv\/wp-json\/wp\/v2\/product_brand?post=41308"},{"taxonomy":"product_cat","embeddable":true,"href":"https:\/\/tibladin.dk\/sv\/wp-json\/wp\/v2\/product_cat?post=41308"},{"taxonomy":"product_tag","embeddable":true,"href":"https:\/\/tibladin.dk\/sv\/wp-json\/wp\/v2\/product_tag?post=41308"}],"curies":[{"name":"wp","href":"https:\/\/api.w.org\/{rel}","templated":true}]}}