{"id":41364,"date":"2025-10-23T10:42:30","date_gmt":"2025-10-23T08:42:30","guid":{"rendered":"https:\/\/tibladin.dk\/?post_type=product&#038;p=41364"},"modified":"2026-03-13T14:42:09","modified_gmt":"2026-03-13T13:42:09","slug":"tamegroot-blomkrukaoverdrag-gult","status":"publish","type":"product","link":"https:\/\/tibladin.dk\/sv\/produkt\/tamegroute-urtepotteskjuler-gul\/","title":{"rendered":"Tamegroute Blomkruka\u00f6verdrag - GUL"},"content":{"rendered":"<div class=\"wpb-content-wrapper\"><div class=\"vc_row wpb_row vc_row-fluid\"><div class=\"wpb_column vc_column_container vc_col-sm-4\"><div class=\"vc_column-inner\"><div class=\"wpb_wrapper\"><\/div><\/div><\/div><div class=\"wpb_column vc_column_container vc_col-sm-4\"><div class=\"vc_column-inner\"><div class=\"wpb_wrapper\"><h3 style=\"text-align: left\" class=\"vc_custom_heading vc_do_custom_heading\" >Underh\u00e5ll<\/h3>\n\t<div class=\"wpb_text_column wpb_content_element\" >\n\t\t<div class=\"wpb_wrapper\">\n\t\t\t<p>Eftersom ytan \u00e4r t\u00e4ckt med ett lager av koppar och j\u00e4rn kan burken k\u00e4nnas fet med tiden. Detta kommer att lossna n\u00e4r den diskas med tv\u00e5l och vatten.<\/p>\n\n\t\t<\/div>\n\t<\/div>\n<\/div><\/div><\/div><div class=\"wpb_column vc_column_container vc_col-sm-4\"><div class=\"vc_column-inner\"><div class=\"wpb_wrapper\"><h3 style=\"text-align: left\" class=\"vc_custom_heading vc_do_custom_heading\" >Historien bakom<\/h3>\n\t<div class=\"wpb_text_column wpb_content_element\" >\n\t\t<div class=\"wpb_wrapper\">\n\t\t\t<p>Det som k\u00e4nnetecknar keramik fr\u00e5n staden Tamegroute \u00e4r den djupt gr\u00f6na f\u00e4rgen. Keramikens glasyr ger en vacker sl\u00e4t yta med ett vackert f\u00e4rgspel och utvecklas efter den f\u00f6rsta br\u00e4nningen vid 1000 grader i en stenugn. Br\u00e4nningen tar 24 timmar och den karakteristiska f\u00e4rgen utvecklas under br\u00e4nningen med mycket l\u00e5g syrehalt i ugnen. N\u00e4r ugnen \u00e4r kall tas keramiken ut och bel\u00e4ggs med en blandning av j\u00e4rn och koppar, vilket ger ett helt unikt, sprucket och charmigt utseende.<\/p>\n<p>Sm\u00e5 sprickor, fissurer och oj\u00e4mnheter bidrar till att g\u00f6ra keramik fr\u00e5n Tamegroute helt unik och speciell. Denna br\u00e4nningsmetod\/arbetsmetod \u00e4r reserverad f\u00f6r hantverkare och tillverkas endast hantverksm\u00e4ssigt och aldrig industriellt.<\/p>\n<div id=\"comp-k9oy2jpc\" class=\"_1Z_nJ\" data-testid=\"richTextElement\">\n<p class=\"font_7\">Tamegroute ligger i s\u00f6dra Marocko p\u00e5 gr\u00e4nsen till Sahara. P\u00e5 berberspr\u00e5k betyder Tamegroute: &quot;den sista platsen f\u00f6re \u00f6knen&quot;.\u201d<\/p>\n<\/div>\n\n\t\t<\/div>\n\t<\/div>\n<\/div><\/div><\/div><\/div>\n<\/div>","protected":false},"excerpt":{"rendered":"<p data-start=\"0\" data-end=\"100\">Vacker blomkruka i den ikoniska gula Tamegroute-keramiken - ett sant stycke marockanskt hantverk.<\/p>\n<p data-start=\"102\" data-end=\"404\">Keramiken fr\u00e5n staden Tamegroute \u00e4r k\u00e4nd f\u00f6r sin varma, gyllene nyans och sl\u00e4ta, livfulla glasyr med ett naturligt f\u00e4rgspel. Efter den f\u00f6rsta br\u00e4nningen vid cirka 1000 grader bel\u00e4ggs ytan med en blandning av j\u00e4rn och koppar, vilket ger det karakteristiska, l\u00e4tt spruckna och autentiska utseendet.<\/p>\n<p data-start=\"406\" data-end=\"609\">Sm\u00e5 sprickor, oj\u00e4mnheter och variationer i glasyren \u00e4r en naturlig del av hantverket och g\u00f6r varje kruka unik. Denna traditionella teknik utf\u00f6rs uteslutande av lokala hantverkare \u2013 aldrig industriellt.<\/p>\n<p data-start=\"611\" data-end=\"656\" data-is-last-node=\"\" data-is-only-node=\"\"><strong data-start=\"611\" data-end=\"619\">M\u00e5l:<\/strong> H\u00f6jd ca 24 cm, diameter ca 20 cm.<\/p>\n<p data-start=\"611\" data-end=\"656\" data-is-last-node=\"\" data-is-only-node=\"\">Blomkrukans lock \u00e4r inte helt glaserat inuti och vi kan inte garantera att det h\u00e5ller vatten. Vattna din krukv\u00e4xt utanf\u00f6r blomkrukans lock och placera lite plast i botten.<\/p>","protected":false},"featured_media":41040,"template":"","meta":{"inline_featured_image":false},"product_brand":[],"product_cat":[51,138,92],"product_tag":[],"class_list":{"0":"post-41364","1":"product","2":"type-product","3":"status-publish","4":"has-post-thumbnail","6":"product_cat-opbevaring","7":"product_cat-tamegroute-keramik","8":"product_cat-urtepotteskjulere","10":"first","11":"instock","12":"taxable","13":"shipping-taxable","14":"purchasable","15":"product-type-simple"},"exclude_global_add_ons":false,"addons":[{"name":"Vill du ha presentinslagning?","type":"checkbox","position":0,"required":false,"title_format":"label","default":"","description_enable":false,"description":"","placeholder_enable":false,"placeholder":"","display":"images","restrictions_type":"any_text","adjust_price":false,"price":"","price_type":"flat_fee","restrictions":false,"min":"0","max":"0","options":[{"label":"Ja tak","price":"10","price_type":"flat_fee","image":11015,"visibility":true}],"id":1669646111}],"yoast_head":"<!-- This site is optimized with the Yoast SEO plugin v27.5 - https:\/\/yoast.com\/product\/yoast-seo-wordpress\/ -->\n<title>Urtepotteskjuler marokkansk Tamegroute keramik- Tibladin<\/title>\n<meta name=\"description\" content=\"Gul urtepotteskjuler i Tamegroute-keramik med smukt farvespil og r\u00e5, h\u00e5ndlavet overflade. Hver potte er unik og fuld af karakter.\" \/>\n<meta name=\"robots\" content=\"index, follow, max-snippet:-1, max-image-preview:large, max-video-preview:-1\" \/>\n<link rel=\"canonical\" href=\"https:\/\/tibladin.dk\/sv\/produkt\/tamegroot-blomkrukaoverdrag-gult\/\" \/>\n<meta property=\"og:locale\" content=\"sv_SE\" \/>\n<meta property=\"og:type\" content=\"article\" \/>\n<meta property=\"og:title\" content=\"Urtepotteskjuler marokkansk Tamegroute keramik- Tibladin\" \/>\n<meta property=\"og:description\" content=\"Gul urtepotteskjuler i Tamegroute-keramik med smukt farvespil og r\u00e5, h\u00e5ndlavet overflade. Hver potte er unik og fuld af karakter.\" \/>\n<meta property=\"og:url\" content=\"https:\/\/tibladin.dk\/sv\/produkt\/tamegroot-blomkrukaoverdrag-gult\/\" \/>\n<meta property=\"og:site_name\" content=\"Tibladin\" \/>\n<meta property=\"article:modified_time\" content=\"2026-03-13T13:42:09+00:00\" \/>\n<meta property=\"og:image\" content=\"https:\/\/tibladin.dk\/wp-content\/uploads\/2025\/10\/urtepotteskjuler-paa-fod-gul-Tamegroute_8.jpg\" \/>\n\t<meta property=\"og:image:width\" content=\"800\" \/>\n\t<meta property=\"og:image:height\" content=\"800\" \/>\n\t<meta property=\"og:image:type\" content=\"image\/jpeg\" \/>\n<meta name=\"twitter:card\" content=\"summary_large_image\" \/>\n<meta name=\"twitter:label1\" content=\"Ber\u00e4knad l\u00e4stid\" \/>\n\t<meta name=\"twitter:data1\" content=\"2 minuter\" \/>\n<script type=\"application\/ld+json\" class=\"yoast-schema-graph\">{\"@context\":\"https:\\\/\\\/schema.org\",\"@graph\":[{\"@type\":\"WebPage\",\"@id\":\"https:\\\/\\\/tibladin.dk\\\/produkt\\\/tamegroute-urtepotteskjuler-gul\\\/\",\"url\":\"https:\\\/\\\/tibladin.dk\\\/produkt\\\/tamegroute-urtepotteskjuler-gul\\\/\",\"name\":\"Urtepotteskjuler marokkansk Tamegroute keramik- Tibladin\",\"isPartOf\":{\"@id\":\"https:\\\/\\\/tibladin.dk\\\/#website\"},\"primaryImageOfPage\":{\"@id\":\"https:\\\/\\\/tibladin.dk\\\/produkt\\\/tamegroute-urtepotteskjuler-gul\\\/#primaryimage\"},\"image\":{\"@id\":\"https:\\\/\\\/tibladin.dk\\\/produkt\\\/tamegroute-urtepotteskjuler-gul\\\/#primaryimage\"},\"thumbnailUrl\":\"https:\\\/\\\/tibladin.dk\\\/wp-content\\\/uploads\\\/2025\\\/10\\\/urtepotteskjuler-paa-fod-gul-Tamegroute_8.jpg\",\"datePublished\":\"2025-10-23T08:42:30+00:00\",\"dateModified\":\"2026-03-13T13:42:09+00:00\",\"description\":\"Gul urtepotteskjuler i Tamegroute-keramik med smukt farvespil og r\u00e5, h\u00e5ndlavet overflade. Hver potte er unik og fuld af karakter.\",\"breadcrumb\":{\"@id\":\"https:\\\/\\\/tibladin.dk\\\/produkt\\\/tamegroute-urtepotteskjuler-gul\\\/#breadcrumb\"},\"inLanguage\":\"sv-SE\",\"potentialAction\":[{\"@type\":\"ReadAction\",\"target\":[\"https:\\\/\\\/tibladin.dk\\\/produkt\\\/tamegroute-urtepotteskjuler-gul\\\/\"]}]},{\"@type\":\"ImageObject\",\"inLanguage\":\"sv-SE\",\"@id\":\"https:\\\/\\\/tibladin.dk\\\/produkt\\\/tamegroute-urtepotteskjuler-gul\\\/#primaryimage\",\"url\":\"https:\\\/\\\/tibladin.dk\\\/wp-content\\\/uploads\\\/2025\\\/10\\\/urtepotteskjuler-paa-fod-gul-Tamegroute_8.jpg\",\"contentUrl\":\"https:\\\/\\\/tibladin.dk\\\/wp-content\\\/uploads\\\/2025\\\/10\\\/urtepotteskjuler-paa-fod-gul-Tamegroute_8.jpg\",\"width\":800,\"height\":800,\"caption\":\"urtepotteskjuler-paa-fod-gul-Tamegroute_8\"},{\"@type\":\"BreadcrumbList\",\"@id\":\"https:\\\/\\\/tibladin.dk\\\/produkt\\\/tamegroute-urtepotteskjuler-gul\\\/#breadcrumb\",\"itemListElement\":[{\"@type\":\"ListItem\",\"position\":1,\"name\":\"Hjem\",\"item\":\"https:\\\/\\\/tibladin.dk\\\/\"},{\"@type\":\"ListItem\",\"position\":2,\"name\":\"Shop\",\"item\":\"https:\\\/\\\/tibladin.dk\\\/shop\\\/\"},{\"@type\":\"ListItem\",\"position\":3,\"name\":\"Tamegroute Urtepotteskjuler- GUL\"}]},{\"@type\":\"WebSite\",\"@id\":\"https:\\\/\\\/tibladin.dk\\\/#website\",\"url\":\"https:\\\/\\\/tibladin.dk\\\/\",\"name\":\"Tibladin\",\"description\":\"Tibladin\",\"publisher\":{\"@id\":\"https:\\\/\\\/tibladin.dk\\\/#organization\"},\"potentialAction\":[{\"@type\":\"SearchAction\",\"target\":{\"@type\":\"EntryPoint\",\"urlTemplate\":\"https:\\\/\\\/tibladin.dk\\\/?s={search_term_string}\"},\"query-input\":{\"@type\":\"PropertyValueSpecification\",\"valueRequired\":true,\"valueName\":\"search_term_string\"}}],\"inLanguage\":\"sv-SE\"},{\"@type\":\"Organization\",\"@id\":\"https:\\\/\\\/tibladin.dk\\\/#organization\",\"name\":\"Tibladin\",\"url\":\"https:\\\/\\\/tibladin.dk\\\/\",\"logo\":{\"@type\":\"ImageObject\",\"inLanguage\":\"sv-SE\",\"@id\":\"https:\\\/\\\/tibladin.dk\\\/#\\\/schema\\\/logo\\\/image\\\/\",\"url\":\"https:\\\/\\\/tibladin.dk\\\/wp-content\\\/uploads\\\/2022\\\/09\\\/tibladin_logo.svg\",\"contentUrl\":\"https:\\\/\\\/tibladin.dk\\\/wp-content\\\/uploads\\\/2022\\\/09\\\/tibladin_logo.svg\",\"caption\":\"Tibladin\"},\"image\":{\"@id\":\"https:\\\/\\\/tibladin.dk\\\/#\\\/schema\\\/logo\\\/image\\\/\"}}]}<\/script>\n<!-- \/ Yoast SEO plugin. -->","yoast_head_json":{"title":"Blomkruksskydd Marockansk Tamegroute keramik - Tibladin","description":"Gult blomkrukaslock i Tamegroute-keramik med vackert f\u00e4rgspel och en r\u00e5, handgjord yta. Varje kruka \u00e4r unik och full av karakt\u00e4r.","robots":{"index":"index","follow":"follow","max-snippet":"max-snippet:-1","max-image-preview":"max-image-preview:large","max-video-preview":"max-video-preview:-1"},"canonical":"https:\/\/tibladin.dk\/sv\/produkt\/tamegroot-blomkrukaoverdrag-gult\/","og_locale":"sv_SE","og_type":"article","og_title":"Urtepotteskjuler marokkansk Tamegroute keramik- Tibladin","og_description":"Gul urtepotteskjuler i Tamegroute-keramik med smukt farvespil og r\u00e5, h\u00e5ndlavet overflade. Hver potte er unik og fuld af karakter.","og_url":"https:\/\/tibladin.dk\/sv\/produkt\/tamegroot-blomkrukaoverdrag-gult\/","og_site_name":"Tibladin","article_modified_time":"2026-03-13T13:42:09+00:00","og_image":[{"width":800,"height":800,"url":"https:\/\/tibladin.dk\/wp-content\/uploads\/2025\/10\/urtepotteskjuler-paa-fod-gul-Tamegroute_8.jpg","type":"image\/jpeg"}],"twitter_card":"summary_large_image","twitter_misc":{"Ber\u00e4knad l\u00e4stid":"2 minuter"},"schema":{"@context":"https:\/\/schema.org","@graph":[{"@type":"WebPage","@id":"https:\/\/tibladin.dk\/produkt\/tamegroute-urtepotteskjuler-gul\/","url":"https:\/\/tibladin.dk\/produkt\/tamegroute-urtepotteskjuler-gul\/","name":"Blomkruksskydd Marockansk Tamegroute keramik - Tibladin","isPartOf":{"@id":"https:\/\/tibladin.dk\/#website"},"primaryImageOfPage":{"@id":"https:\/\/tibladin.dk\/produkt\/tamegroute-urtepotteskjuler-gul\/#primaryimage"},"image":{"@id":"https:\/\/tibladin.dk\/produkt\/tamegroute-urtepotteskjuler-gul\/#primaryimage"},"thumbnailUrl":"https:\/\/tibladin.dk\/wp-content\/uploads\/2025\/10\/urtepotteskjuler-paa-fod-gul-Tamegroute_8.jpg","datePublished":"2025-10-23T08:42:30+00:00","dateModified":"2026-03-13T13:42:09+00:00","description":"Gult blomkrukaslock i Tamegroute-keramik med vackert f\u00e4rgspel och en r\u00e5, handgjord yta. Varje kruka \u00e4r unik och full av karakt\u00e4r.","breadcrumb":{"@id":"https:\/\/tibladin.dk\/produkt\/tamegroute-urtepotteskjuler-gul\/#breadcrumb"},"inLanguage":"sv-SE","potentialAction":[{"@type":"ReadAction","target":["https:\/\/tibladin.dk\/produkt\/tamegroute-urtepotteskjuler-gul\/"]}]},{"@type":"ImageObject","inLanguage":"sv-SE","@id":"https:\/\/tibladin.dk\/produkt\/tamegroute-urtepotteskjuler-gul\/#primaryimage","url":"https:\/\/tibladin.dk\/wp-content\/uploads\/2025\/10\/urtepotteskjuler-paa-fod-gul-Tamegroute_8.jpg","contentUrl":"https:\/\/tibladin.dk\/wp-content\/uploads\/2025\/10\/urtepotteskjuler-paa-fod-gul-Tamegroute_8.jpg","width":800,"height":800,"caption":"urtepotteskjuler-paa-fod-gul-Tamegroute_8"},{"@type":"BreadcrumbList","@id":"https:\/\/tibladin.dk\/produkt\/tamegroute-urtepotteskjuler-gul\/#breadcrumb","itemListElement":[{"@type":"ListItem","position":1,"name":"Hjem","item":"https:\/\/tibladin.dk\/"},{"@type":"ListItem","position":2,"name":"Shop","item":"https:\/\/tibladin.dk\/shop\/"},{"@type":"ListItem","position":3,"name":"Tamegroute Urtepotteskjuler- GUL"}]},{"@type":"WebSite","@id":"https:\/\/tibladin.dk\/#website","url":"https:\/\/tibladin.dk\/","name":"Tibladin","description":"Tibladin","publisher":{"@id":"https:\/\/tibladin.dk\/#organization"},"potentialAction":[{"@type":"SearchAction","target":{"@type":"EntryPoint","urlTemplate":"https:\/\/tibladin.dk\/?s={search_term_string}"},"query-input":{"@type":"PropertyValueSpecification","valueRequired":true,"valueName":"search_term_string"}}],"inLanguage":"sv-SE"},{"@type":"Organization","@id":"https:\/\/tibladin.dk\/#organization","name":"Tibladin","url":"https:\/\/tibladin.dk\/","logo":{"@type":"ImageObject","inLanguage":"sv-SE","@id":"https:\/\/tibladin.dk\/#\/schema\/logo\/image\/","url":"https:\/\/tibladin.dk\/wp-content\/uploads\/2022\/09\/tibladin_logo.svg","contentUrl":"https:\/\/tibladin.dk\/wp-content\/uploads\/2022\/09\/tibladin_logo.svg","caption":"Tibladin"},"image":{"@id":"https:\/\/tibladin.dk\/#\/schema\/logo\/image\/"}}]}},"_links":{"self":[{"href":"https:\/\/tibladin.dk\/sv\/wp-json\/wp\/v2\/product\/41364","targetHints":{"allow":["GET"]}}],"collection":[{"href":"https:\/\/tibladin.dk\/sv\/wp-json\/wp\/v2\/product"}],"about":[{"href":"https:\/\/tibladin.dk\/sv\/wp-json\/wp\/v2\/types\/product"}],"wp:featuredmedia":[{"embeddable":true,"href":"https:\/\/tibladin.dk\/sv\/wp-json\/wp\/v2\/media\/41040"}],"wp:attachment":[{"href":"https:\/\/tibladin.dk\/sv\/wp-json\/wp\/v2\/media?parent=41364"}],"wp:term":[{"taxonomy":"product_brand","embeddable":true,"href":"https:\/\/tibladin.dk\/sv\/wp-json\/wp\/v2\/product_brand?post=41364"},{"taxonomy":"product_cat","embeddable":true,"href":"https:\/\/tibladin.dk\/sv\/wp-json\/wp\/v2\/product_cat?post=41364"},{"taxonomy":"product_tag","embeddable":true,"href":"https:\/\/tibladin.dk\/sv\/wp-json\/wp\/v2\/product_tag?post=41364"}],"curies":[{"name":"wp","href":"https:\/\/api.w.org\/{rel}","templated":true}]}}