{"id":41408,"date":"2025-10-23T14:17:25","date_gmt":"2025-10-23T12:17:25","guid":{"rendered":"https:\/\/tibladin.dk\/?post_type=product&#038;p=41408"},"modified":"2025-10-27T15:26:23","modified_gmt":"2025-10-27T14:26:23","slug":"tamegroute-3-armad-ljusstake-i-oglaserad-lera-trio","status":"publish","type":"product","link":"https:\/\/tibladin.dk\/sv\/produkt\/tamegroute-3-armet-lysestage-i-uglaseret-ler-trio\/","title":{"rendered":"Tamegroute 3-armad ljusstake i oglaserad lera \u2013 TRIO"},"content":{"rendered":"<div class=\"wpb-content-wrapper\"><div class=\"vc_row wpb_row vc_row-fluid\"><div class=\"wpb_column vc_column_container vc_col-sm-4\"><div class=\"vc_column-inner\"><div class=\"wpb_wrapper\"><\/div><\/div><\/div><div class=\"wpb_column vc_column_container vc_col-sm-4\"><div class=\"vc_column-inner\"><div class=\"wpb_wrapper\"><h3 style=\"text-align: left\" class=\"vc_custom_heading vc_do_custom_heading\" >Underh\u00e5ll<\/h3>\n\t<div class=\"wpb_text_column wpb_content_element\" >\n\t\t<div class=\"wpb_wrapper\">\n\t\t\t<p>Kan torkas av med en dammduk.<\/p>\n\n\t\t<\/div>\n\t<\/div>\n<\/div><\/div><\/div><div class=\"wpb_column vc_column_container vc_col-sm-4\"><div class=\"vc_column-inner\"><div class=\"wpb_wrapper\"><h3 style=\"text-align: left\" class=\"vc_custom_heading vc_do_custom_heading\" >Historien bakom<\/h3>\n\t<div class=\"wpb_text_column wpb_content_element\" >\n\t\t<div class=\"wpb_wrapper\">\n\t\t\t<p>Tamegroute-keramik \u00e4r ett traditionellt s\u00e4tt att tillverka keramik som kommer fr\u00e5n marockanska folk i Zagora-regionen. S\u00e4ttet p\u00e5 vilket den \u00e4r tillverkad, och den unika gr\u00f6na f\u00e4rgen, \u00e4r det som k\u00e4nnetecknar keramiken b\u00e4st. P\u00e5 grund av hur den \u00e4r tillverkad har keramiken en mycket taktil yta. Samtidigt som den \u00e4r handgjord kan det \u00e4ven f\u00f6rekomma olika sm\u00e5 variationer i storlekar, f\u00e4rger och bel\u00e4ggning, samt brister i keramiken. Det \u00e4r en del av charmen att det \u00e4r unikt, och det ger keramiken mer karakt\u00e4r.<\/p>\n\n\t\t<\/div>\n\t<\/div>\n<\/div><\/div><\/div><\/div>\n<\/div>","protected":false},"excerpt":{"rendered":"<p>Skulpturala och r\u00e5a i uttrycket \u2013 Tamegroute Trio \u00e4r handformade trearmade ljusstakar i oglaserad lera. Varje ljusstake \u00e4r unik med sina mjuka organiska former och varma jordtoner, inspirerade av \u00f6knens f\u00e4rger och den traditionella keramiken fr\u00e5n Tamegroute i s\u00f6dra Marocko.<\/p>\n<p>De fungerar b\u00e5de som brukskonst och som dekorativa skulpturer \u2013 vackra individuellt eller i grupp p\u00e5 ett bord, konsol eller hylla.<\/p>\n<p>Material: Oglaserad lera<br \/>\nUrsprung: Tamegroute, Marocko<br \/>\nF\u00e4rg: Terrakotta \/ natur<\/p>\n<p>M\u00c5TT: V1 30 cm, V2 28 cm.<\/p>","protected":false},"featured_media":41133,"template":"","meta":{"inline_featured_image":false},"product_brand":[],"product_cat":[138],"product_tag":[],"class_list":{"0":"post-41408","1":"product","2":"type-product","3":"status-publish","4":"has-post-thumbnail","6":"product_cat-tamegroute-keramik","8":"first","9":"instock","10":"taxable","11":"shipping-taxable","12":"purchasable","13":"product-type-variable"},"exclude_global_add_ons":false,"addons":[{"name":"Vill du ha presentinslagning?","type":"checkbox","position":0,"required":false,"title_format":"label","default":"","description_enable":false,"description":"","placeholder_enable":false,"placeholder":"","display":"images","restrictions_type":"any_text","adjust_price":false,"price":"","price_type":"flat_fee","restrictions":false,"min":"0","max":"0","options":[{"label":"Ja tak","price":"10","price_type":"flat_fee","image":11015,"visibility":true}],"id":1669646111}],"yoast_head":"<!-- This site is optimized with the Yoast SEO plugin v27.4 - https:\/\/yoast.com\/product\/yoast-seo-wordpress\/ -->\n<title>Tamegroute 3-armet lysestage i uglaseret ler - TRIO<\/title>\n<meta name=\"description\" content=\"Tamegroute Trio \u2013 h\u00e5ndformede trearmede lysestager i uglaseret ler med varme jordtoner.F\u00e5s i to varianter \u2013 smukke som dekoration alene eller i gruppe.\" \/>\n<meta name=\"robots\" content=\"index, follow, max-snippet:-1, max-image-preview:large, max-video-preview:-1\" \/>\n<link rel=\"canonical\" href=\"https:\/\/tibladin.dk\/sv\/produkt\/tamegroute-3-armad-ljusstake-i-oglaserad-lera-trio\/\" \/>\n<meta property=\"og:locale\" content=\"sv_SE\" \/>\n<meta property=\"og:type\" content=\"article\" \/>\n<meta property=\"og:title\" content=\"Tamegroute 3-armet lysestage i uglaseret ler - TRIO\" \/>\n<meta property=\"og:description\" content=\"Tamegroute Trio \u2013 h\u00e5ndformede trearmede lysestager i uglaseret ler med varme jordtoner.F\u00e5s i to varianter \u2013 smukke som dekoration alene eller i gruppe.\" \/>\n<meta property=\"og:url\" content=\"https:\/\/tibladin.dk\/sv\/produkt\/tamegroute-3-armad-ljusstake-i-oglaserad-lera-trio\/\" \/>\n<meta property=\"og:site_name\" content=\"Tibladin\" \/>\n<meta property=\"article:modified_time\" content=\"2025-10-27T14:26:23+00:00\" \/>\n<meta property=\"og:image\" content=\"https:\/\/tibladin.dk\/wp-content\/uploads\/2025\/10\/Tamegroute-uglaseret-3-armet-lysestage_TRIO_V2_2.jpg\" \/>\n\t<meta property=\"og:image:width\" content=\"800\" \/>\n\t<meta property=\"og:image:height\" content=\"800\" \/>\n\t<meta property=\"og:image:type\" content=\"image\/jpeg\" \/>\n<meta name=\"twitter:card\" content=\"summary_large_image\" \/>\n<meta name=\"twitter:label1\" content=\"Ber\u00e4knad l\u00e4stid\" \/>\n\t<meta name=\"twitter:data1\" content=\"2 minuter\" \/>\n<script type=\"application\/ld+json\" class=\"yoast-schema-graph\">{\"@context\":\"https:\\\/\\\/schema.org\",\"@graph\":[{\"@type\":\"WebPage\",\"@id\":\"https:\\\/\\\/tibladin.dk\\\/produkt\\\/tamegroute-3-armet-lysestage-i-uglaseret-ler-trio\\\/\",\"url\":\"https:\\\/\\\/tibladin.dk\\\/produkt\\\/tamegroute-3-armet-lysestage-i-uglaseret-ler-trio\\\/\",\"name\":\"Tamegroute 3-armet lysestage i uglaseret ler - TRIO\",\"isPartOf\":{\"@id\":\"https:\\\/\\\/tibladin.dk\\\/#website\"},\"primaryImageOfPage\":{\"@id\":\"https:\\\/\\\/tibladin.dk\\\/produkt\\\/tamegroute-3-armet-lysestage-i-uglaseret-ler-trio\\\/#primaryimage\"},\"image\":{\"@id\":\"https:\\\/\\\/tibladin.dk\\\/produkt\\\/tamegroute-3-armet-lysestage-i-uglaseret-ler-trio\\\/#primaryimage\"},\"thumbnailUrl\":\"https:\\\/\\\/tibladin.dk\\\/wp-content\\\/uploads\\\/2025\\\/10\\\/Tamegroute-uglaseret-3-armet-lysestage_TRIO_V2_2.jpg\",\"datePublished\":\"2025-10-23T12:17:25+00:00\",\"dateModified\":\"2025-10-27T14:26:23+00:00\",\"description\":\"Tamegroute Trio \u2013 h\u00e5ndformede trearmede lysestager i uglaseret ler med varme jordtoner.F\u00e5s i to varianter \u2013 smukke som dekoration alene eller i gruppe.\",\"breadcrumb\":{\"@id\":\"https:\\\/\\\/tibladin.dk\\\/produkt\\\/tamegroute-3-armet-lysestage-i-uglaseret-ler-trio\\\/#breadcrumb\"},\"inLanguage\":\"sv-SE\",\"potentialAction\":[{\"@type\":\"ReadAction\",\"target\":[\"https:\\\/\\\/tibladin.dk\\\/produkt\\\/tamegroute-3-armet-lysestage-i-uglaseret-ler-trio\\\/\"]}]},{\"@type\":\"ImageObject\",\"inLanguage\":\"sv-SE\",\"@id\":\"https:\\\/\\\/tibladin.dk\\\/produkt\\\/tamegroute-3-armet-lysestage-i-uglaseret-ler-trio\\\/#primaryimage\",\"url\":\"https:\\\/\\\/tibladin.dk\\\/wp-content\\\/uploads\\\/2025\\\/10\\\/Tamegroute-uglaseret-3-armet-lysestage_TRIO_V2_2.jpg\",\"contentUrl\":\"https:\\\/\\\/tibladin.dk\\\/wp-content\\\/uploads\\\/2025\\\/10\\\/Tamegroute-uglaseret-3-armet-lysestage_TRIO_V2_2.jpg\",\"width\":800,\"height\":800,\"caption\":\"Tamegroute-uglaseret-3-armet-lysestage_TRIO_V2_2.\"},{\"@type\":\"BreadcrumbList\",\"@id\":\"https:\\\/\\\/tibladin.dk\\\/produkt\\\/tamegroute-3-armet-lysestage-i-uglaseret-ler-trio\\\/#breadcrumb\",\"itemListElement\":[{\"@type\":\"ListItem\",\"position\":1,\"name\":\"Hjem\",\"item\":\"https:\\\/\\\/tibladin.dk\\\/\"},{\"@type\":\"ListItem\",\"position\":2,\"name\":\"Shop\",\"item\":\"https:\\\/\\\/tibladin.dk\\\/shop\\\/\"},{\"@type\":\"ListItem\",\"position\":3,\"name\":\"Tamegroute 3-armet lysestage i uglaseret ler &#8211; TRIO\"}]},{\"@type\":\"WebSite\",\"@id\":\"https:\\\/\\\/tibladin.dk\\\/#website\",\"url\":\"https:\\\/\\\/tibladin.dk\\\/\",\"name\":\"Tibladin\",\"description\":\"Tibladin\",\"publisher\":{\"@id\":\"https:\\\/\\\/tibladin.dk\\\/#organization\"},\"potentialAction\":[{\"@type\":\"SearchAction\",\"target\":{\"@type\":\"EntryPoint\",\"urlTemplate\":\"https:\\\/\\\/tibladin.dk\\\/?s={search_term_string}\"},\"query-input\":{\"@type\":\"PropertyValueSpecification\",\"valueRequired\":true,\"valueName\":\"search_term_string\"}}],\"inLanguage\":\"sv-SE\"},{\"@type\":\"Organization\",\"@id\":\"https:\\\/\\\/tibladin.dk\\\/#organization\",\"name\":\"Tibladin\",\"url\":\"https:\\\/\\\/tibladin.dk\\\/\",\"logo\":{\"@type\":\"ImageObject\",\"inLanguage\":\"sv-SE\",\"@id\":\"https:\\\/\\\/tibladin.dk\\\/#\\\/schema\\\/logo\\\/image\\\/\",\"url\":\"https:\\\/\\\/tibladin.dk\\\/wp-content\\\/uploads\\\/2022\\\/09\\\/tibladin_logo.svg\",\"contentUrl\":\"https:\\\/\\\/tibladin.dk\\\/wp-content\\\/uploads\\\/2022\\\/09\\\/tibladin_logo.svg\",\"caption\":\"Tibladin\"},\"image\":{\"@id\":\"https:\\\/\\\/tibladin.dk\\\/#\\\/schema\\\/logo\\\/image\\\/\"}}]}<\/script>\n<!-- \/ Yoast SEO plugin. -->","yoast_head_json":{"title":"Tamegroute 3-armad ljusstake i oglaserad lera - TRIO","description":"Tamegroute Trio \u2013 handformade trearmade ljusstakar i oglaserad lera med varma jordf\u00e4rger. Finns i tv\u00e5 varianter \u2013 vackra som dekoration ensamma eller i grupp.","robots":{"index":"index","follow":"follow","max-snippet":"max-snippet:-1","max-image-preview":"max-image-preview:large","max-video-preview":"max-video-preview:-1"},"canonical":"https:\/\/tibladin.dk\/sv\/produkt\/tamegroute-3-armad-ljusstake-i-oglaserad-lera-trio\/","og_locale":"sv_SE","og_type":"article","og_title":"Tamegroute 3-armet lysestage i uglaseret ler - TRIO","og_description":"Tamegroute Trio \u2013 h\u00e5ndformede trearmede lysestager i uglaseret ler med varme jordtoner.F\u00e5s i to varianter \u2013 smukke som dekoration alene eller i gruppe.","og_url":"https:\/\/tibladin.dk\/sv\/produkt\/tamegroute-3-armad-ljusstake-i-oglaserad-lera-trio\/","og_site_name":"Tibladin","article_modified_time":"2025-10-27T14:26:23+00:00","og_image":[{"width":800,"height":800,"url":"https:\/\/tibladin.dk\/wp-content\/uploads\/2025\/10\/Tamegroute-uglaseret-3-armet-lysestage_TRIO_V2_2.jpg","type":"image\/jpeg"}],"twitter_card":"summary_large_image","twitter_misc":{"Ber\u00e4knad l\u00e4stid":"2 minuter"},"schema":{"@context":"https:\/\/schema.org","@graph":[{"@type":"WebPage","@id":"https:\/\/tibladin.dk\/produkt\/tamegroute-3-armet-lysestage-i-uglaseret-ler-trio\/","url":"https:\/\/tibladin.dk\/produkt\/tamegroute-3-armet-lysestage-i-uglaseret-ler-trio\/","name":"Tamegroute 3-armad ljusstake i oglaserad lera - TRIO","isPartOf":{"@id":"https:\/\/tibladin.dk\/#website"},"primaryImageOfPage":{"@id":"https:\/\/tibladin.dk\/produkt\/tamegroute-3-armet-lysestage-i-uglaseret-ler-trio\/#primaryimage"},"image":{"@id":"https:\/\/tibladin.dk\/produkt\/tamegroute-3-armet-lysestage-i-uglaseret-ler-trio\/#primaryimage"},"thumbnailUrl":"https:\/\/tibladin.dk\/wp-content\/uploads\/2025\/10\/Tamegroute-uglaseret-3-armet-lysestage_TRIO_V2_2.jpg","datePublished":"2025-10-23T12:17:25+00:00","dateModified":"2025-10-27T14:26:23+00:00","description":"Tamegroute Trio \u2013 handformade trearmade ljusstakar i oglaserad lera med varma jordf\u00e4rger. Finns i tv\u00e5 varianter \u2013 vackra som dekoration ensamma eller i grupp.","breadcrumb":{"@id":"https:\/\/tibladin.dk\/produkt\/tamegroute-3-armet-lysestage-i-uglaseret-ler-trio\/#breadcrumb"},"inLanguage":"sv-SE","potentialAction":[{"@type":"ReadAction","target":["https:\/\/tibladin.dk\/produkt\/tamegroute-3-armet-lysestage-i-uglaseret-ler-trio\/"]}]},{"@type":"ImageObject","inLanguage":"sv-SE","@id":"https:\/\/tibladin.dk\/produkt\/tamegroute-3-armet-lysestage-i-uglaseret-ler-trio\/#primaryimage","url":"https:\/\/tibladin.dk\/wp-content\/uploads\/2025\/10\/Tamegroute-uglaseret-3-armet-lysestage_TRIO_V2_2.jpg","contentUrl":"https:\/\/tibladin.dk\/wp-content\/uploads\/2025\/10\/Tamegroute-uglaseret-3-armet-lysestage_TRIO_V2_2.jpg","width":800,"height":800,"caption":"Tamegroute-uglaseret-3-armet-lysestage_TRIO_V2_2."},{"@type":"BreadcrumbList","@id":"https:\/\/tibladin.dk\/produkt\/tamegroute-3-armet-lysestage-i-uglaseret-ler-trio\/#breadcrumb","itemListElement":[{"@type":"ListItem","position":1,"name":"Hjem","item":"https:\/\/tibladin.dk\/"},{"@type":"ListItem","position":2,"name":"Shop","item":"https:\/\/tibladin.dk\/shop\/"},{"@type":"ListItem","position":3,"name":"Tamegroute 3-armet lysestage i uglaseret ler &#8211; TRIO"}]},{"@type":"WebSite","@id":"https:\/\/tibladin.dk\/#website","url":"https:\/\/tibladin.dk\/","name":"Tibladin","description":"Tibladin","publisher":{"@id":"https:\/\/tibladin.dk\/#organization"},"potentialAction":[{"@type":"SearchAction","target":{"@type":"EntryPoint","urlTemplate":"https:\/\/tibladin.dk\/?s={search_term_string}"},"query-input":{"@type":"PropertyValueSpecification","valueRequired":true,"valueName":"search_term_string"}}],"inLanguage":"sv-SE"},{"@type":"Organization","@id":"https:\/\/tibladin.dk\/#organization","name":"Tibladin","url":"https:\/\/tibladin.dk\/","logo":{"@type":"ImageObject","inLanguage":"sv-SE","@id":"https:\/\/tibladin.dk\/#\/schema\/logo\/image\/","url":"https:\/\/tibladin.dk\/wp-content\/uploads\/2022\/09\/tibladin_logo.svg","contentUrl":"https:\/\/tibladin.dk\/wp-content\/uploads\/2022\/09\/tibladin_logo.svg","caption":"Tibladin"},"image":{"@id":"https:\/\/tibladin.dk\/#\/schema\/logo\/image\/"}}]}},"_links":{"self":[{"href":"https:\/\/tibladin.dk\/sv\/wp-json\/wp\/v2\/product\/41408","targetHints":{"allow":["GET"]}}],"collection":[{"href":"https:\/\/tibladin.dk\/sv\/wp-json\/wp\/v2\/product"}],"about":[{"href":"https:\/\/tibladin.dk\/sv\/wp-json\/wp\/v2\/types\/product"}],"wp:featuredmedia":[{"embeddable":true,"href":"https:\/\/tibladin.dk\/sv\/wp-json\/wp\/v2\/media\/41133"}],"wp:attachment":[{"href":"https:\/\/tibladin.dk\/sv\/wp-json\/wp\/v2\/media?parent=41408"}],"wp:term":[{"taxonomy":"product_brand","embeddable":true,"href":"https:\/\/tibladin.dk\/sv\/wp-json\/wp\/v2\/product_brand?post=41408"},{"taxonomy":"product_cat","embeddable":true,"href":"https:\/\/tibladin.dk\/sv\/wp-json\/wp\/v2\/product_cat?post=41408"},{"taxonomy":"product_tag","embeddable":true,"href":"https:\/\/tibladin.dk\/sv\/wp-json\/wp\/v2\/product_tag?post=41408"}],"curies":[{"name":"wp","href":"https:\/\/api.w.org\/{rel}","templated":true}]}}