{"id":41416,"date":"2025-10-23T14:59:47","date_gmt":"2025-10-23T12:59:47","guid":{"rendered":"https:\/\/tibladin.dk\/?post_type=product&#038;p=41416"},"modified":"2025-11-24T13:15:37","modified_gmt":"2025-11-24T12:15:37","slug":"soelv-bakker-fez-arv","status":"publish","type":"product","link":"https:\/\/tibladin.dk\/sv\/produkt\/soelv-bakker-fez-heritage\/","title":{"rendered":"Silverbrickor \u2013 FEZ HERITAGE"},"content":{"rendered":"<div class=\"wpb-content-wrapper\"><div class=\"vc_row wpb_row vc_row-fluid\"><div class=\"wpb_column vc_column_container vc_col-sm-4\"><div class=\"vc_column-inner\"><div class=\"wpb_wrapper\"><\/div><\/div><\/div><div class=\"wpb_column vc_column_container vc_col-sm-4\"><div class=\"vc_column-inner\"><div class=\"wpb_wrapper\"><h3 style=\"text-align: left\" class=\"vc_custom_heading vc_do_custom_heading\" >Underh\u00e5ll<\/h3>\n\t<div class=\"wpb_text_column wpb_content_element\" >\n\t\t<div class=\"wpb_wrapper\">\n\t\t\t<p>Brickan kan torkas av med en fuktig trasa och poleras med silverpolish.<\/p>\n\n\t\t<\/div>\n\t<\/div>\n<\/div><\/div><\/div><div class=\"wpb_column vc_column_container vc_col-sm-4\"><div class=\"vc_column-inner\"><div class=\"wpb_wrapper\"><h3 style=\"text-align: left\" class=\"vc_custom_heading vc_do_custom_heading\" >Historien bakom<\/h3>\n\t<div class=\"wpb_text_column wpb_content_element\" >\n\t\t<div class=\"wpb_wrapper\">\n\t\t\t<p data-start=\"0\" data-end=\"327\">Historien bakom dessa handgjorda silvermetallbrickor fr\u00e5n Marocko b\u00f6rjar i de gamla soukerna, d\u00e4r metallarbeten har varit en del av hantverkstraditionen i \u00e5rhundraden. S\u00e4rskilt i st\u00e4der som Fez och Marrakech arbetar metallsmeder (kallade <em data-start=\"220\" data-end=\"228\">m\u00e5ltid<\/em>) f\u00f6rfinade konsten att gravera, hamra och forma metall till till\u00e4mpad konst med djup symbolisk betydelse.<\/p>\n<p data-start=\"329\" data-end=\"771\">Dessa brickor \u00e4r tillverkade av silvertonad m\u00e4ssing, ett material som \u00e4r b\u00e5de slitstarkt och l\u00e4tt att forma. Varje bricka \u00e4r handgraverad med traditionella geometriska m\u00f6nster inspirerade av islamisk konst och zellige-kakel \u2013 de detaljerade mosaikerna som pryder riader och mosk\u00e9er \u00f6ver hela Marocko. De upprepade stj\u00e4rnmotiven symboliserar harmoni och evighet, medan de sammanv\u00e4vda m\u00f6nstren representerar sambandet mellan det jordiska och det andliga.<\/p>\n<p data-start=\"773\" data-end=\"1169\">Brickorna \u00e4r inte bara funktionella, utan ber\u00e4ttar ocks\u00e5 en historia om hantverk, arv och estetik. Ursprungligen anv\u00e4ndes de f\u00f6r att servera te och s\u00f6tsaker under g\u00e4stfrihetsritualen \u2013 ett centralt element i marockansk kultur. Idag anv\u00e4nds de f\u00f6r servering, dekoration och som v\u00e4ggkonst, d\u00e4r deras delikata gravyrer reflekterar ljus och ger en touch av orientalisk elegans till moderna hem.<\/p>\n\n\t\t<\/div>\n\t<\/div>\n<\/div><\/div><\/div><\/div>\n<\/div>","protected":false},"excerpt":{"rendered":"<p>Vackra, antika serveringsbrickor i silverf\u00e4rgad metall, handgraverade i Marocko med traditionella geometriska m\u00f6nster inspirerade av de historiska zellige-plattorna i Fez. De upprepade stj\u00e4rnmotiven symboliserar harmoni och evighet, medan de fina blomdetaljerna representerar tillv\u00e4xt och liv - ett uttryck f\u00f6r den marockanska balansen mellan konst och andlighet.<\/p>\n<p>Varje bricka \u00e4r unik med sm\u00e5 tecken p\u00e5 \u00e5lder och anv\u00e4ndning som ber\u00e4ttar sin egen historia. De kan anv\u00e4ndas som serveringsbrickor, f\u00f6r ljus och dekorationer, eller h\u00e4ngas p\u00e5 v\u00e4ggen som ett konstverk.<\/p>\n<p>M\u00e5tt: S: 24 cm | M: 28 cm | L: 35 cm<\/p>","protected":false},"featured_media":41147,"template":"","meta":{"inline_featured_image":false},"product_brand":[],"product_cat":[54,51],"product_tag":[],"class_list":{"0":"post-41416","1":"product","2":"type-product","3":"status-publish","4":"has-post-thumbnail","6":"product_cat-aesker-og-bakker","7":"product_cat-opbevaring","9":"first","10":"instock","11":"taxable","12":"shipping-taxable","13":"purchasable","14":"product-type-variable"},"exclude_global_add_ons":false,"addons":[{"name":"Vill du ha presentinslagning?","type":"checkbox","position":0,"required":false,"title_format":"label","default":"","description_enable":false,"description":"","placeholder_enable":false,"placeholder":"","display":"images","restrictions_type":"any_text","adjust_price":false,"price":"","price_type":"flat_fee","restrictions":false,"min":"0","max":"0","options":[{"label":"Ja tak","price":"10","price_type":"flat_fee","image":11015,"visibility":true}],"id":1669646111}],"yoast_head":"<!-- This site is optimized with the Yoast SEO plugin v27.5 - https:\/\/yoast.com\/product\/yoast-seo-wordpress\/ -->\n<title>S\u00f8lv bakker - FEZ HERITAGE | Smukt design | Tibladin<\/title>\n<meta name=\"description\" content=\"Antikke serveringsbakker i s\u00f8lvfarvet metal, h\u00e5ndgraveret i Marokko med traditionelle m\u00f8nstre.Unikke og dekorative \u2013 f\u00e5s i tre varianter.\" \/>\n<meta name=\"robots\" content=\"index, follow, max-snippet:-1, max-image-preview:large, max-video-preview:-1\" \/>\n<link rel=\"canonical\" href=\"https:\/\/tibladin.dk\/sv\/produkt\/soelv-bakker-fez-arv\/\" \/>\n<meta property=\"og:locale\" content=\"sv_SE\" \/>\n<meta property=\"og:type\" content=\"article\" \/>\n<meta property=\"og:title\" content=\"S\u00f8lv bakker - FEZ HERITAGE | Smukt design | Tibladin\" \/>\n<meta property=\"og:description\" content=\"Antikke serveringsbakker i s\u00f8lvfarvet metal, h\u00e5ndgraveret i Marokko med traditionelle m\u00f8nstre.Unikke og dekorative \u2013 f\u00e5s i tre varianter.\" \/>\n<meta property=\"og:url\" content=\"https:\/\/tibladin.dk\/sv\/produkt\/soelv-bakker-fez-arv\/\" \/>\n<meta property=\"og:site_name\" content=\"Tibladin\" \/>\n<meta property=\"article:modified_time\" content=\"2025-11-24T12:15:37+00:00\" \/>\n<meta property=\"og:image\" content=\"https:\/\/tibladin.dk\/wp-content\/uploads\/2025\/10\/FEZ-HERITAGE_runde-soelvbakker_1.jpg\" \/>\n\t<meta property=\"og:image:width\" content=\"800\" \/>\n\t<meta property=\"og:image:height\" content=\"800\" \/>\n\t<meta property=\"og:image:type\" content=\"image\/jpeg\" \/>\n<meta name=\"twitter:card\" content=\"summary_large_image\" \/>\n<meta name=\"twitter:label1\" content=\"Ber\u00e4knad l\u00e4stid\" \/>\n\t<meta name=\"twitter:data1\" content=\"2 minuter\" \/>\n<script type=\"application\/ld+json\" class=\"yoast-schema-graph\">{\"@context\":\"https:\\\/\\\/schema.org\",\"@graph\":[{\"@type\":\"WebPage\",\"@id\":\"https:\\\/\\\/tibladin.dk\\\/produkt\\\/soelv-bakker-fez-heritage\\\/\",\"url\":\"https:\\\/\\\/tibladin.dk\\\/produkt\\\/soelv-bakker-fez-heritage\\\/\",\"name\":\"S\u00f8lv bakker - FEZ HERITAGE | Smukt design | Tibladin\",\"isPartOf\":{\"@id\":\"https:\\\/\\\/tibladin.dk\\\/#website\"},\"primaryImageOfPage\":{\"@id\":\"https:\\\/\\\/tibladin.dk\\\/produkt\\\/soelv-bakker-fez-heritage\\\/#primaryimage\"},\"image\":{\"@id\":\"https:\\\/\\\/tibladin.dk\\\/produkt\\\/soelv-bakker-fez-heritage\\\/#primaryimage\"},\"thumbnailUrl\":\"https:\\\/\\\/tibladin.dk\\\/wp-content\\\/uploads\\\/2025\\\/10\\\/FEZ-HERITAGE_runde-soelvbakker_1.jpg\",\"datePublished\":\"2025-10-23T12:59:47+00:00\",\"dateModified\":\"2025-11-24T12:15:37+00:00\",\"description\":\"Antikke serveringsbakker i s\u00f8lvfarvet metal, h\u00e5ndgraveret i Marokko med traditionelle m\u00f8nstre.Unikke og dekorative \u2013 f\u00e5s i tre varianter.\",\"breadcrumb\":{\"@id\":\"https:\\\/\\\/tibladin.dk\\\/produkt\\\/soelv-bakker-fez-heritage\\\/#breadcrumb\"},\"inLanguage\":\"sv-SE\",\"potentialAction\":[{\"@type\":\"ReadAction\",\"target\":[\"https:\\\/\\\/tibladin.dk\\\/produkt\\\/soelv-bakker-fez-heritage\\\/\"]}]},{\"@type\":\"ImageObject\",\"inLanguage\":\"sv-SE\",\"@id\":\"https:\\\/\\\/tibladin.dk\\\/produkt\\\/soelv-bakker-fez-heritage\\\/#primaryimage\",\"url\":\"https:\\\/\\\/tibladin.dk\\\/wp-content\\\/uploads\\\/2025\\\/10\\\/FEZ-HERITAGE_runde-soelvbakker_1.jpg\",\"contentUrl\":\"https:\\\/\\\/tibladin.dk\\\/wp-content\\\/uploads\\\/2025\\\/10\\\/FEZ-HERITAGE_runde-soelvbakker_1.jpg\",\"width\":800,\"height\":800,\"caption\":\"FEZ-HERITAGE_runde-soelvbakker_1\"},{\"@type\":\"BreadcrumbList\",\"@id\":\"https:\\\/\\\/tibladin.dk\\\/produkt\\\/soelv-bakker-fez-heritage\\\/#breadcrumb\",\"itemListElement\":[{\"@type\":\"ListItem\",\"position\":1,\"name\":\"Hjem\",\"item\":\"https:\\\/\\\/tibladin.dk\\\/\"},{\"@type\":\"ListItem\",\"position\":2,\"name\":\"Shop\",\"item\":\"https:\\\/\\\/tibladin.dk\\\/shop\\\/\"},{\"@type\":\"ListItem\",\"position\":3,\"name\":\"S\u00f8lv bakker &#8211; FEZ HERITAGE\"}]},{\"@type\":\"WebSite\",\"@id\":\"https:\\\/\\\/tibladin.dk\\\/#website\",\"url\":\"https:\\\/\\\/tibladin.dk\\\/\",\"name\":\"Tibladin\",\"description\":\"Tibladin\",\"publisher\":{\"@id\":\"https:\\\/\\\/tibladin.dk\\\/#organization\"},\"potentialAction\":[{\"@type\":\"SearchAction\",\"target\":{\"@type\":\"EntryPoint\",\"urlTemplate\":\"https:\\\/\\\/tibladin.dk\\\/?s={search_term_string}\"},\"query-input\":{\"@type\":\"PropertyValueSpecification\",\"valueRequired\":true,\"valueName\":\"search_term_string\"}}],\"inLanguage\":\"sv-SE\"},{\"@type\":\"Organization\",\"@id\":\"https:\\\/\\\/tibladin.dk\\\/#organization\",\"name\":\"Tibladin\",\"url\":\"https:\\\/\\\/tibladin.dk\\\/\",\"logo\":{\"@type\":\"ImageObject\",\"inLanguage\":\"sv-SE\",\"@id\":\"https:\\\/\\\/tibladin.dk\\\/#\\\/schema\\\/logo\\\/image\\\/\",\"url\":\"https:\\\/\\\/tibladin.dk\\\/wp-content\\\/uploads\\\/2022\\\/09\\\/tibladin_logo.svg\",\"contentUrl\":\"https:\\\/\\\/tibladin.dk\\\/wp-content\\\/uploads\\\/2022\\\/09\\\/tibladin_logo.svg\",\"caption\":\"Tibladin\"},\"image\":{\"@id\":\"https:\\\/\\\/tibladin.dk\\\/#\\\/schema\\\/logo\\\/image\\\/\"}}]}<\/script>\n<!-- \/ Yoast SEO plugin. -->","yoast_head_json":{"title":"Silverbrickor - FEZ HERITAGE | Vacker design | Tibladin","description":"Antika serveringsbrickor i silverf\u00e4rgad metall, handgraverade i Marocko med traditionella m\u00f6nster. Unika och dekorativa - finns i tre varianter.","robots":{"index":"index","follow":"follow","max-snippet":"max-snippet:-1","max-image-preview":"max-image-preview:large","max-video-preview":"max-video-preview:-1"},"canonical":"https:\/\/tibladin.dk\/sv\/produkt\/soelv-bakker-fez-arv\/","og_locale":"sv_SE","og_type":"article","og_title":"S\u00f8lv bakker - FEZ HERITAGE | Smukt design | Tibladin","og_description":"Antikke serveringsbakker i s\u00f8lvfarvet metal, h\u00e5ndgraveret i Marokko med traditionelle m\u00f8nstre.Unikke og dekorative \u2013 f\u00e5s i tre varianter.","og_url":"https:\/\/tibladin.dk\/sv\/produkt\/soelv-bakker-fez-arv\/","og_site_name":"Tibladin","article_modified_time":"2025-11-24T12:15:37+00:00","og_image":[{"width":800,"height":800,"url":"https:\/\/tibladin.dk\/wp-content\/uploads\/2025\/10\/FEZ-HERITAGE_runde-soelvbakker_1.jpg","type":"image\/jpeg"}],"twitter_card":"summary_large_image","twitter_misc":{"Ber\u00e4knad l\u00e4stid":"2 minuter"},"schema":{"@context":"https:\/\/schema.org","@graph":[{"@type":"WebPage","@id":"https:\/\/tibladin.dk\/produkt\/soelv-bakker-fez-heritage\/","url":"https:\/\/tibladin.dk\/produkt\/soelv-bakker-fez-heritage\/","name":"Silverbrickor - FEZ HERITAGE | Vacker design | Tibladin","isPartOf":{"@id":"https:\/\/tibladin.dk\/#website"},"primaryImageOfPage":{"@id":"https:\/\/tibladin.dk\/produkt\/soelv-bakker-fez-heritage\/#primaryimage"},"image":{"@id":"https:\/\/tibladin.dk\/produkt\/soelv-bakker-fez-heritage\/#primaryimage"},"thumbnailUrl":"https:\/\/tibladin.dk\/wp-content\/uploads\/2025\/10\/FEZ-HERITAGE_runde-soelvbakker_1.jpg","datePublished":"2025-10-23T12:59:47+00:00","dateModified":"2025-11-24T12:15:37+00:00","description":"Antika serveringsbrickor i silverf\u00e4rgad metall, handgraverade i Marocko med traditionella m\u00f6nster. Unika och dekorativa - finns i tre varianter.","breadcrumb":{"@id":"https:\/\/tibladin.dk\/produkt\/soelv-bakker-fez-heritage\/#breadcrumb"},"inLanguage":"sv-SE","potentialAction":[{"@type":"ReadAction","target":["https:\/\/tibladin.dk\/produkt\/soelv-bakker-fez-heritage\/"]}]},{"@type":"ImageObject","inLanguage":"sv-SE","@id":"https:\/\/tibladin.dk\/produkt\/soelv-bakker-fez-heritage\/#primaryimage","url":"https:\/\/tibladin.dk\/wp-content\/uploads\/2025\/10\/FEZ-HERITAGE_runde-soelvbakker_1.jpg","contentUrl":"https:\/\/tibladin.dk\/wp-content\/uploads\/2025\/10\/FEZ-HERITAGE_runde-soelvbakker_1.jpg","width":800,"height":800,"caption":"FEZ-HERITAGE_runde-soelvbakker_1"},{"@type":"BreadcrumbList","@id":"https:\/\/tibladin.dk\/produkt\/soelv-bakker-fez-heritage\/#breadcrumb","itemListElement":[{"@type":"ListItem","position":1,"name":"Hjem","item":"https:\/\/tibladin.dk\/"},{"@type":"ListItem","position":2,"name":"Shop","item":"https:\/\/tibladin.dk\/shop\/"},{"@type":"ListItem","position":3,"name":"S\u00f8lv bakker &#8211; FEZ HERITAGE"}]},{"@type":"WebSite","@id":"https:\/\/tibladin.dk\/#website","url":"https:\/\/tibladin.dk\/","name":"Tibladin","description":"Tibladin","publisher":{"@id":"https:\/\/tibladin.dk\/#organization"},"potentialAction":[{"@type":"SearchAction","target":{"@type":"EntryPoint","urlTemplate":"https:\/\/tibladin.dk\/?s={search_term_string}"},"query-input":{"@type":"PropertyValueSpecification","valueRequired":true,"valueName":"search_term_string"}}],"inLanguage":"sv-SE"},{"@type":"Organization","@id":"https:\/\/tibladin.dk\/#organization","name":"Tibladin","url":"https:\/\/tibladin.dk\/","logo":{"@type":"ImageObject","inLanguage":"sv-SE","@id":"https:\/\/tibladin.dk\/#\/schema\/logo\/image\/","url":"https:\/\/tibladin.dk\/wp-content\/uploads\/2022\/09\/tibladin_logo.svg","contentUrl":"https:\/\/tibladin.dk\/wp-content\/uploads\/2022\/09\/tibladin_logo.svg","caption":"Tibladin"},"image":{"@id":"https:\/\/tibladin.dk\/#\/schema\/logo\/image\/"}}]}},"_links":{"self":[{"href":"https:\/\/tibladin.dk\/sv\/wp-json\/wp\/v2\/product\/41416","targetHints":{"allow":["GET"]}}],"collection":[{"href":"https:\/\/tibladin.dk\/sv\/wp-json\/wp\/v2\/product"}],"about":[{"href":"https:\/\/tibladin.dk\/sv\/wp-json\/wp\/v2\/types\/product"}],"wp:featuredmedia":[{"embeddable":true,"href":"https:\/\/tibladin.dk\/sv\/wp-json\/wp\/v2\/media\/41147"}],"wp:attachment":[{"href":"https:\/\/tibladin.dk\/sv\/wp-json\/wp\/v2\/media?parent=41416"}],"wp:term":[{"taxonomy":"product_brand","embeddable":true,"href":"https:\/\/tibladin.dk\/sv\/wp-json\/wp\/v2\/product_brand?post=41416"},{"taxonomy":"product_cat","embeddable":true,"href":"https:\/\/tibladin.dk\/sv\/wp-json\/wp\/v2\/product_cat?post=41416"},{"taxonomy":"product_tag","embeddable":true,"href":"https:\/\/tibladin.dk\/sv\/wp-json\/wp\/v2\/product_tag?post=41416"}],"curies":[{"name":"wp","href":"https:\/\/api.w.org\/{rel}","templated":true}]}}