{"id":42208,"date":"2025-12-03T15:27:52","date_gmt":"2025-12-03T14:27:52","guid":{"rendered":"https:\/\/tibladin.dk\/?post_type=product&#038;p=42208"},"modified":"2025-12-03T16:39:19","modified_gmt":"2025-12-03T15:39:19","slug":"berbermatta-vintage-150x230-cm-amaynu","status":"publish","type":"product","link":"https:\/\/tibladin.dk\/sv\/produkt\/berbertaeppe-vintage-150x230-cm-amaynu\/","title":{"rendered":"Berbermatta vintage 150\u00d7230 cm. \u2013 AMAYNU"},"content":{"rendered":"<div class=\"wpb-content-wrapper\"><div class=\"vc_row wpb_row vc_row-fluid\"><div class=\"wpb_column vc_column_container vc_col-sm-12\"><div class=\"vc_column-inner\"><div class=\"wpb_wrapper\">\n\t<div class=\"wpb_text_column wpb_content_element\" >\n\t\t<div class=\"wpb_wrapper\">\n\t\t\t<p>!<\/p>\n\n\t\t<\/div>\n\t<\/div>\n<\/div><\/div><\/div><\/div><div class=\"vc_row wpb_row vc_row-fluid\"><div class=\"wpb_column vc_column_container vc_col-sm-4\"><div class=\"vc_column-inner\"><div class=\"wpb_wrapper\"><\/div><\/div><\/div><div class=\"wpb_column vc_column_container vc_col-sm-4\"><div class=\"vc_column-inner\"><div class=\"wpb_wrapper\"><h3 style=\"text-align: left\" class=\"vc_custom_heading vc_do_custom_heading\" >TAZNAKT mattunderh\u00e5ll<\/h3>\n\t<div class=\"wpb_text_column wpb_content_element\" >\n\t\t<div class=\"wpb_wrapper\">\n\t\t\t<h2 data-start=\"187\" data-end=\"209\"><strong data-start=\"193\" data-end=\"209\">Daglig v\u00e5rd<\/strong><\/h2>\n<ul data-start=\"210\" data-end=\"513\">\n<li data-start=\"210\" data-end=\"332\">\n<p data-start=\"212\" data-end=\"332\">Dammsug regelbundet \u2013 men utan roterande borste (endast munstycke eller mild sugkraft) s\u00e5 att ullen inte slits ut i on\u00f6dan.<\/p>\n<\/li>\n<li data-start=\"333\" data-end=\"411\">\n<p data-start=\"335\" data-end=\"411\">V\u00e4nd mattan d\u00e5 och d\u00e5 s\u00e5 att slitaget f\u00f6rdelas och f\u00e4rgerna bleknar j\u00e4mnt.<\/p>\n<\/li>\n<li data-start=\"412\" data-end=\"513\">\n<p data-start=\"414\" data-end=\"513\">Skaka mattan utomhus n\u00e5gra g\u00e5nger om \u00e5ret \u2013 detta l\u00f6ser upp damm och sandkorn som g\u00f6mmer sig i fibrerna.<\/p>\n<\/li>\n<\/ul>\n<h2 data-start=\"520\" data-end=\"542\"><strong data-start=\"526\" data-end=\"542\">Fl\u00e4ckborttagning<\/strong><\/h2>\n<ul data-start=\"543\" data-end=\"781\">\n<li data-start=\"543\" data-end=\"613\">\n<p data-start=\"545\" data-end=\"613\">Torka alltid spill omedelbart med en ren, vit trasa \u2013 dutta, gnugga inte.<\/p>\n<\/li>\n<li data-start=\"614\" data-end=\"710\">\n<p data-start=\"616\" data-end=\"710\">Anv\u00e4nd ljummet vatten med lite neutral tv\u00e5l (t.ex. ullschampo eller tv\u00e5lflingor) p\u00e5 sm\u00e5 fl\u00e4ckar.<\/p>\n<\/li>\n<li data-start=\"711\" data-end=\"781\">\n<p data-start=\"713\" data-end=\"781\">Undvik kemiska reng\u00f6ringsmedel eftersom de kan f\u00f6rst\u00f6ra v\u00e4xternas f\u00e4rger.<\/p>\n<\/li>\n<\/ul>\n<h2 data-start=\"788\" data-end=\"814\"><strong data-start=\"794\" data-end=\"814\">Djupare reng\u00f6ring<\/strong><\/h2>\n<ul data-start=\"815\" data-end=\"1109\">\n<li data-start=\"815\" data-end=\"971\">\n<p data-start=\"817\" data-end=\"971\">Reng\u00f6r mattan f\u00f6rsiktigt i kallt vatten med mild ulltv\u00e5l om det beh\u00f6vs. L\u00e5t den torka plant i skuggan \u2013 aldrig i direkt solljus (vilket kan bleka f\u00e4rgerna).<\/p>\n<\/li>\n<li data-start=\"972\" data-end=\"1109\">\n<p data-start=\"974\" data-end=\"1109\">Professionell reng\u00f6ring rekommenderas endast f\u00f6r personer med erfarenhet av \u00e4kta vintagemattor \u2013 regelbunden mattreng\u00f6ring kan f\u00f6rst\u00f6ra ullen och f\u00e4rgerna.<\/p>\n<\/li>\n<\/ul>\n\n\t\t<\/div>\n\t<\/div>\n<\/div><\/div><\/div><div class=\"wpb_column vc_column_container vc_col-sm-4\"><div class=\"vc_column-inner\"><div class=\"wpb_wrapper\"><h3 style=\"text-align: left\" class=\"vc_custom_heading vc_do_custom_heading\" >Historien bakom TAZNAKT-mattor<\/h3>\n\t<div class=\"wpb_text_column wpb_content_element\" >\n\t\t<div class=\"wpb_wrapper\">\n\t\t\t<h2 data-start=\"157\" data-end=\"199\">\ud83e\uddf5 <strong data-start=\"163\" data-end=\"197\">Ursprunget till Taznakht-mattor<\/strong><\/h2>\n<ul data-start=\"200\" data-end=\"663\">\n<li data-start=\"200\" data-end=\"319\">\n<p data-start=\"202\" data-end=\"319\"><strong data-start=\"202\" data-end=\"215\">Geografi:<\/strong> Taznakht ligger i <strong data-start=\"234\" data-end=\"253\">s\u00f6dra Marocko<\/strong>, mellan Ouarzazate och Sahara, vid foten av Antiatlasbergen.<\/p>\n<\/li>\n<li data-start=\"320\" data-end=\"535\">\n<p data-start=\"322\" data-end=\"535\"><strong data-start=\"322\" data-end=\"335\">Historia:<\/strong> Omr\u00e5det har varit ett viktigt v\u00e4vcentrum i \u00e5rhundraden, d\u00e4r berberkvinnor har skapat mattor som kombinerar flera v\u00e4vtekniker: <strong data-start=\"464\" data-end=\"532\">plattv\u00e4vning (Kelim), knutna mattor och broderiliknande detaljer<\/strong>.<\/p>\n<\/li>\n<li data-start=\"536\" data-end=\"663\">\n<p data-start=\"538\" data-end=\"663\"><strong data-start=\"538\" data-end=\"550\">Stammar:<\/strong> Mattorna \u00e4r sammankopplade med <strong data-start=\"574\" data-end=\"601\">A\u00eft Ouaouzguite-stammen<\/strong>, som \u00e4r k\u00e4nda f\u00f6r sina raffinerade och f\u00e4rgm\u00e4ttade mattor.<\/p>\n<\/li>\n<\/ul>\n<hr data-start=\"665\" data-end=\"668\" \/>\n<h2 data-start=\"670\" data-end=\"719\">\ud83c\udfa8 <strong data-start=\"676\" data-end=\"717\">K\u00e4nnetecken f\u00f6r Taznakht vintagemattor<\/strong><\/h2>\n<ul data-start=\"720\" data-end=\"1394\">\n<li data-start=\"720\" data-end=\"934\">\n<p data-start=\"722\" data-end=\"934\"><strong data-start=\"722\" data-end=\"733\">F\u00e4rger:<\/strong> Naturliga f\u00e4rg\u00e4mnen fr\u00e5n v\u00e4xter, mineraler och r\u00f6tter \u2013 s\u00e5som saffran (gul), henna (orange), indigo (bl\u00e5) och granat\u00e4ppelskal (r\u00f6d) \u2013 ger en varm och intensiv f\u00e4rgpalett som bleknar vackert med tiden.<\/p>\n<\/li>\n<li data-start=\"935\" data-end=\"1193\">\n<p data-start=\"937\" data-end=\"1046\"><strong data-start=\"937\" data-end=\"949\">M\u00f6nster:<\/strong> Mycket detaljerade och ofta mer &quot;raffinerade&quot; \u00e4n andra berbermattor. Typiska motiv inkluderar:<\/p>\n<ul data-start=\"1049\" data-end=\"1193\">\n<li data-start=\"1049\" data-end=\"1084\">\n<p data-start=\"1051\" data-end=\"1084\">Upprepad <strong data-start=\"1060\" data-end=\"1082\">romber och stj\u00e4rnor<\/strong><\/p>\n<\/li>\n<li data-start=\"1087\" data-end=\"1141\">\n<p data-start=\"1089\" data-end=\"1141\"><strong data-start=\"1089\" data-end=\"1108\">Tribal symboler<\/strong> som skyddar mot det onda \u00f6gat<\/p>\n<\/li>\n<li data-start=\"1144\" data-end=\"1193\">\n<p data-start=\"1146\" data-end=\"1193\">Kanter med sm\u00e5 m\u00f6nster som ramar in mattan<\/p>\n<\/li>\n<\/ul>\n<\/li>\n<li data-start=\"1194\" data-end=\"1394\">\n<p data-start=\"1196\" data-end=\"1394\"><strong data-start=\"1196\" data-end=\"1207\">Teknik:<\/strong> Taznakht \u00e4r speciell eftersom mattorna ofta kombineras <strong data-start=\"1260\" data-end=\"1288\">tre tekniker i en filt<\/strong>: knuten lugg, kelimytor och broderiliknande m\u00f6nster. Detta g\u00f6r dem mer komplexa \u00e4n till exempel Beni Ourain.<\/p>\n<\/li>\n<\/ul>\n<hr data-start=\"1396\" data-end=\"1399\" \/>\n<h2 data-start=\"1401\" data-end=\"1432\">\ud83c\udf1f <strong data-start=\"1407\" data-end=\"1430\">S\u00e4llsynthet och v\u00e4rde<\/strong><\/h2>\n<ul data-start=\"1433\" data-end=\"2095\">\n<li data-start=\"1433\" data-end=\"1614\">\n<p data-start=\"1435\" data-end=\"1614\"><strong data-start=\"1435\" data-end=\"1462\">Vintage Taznakht-mattor<\/strong> (fr\u00e5n 1950\u20131970-talen) \u00e4r mycket s\u00e4llsynta idag, eftersom produktionen vid den tiden var begr\u00e4nsad till sm\u00e5 byar och varje matta kunde ta m\u00e5nader att v\u00e4va.<\/p>\n<\/li>\n<li data-start=\"1615\" data-end=\"1788\">\n<p data-start=\"1617\" data-end=\"1788\">Till skillnad fr\u00e5n Beni Ouarain och Azilal, som har massproducerats f\u00f6r export, \u00e4r \u00e4kta Taznakht-mattor <strong data-start=\"1725\" data-end=\"1746\">mer nischad<\/strong> och \u00e4r d\u00e4rf\u00f6r mindre vanliga p\u00e5 marknaden.<\/p>\n<\/li>\n<li data-start=\"1789\" data-end=\"1972\">\n<p data-start=\"1791\" data-end=\"1972\">Deras speciella kombination av v\u00e4vtekniker och rika f\u00e4rger g\u00f6r dem till idag <strong data-start=\"1867\" data-end=\"1899\">eftertraktade samlarobjekt<\/strong> \u2013 s\u00e4rskilt de mattor som fortfarande har sina ursprungliga v\u00e4xtf\u00e4rger bevarade.<\/p>\n<\/li>\n<li data-start=\"1973\" data-end=\"2095\">\n<p data-start=\"1975\" data-end=\"2095\">M\u00e5nga experter och samlare anser att Taznakht \u00e4r bland de <strong data-start=\"2035\" data-end=\"2092\">de mest sofistikerade och konstn\u00e4rliga mattorna fr\u00e5n Marocko<\/strong>.<\/p>\n<\/li>\n<\/ul>\n<hr data-start=\"2097\" data-end=\"2100\" \/>\n\n\t\t<\/div>\n\t<\/div>\n<\/div><\/div><\/div><\/div>\n<\/div>","protected":false},"excerpt":{"rendered":"<p data-start=\"158\" data-end=\"370\">Denna vackra vintagematta kommer fr\u00e5n <strong data-start=\"197\" data-end=\"240\">Taznakht-regionen i s\u00f6dra Marocko<\/strong>, ett omr\u00e5de k\u00e4nt f\u00f6r sina djupa f\u00e4rgpaletter, traditionella berbermotiv och mattor v\u00e4vda av nomadiska kvinnor under generationer.<\/p>\n<p data-start=\"372\" data-end=\"742\">Mattan \u00e4r rik i varma nyanser av <strong data-start=\"406\" data-end=\"437\">ockra, b\u00e4rnsten och djup terrakotta<\/strong>, som \u00e4r tillverkad med naturliga f\u00e4rger och \u00e5rtionden av vacker patinering. I mitten finns den karakteristiska <strong data-start=\"548\" data-end=\"564\">diamantmotiv<\/strong>, vilket i berberkulturen symboliserar beskydd, kvinnlighet och livets cykel. Den breda b\u00e5rden med repetitiva symboler l\u00e4ngs kanterna \u00e4r ett typiskt drag f\u00f6r \u00e4ldre Taznakht-verk.<\/p>\n<p data-start=\"744\" data-end=\"936\">Den t\u00e4ta, kortskurna ullen ger mattan en tung, mjuk textur, medan det synliga \u00e5ldersinneh\u00e5llet \u2013 sm\u00e5 bulor, slitage och f\u00e4rgspel \u2013 ger just den autenticitet som g\u00f6r vintagemattor s\u00e5 unika.<\/p>\n<p data-start=\"938\" data-end=\"1002\">Ett unikt m\u00f6bel som tillf\u00f6r v\u00e4rme och historia till vilken inredning som helst.<\/p>\n<h3 data-start=\"1004\" data-end=\"1020\"><strong data-start=\"1008\" data-end=\"1020\">Detaljer<\/strong><\/h3>\n<ul data-start=\"1021\" data-end=\"1195\">\n<li data-start=\"1021\" data-end=\"1069\">\n<p data-start=\"1023\" data-end=\"1069\">Ursprung: Taznakht, Atlasbergen, Marocko<\/p>\n<\/li>\n<li data-start=\"1070\" data-end=\"1099\">\n<p data-start=\"1072\" data-end=\"1099\">Typ: Vintage Berbermatta<\/p>\n<\/li>\n<li data-start=\"1100\" data-end=\"1123\">\n<p data-start=\"1102\" data-end=\"1123\">Material: 100% ull<\/p>\n<\/li>\n<li data-start=\"1124\" data-end=\"1171\">\n<p data-start=\"1126\" data-end=\"1171\">F\u00e4rger: Ockra, b\u00e4rnsten, terrakotta, brun och svart<\/p>\n<\/li>\n<li data-start=\"1172\" data-end=\"1195\">\n<p data-start=\"1174\" data-end=\"1195\">Handv\u00e4vd \u2013 unik<\/p>\n<\/li>\n<\/ul>\n<p data-start=\"854\" data-end=\"1144\"><strong data-start=\"2119\" data-end=\"2146\">Vintage Taznakht-mattor<\/strong> fr\u00e5n s\u00f6dra Marocko k\u00e4nnetecknas av sina intensiva naturliga f\u00e4rger, komplexa v\u00e4vtekniker och symboliska m\u00f6nster. De \u00e4r mycket s\u00e4llsyntare \u00e4n m\u00e5nga andra marockanska mattor och d\u00e4rf\u00f6r s\u00e4rskilt eftertraktade av samlare och inredningsentusiaster som letar efter n\u00e5got unikt och autentiskt.<\/p>\n<p data-start=\"691\" data-end=\"879\"><em data-start=\"691\" data-end=\"697\">AMAYNU<\/em> \u00e4r ett unikt och unikt m\u00f6bel som skapar lugn och v\u00e4rme i alla rum. Perfekt f\u00f6r vardagsrummet, sovrummet eller en mysig vr\u00e5 d\u00e4r du vill ha en autentisk, nedtonad vintage-look.<\/p>\n<p data-start=\"691\" data-end=\"879\">Filten m\u00e4ter 150\u00d7230 cm.<\/p>","protected":false},"featured_media":42216,"template":"","meta":{"inline_featured_image":false},"product_brand":[],"product_cat":[143,59],"product_tag":[],"class_list":{"0":"post-42208","1":"product","2":"type-product","3":"status-publish","4":"has-post-thumbnail","6":"product_cat-berbertaepper","7":"product_cat-marokkanske-taepper","9":"first","10":"instock","11":"taxable","12":"shipping-taxable","13":"purchasable","14":"product-type-simple"},"exclude_global_add_ons":[],"addons":[],"yoast_head":"<!-- This site is optimized with the Yoast SEO plugin v27.5 - https:\/\/yoast.com\/product\/yoast-seo-wordpress\/ -->\n<title>Berbert\u00e6ppe | Marokkansk t\u00e6ppe | Kig her lige nu!<\/title>\n<meta name=\"description\" content=\"\u00c6gte Vintage Berbert\u00e6ppe i slidte gule nuancer. Regul\u00e6r st\u00f8rrelse som passer fint til et sofahj\u00f8rne. Helt unikt og kun hos Tibladin.\" \/>\n<meta name=\"robots\" content=\"index, follow, max-snippet:-1, max-image-preview:large, max-video-preview:-1\" \/>\n<link rel=\"canonical\" href=\"https:\/\/tibladin.dk\/sv\/produkt\/berbermatta-vintage-150x230-cm-amaynu\/\" \/>\n<meta property=\"og:locale\" content=\"sv_SE\" \/>\n<meta property=\"og:type\" content=\"article\" \/>\n<meta property=\"og:title\" content=\"Berbert\u00e6ppe | Marokkansk t\u00e6ppe | Kig her lige nu!\" \/>\n<meta property=\"og:description\" content=\"\u00c6gte Vintage Berbert\u00e6ppe i slidte gule nuancer. Regul\u00e6r st\u00f8rrelse som passer fint til et sofahj\u00f8rne. Helt unikt og kun hos Tibladin.\" \/>\n<meta property=\"og:url\" content=\"https:\/\/tibladin.dk\/sv\/produkt\/berbermatta-vintage-150x230-cm-amaynu\/\" \/>\n<meta property=\"og:site_name\" content=\"Tibladin\" \/>\n<meta property=\"article:modified_time\" content=\"2025-12-03T15:39:19+00:00\" \/>\n<meta property=\"og:image\" content=\"https:\/\/tibladin.dk\/wp-content\/uploads\/2025\/12\/Amaynu-taepper_1.jpg\" \/>\n\t<meta property=\"og:image:width\" content=\"800\" \/>\n\t<meta property=\"og:image:height\" content=\"800\" \/>\n\t<meta property=\"og:image:type\" content=\"image\/jpeg\" \/>\n<meta name=\"twitter:card\" content=\"summary_large_image\" \/>\n<meta name=\"twitter:label1\" content=\"Ber\u00e4knad l\u00e4stid\" \/>\n\t<meta name=\"twitter:data1\" content=\"3 minuter\" \/>\n<script type=\"application\/ld+json\" class=\"yoast-schema-graph\">{\"@context\":\"https:\\\/\\\/schema.org\",\"@graph\":[{\"@type\":\"WebPage\",\"@id\":\"https:\\\/\\\/tibladin.dk\\\/produkt\\\/berbertaeppe-vintage-150x230-cm-amaynu\\\/\",\"url\":\"https:\\\/\\\/tibladin.dk\\\/produkt\\\/berbertaeppe-vintage-150x230-cm-amaynu\\\/\",\"name\":\"Berbert\u00e6ppe | Marokkansk t\u00e6ppe | Kig her lige nu!\",\"isPartOf\":{\"@id\":\"https:\\\/\\\/tibladin.dk\\\/#website\"},\"primaryImageOfPage\":{\"@id\":\"https:\\\/\\\/tibladin.dk\\\/produkt\\\/berbertaeppe-vintage-150x230-cm-amaynu\\\/#primaryimage\"},\"image\":{\"@id\":\"https:\\\/\\\/tibladin.dk\\\/produkt\\\/berbertaeppe-vintage-150x230-cm-amaynu\\\/#primaryimage\"},\"thumbnailUrl\":\"https:\\\/\\\/tibladin.dk\\\/wp-content\\\/uploads\\\/2025\\\/12\\\/Amaynu-taepper_1.jpg\",\"datePublished\":\"2025-12-03T14:27:52+00:00\",\"dateModified\":\"2025-12-03T15:39:19+00:00\",\"description\":\"\u00c6gte Vintage Berbert\u00e6ppe i slidte gule nuancer. Regul\u00e6r st\u00f8rrelse som passer fint til et sofahj\u00f8rne. Helt unikt og kun hos Tibladin.\",\"breadcrumb\":{\"@id\":\"https:\\\/\\\/tibladin.dk\\\/produkt\\\/berbertaeppe-vintage-150x230-cm-amaynu\\\/#breadcrumb\"},\"inLanguage\":\"sv-SE\",\"potentialAction\":[{\"@type\":\"ReadAction\",\"target\":[\"https:\\\/\\\/tibladin.dk\\\/produkt\\\/berbertaeppe-vintage-150x230-cm-amaynu\\\/\"]}]},{\"@type\":\"ImageObject\",\"inLanguage\":\"sv-SE\",\"@id\":\"https:\\\/\\\/tibladin.dk\\\/produkt\\\/berbertaeppe-vintage-150x230-cm-amaynu\\\/#primaryimage\",\"url\":\"https:\\\/\\\/tibladin.dk\\\/wp-content\\\/uploads\\\/2025\\\/12\\\/Amaynu-taepper_1.jpg\",\"contentUrl\":\"https:\\\/\\\/tibladin.dk\\\/wp-content\\\/uploads\\\/2025\\\/12\\\/Amaynu-taepper_1.jpg\",\"width\":800,\"height\":800,\"caption\":\"Amaynu t\u00e6pper vintage\"},{\"@type\":\"BreadcrumbList\",\"@id\":\"https:\\\/\\\/tibladin.dk\\\/produkt\\\/berbertaeppe-vintage-150x230-cm-amaynu\\\/#breadcrumb\",\"itemListElement\":[{\"@type\":\"ListItem\",\"position\":1,\"name\":\"Hjem\",\"item\":\"https:\\\/\\\/tibladin.dk\\\/\"},{\"@type\":\"ListItem\",\"position\":2,\"name\":\"Shop\",\"item\":\"https:\\\/\\\/tibladin.dk\\\/shop\\\/\"},{\"@type\":\"ListItem\",\"position\":3,\"name\":\"Berbert\u00e6ppe vintage 150&#215;230 cm. &#8211; AMAYNU\"}]},{\"@type\":\"WebSite\",\"@id\":\"https:\\\/\\\/tibladin.dk\\\/#website\",\"url\":\"https:\\\/\\\/tibladin.dk\\\/\",\"name\":\"Tibladin\",\"description\":\"Tibladin\",\"publisher\":{\"@id\":\"https:\\\/\\\/tibladin.dk\\\/#organization\"},\"potentialAction\":[{\"@type\":\"SearchAction\",\"target\":{\"@type\":\"EntryPoint\",\"urlTemplate\":\"https:\\\/\\\/tibladin.dk\\\/?s={search_term_string}\"},\"query-input\":{\"@type\":\"PropertyValueSpecification\",\"valueRequired\":true,\"valueName\":\"search_term_string\"}}],\"inLanguage\":\"sv-SE\"},{\"@type\":\"Organization\",\"@id\":\"https:\\\/\\\/tibladin.dk\\\/#organization\",\"name\":\"Tibladin\",\"url\":\"https:\\\/\\\/tibladin.dk\\\/\",\"logo\":{\"@type\":\"ImageObject\",\"inLanguage\":\"sv-SE\",\"@id\":\"https:\\\/\\\/tibladin.dk\\\/#\\\/schema\\\/logo\\\/image\\\/\",\"url\":\"https:\\\/\\\/tibladin.dk\\\/wp-content\\\/uploads\\\/2022\\\/09\\\/tibladin_logo.svg\",\"contentUrl\":\"https:\\\/\\\/tibladin.dk\\\/wp-content\\\/uploads\\\/2022\\\/09\\\/tibladin_logo.svg\",\"caption\":\"Tibladin\"},\"image\":{\"@id\":\"https:\\\/\\\/tibladin.dk\\\/#\\\/schema\\\/logo\\\/image\\\/\"}}]}<\/script>\n<!-- \/ Yoast SEO plugin. -->","yoast_head_json":{"title":"Berbermatta | Marockansk matta | Titta h\u00e4r nu!","description":"\u00c4kta Vintage Berbermatta i slitna gula nyanser. Normal storlek som passar fint i en soffh\u00f6rna. Helt unik och endast hos Tibladin.","robots":{"index":"index","follow":"follow","max-snippet":"max-snippet:-1","max-image-preview":"max-image-preview:large","max-video-preview":"max-video-preview:-1"},"canonical":"https:\/\/tibladin.dk\/sv\/produkt\/berbermatta-vintage-150x230-cm-amaynu\/","og_locale":"sv_SE","og_type":"article","og_title":"Berbert\u00e6ppe | Marokkansk t\u00e6ppe | Kig her lige nu!","og_description":"\u00c6gte Vintage Berbert\u00e6ppe i slidte gule nuancer. Regul\u00e6r st\u00f8rrelse som passer fint til et sofahj\u00f8rne. Helt unikt og kun hos Tibladin.","og_url":"https:\/\/tibladin.dk\/sv\/produkt\/berbermatta-vintage-150x230-cm-amaynu\/","og_site_name":"Tibladin","article_modified_time":"2025-12-03T15:39:19+00:00","og_image":[{"width":800,"height":800,"url":"https:\/\/tibladin.dk\/wp-content\/uploads\/2025\/12\/Amaynu-taepper_1.jpg","type":"image\/jpeg"}],"twitter_card":"summary_large_image","twitter_misc":{"Ber\u00e4knad l\u00e4stid":"3 minuter"},"schema":{"@context":"https:\/\/schema.org","@graph":[{"@type":"WebPage","@id":"https:\/\/tibladin.dk\/produkt\/berbertaeppe-vintage-150x230-cm-amaynu\/","url":"https:\/\/tibladin.dk\/produkt\/berbertaeppe-vintage-150x230-cm-amaynu\/","name":"Berbermatta | Marockansk matta | Titta h\u00e4r nu!","isPartOf":{"@id":"https:\/\/tibladin.dk\/#website"},"primaryImageOfPage":{"@id":"https:\/\/tibladin.dk\/produkt\/berbertaeppe-vintage-150x230-cm-amaynu\/#primaryimage"},"image":{"@id":"https:\/\/tibladin.dk\/produkt\/berbertaeppe-vintage-150x230-cm-amaynu\/#primaryimage"},"thumbnailUrl":"https:\/\/tibladin.dk\/wp-content\/uploads\/2025\/12\/Amaynu-taepper_1.jpg","datePublished":"2025-12-03T14:27:52+00:00","dateModified":"2025-12-03T15:39:19+00:00","description":"\u00c4kta Vintage Berbermatta i slitna gula nyanser. Normal storlek som passar fint i en soffh\u00f6rna. Helt unik och endast hos Tibladin.","breadcrumb":{"@id":"https:\/\/tibladin.dk\/produkt\/berbertaeppe-vintage-150x230-cm-amaynu\/#breadcrumb"},"inLanguage":"sv-SE","potentialAction":[{"@type":"ReadAction","target":["https:\/\/tibladin.dk\/produkt\/berbertaeppe-vintage-150x230-cm-amaynu\/"]}]},{"@type":"ImageObject","inLanguage":"sv-SE","@id":"https:\/\/tibladin.dk\/produkt\/berbertaeppe-vintage-150x230-cm-amaynu\/#primaryimage","url":"https:\/\/tibladin.dk\/wp-content\/uploads\/2025\/12\/Amaynu-taepper_1.jpg","contentUrl":"https:\/\/tibladin.dk\/wp-content\/uploads\/2025\/12\/Amaynu-taepper_1.jpg","width":800,"height":800,"caption":"Amaynu t\u00e6pper vintage"},{"@type":"BreadcrumbList","@id":"https:\/\/tibladin.dk\/produkt\/berbertaeppe-vintage-150x230-cm-amaynu\/#breadcrumb","itemListElement":[{"@type":"ListItem","position":1,"name":"Hjem","item":"https:\/\/tibladin.dk\/"},{"@type":"ListItem","position":2,"name":"Shop","item":"https:\/\/tibladin.dk\/shop\/"},{"@type":"ListItem","position":3,"name":"Berbert\u00e6ppe vintage 150&#215;230 cm. &#8211; AMAYNU"}]},{"@type":"WebSite","@id":"https:\/\/tibladin.dk\/#website","url":"https:\/\/tibladin.dk\/","name":"Tibladin","description":"Tibladin","publisher":{"@id":"https:\/\/tibladin.dk\/#organization"},"potentialAction":[{"@type":"SearchAction","target":{"@type":"EntryPoint","urlTemplate":"https:\/\/tibladin.dk\/?s={search_term_string}"},"query-input":{"@type":"PropertyValueSpecification","valueRequired":true,"valueName":"search_term_string"}}],"inLanguage":"sv-SE"},{"@type":"Organization","@id":"https:\/\/tibladin.dk\/#organization","name":"Tibladin","url":"https:\/\/tibladin.dk\/","logo":{"@type":"ImageObject","inLanguage":"sv-SE","@id":"https:\/\/tibladin.dk\/#\/schema\/logo\/image\/","url":"https:\/\/tibladin.dk\/wp-content\/uploads\/2022\/09\/tibladin_logo.svg","contentUrl":"https:\/\/tibladin.dk\/wp-content\/uploads\/2022\/09\/tibladin_logo.svg","caption":"Tibladin"},"image":{"@id":"https:\/\/tibladin.dk\/#\/schema\/logo\/image\/"}}]}},"_links":{"self":[{"href":"https:\/\/tibladin.dk\/sv\/wp-json\/wp\/v2\/product\/42208","targetHints":{"allow":["GET"]}}],"collection":[{"href":"https:\/\/tibladin.dk\/sv\/wp-json\/wp\/v2\/product"}],"about":[{"href":"https:\/\/tibladin.dk\/sv\/wp-json\/wp\/v2\/types\/product"}],"wp:featuredmedia":[{"embeddable":true,"href":"https:\/\/tibladin.dk\/sv\/wp-json\/wp\/v2\/media\/42216"}],"wp:attachment":[{"href":"https:\/\/tibladin.dk\/sv\/wp-json\/wp\/v2\/media?parent=42208"}],"wp:term":[{"taxonomy":"product_brand","embeddable":true,"href":"https:\/\/tibladin.dk\/sv\/wp-json\/wp\/v2\/product_brand?post=42208"},{"taxonomy":"product_cat","embeddable":true,"href":"https:\/\/tibladin.dk\/sv\/wp-json\/wp\/v2\/product_cat?post=42208"},{"taxonomy":"product_tag","embeddable":true,"href":"https:\/\/tibladin.dk\/sv\/wp-json\/wp\/v2\/product_tag?post=42208"}],"curies":[{"name":"wp","href":"https:\/\/api.w.org\/{rel}","templated":true}]}}