{"id":42250,"date":"2025-12-04T15:22:05","date_gmt":"2025-12-04T14:22:05","guid":{"rendered":"https:\/\/tibladin.dk\/?post_type=product&#038;p=42250"},"modified":"2026-04-01T15:42:44","modified_gmt":"2026-04-01T13:42:44","slug":"beni-ouarain-102x154-cm-tilmi","status":"publish","type":"product","link":"https:\/\/tibladin.dk\/sv\/produkt\/beni-ouarain-102x154-cm-tilmi\/","title":{"rendered":"Beni Ouarain 102\u00d7154 cm. \u2013 TILMI"},"content":{"rendered":"<div class=\"wpb-content-wrapper\"><p>!<div class=\"vc_row wpb_row vc_row-fluid\"><div class=\"wpb_column vc_column_container vc_col-sm-4\"><div class=\"vc_column-inner\"><div class=\"wpb_wrapper\"><\/div><\/div><\/div><div class=\"wpb_column vc_column_container vc_col-sm-4\"><div class=\"vc_column-inner\"><div class=\"wpb_wrapper\"><h3 style=\"text-align: left\" class=\"vc_custom_heading vc_do_custom_heading\" >Beni Ouarain mattunderh\u00e5ll<\/h3>\n\t<div class=\"wpb_text_column wpb_content_element\" >\n\t\t<div class=\"wpb_wrapper\">\n\t\t\t<p>Dammsug Beni Ouarain-mattan regelbundet och ta ut den och skaka den d\u00e5 och d\u00e5. Fl\u00e4ckar tas bort genom att bl\u00f6ta upp fl\u00e4cken s\u00e5 snabbt som m\u00f6jligt med en trasa och sedan dutta fl\u00e4cken med en fuktig trasa. Mattan \u00e4r 100 % ren ull och \u00e4r naturligt t\u00e4ckt med lanolin p\u00e5 varje fiber, vilket g\u00f6r att fl\u00e4ckar inte tr\u00e4nger in i mattan. Skulle vi ha turen att f\u00e5 sn\u00f6 en vinter i Danmark, s\u00e5 l\u00e4gg \u00e4ntligen ut t\u00e4cket i den vita sn\u00f6n. Detta kommer att reng\u00f6ra mattan grundligt \u2013 helt naturligt.<\/p>\n\n\t\t<\/div>\n\t<\/div>\n<\/div><\/div><\/div><div class=\"wpb_column vc_column_container vc_col-sm-4\"><div class=\"vc_column-inner\"><div class=\"wpb_wrapper\"><h3 style=\"text-align: left\" class=\"vc_custom_heading vc_do_custom_heading\" >Historien bakom Beni Ouarain mattor<\/h3>\n\t<div class=\"wpb_text_column wpb_content_element\" >\n\t\t<div class=\"wpb_wrapper\">\n\t\t\t<p>Beni Ouarain mattan dekorerar, ger mysighet och v\u00e4rme och \u00e4r \u00e4ven ljudabsorberande.<\/p>\n<p>Beni Ouarain-mattor \u00e4r mycket popul\u00e4ra \u00f6ver hela v\u00e4rlden och passar \u00e4ven den skandinaviska inredningen v\u00e4ldigt bra. M\u00e5nga inredningsm\u00e4rken har kopierat sin stil och l\u00e5ter tillverka dem industriellt. H\u00e4r p\u00e5 Tibladin har vi endast original- Beni Ouarain-mattor tillverkade f\u00f6r hand av kvinnor fr\u00e5n berberstammen Beni Ouarain, som har sitt ursprung s\u00f6der om Rif-bergen i Marocko. Filtarna anv\u00e4nds av berberstammen f\u00f6r att t\u00e4cka sig och ligga p\u00e5 n\u00e4r de beh\u00f6ver sova. Varje matta \u00e4r ett konstverk och till skillnad fr\u00e5n orientaliska mattor tillverkas de inte efter modeller, utan endast efter kvinnornas egna \u00f6nskem\u00e5l och symboliserar ofta de k\u00e4nslor kvinnorna har haft n\u00e4r de v\u00e4ver. Diamantformen som syns i m\u00e5nga av mattorna skyddar mot ondska. F\u00e4rgtonerna \u00e4r naturliga i sina vita, beige, bruna och svarta f\u00e4rger.<\/p>\n<p>Sl\u00e4ng dina skor och k\u00e4nn den mjuka ullen under f\u00f6tterna!<\/p>\n\n\t\t<\/div>\n\t<\/div>\n<\/div><\/div><\/div><\/div>\n<\/div>","protected":false},"excerpt":{"rendered":"<h3 data-start=\"80\" data-end=\"125\"><strong data-start=\"84\" data-end=\"123\">TILMI \u2013 Beni Ourain matta 102\u00d7154 cm<\/strong><\/h3>\n<p data-start=\"359\" data-end=\"681\"><em data-start=\"359\" data-end=\"369\">Till mig<\/em> \u00e4r en klassisk, handknuten Beni Ouarain-matta fr\u00e5n Atlasbergen i Marocko, skapad av ull fr\u00e5n lokala f\u00e5r och v\u00e4vd av berberkvinnor enligt ur\u00e5ldriga traditioner. Den mjuka elfenbensf\u00e4rgade basen i kombination med m\u00f6rka, grafiska diamantmotiv och sm\u00e5 &quot;stj\u00e4rnprickar&quot; ger mattan ett lugnt, modernt och tidl\u00f6st uttryck.<\/p>\n<p data-start=\"683\" data-end=\"967\">Den l\u00e5nga, lyxiga ullfilten g\u00f6r mattan oemotst\u00e5ndligt mjuk under f\u00f6tterna, medan det neutrala f\u00e4rgschemat passar in i alla typer av inredning \u2013 fr\u00e5n nordisk minimalism till varm bohemisk.<br data-start=\"867\" data-end=\"870\" \/><em data-start=\"870\" data-end=\"880\">Till mig <\/em>\u00e4r ett unikt hantverk som ger v\u00e4rme, textur och berberkultur in i hemmet.<\/p>\n<h3 data-start=\"969\" data-end=\"985\"><strong data-start=\"973\" data-end=\"985\">Detaljer<\/strong><\/h3>\n<ul data-start=\"986\" data-end=\"1196\">\n<li data-start=\"986\" data-end=\"1038\">\n<p data-start=\"988\" data-end=\"1038\">Ursprung: Beni Ourain, Atlasbergen, Marocko<\/p>\n<\/li>\n<li data-start=\"1039\" data-end=\"1067\">\n<p data-start=\"1041\" data-end=\"1067\">Material: 100% naturlig ull<\/p>\n<\/li>\n<li data-start=\"1068\" data-end=\"1113\">\n<p data-start=\"1070\" data-end=\"1113\">Handbunden med traditionella tekniker<\/p>\n<\/li>\n<li data-start=\"1114\" data-end=\"1158\">\n<p data-start=\"1116\" data-end=\"1158\">F\u00e4rger: Elfenben, varm beige och m\u00f6rkgr\u00e5<\/p>\n<\/li>\n<li data-start=\"1159\" data-end=\"1196\">\n<p data-start=\"1161\" data-end=\"1196\">Unik \u2013 endast tillg\u00e4nglig i ett exemplar<\/p>\n<\/li>\n<\/ul>\n<hr data-start=\"1198\" data-end=\"1201\" \/>","protected":false},"featured_media":42254,"template":"","meta":{"inline_featured_image":false},"product_brand":[],"product_cat":[62,59],"product_tag":[],"class_list":{"0":"post-42250","1":"product","2":"type-product","3":"status-publish","4":"has-post-thumbnail","6":"product_cat-beni-ouarain","7":"product_cat-marokkanske-taepper","9":"first","10":"outofstock","11":"taxable","12":"shipping-taxable","13":"purchasable","14":"product-type-simple"},"exclude_global_add_ons":[],"addons":[],"yoast_head":"<!-- This site is optimized with the Yoast SEO plugin v27.4 - https:\/\/yoast.com\/product\/yoast-seo-wordpress\/ -->\n<title>Beni Ouarain t\u00e6ppe | Marokkansk t\u00e6ppe | Kig her lige nu!<\/title>\n<meta name=\"description\" content=\"Marokkansk t\u00e6ppe Beni Ouarain i 100% uld. Dejlig lys uld med turkis diamantformet m\u00f8nster. T\u00e6ppet er h\u00e5ndv\u00e6vet i kvalitetsuld og m\u00e5ler 95x154 cm.\" \/>\n<meta name=\"robots\" content=\"index, follow, max-snippet:-1, max-image-preview:large, max-video-preview:-1\" \/>\n<link rel=\"canonical\" href=\"https:\/\/tibladin.dk\/sv\/produkt\/beni-ouarain-102x154-cm-tilmi\/\" \/>\n<meta property=\"og:locale\" content=\"sv_SE\" \/>\n<meta property=\"og:type\" content=\"article\" \/>\n<meta property=\"og:title\" content=\"Beni Ouarain t\u00e6ppe | Marokkansk t\u00e6ppe | Kig her lige nu!\" \/>\n<meta property=\"og:description\" content=\"Marokkansk t\u00e6ppe Beni Ouarain i 100% uld. Dejlig lys uld med turkis diamantformet m\u00f8nster. T\u00e6ppet er h\u00e5ndv\u00e6vet i kvalitetsuld og m\u00e5ler 95x154 cm.\" \/>\n<meta property=\"og:url\" content=\"https:\/\/tibladin.dk\/sv\/produkt\/beni-ouarain-102x154-cm-tilmi\/\" \/>\n<meta property=\"og:site_name\" content=\"Tibladin\" \/>\n<meta property=\"article:modified_time\" content=\"2026-04-01T13:42:44+00:00\" \/>\n<meta property=\"og:image\" content=\"https:\/\/tibladin.dk\/wp-content\/uploads\/2025\/12\/Beni-Ouarain-taeppe_TILMI_2.jpg\" \/>\n\t<meta property=\"og:image:width\" content=\"800\" \/>\n\t<meta property=\"og:image:height\" content=\"800\" \/>\n\t<meta property=\"og:image:type\" content=\"image\/jpeg\" \/>\n<meta name=\"twitter:card\" content=\"summary_large_image\" \/>\n<meta name=\"twitter:label1\" content=\"Ber\u00e4knad l\u00e4stid\" \/>\n\t<meta name=\"twitter:data1\" content=\"2 minuter\" \/>\n<script type=\"application\/ld+json\" class=\"yoast-schema-graph\">{\"@context\":\"https:\\\/\\\/schema.org\",\"@graph\":[{\"@type\":\"WebPage\",\"@id\":\"https:\\\/\\\/tibladin.dk\\\/produkt\\\/beni-ouarain-102x154-cm-tilmi\\\/\",\"url\":\"https:\\\/\\\/tibladin.dk\\\/produkt\\\/beni-ouarain-102x154-cm-tilmi\\\/\",\"name\":\"Beni Ouarain t\u00e6ppe | Marokkansk t\u00e6ppe | Kig her lige nu!\",\"isPartOf\":{\"@id\":\"https:\\\/\\\/tibladin.dk\\\/#website\"},\"primaryImageOfPage\":{\"@id\":\"https:\\\/\\\/tibladin.dk\\\/produkt\\\/beni-ouarain-102x154-cm-tilmi\\\/#primaryimage\"},\"image\":{\"@id\":\"https:\\\/\\\/tibladin.dk\\\/produkt\\\/beni-ouarain-102x154-cm-tilmi\\\/#primaryimage\"},\"thumbnailUrl\":\"https:\\\/\\\/tibladin.dk\\\/wp-content\\\/uploads\\\/2025\\\/12\\\/Beni-Ouarain-taeppe_TILMI_2.jpg\",\"datePublished\":\"2025-12-04T14:22:05+00:00\",\"dateModified\":\"2026-04-01T13:42:44+00:00\",\"description\":\"Marokkansk t\u00e6ppe Beni Ouarain i 100% uld. Dejlig lys uld med turkis diamantformet m\u00f8nster. T\u00e6ppet er h\u00e5ndv\u00e6vet i kvalitetsuld og m\u00e5ler 95x154 cm.\",\"breadcrumb\":{\"@id\":\"https:\\\/\\\/tibladin.dk\\\/produkt\\\/beni-ouarain-102x154-cm-tilmi\\\/#breadcrumb\"},\"inLanguage\":\"sv-SE\",\"potentialAction\":[{\"@type\":\"ReadAction\",\"target\":[\"https:\\\/\\\/tibladin.dk\\\/produkt\\\/beni-ouarain-102x154-cm-tilmi\\\/\"]}]},{\"@type\":\"ImageObject\",\"inLanguage\":\"sv-SE\",\"@id\":\"https:\\\/\\\/tibladin.dk\\\/produkt\\\/beni-ouarain-102x154-cm-tilmi\\\/#primaryimage\",\"url\":\"https:\\\/\\\/tibladin.dk\\\/wp-content\\\/uploads\\\/2025\\\/12\\\/Beni-Ouarain-taeppe_TILMI_2.jpg\",\"contentUrl\":\"https:\\\/\\\/tibladin.dk\\\/wp-content\\\/uploads\\\/2025\\\/12\\\/Beni-Ouarain-taeppe_TILMI_2.jpg\",\"width\":800,\"height\":800,\"caption\":\"lille beni ouarain i lys uld med sandfarvet m\u00f8nster - m\u00e5ler 102x154 cm\"},{\"@type\":\"BreadcrumbList\",\"@id\":\"https:\\\/\\\/tibladin.dk\\\/produkt\\\/beni-ouarain-102x154-cm-tilmi\\\/#breadcrumb\",\"itemListElement\":[{\"@type\":\"ListItem\",\"position\":1,\"name\":\"Hjem\",\"item\":\"https:\\\/\\\/tibladin.dk\\\/\"},{\"@type\":\"ListItem\",\"position\":2,\"name\":\"Shop\",\"item\":\"https:\\\/\\\/tibladin.dk\\\/shop\\\/\"},{\"@type\":\"ListItem\",\"position\":3,\"name\":\"Beni Ouarain 102&#215;154 cm. &#8211; TILMI\"}]},{\"@type\":\"WebSite\",\"@id\":\"https:\\\/\\\/tibladin.dk\\\/#website\",\"url\":\"https:\\\/\\\/tibladin.dk\\\/\",\"name\":\"Tibladin\",\"description\":\"Tibladin\",\"publisher\":{\"@id\":\"https:\\\/\\\/tibladin.dk\\\/#organization\"},\"potentialAction\":[{\"@type\":\"SearchAction\",\"target\":{\"@type\":\"EntryPoint\",\"urlTemplate\":\"https:\\\/\\\/tibladin.dk\\\/?s={search_term_string}\"},\"query-input\":{\"@type\":\"PropertyValueSpecification\",\"valueRequired\":true,\"valueName\":\"search_term_string\"}}],\"inLanguage\":\"sv-SE\"},{\"@type\":\"Organization\",\"@id\":\"https:\\\/\\\/tibladin.dk\\\/#organization\",\"name\":\"Tibladin\",\"url\":\"https:\\\/\\\/tibladin.dk\\\/\",\"logo\":{\"@type\":\"ImageObject\",\"inLanguage\":\"sv-SE\",\"@id\":\"https:\\\/\\\/tibladin.dk\\\/#\\\/schema\\\/logo\\\/image\\\/\",\"url\":\"https:\\\/\\\/tibladin.dk\\\/wp-content\\\/uploads\\\/2022\\\/09\\\/tibladin_logo.svg\",\"contentUrl\":\"https:\\\/\\\/tibladin.dk\\\/wp-content\\\/uploads\\\/2022\\\/09\\\/tibladin_logo.svg\",\"caption\":\"Tibladin\"},\"image\":{\"@id\":\"https:\\\/\\\/tibladin.dk\\\/#\\\/schema\\\/logo\\\/image\\\/\"}}]}<\/script>\n<!-- \/ Yoast SEO plugin. -->","yoast_head_json":{"title":"Beni Ouarain matta | Marockansk matta | Titta h\u00e4r nu!","description":"Marockansk matta Beni Ourain i 100% ull. Vackert ljust ullm\u00f6nster med turkost diamantformat m\u00f6nster. Mattan \u00e4r handv\u00e4vd i kvalitetsull och m\u00e4ter 95x154 cm.","robots":{"index":"index","follow":"follow","max-snippet":"max-snippet:-1","max-image-preview":"max-image-preview:large","max-video-preview":"max-video-preview:-1"},"canonical":"https:\/\/tibladin.dk\/sv\/produkt\/beni-ouarain-102x154-cm-tilmi\/","og_locale":"sv_SE","og_type":"article","og_title":"Beni Ouarain t\u00e6ppe | Marokkansk t\u00e6ppe | Kig her lige nu!","og_description":"Marokkansk t\u00e6ppe Beni Ouarain i 100% uld. Dejlig lys uld med turkis diamantformet m\u00f8nster. T\u00e6ppet er h\u00e5ndv\u00e6vet i kvalitetsuld og m\u00e5ler 95x154 cm.","og_url":"https:\/\/tibladin.dk\/sv\/produkt\/beni-ouarain-102x154-cm-tilmi\/","og_site_name":"Tibladin","article_modified_time":"2026-04-01T13:42:44+00:00","og_image":[{"width":800,"height":800,"url":"https:\/\/tibladin.dk\/wp-content\/uploads\/2025\/12\/Beni-Ouarain-taeppe_TILMI_2.jpg","type":"image\/jpeg"}],"twitter_card":"summary_large_image","twitter_misc":{"Ber\u00e4knad l\u00e4stid":"2 minuter"},"schema":{"@context":"https:\/\/schema.org","@graph":[{"@type":"WebPage","@id":"https:\/\/tibladin.dk\/produkt\/beni-ouarain-102x154-cm-tilmi\/","url":"https:\/\/tibladin.dk\/produkt\/beni-ouarain-102x154-cm-tilmi\/","name":"Beni Ouarain matta | Marockansk matta | Titta h\u00e4r nu!","isPartOf":{"@id":"https:\/\/tibladin.dk\/#website"},"primaryImageOfPage":{"@id":"https:\/\/tibladin.dk\/produkt\/beni-ouarain-102x154-cm-tilmi\/#primaryimage"},"image":{"@id":"https:\/\/tibladin.dk\/produkt\/beni-ouarain-102x154-cm-tilmi\/#primaryimage"},"thumbnailUrl":"https:\/\/tibladin.dk\/wp-content\/uploads\/2025\/12\/Beni-Ouarain-taeppe_TILMI_2.jpg","datePublished":"2025-12-04T14:22:05+00:00","dateModified":"2026-04-01T13:42:44+00:00","description":"Marockansk matta Beni Ourain i 100% ull. Vackert ljust ullm\u00f6nster med turkost diamantformat m\u00f6nster. Mattan \u00e4r handv\u00e4vd i kvalitetsull och m\u00e4ter 95x154 cm.","breadcrumb":{"@id":"https:\/\/tibladin.dk\/produkt\/beni-ouarain-102x154-cm-tilmi\/#breadcrumb"},"inLanguage":"sv-SE","potentialAction":[{"@type":"ReadAction","target":["https:\/\/tibladin.dk\/produkt\/beni-ouarain-102x154-cm-tilmi\/"]}]},{"@type":"ImageObject","inLanguage":"sv-SE","@id":"https:\/\/tibladin.dk\/produkt\/beni-ouarain-102x154-cm-tilmi\/#primaryimage","url":"https:\/\/tibladin.dk\/wp-content\/uploads\/2025\/12\/Beni-Ouarain-taeppe_TILMI_2.jpg","contentUrl":"https:\/\/tibladin.dk\/wp-content\/uploads\/2025\/12\/Beni-Ouarain-taeppe_TILMI_2.jpg","width":800,"height":800,"caption":"lille beni ouarain i lys uld med sandfarvet m\u00f8nster - m\u00e5ler 102x154 cm"},{"@type":"BreadcrumbList","@id":"https:\/\/tibladin.dk\/produkt\/beni-ouarain-102x154-cm-tilmi\/#breadcrumb","itemListElement":[{"@type":"ListItem","position":1,"name":"Hjem","item":"https:\/\/tibladin.dk\/"},{"@type":"ListItem","position":2,"name":"Shop","item":"https:\/\/tibladin.dk\/shop\/"},{"@type":"ListItem","position":3,"name":"Beni Ouarain 102&#215;154 cm. &#8211; TILMI"}]},{"@type":"WebSite","@id":"https:\/\/tibladin.dk\/#website","url":"https:\/\/tibladin.dk\/","name":"Tibladin","description":"Tibladin","publisher":{"@id":"https:\/\/tibladin.dk\/#organization"},"potentialAction":[{"@type":"SearchAction","target":{"@type":"EntryPoint","urlTemplate":"https:\/\/tibladin.dk\/?s={search_term_string}"},"query-input":{"@type":"PropertyValueSpecification","valueRequired":true,"valueName":"search_term_string"}}],"inLanguage":"sv-SE"},{"@type":"Organization","@id":"https:\/\/tibladin.dk\/#organization","name":"Tibladin","url":"https:\/\/tibladin.dk\/","logo":{"@type":"ImageObject","inLanguage":"sv-SE","@id":"https:\/\/tibladin.dk\/#\/schema\/logo\/image\/","url":"https:\/\/tibladin.dk\/wp-content\/uploads\/2022\/09\/tibladin_logo.svg","contentUrl":"https:\/\/tibladin.dk\/wp-content\/uploads\/2022\/09\/tibladin_logo.svg","caption":"Tibladin"},"image":{"@id":"https:\/\/tibladin.dk\/#\/schema\/logo\/image\/"}}]}},"_links":{"self":[{"href":"https:\/\/tibladin.dk\/sv\/wp-json\/wp\/v2\/product\/42250","targetHints":{"allow":["GET"]}}],"collection":[{"href":"https:\/\/tibladin.dk\/sv\/wp-json\/wp\/v2\/product"}],"about":[{"href":"https:\/\/tibladin.dk\/sv\/wp-json\/wp\/v2\/types\/product"}],"wp:featuredmedia":[{"embeddable":true,"href":"https:\/\/tibladin.dk\/sv\/wp-json\/wp\/v2\/media\/42254"}],"wp:attachment":[{"href":"https:\/\/tibladin.dk\/sv\/wp-json\/wp\/v2\/media?parent=42250"}],"wp:term":[{"taxonomy":"product_brand","embeddable":true,"href":"https:\/\/tibladin.dk\/sv\/wp-json\/wp\/v2\/product_brand?post=42250"},{"taxonomy":"product_cat","embeddable":true,"href":"https:\/\/tibladin.dk\/sv\/wp-json\/wp\/v2\/product_cat?post=42250"},{"taxonomy":"product_tag","embeddable":true,"href":"https:\/\/tibladin.dk\/sv\/wp-json\/wp\/v2\/product_tag?post=42250"}],"curies":[{"name":"wp","href":"https:\/\/api.w.org\/{rel}","templated":true}]}}