{"id":43286,"date":"2026-02-16T17:45:25","date_gmt":"2026-02-16T16:45:25","guid":{"rendered":"https:\/\/tibladin.dk\/?post_type=product&#038;p=43286"},"modified":"2026-02-19T13:01:52","modified_gmt":"2026-02-19T12:01:52","slug":"overkast-halima-230x240-cm-inkl-2-kuddar-med-fyllning","status":"publish","type":"product","link":"https:\/\/tibladin.dk\/sv\/produkt\/sengetaeppe-halima-230x240-cm-inkl-2-puder-m-fyld\/","title":{"rendered":"\u00d6verkast HALIMA 230\u00d7240 cm. inkl. 2 kuddar med fyllning"},"content":{"rendered":"<div class=\"wpb-content-wrapper\"><div class=\"vc_row wpb_row vc_row-fluid\"><div class=\"wpb_column vc_column_container vc_col-sm-4\"><div class=\"vc_column-inner\"><div class=\"wpb_wrapper\"><h3 style=\"text-align: left\" class=\"vc_custom_heading vc_do_custom_heading\" >Underh\u00e5ll<\/h3>\n\t<div class=\"wpb_text_column wpb_content_element\" >\n\t\t<div class=\"wpb_wrapper\">\n\t\t\t<p>Kan tv\u00e4ttas i 40 grader i maskin. D\u00e5 mattan \u00e4r handv\u00e4vd rekommenderas att tv\u00e4tta den f\u00f6rsiktigt i 30 grader, d\u00e5 den mycket v\u00e4l kan \u00e4ndra struktur vid h\u00f6gre temperatur.<\/p>\n\n\t\t<\/div>\n\t<\/div>\n<\/div><\/div><\/div><div class=\"wpb_column vc_column_container vc_col-sm-4\"><div class=\"vc_column-inner\"><div class=\"wpb_wrapper\"><h3 style=\"text-align: left\" class=\"vc_custom_heading vc_do_custom_heading\" >Historien bakom<\/h3>\n\t<div class=\"wpb_text_column wpb_content_element\" >\n\t\t<div class=\"wpb_wrapper\">\n\t\t\t<p>Ett \u00f6verkast \u00e4r en bra dekoration i ett sovrum. Dessutom \u00e4r den fantastisk f\u00f6r att t\u00e4cka en s\u00e4ng, vare sig den \u00e4r st\u00f6kig eller inte, \u00f6verkast ger ditt sovrum ett snyggt och snyggt utseende.<\/p>\n<p>Detta marockanska \u00f6verkast \u00e4r en del av en serie med tv\u00e5 andra \u00f6verkast, <a href=\"https:\/\/tibladin.dk\/sv\/produkt\/overkast-asfar-240x260-inkl-2-kuddar\/\">S\u00c5 L\u00c5NGT<\/a> och <a href=\"https:\/\/tibladin.dk\/sv\/produkt\/overkast-aswad-240x260-inkl-2-kuddar\/\">ASWAD<\/a>. De \u00e4r gjorda i finaste kvalitet, designade i samarbete med v\u00e5r designer med egen verkstad i Marrakech. Vi l\u00e4gger stor vikt vid att designa marockanska \u00f6verkast som passar in i en modern, skandinavisk inredning.<\/p>\n\n\t\t<\/div>\n\t<\/div>\n<\/div><\/div><\/div><\/div>\n<\/div>","protected":false},"excerpt":{"rendered":"<p>Skapa en varm och harmonisk atmosf\u00e4r i sovrummet med v\u00e5rt vackra \u00f6verkast. <em data-start=\"133\" data-end=\"141\">Halima<\/em>. Namnet betyder <em data-start=\"158\" data-end=\"176\">mild och t\u00e5lmodig<\/em> p\u00e5 arabiska \u2013 en fin referens till det lugna uttrycket och det tidskr\u00e4vande hantverket bakom mattan.<\/p>\n<p data-start=\"271\" data-end=\"663\">\u00d6verkastet \u00e4r handv\u00e4vt i Marrakech i 100% bomull \u2013 en mjuk och l\u00e4cker kvalitet. Med sin eleganta, randiga design i sand och naturvitt utstr\u00e5lar detta \u00f6verkast lugn och hemtrevlig mysighet. De fina, horisontella r\u00e4nderna skapar ett lugnt och exklusivt uttryck som passar perfekt in i b\u00e5de nordiska och mer bohemiskt inspirerade inredningar. I varje h\u00f6rn \u00e4r filten avslutad med dekorativa, handgjorda pompoms i matchande sand, vilket ger en mjuk och personlig touch.<\/p>\n<p data-start=\"665\" data-end=\"892\">Med sina m\u00e5tt p\u00e5 230\u00d7240 faller \u00f6verkastet vackert ner \u00f6ver sidorna och passar perfekt p\u00e5 en dubbels\u00e4ng. Den starka kvaliteten och vikten p\u00e5 4 <strong>kg<\/strong> ger filten en vacker tyngd, s\u00e5 den ligger elegant och smidigt \u00f6ver s\u00e4ngen.<\/p>\n<p data-start=\"894\" data-end=\"1025\">Halima \u00e4r inte bara dekorativ \u2013 det \u00e4r ett stycke autentiskt marockanskt hantverk, d\u00e4r varje detalj vittnar om tradition och kvalitet.<\/p>\n<p data-start=\"1027\" data-end=\"1187\">De matchande kuddarna med sandf\u00e4rgade r\u00e4nder och pompomdetaljer kompletterar looken och skapar en komplett helhetsintryck i sovrummet. Kuddarna levereras med fyllning, s\u00e5 allt \u00e4r klart att installeras i sovrummet. <b>\u00a0<\/b><\/p>\n<p data-start=\"1189\" data-end=\"1285\" data-is-last-node=\"\" data-is-only-node=\"\">Ett exklusivt och tidl\u00f6st \u00f6verkast som ger ditt sovrum karakt\u00e4r och en touch av marockansk v\u00e4rme.<\/p>\n<p>Genom att l\u00e4gga till detta tidl\u00f6sa \u00f6verkast kan du enkelt f\u00f6rvandla din inredning och ge rummet ett mer komplett och harmoniskt uttryck. Ett enda lager textil \u00f6ver s\u00e4ngen skapar omedelbart lugn, v\u00e4rme och balans i rummet \u2013 och fungerar som ett samlande element mellan v\u00e4ggar, golv och andra m\u00f6bler. Det \u00e4r ett enkelt s\u00e4tt att uppgradera sovrummet \u2013 utan att beh\u00f6va byta ut m\u00f6bler eller m\u00e5la v\u00e4ggarna. Med andra ord \u00e4r ett \u00f6verkast en liten investering som g\u00f6r en stor visuell skillnad.<\/p>","protected":false},"featured_media":43337,"template":"","meta":{"inline_featured_image":false},"product_brand":[],"product_cat":[38,37],"product_tag":[],"class_list":{"0":"post-43286","1":"product","2":"type-product","3":"status-publish","4":"has-post-thumbnail","6":"product_cat-sengetaepper","7":"product_cat-tekstiler","9":"first","10":"instock","11":"taxable","12":"shipping-taxable","13":"purchasable","14":"product-type-simple"},"exclude_global_add_ons":false,"addons":[{"name":"Vill du ha presentinslagning?","type":"checkbox","position":0,"required":false,"title_format":"label","default":"","description_enable":false,"description":"","placeholder_enable":false,"placeholder":"","display":"images","restrictions_type":"any_text","adjust_price":false,"price":"","price_type":"flat_fee","restrictions":false,"min":"0","max":"0","options":[{"label":"Ja tak","price":"10","price_type":"flat_fee","image":11015,"visibility":true}],"id":1669646111}],"yoast_head":"<!-- This site is optimized with the Yoast SEO plugin v27.4 - https:\/\/yoast.com\/product\/yoast-seo-wordpress\/ -->\n<title>Marokkansk senget\u00e6ppe HALIMA | + 2 puder m. fyld | H\u00e5ndv\u00e6vet<\/title>\n<meta name=\"description\" content=\"Dekorativt marokkansk senget\u00e6ppe. H\u00e5ndv\u00e6vet i sandfarvet bomuld med sorte striber og hvide pomponer. Inkl 2 matchende pudebetr\u00e6k \u21d2 Se mere her\" \/>\n<meta name=\"robots\" content=\"index, follow, max-snippet:-1, max-image-preview:large, max-video-preview:-1\" \/>\n<link rel=\"canonical\" href=\"https:\/\/tibladin.dk\/sv\/produkt\/overkast-halima-230x240-cm-inkl-2-kuddar-med-fyllning\/\" \/>\n<meta property=\"og:locale\" content=\"sv_SE\" \/>\n<meta property=\"og:type\" content=\"article\" \/>\n<meta property=\"og:title\" content=\"Marokkansk senget\u00e6ppe HALIMA | + 2 puder m. fyld | H\u00e5ndv\u00e6vet\" \/>\n<meta property=\"og:description\" content=\"Dekorativt marokkansk senget\u00e6ppe. H\u00e5ndv\u00e6vet i sandfarvet bomuld med sorte striber og hvide pomponer. Inkl 2 matchende pudebetr\u00e6k \u21d2 Se mere her\" \/>\n<meta property=\"og:url\" content=\"https:\/\/tibladin.dk\/sv\/produkt\/overkast-halima-230x240-cm-inkl-2-kuddar-med-fyllning\/\" \/>\n<meta property=\"og:site_name\" content=\"Tibladin\" \/>\n<meta property=\"article:modified_time\" content=\"2026-02-19T12:01:52+00:00\" \/>\n<meta property=\"og:image\" content=\"https:\/\/tibladin.dk\/wp-content\/uploads\/2026\/02\/Halima_7.jpg\" \/>\n\t<meta property=\"og:image:width\" content=\"800\" \/>\n\t<meta property=\"og:image:height\" content=\"800\" \/>\n\t<meta property=\"og:image:type\" content=\"image\/jpeg\" \/>\n<meta name=\"twitter:card\" content=\"summary_large_image\" \/>\n<meta name=\"twitter:label1\" content=\"Ber\u00e4knad l\u00e4stid\" \/>\n\t<meta name=\"twitter:data1\" content=\"2 minuter\" \/>\n<script type=\"application\/ld+json\" class=\"yoast-schema-graph\">{\"@context\":\"https:\\\/\\\/schema.org\",\"@graph\":[{\"@type\":\"WebPage\",\"@id\":\"https:\\\/\\\/tibladin.dk\\\/produkt\\\/sengetaeppe-halima-230x240-cm-inkl-2-puder-m-fyld\\\/\",\"url\":\"https:\\\/\\\/tibladin.dk\\\/produkt\\\/sengetaeppe-halima-230x240-cm-inkl-2-puder-m-fyld\\\/\",\"name\":\"Marokkansk senget\u00e6ppe HALIMA | + 2 puder m. fyld | H\u00e5ndv\u00e6vet\",\"isPartOf\":{\"@id\":\"https:\\\/\\\/tibladin.dk\\\/#website\"},\"primaryImageOfPage\":{\"@id\":\"https:\\\/\\\/tibladin.dk\\\/produkt\\\/sengetaeppe-halima-230x240-cm-inkl-2-puder-m-fyld\\\/#primaryimage\"},\"image\":{\"@id\":\"https:\\\/\\\/tibladin.dk\\\/produkt\\\/sengetaeppe-halima-230x240-cm-inkl-2-puder-m-fyld\\\/#primaryimage\"},\"thumbnailUrl\":\"https:\\\/\\\/tibladin.dk\\\/wp-content\\\/uploads\\\/2026\\\/02\\\/Halima_7.jpg\",\"datePublished\":\"2026-02-16T16:45:25+00:00\",\"dateModified\":\"2026-02-19T12:01:52+00:00\",\"description\":\"Dekorativt marokkansk senget\u00e6ppe. H\u00e5ndv\u00e6vet i sandfarvet bomuld med sorte striber og hvide pomponer. Inkl 2 matchende pudebetr\u00e6k \u21d2 Se mere her\",\"breadcrumb\":{\"@id\":\"https:\\\/\\\/tibladin.dk\\\/produkt\\\/sengetaeppe-halima-230x240-cm-inkl-2-puder-m-fyld\\\/#breadcrumb\"},\"inLanguage\":\"sv-SE\",\"potentialAction\":[{\"@type\":\"ReadAction\",\"target\":[\"https:\\\/\\\/tibladin.dk\\\/produkt\\\/sengetaeppe-halima-230x240-cm-inkl-2-puder-m-fyld\\\/\"]}]},{\"@type\":\"ImageObject\",\"inLanguage\":\"sv-SE\",\"@id\":\"https:\\\/\\\/tibladin.dk\\\/produkt\\\/sengetaeppe-halima-230x240-cm-inkl-2-puder-m-fyld\\\/#primaryimage\",\"url\":\"https:\\\/\\\/tibladin.dk\\\/wp-content\\\/uploads\\\/2026\\\/02\\\/Halima_7.jpg\",\"contentUrl\":\"https:\\\/\\\/tibladin.dk\\\/wp-content\\\/uploads\\\/2026\\\/02\\\/Halima_7.jpg\",\"width\":800,\"height\":800,\"caption\":\"Halima senget\u00e6ppe med brune striber i 100% bomuld\"},{\"@type\":\"BreadcrumbList\",\"@id\":\"https:\\\/\\\/tibladin.dk\\\/produkt\\\/sengetaeppe-halima-230x240-cm-inkl-2-puder-m-fyld\\\/#breadcrumb\",\"itemListElement\":[{\"@type\":\"ListItem\",\"position\":1,\"name\":\"Hjem\",\"item\":\"https:\\\/\\\/tibladin.dk\\\/\"},{\"@type\":\"ListItem\",\"position\":2,\"name\":\"Shop\",\"item\":\"https:\\\/\\\/tibladin.dk\\\/shop\\\/\"},{\"@type\":\"ListItem\",\"position\":3,\"name\":\"Senget\u00e6ppe HALIMA 230&#215;240 cm. inkl 2 puder m. fyld\"}]},{\"@type\":\"WebSite\",\"@id\":\"https:\\\/\\\/tibladin.dk\\\/#website\",\"url\":\"https:\\\/\\\/tibladin.dk\\\/\",\"name\":\"Tibladin\",\"description\":\"Tibladin\",\"publisher\":{\"@id\":\"https:\\\/\\\/tibladin.dk\\\/#organization\"},\"potentialAction\":[{\"@type\":\"SearchAction\",\"target\":{\"@type\":\"EntryPoint\",\"urlTemplate\":\"https:\\\/\\\/tibladin.dk\\\/?s={search_term_string}\"},\"query-input\":{\"@type\":\"PropertyValueSpecification\",\"valueRequired\":true,\"valueName\":\"search_term_string\"}}],\"inLanguage\":\"sv-SE\"},{\"@type\":\"Organization\",\"@id\":\"https:\\\/\\\/tibladin.dk\\\/#organization\",\"name\":\"Tibladin\",\"url\":\"https:\\\/\\\/tibladin.dk\\\/\",\"logo\":{\"@type\":\"ImageObject\",\"inLanguage\":\"sv-SE\",\"@id\":\"https:\\\/\\\/tibladin.dk\\\/#\\\/schema\\\/logo\\\/image\\\/\",\"url\":\"https:\\\/\\\/tibladin.dk\\\/wp-content\\\/uploads\\\/2022\\\/09\\\/tibladin_logo.svg\",\"contentUrl\":\"https:\\\/\\\/tibladin.dk\\\/wp-content\\\/uploads\\\/2022\\\/09\\\/tibladin_logo.svg\",\"caption\":\"Tibladin\"},\"image\":{\"@id\":\"https:\\\/\\\/tibladin.dk\\\/#\\\/schema\\\/logo\\\/image\\\/\"}}]}<\/script>\n<!-- \/ Yoast SEO plugin. -->","yoast_head_json":{"title":"Marockanskt \u00f6verkast HALIMA | + 2 kuddar med fyllning | Handv\u00e4vd","description":"Dekorativt marockanskt \u00f6verkast. Handv\u00e4vd i sandf\u00e4rgad bomull med svarta r\u00e4nder och vita pompoms. Inklusive 2 matchande \u00f6rngott \u21d2 Se mer h\u00e4r","robots":{"index":"index","follow":"follow","max-snippet":"max-snippet:-1","max-image-preview":"max-image-preview:large","max-video-preview":"max-video-preview:-1"},"canonical":"https:\/\/tibladin.dk\/sv\/produkt\/overkast-halima-230x240-cm-inkl-2-kuddar-med-fyllning\/","og_locale":"sv_SE","og_type":"article","og_title":"Marokkansk senget\u00e6ppe HALIMA | + 2 puder m. fyld | H\u00e5ndv\u00e6vet","og_description":"Dekorativt marokkansk senget\u00e6ppe. H\u00e5ndv\u00e6vet i sandfarvet bomuld med sorte striber og hvide pomponer. Inkl 2 matchende pudebetr\u00e6k \u21d2 Se mere her","og_url":"https:\/\/tibladin.dk\/sv\/produkt\/overkast-halima-230x240-cm-inkl-2-kuddar-med-fyllning\/","og_site_name":"Tibladin","article_modified_time":"2026-02-19T12:01:52+00:00","og_image":[{"width":800,"height":800,"url":"https:\/\/tibladin.dk\/wp-content\/uploads\/2026\/02\/Halima_7.jpg","type":"image\/jpeg"}],"twitter_card":"summary_large_image","twitter_misc":{"Ber\u00e4knad l\u00e4stid":"2 minuter"},"schema":{"@context":"https:\/\/schema.org","@graph":[{"@type":"WebPage","@id":"https:\/\/tibladin.dk\/produkt\/sengetaeppe-halima-230x240-cm-inkl-2-puder-m-fyld\/","url":"https:\/\/tibladin.dk\/produkt\/sengetaeppe-halima-230x240-cm-inkl-2-puder-m-fyld\/","name":"Marockanskt \u00f6verkast HALIMA | + 2 kuddar med fyllning | Handv\u00e4vd","isPartOf":{"@id":"https:\/\/tibladin.dk\/#website"},"primaryImageOfPage":{"@id":"https:\/\/tibladin.dk\/produkt\/sengetaeppe-halima-230x240-cm-inkl-2-puder-m-fyld\/#primaryimage"},"image":{"@id":"https:\/\/tibladin.dk\/produkt\/sengetaeppe-halima-230x240-cm-inkl-2-puder-m-fyld\/#primaryimage"},"thumbnailUrl":"https:\/\/tibladin.dk\/wp-content\/uploads\/2026\/02\/Halima_7.jpg","datePublished":"2026-02-16T16:45:25+00:00","dateModified":"2026-02-19T12:01:52+00:00","description":"Dekorativt marockanskt \u00f6verkast. Handv\u00e4vd i sandf\u00e4rgad bomull med svarta r\u00e4nder och vita pompoms. Inklusive 2 matchande \u00f6rngott \u21d2 Se mer h\u00e4r","breadcrumb":{"@id":"https:\/\/tibladin.dk\/produkt\/sengetaeppe-halima-230x240-cm-inkl-2-puder-m-fyld\/#breadcrumb"},"inLanguage":"sv-SE","potentialAction":[{"@type":"ReadAction","target":["https:\/\/tibladin.dk\/produkt\/sengetaeppe-halima-230x240-cm-inkl-2-puder-m-fyld\/"]}]},{"@type":"ImageObject","inLanguage":"sv-SE","@id":"https:\/\/tibladin.dk\/produkt\/sengetaeppe-halima-230x240-cm-inkl-2-puder-m-fyld\/#primaryimage","url":"https:\/\/tibladin.dk\/wp-content\/uploads\/2026\/02\/Halima_7.jpg","contentUrl":"https:\/\/tibladin.dk\/wp-content\/uploads\/2026\/02\/Halima_7.jpg","width":800,"height":800,"caption":"Halima senget\u00e6ppe med brune striber i 100% bomuld"},{"@type":"BreadcrumbList","@id":"https:\/\/tibladin.dk\/produkt\/sengetaeppe-halima-230x240-cm-inkl-2-puder-m-fyld\/#breadcrumb","itemListElement":[{"@type":"ListItem","position":1,"name":"Hjem","item":"https:\/\/tibladin.dk\/"},{"@type":"ListItem","position":2,"name":"Shop","item":"https:\/\/tibladin.dk\/shop\/"},{"@type":"ListItem","position":3,"name":"Senget\u00e6ppe HALIMA 230&#215;240 cm. inkl 2 puder m. fyld"}]},{"@type":"WebSite","@id":"https:\/\/tibladin.dk\/#website","url":"https:\/\/tibladin.dk\/","name":"Tibladin","description":"Tibladin","publisher":{"@id":"https:\/\/tibladin.dk\/#organization"},"potentialAction":[{"@type":"SearchAction","target":{"@type":"EntryPoint","urlTemplate":"https:\/\/tibladin.dk\/?s={search_term_string}"},"query-input":{"@type":"PropertyValueSpecification","valueRequired":true,"valueName":"search_term_string"}}],"inLanguage":"sv-SE"},{"@type":"Organization","@id":"https:\/\/tibladin.dk\/#organization","name":"Tibladin","url":"https:\/\/tibladin.dk\/","logo":{"@type":"ImageObject","inLanguage":"sv-SE","@id":"https:\/\/tibladin.dk\/#\/schema\/logo\/image\/","url":"https:\/\/tibladin.dk\/wp-content\/uploads\/2022\/09\/tibladin_logo.svg","contentUrl":"https:\/\/tibladin.dk\/wp-content\/uploads\/2022\/09\/tibladin_logo.svg","caption":"Tibladin"},"image":{"@id":"https:\/\/tibladin.dk\/#\/schema\/logo\/image\/"}}]}},"_links":{"self":[{"href":"https:\/\/tibladin.dk\/sv\/wp-json\/wp\/v2\/product\/43286","targetHints":{"allow":["GET"]}}],"collection":[{"href":"https:\/\/tibladin.dk\/sv\/wp-json\/wp\/v2\/product"}],"about":[{"href":"https:\/\/tibladin.dk\/sv\/wp-json\/wp\/v2\/types\/product"}],"wp:featuredmedia":[{"embeddable":true,"href":"https:\/\/tibladin.dk\/sv\/wp-json\/wp\/v2\/media\/43337"}],"wp:attachment":[{"href":"https:\/\/tibladin.dk\/sv\/wp-json\/wp\/v2\/media?parent=43286"}],"wp:term":[{"taxonomy":"product_brand","embeddable":true,"href":"https:\/\/tibladin.dk\/sv\/wp-json\/wp\/v2\/product_brand?post=43286"},{"taxonomy":"product_cat","embeddable":true,"href":"https:\/\/tibladin.dk\/sv\/wp-json\/wp\/v2\/product_cat?post=43286"},{"taxonomy":"product_tag","embeddable":true,"href":"https:\/\/tibladin.dk\/sv\/wp-json\/wp\/v2\/product_tag?post=43286"}],"curies":[{"name":"wp","href":"https:\/\/api.w.org\/{rel}","templated":true}]}}