{"id":43791,"date":"2026-03-19T14:48:39","date_gmt":"2026-03-19T13:48:39","guid":{"rendered":"https:\/\/tibladin.dk\/?post_type=product&#038;p=43791"},"modified":"2026-03-19T15:09:03","modified_gmt":"2026-03-19T14:09:03","slug":"bild-svartvitt-foto-i-ram-nomad","status":"publish","type":"product","link":"https:\/\/tibladin.dk\/sv\/produkt\/billede-sort-hvid-foto-i-ramme-nomad\/","title":{"rendered":"Bild | svartvitt foto i ram \u2013 NOMAD"},"content":{"rendered":"<div class=\"wpb-content-wrapper\"><div class=\"vc_row wpb_row vc_row-fluid\"><div class=\"wpb_column vc_column_container vc_col-sm-4\"><div class=\"vc_column-inner\"><div class=\"wpb_wrapper\"><\/div><\/div><\/div><div class=\"wpb_column vc_column_container vc_col-sm-4\"><div class=\"vc_column-inner\"><div class=\"wpb_wrapper\"><h3 style=\"text-align: left\" class=\"vc_custom_heading vc_do_custom_heading\" >Ram<\/h3>\n\t<div class=\"wpb_text_column wpb_content_element\" >\n\t\t<div class=\"wpb_wrapper\">\n\t\t\t<p>Levereras i en vacker tr\u00e4ram och \u00e4kta glas.<\/p>\n\n\t\t<\/div>\n\t<\/div>\n<\/div><\/div><\/div><div class=\"wpb_column vc_column_container vc_col-sm-4\"><div class=\"vc_column-inner\"><div class=\"wpb_wrapper\"><h3 style=\"text-align: left\" class=\"vc_custom_heading vc_do_custom_heading\" >S\u00e5 h\u00e4r dekorerar jag mina v\u00e4ggar<\/h3>\n\t<div class=\"wpb_text_column wpb_content_element\" >\n\t\t<div class=\"wpb_wrapper\">\n\t\t\t<p><span class=\"JsGRdQ\">Skulle dina v\u00e4ggar bubbla \u00f6ver som ett champagneglas av romantik, utstr\u00e5la exklusivitet, skapa en v\u00e4rme<\/span><span class=\"JsGRdQ\">\u00a0<\/span><span class=\"JsGRdQ\">bohemisk vibe eller n\u00e5got helt annat? Det kan uppn\u00e5s med sm\u00e5 f\u00f6r\u00e4ndringar och n\u00e5gra enkla val. Anv\u00e4nd affischer av lokala marockanska konstn\u00e4rer f\u00f6r att ge din inredning ett personligt och unikt utseende.<\/span><\/p>\n\n\t\t<\/div>\n\t<\/div>\n<\/div><\/div><\/div><\/div>\n<\/div>","protected":false},"excerpt":{"rendered":"<p>L\u00e5t dig inspireras av detta vackra marockanska svartvita foto. Fotot \u00e4r placerat i en rustik svart passepartoutram i tr\u00e4.<\/p>\n<p>Ramen m\u00e4ter 32\u00d742 cm och sj\u00e4lva fotot 18\u00d729 cm.<\/p>\n<p><b>NOMAD: <\/b>\u00a0\u00e4r ett gammalt svartvitt fotografi fr\u00e5n Marocko \u2013 r\u00e5tt, enkelt och fullt av ber\u00e4ttelser. Den \u00e4ldre mannen st\u00e5r ensam mot en \u00f6ppen horisont, insvept i traditionella kl\u00e4der och med en stav i handen. Kroppen \u00e4r v\u00e4nd fram\u00e5t, men handen pekar l\u00e4ngre fram. Som om han redan \u00e4r p\u00e5 v\u00e4g.<\/p>\n<p data-start=\"488\" data-end=\"650\">Bilden \u00e4r inspirerad av Marockos nomadliv och de stolta Amazigh-traditionerna, d\u00e4r r\u00f6relse, frihet och koppling till landskapet \u00e4r en del av livets rytm.<\/p>\n<p data-start=\"652\" data-end=\"837\">Ljuset faller mjukt och framh\u00e4ver kontrasten mellan det m\u00f6rka tyget och den ljusa himlen.<\/p>\n<p data-start=\"652\" data-end=\"837\">Perfekt f\u00f6r ett rum d\u00e4r du vill ha djup, karakt\u00e4r och en koppling till n\u00e5got genuint och tidl\u00f6st.<\/p>\n<p>&nbsp;<\/p>\n<p>&nbsp;<\/p>","protected":false},"featured_media":41204,"template":"","meta":{"inline_featured_image":false},"product_brand":[],"product_cat":[111,133,56],"product_tag":[],"class_list":{"0":"post-43791","1":"product","2":"type-product","3":"status-publish","4":"has-post-thumbnail","6":"product_cat-plakater","7":"product_cat-plakater30x40","8":"product_cat-vaegdekoration","10":"first","11":"instock","12":"taxable","13":"shipping-taxable","14":"purchasable","15":"product-type-simple"},"exclude_global_add_ons":false,"addons":[{"name":"Vill du ha presentinslagning?","type":"checkbox","position":0,"required":false,"title_format":"label","default":"","description_enable":false,"description":"","placeholder_enable":false,"placeholder":"","display":"images","restrictions_type":"any_text","adjust_price":false,"price":"","price_type":"flat_fee","restrictions":false,"min":"0","max":"0","options":[{"label":"Ja tak","price":"10","price_type":"flat_fee","image":11015,"visibility":true}],"id":1669646111},{"name":"K\u00f6p en ram till din affisch","type":"multiple_choice","position":0,"required":false,"title_format":"label","default":"","description_enable":true,"description":"Ramarna levereras med plexiglas. Om du f\u00f6redrar vanligt glas, skriv det bara i kommentarsf\u00e4ltet. De f\u00e4rgade ramarna levereras separat eftersom de skickas fr\u00e5n ett fj\u00e4rrlager.","placeholder_enable":false,"placeholder":"","display":"images","restrictions_type":"any_text","adjust_price":false,"price":"","price_type":"flat_fee","restrictions":false,"min":"0","max":"0","options":[{"label":"GUL 30x40","price":"199","price_type":"flat_fee","image":7321,"visibility":true},{"label":"GUL 50x70","price":"299","price_type":"flat_fee","image":7322,"visibility":true},{"label":"LYSEBL\u00c5 30x40","price":"199","price_type":"flat_fee","image":7325,"visibility":true},{"label":"LYSEBL\u00c5 50x70","price":"299","price_type":"flat_fee","image":7336,"visibility":true},{"label":"KOBOLTBL\u00c5 30x40","price":"199","price_type":"flat_fee","image":7323,"visibility":true},{"label":"KOBOLTBL\u00c5 50x70","price":"299","price_type":"flat_fee","image":7324,"visibility":true},{"label":"M\u00d8RKEBL\u00c5 30x40","price":"199","price_type":"flat_fee","image":7329,"visibility":true},{"label":"M\u00d8RKEBL\u00c5 50x70","price":"299","price_type":"flat_fee","image":7330,"visibility":true},{"label":"ROSA 30x40","price":"199","price_type":"flat_fee","image":7327,"visibility":true},{"label":"ROSA 50x70","price":"299","price_type":"flat_fee","image":7328,"visibility":true},{"label":"ORANGE 30x40","price":"199","price_type":"flat_fee","image":7333,"visibility":true},{"label":"ORANGE 50x70","price":"299","price_type":"flat_fee","image":7334,"visibility":true},{"label":"SORT 30x40","price":"199","price_type":"flat_fee","image":7319,"visibility":true},{"label":"SORT 50x70","price":"299","price_type":"flat_fee","image":7320,"visibility":true},{"label":"NATUR 30x40","price":"70","price_type":"flat_fee","image":7331,"visibility":true},{"label":"NATUR 50x70","price":"149","price_type":"flat_fee","image":7332,"visibility":true}],"id":1683372015}],"yoast_head":"<!-- This site is optimized with the Yoast SEO plugin v27.4 - https:\/\/yoast.com\/product\/yoast-seo-wordpress\/ -->\n<title>Marokkansk plakater | Lokale kunstnere | Unik v\u00e6gdekoration<\/title>\n<meta name=\"description\" content=\"Plakater af marokkansk lokal kunstner. F\u00e5 et touch af Marokko ind i dit hjem og giv din v\u00e6gge en unik udsmykning med stemningsfulde plakater.\" \/>\n<meta name=\"robots\" content=\"index, follow, max-snippet:-1, max-image-preview:large, max-video-preview:-1\" \/>\n<link rel=\"canonical\" href=\"https:\/\/tibladin.dk\/sv\/produkt\/bild-svartvitt-foto-i-ram-nomad\/\" \/>\n<meta property=\"og:locale\" content=\"sv_SE\" \/>\n<meta property=\"og:type\" content=\"article\" \/>\n<meta property=\"og:title\" content=\"Marokkansk plakater | Lokale kunstnere | Unik v\u00e6gdekoration\" \/>\n<meta property=\"og:description\" content=\"Plakater af marokkansk lokal kunstner. F\u00e5 et touch af Marokko ind i dit hjem og giv din v\u00e6gge en unik udsmykning med stemningsfulde plakater.\" \/>\n<meta property=\"og:url\" content=\"https:\/\/tibladin.dk\/sv\/produkt\/bild-svartvitt-foto-i-ram-nomad\/\" \/>\n<meta property=\"og:site_name\" content=\"Tibladin\" \/>\n<meta property=\"article:modified_time\" content=\"2026-03-19T14:09:03+00:00\" \/>\n<meta property=\"og:image\" content=\"https:\/\/tibladin.dk\/wp-content\/uploads\/2025\/10\/Billede-sorthvid_Nomad.jpg\" \/>\n\t<meta property=\"og:image:width\" content=\"2000\" \/>\n\t<meta property=\"og:image:height\" content=\"2000\" \/>\n\t<meta property=\"og:image:type\" content=\"image\/jpeg\" \/>\n<meta name=\"twitter:card\" content=\"summary_large_image\" \/>\n<meta name=\"twitter:label1\" content=\"Ber\u00e4knad l\u00e4stid\" \/>\n\t<meta name=\"twitter:data1\" content=\"2 minuter\" \/>\n<script type=\"application\/ld+json\" class=\"yoast-schema-graph\">{\"@context\":\"https:\\\/\\\/schema.org\",\"@graph\":[{\"@type\":\"WebPage\",\"@id\":\"https:\\\/\\\/tibladin.dk\\\/produkt\\\/billede-sort-hvid-foto-i-ramme-nomad\\\/\",\"url\":\"https:\\\/\\\/tibladin.dk\\\/produkt\\\/billede-sort-hvid-foto-i-ramme-nomad\\\/\",\"name\":\"Marokkansk plakater | Lokale kunstnere | Unik v\u00e6gdekoration\",\"isPartOf\":{\"@id\":\"https:\\\/\\\/tibladin.dk\\\/#website\"},\"primaryImageOfPage\":{\"@id\":\"https:\\\/\\\/tibladin.dk\\\/produkt\\\/billede-sort-hvid-foto-i-ramme-nomad\\\/#primaryimage\"},\"image\":{\"@id\":\"https:\\\/\\\/tibladin.dk\\\/produkt\\\/billede-sort-hvid-foto-i-ramme-nomad\\\/#primaryimage\"},\"thumbnailUrl\":\"https:\\\/\\\/tibladin.dk\\\/wp-content\\\/uploads\\\/2025\\\/10\\\/Billede-sorthvid_Nomad.jpg\",\"datePublished\":\"2026-03-19T13:48:39+00:00\",\"dateModified\":\"2026-03-19T14:09:03+00:00\",\"description\":\"Plakater af marokkansk lokal kunstner. F\u00e5 et touch af Marokko ind i dit hjem og giv din v\u00e6gge en unik udsmykning med stemningsfulde plakater.\",\"breadcrumb\":{\"@id\":\"https:\\\/\\\/tibladin.dk\\\/produkt\\\/billede-sort-hvid-foto-i-ramme-nomad\\\/#breadcrumb\"},\"inLanguage\":\"sv-SE\",\"potentialAction\":[{\"@type\":\"ReadAction\",\"target\":[\"https:\\\/\\\/tibladin.dk\\\/produkt\\\/billede-sort-hvid-foto-i-ramme-nomad\\\/\"]}]},{\"@type\":\"ImageObject\",\"inLanguage\":\"sv-SE\",\"@id\":\"https:\\\/\\\/tibladin.dk\\\/produkt\\\/billede-sort-hvid-foto-i-ramme-nomad\\\/#primaryimage\",\"url\":\"https:\\\/\\\/tibladin.dk\\\/wp-content\\\/uploads\\\/2025\\\/10\\\/Billede-sorthvid_Nomad.jpg\",\"contentUrl\":\"https:\\\/\\\/tibladin.dk\\\/wp-content\\\/uploads\\\/2025\\\/10\\\/Billede-sorthvid_Nomad.jpg\",\"width\":2000,\"height\":2000,\"caption\":\"foto sort\\\/hvid i sort ramme - 32x42 cm\"},{\"@type\":\"BreadcrumbList\",\"@id\":\"https:\\\/\\\/tibladin.dk\\\/produkt\\\/billede-sort-hvid-foto-i-ramme-nomad\\\/#breadcrumb\",\"itemListElement\":[{\"@type\":\"ListItem\",\"position\":1,\"name\":\"Hjem\",\"item\":\"https:\\\/\\\/tibladin.dk\\\/\"},{\"@type\":\"ListItem\",\"position\":2,\"name\":\"Shop\",\"item\":\"https:\\\/\\\/tibladin.dk\\\/shop\\\/\"},{\"@type\":\"ListItem\",\"position\":3,\"name\":\"Billede | sort-hvid foto i ramme &#8211; NOMAD\"}]},{\"@type\":\"WebSite\",\"@id\":\"https:\\\/\\\/tibladin.dk\\\/#website\",\"url\":\"https:\\\/\\\/tibladin.dk\\\/\",\"name\":\"Tibladin\",\"description\":\"Tibladin\",\"publisher\":{\"@id\":\"https:\\\/\\\/tibladin.dk\\\/#organization\"},\"potentialAction\":[{\"@type\":\"SearchAction\",\"target\":{\"@type\":\"EntryPoint\",\"urlTemplate\":\"https:\\\/\\\/tibladin.dk\\\/?s={search_term_string}\"},\"query-input\":{\"@type\":\"PropertyValueSpecification\",\"valueRequired\":true,\"valueName\":\"search_term_string\"}}],\"inLanguage\":\"sv-SE\"},{\"@type\":\"Organization\",\"@id\":\"https:\\\/\\\/tibladin.dk\\\/#organization\",\"name\":\"Tibladin\",\"url\":\"https:\\\/\\\/tibladin.dk\\\/\",\"logo\":{\"@type\":\"ImageObject\",\"inLanguage\":\"sv-SE\",\"@id\":\"https:\\\/\\\/tibladin.dk\\\/#\\\/schema\\\/logo\\\/image\\\/\",\"url\":\"https:\\\/\\\/tibladin.dk\\\/wp-content\\\/uploads\\\/2022\\\/09\\\/tibladin_logo.svg\",\"contentUrl\":\"https:\\\/\\\/tibladin.dk\\\/wp-content\\\/uploads\\\/2022\\\/09\\\/tibladin_logo.svg\",\"caption\":\"Tibladin\"},\"image\":{\"@id\":\"https:\\\/\\\/tibladin.dk\\\/#\\\/schema\\\/logo\\\/image\\\/\"}}]}<\/script>\n<!-- \/ Yoast SEO plugin. -->","yoast_head_json":{"title":"Marockanska affischer | Lokala artister | Unik v\u00e4ggdekoration","description":"Affischer av marockansk lokal konstn\u00e4r. Ta in en touch av Marocko i ditt hem och ge dina v\u00e4ggar en unik dekoration med st\u00e4mningsfulla affischer.","robots":{"index":"index","follow":"follow","max-snippet":"max-snippet:-1","max-image-preview":"max-image-preview:large","max-video-preview":"max-video-preview:-1"},"canonical":"https:\/\/tibladin.dk\/sv\/produkt\/bild-svartvitt-foto-i-ram-nomad\/","og_locale":"sv_SE","og_type":"article","og_title":"Marokkansk plakater | Lokale kunstnere | Unik v\u00e6gdekoration","og_description":"Plakater af marokkansk lokal kunstner. F\u00e5 et touch af Marokko ind i dit hjem og giv din v\u00e6gge en unik udsmykning med stemningsfulde plakater.","og_url":"https:\/\/tibladin.dk\/sv\/produkt\/bild-svartvitt-foto-i-ram-nomad\/","og_site_name":"Tibladin","article_modified_time":"2026-03-19T14:09:03+00:00","og_image":[{"width":2000,"height":2000,"url":"https:\/\/tibladin.dk\/wp-content\/uploads\/2025\/10\/Billede-sorthvid_Nomad.jpg","type":"image\/jpeg"}],"twitter_card":"summary_large_image","twitter_misc":{"Ber\u00e4knad l\u00e4stid":"2 minuter"},"schema":{"@context":"https:\/\/schema.org","@graph":[{"@type":"WebPage","@id":"https:\/\/tibladin.dk\/produkt\/billede-sort-hvid-foto-i-ramme-nomad\/","url":"https:\/\/tibladin.dk\/produkt\/billede-sort-hvid-foto-i-ramme-nomad\/","name":"Marockanska affischer | Lokala artister | Unik v\u00e4ggdekoration","isPartOf":{"@id":"https:\/\/tibladin.dk\/#website"},"primaryImageOfPage":{"@id":"https:\/\/tibladin.dk\/produkt\/billede-sort-hvid-foto-i-ramme-nomad\/#primaryimage"},"image":{"@id":"https:\/\/tibladin.dk\/produkt\/billede-sort-hvid-foto-i-ramme-nomad\/#primaryimage"},"thumbnailUrl":"https:\/\/tibladin.dk\/wp-content\/uploads\/2025\/10\/Billede-sorthvid_Nomad.jpg","datePublished":"2026-03-19T13:48:39+00:00","dateModified":"2026-03-19T14:09:03+00:00","description":"Affischer av marockansk lokal konstn\u00e4r. Ta in en touch av Marocko i ditt hem och ge dina v\u00e4ggar en unik dekoration med st\u00e4mningsfulla affischer.","breadcrumb":{"@id":"https:\/\/tibladin.dk\/produkt\/billede-sort-hvid-foto-i-ramme-nomad\/#breadcrumb"},"inLanguage":"sv-SE","potentialAction":[{"@type":"ReadAction","target":["https:\/\/tibladin.dk\/produkt\/billede-sort-hvid-foto-i-ramme-nomad\/"]}]},{"@type":"ImageObject","inLanguage":"sv-SE","@id":"https:\/\/tibladin.dk\/produkt\/billede-sort-hvid-foto-i-ramme-nomad\/#primaryimage","url":"https:\/\/tibladin.dk\/wp-content\/uploads\/2025\/10\/Billede-sorthvid_Nomad.jpg","contentUrl":"https:\/\/tibladin.dk\/wp-content\/uploads\/2025\/10\/Billede-sorthvid_Nomad.jpg","width":2000,"height":2000,"caption":"foto sort\/hvid i sort ramme - 32x42 cm"},{"@type":"BreadcrumbList","@id":"https:\/\/tibladin.dk\/produkt\/billede-sort-hvid-foto-i-ramme-nomad\/#breadcrumb","itemListElement":[{"@type":"ListItem","position":1,"name":"Hjem","item":"https:\/\/tibladin.dk\/"},{"@type":"ListItem","position":2,"name":"Shop","item":"https:\/\/tibladin.dk\/shop\/"},{"@type":"ListItem","position":3,"name":"Billede | sort-hvid foto i ramme &#8211; NOMAD"}]},{"@type":"WebSite","@id":"https:\/\/tibladin.dk\/#website","url":"https:\/\/tibladin.dk\/","name":"Tibladin","description":"Tibladin","publisher":{"@id":"https:\/\/tibladin.dk\/#organization"},"potentialAction":[{"@type":"SearchAction","target":{"@type":"EntryPoint","urlTemplate":"https:\/\/tibladin.dk\/?s={search_term_string}"},"query-input":{"@type":"PropertyValueSpecification","valueRequired":true,"valueName":"search_term_string"}}],"inLanguage":"sv-SE"},{"@type":"Organization","@id":"https:\/\/tibladin.dk\/#organization","name":"Tibladin","url":"https:\/\/tibladin.dk\/","logo":{"@type":"ImageObject","inLanguage":"sv-SE","@id":"https:\/\/tibladin.dk\/#\/schema\/logo\/image\/","url":"https:\/\/tibladin.dk\/wp-content\/uploads\/2022\/09\/tibladin_logo.svg","contentUrl":"https:\/\/tibladin.dk\/wp-content\/uploads\/2022\/09\/tibladin_logo.svg","caption":"Tibladin"},"image":{"@id":"https:\/\/tibladin.dk\/#\/schema\/logo\/image\/"}}]}},"_links":{"self":[{"href":"https:\/\/tibladin.dk\/sv\/wp-json\/wp\/v2\/product\/43791","targetHints":{"allow":["GET"]}}],"collection":[{"href":"https:\/\/tibladin.dk\/sv\/wp-json\/wp\/v2\/product"}],"about":[{"href":"https:\/\/tibladin.dk\/sv\/wp-json\/wp\/v2\/types\/product"}],"wp:featuredmedia":[{"embeddable":true,"href":"https:\/\/tibladin.dk\/sv\/wp-json\/wp\/v2\/media\/41204"}],"wp:attachment":[{"href":"https:\/\/tibladin.dk\/sv\/wp-json\/wp\/v2\/media?parent=43791"}],"wp:term":[{"taxonomy":"product_brand","embeddable":true,"href":"https:\/\/tibladin.dk\/sv\/wp-json\/wp\/v2\/product_brand?post=43791"},{"taxonomy":"product_cat","embeddable":true,"href":"https:\/\/tibladin.dk\/sv\/wp-json\/wp\/v2\/product_cat?post=43791"},{"taxonomy":"product_tag","embeddable":true,"href":"https:\/\/tibladin.dk\/sv\/wp-json\/wp\/v2\/product_tag?post=43791"}],"curies":[{"name":"wp","href":"https:\/\/api.w.org\/{rel}","templated":true}]}}