{"id":44071,"date":"2026-04-18T14:07:47","date_gmt":"2026-04-18T12:07:47","guid":{"rendered":"https:\/\/tibladin.dk\/?post_type=product&#038;p=44071"},"modified":"2026-04-19T07:53:11","modified_gmt":"2026-04-19T05:53:11","slug":"puff-konjak-med-monster-35-cm","status":"publish","type":"product","link":"https:\/\/tibladin.dk\/sv\/produkt\/puf-cognac-med-moenster-35-cm\/","title":{"rendered":"Puff i konjak med m\u00f6nster \u2013 35 cm."},"content":{"rendered":"<div class=\"wpb-content-wrapper\"><div class=\"vc_row wpb_row vc_row-fluid\"><div class=\"wpb_column vc_column_container vc_col-sm-6\"><div class=\"vc_column-inner\"><div class=\"wpb_wrapper\"><h3 style=\"text-align: left\" class=\"vc_custom_heading vc_do_custom_heading\" >Underh\u00e5ll din sittpuff<\/h3>\n\t<div class=\"wpb_text_column wpb_content_element\" >\n\t\t<div class=\"wpb_wrapper\">\n\t\t\t<p>L\u00e4dret p\u00e5 denna marockanska sittpuff \u00e4r gjord av getskinn och kommer att f\u00e5 en vacker patina med tiden. Vill du ha din sittpuff m\u00f6rkare och glansig kan du ge den lite l\u00e4derolja. Alldeles i b\u00f6rjan, n\u00e4r du anv\u00e4nder den, kan den lukta lite som l\u00e4der. Detta f\u00f6rsvinner snabbt igen. Om du vill p\u00e5skynda den processen, l\u00e4gg ut den i solen en stund s\u00e5 f\u00f6rsvinner den.<\/p>\n\n\t\t<\/div>\n\t<\/div>\n<\/div><\/div><\/div><div class=\"wpb_column vc_column_container vc_col-sm-6\"><div class=\"vc_column-inner\"><div class=\"wpb_wrapper\"><h3 style=\"text-align: left\" class=\"vc_custom_heading vc_do_custom_heading\" >L\u00e4derpuff<\/h3>\n\t<div class=\"wpb_text_column wpb_content_element\" >\n\t\t<div class=\"wpb_wrapper\">\n\t\t\t<p>Sm\u00e5 sittpuffar \u00e4r l\u00e4tta att l\u00e4gga till din inredning och f\u00e5r snabbt en exotisk look och en mer personlig touch. Min leverant\u00f6r av l\u00e4derpuffar har m\u00e5nga \u00e5rs erfarenhet av att g\u00f6ra bra och mycket h\u00e5llbara sittpuffar och han exporterar till flera st\u00e4llen runt om i v\u00e4rlden. Alla mina sittpuffar \u00e4r gjorda av getskinn d\u00e5 det \u00e4r det som ger den mjukaste och smidigaste sittpuffen.<\/p>\n<p>&nbsp;<\/p>\n<p><b>Fyll din sittpuff<\/b><\/p>\n<p>Du kan enkelt anv\u00e4nda saker du redan har, t\u00e4cken, kuddar, filtar eller h\u00e5rt skrynkliga tidningspapper. Du kan ocks\u00e5 k\u00f6pa skumgranulat eller bomullsfyllning till din sittpuff. Om du anv\u00e4nder den h\u00e4r typen av stoppning rekommenderar vi att du syr ett inner\u00f6verdrag eller tar ett gammalt p\u00e5slakan och l\u00e4gger in fyllningen d\u00e4r innan du l\u00e4gger den i din sittpuff.<\/p>\n<p>Du kan ocks\u00e5 v\u00e4lja att f\u00e5 din sittpuff fylld med tr\u00e4ull. Detta \u00e4r ett alternativ, precis d\u00e4r du l\u00e4gger produkten i korgen.<\/p>\n\n\t\t<\/div>\n\t<\/div>\n<\/div><\/div><\/div><\/div>\n<\/div>","protected":false},"excerpt":{"rendered":"<p class=\"p1\">Rund marockansk l\u00e4dersittpuff i cognacsf\u00e4rgat kvalitetsl\u00e4der i en s\u00f6t miniversion, perfekt om du har begr\u00e4nsat utrymme eller f\u00f6r ett barnrum. Puffen har kraftiga s\u00f6mmar som alla v\u00e5ra l\u00e4dersittpuffar. Dragkedjan p\u00e5 undersidan \u00e4r dold s\u00e5 att du undviker att den nuddar golvet.<\/p>\n<p class=\"p1\">Skapa en mysig atmosf\u00e4r i ditt hem med denna fina sittpuff. Anv\u00e4nd den som extra sittplats eller kanske som ett sidobord med en liten bricka p\u00e5. Puffen \u00e4r 35 cm i diameter och cirka 43 cm h\u00f6g.<\/p>\n<p>Puffen s\u00e4ljs utan fyllning. Om du vill ha puffen fylld med tr\u00e4ull, kom ih\u00e5g att markera den i f\u00e4ltet precis ovanf\u00f6r &quot;l\u00e4gg i varukorg&quot;-knappen<\/p>","protected":false},"featured_media":44059,"template":"","meta":{"inline_featured_image":false},"product_brand":[],"product_cat":[41,39,40],"product_tag":[],"class_list":{"0":"post-44071","1":"product","2":"type-product","3":"status-publish","4":"has-post-thumbnail","6":"product_cat-laederpufs","7":"product_cat-moebler","8":"product_cat-pufs","10":"first","11":"instock","12":"taxable","13":"shipping-taxable","14":"purchasable","15":"product-type-simple"},"exclude_global_add_ons":false,"addons":[{"name":"Vill du ha din sittpuff levererad med tr\u00e4ullsfyllning?","type":"checkbox","position":0,"required":false,"title_format":"label","default":"","description_enable":false,"description":"","placeholder_enable":false,"placeholder":"","display":"select","restrictions_type":"any_text","adjust_price":false,"price":"","price_type":"flat_fee","restrictions":false,"min":"0","max":"0","options":[{"label":"Ja tak!","price":"200","price_type":"quantity_based","image":0,"visibility":true}],"id":1710619023}],"yoast_head":"<!-- This site is optimized with the Yoast SEO plugin v27.4 - https:\/\/yoast.com\/product\/yoast-seo-wordpress\/ -->\n<title>Marokkansk puf i cognacfarvet med m\u00f8nster | stort udvalg<\/title>\n<meta name=\"description\" content=\"Unik marokkansk l\u00e6derpuf i naturligt l\u00e6der| Hos Tibladin finder du et stort udvalg af pufs, s\u00e5 det er let at finde den der passer perfekt til dig.\" \/>\n<meta name=\"robots\" content=\"index, follow, max-snippet:-1, max-image-preview:large, max-video-preview:-1\" \/>\n<link rel=\"canonical\" href=\"https:\/\/tibladin.dk\/sv\/produkt\/puff-konjak-med-monster-35-cm\/\" \/>\n<meta property=\"og:locale\" content=\"sv_SE\" \/>\n<meta property=\"og:type\" content=\"article\" \/>\n<meta property=\"og:title\" content=\"Marokkansk puf i cognacfarvet med m\u00f8nster | stort udvalg\" \/>\n<meta property=\"og:description\" content=\"Unik marokkansk l\u00e6derpuf i naturligt l\u00e6der| Hos Tibladin finder du et stort udvalg af pufs, s\u00e5 det er let at finde den der passer perfekt til dig.\" \/>\n<meta property=\"og:url\" content=\"https:\/\/tibladin.dk\/sv\/produkt\/puff-konjak-med-monster-35-cm\/\" \/>\n<meta property=\"og:site_name\" content=\"Tibladin\" \/>\n<meta property=\"article:modified_time\" content=\"2026-04-19T05:53:11+00:00\" \/>\n<meta property=\"og:image\" content=\"https:\/\/tibladin.dk\/wp-content\/uploads\/2026\/04\/Photoroom_20260418_135411.jpg\" \/>\n\t<meta property=\"og:image:width\" content=\"800\" \/>\n\t<meta property=\"og:image:height\" content=\"800\" \/>\n\t<meta property=\"og:image:type\" content=\"image\/jpeg\" \/>\n<meta name=\"twitter:card\" content=\"summary_large_image\" \/>\n<meta name=\"twitter:label1\" content=\"Ber\u00e4knad l\u00e4stid\" \/>\n\t<meta name=\"twitter:data1\" content=\"2 minuter\" \/>\n<script type=\"application\/ld+json\" class=\"yoast-schema-graph\">{\"@context\":\"https:\\\/\\\/schema.org\",\"@graph\":[{\"@type\":\"WebPage\",\"@id\":\"https:\\\/\\\/tibladin.dk\\\/produkt\\\/puf-cognac-med-moenster-35-cm\\\/\",\"url\":\"https:\\\/\\\/tibladin.dk\\\/produkt\\\/puf-cognac-med-moenster-35-cm\\\/\",\"name\":\"Marokkansk puf i cognacfarvet med m\u00f8nster | stort udvalg\",\"isPartOf\":{\"@id\":\"https:\\\/\\\/tibladin.dk\\\/#website\"},\"primaryImageOfPage\":{\"@id\":\"https:\\\/\\\/tibladin.dk\\\/produkt\\\/puf-cognac-med-moenster-35-cm\\\/#primaryimage\"},\"image\":{\"@id\":\"https:\\\/\\\/tibladin.dk\\\/produkt\\\/puf-cognac-med-moenster-35-cm\\\/#primaryimage\"},\"thumbnailUrl\":\"https:\\\/\\\/tibladin.dk\\\/wp-content\\\/uploads\\\/2026\\\/04\\\/Photoroom_20260418_135411.jpg\",\"datePublished\":\"2026-04-18T12:07:47+00:00\",\"dateModified\":\"2026-04-19T05:53:11+00:00\",\"description\":\"Unik marokkansk l\u00e6derpuf i naturligt l\u00e6der| Hos Tibladin finder du et stort udvalg af pufs, s\u00e5 det er let at finde den der passer perfekt til dig.\",\"breadcrumb\":{\"@id\":\"https:\\\/\\\/tibladin.dk\\\/produkt\\\/puf-cognac-med-moenster-35-cm\\\/#breadcrumb\"},\"inLanguage\":\"sv-SE\",\"potentialAction\":[{\"@type\":\"ReadAction\",\"target\":[\"https:\\\/\\\/tibladin.dk\\\/produkt\\\/puf-cognac-med-moenster-35-cm\\\/\"]}]},{\"@type\":\"ImageObject\",\"inLanguage\":\"sv-SE\",\"@id\":\"https:\\\/\\\/tibladin.dk\\\/produkt\\\/puf-cognac-med-moenster-35-cm\\\/#primaryimage\",\"url\":\"https:\\\/\\\/tibladin.dk\\\/wp-content\\\/uploads\\\/2026\\\/04\\\/Photoroom_20260418_135411.jpg\",\"contentUrl\":\"https:\\\/\\\/tibladin.dk\\\/wp-content\\\/uploads\\\/2026\\\/04\\\/Photoroom_20260418_135411.jpg\",\"width\":800,\"height\":800,\"caption\":\"Minipuf i gedel\u00e6der i cognacfarvet med m\u00f8nster.\"},{\"@type\":\"BreadcrumbList\",\"@id\":\"https:\\\/\\\/tibladin.dk\\\/produkt\\\/puf-cognac-med-moenster-35-cm\\\/#breadcrumb\",\"itemListElement\":[{\"@type\":\"ListItem\",\"position\":1,\"name\":\"Hjem\",\"item\":\"https:\\\/\\\/tibladin.dk\\\/\"},{\"@type\":\"ListItem\",\"position\":2,\"name\":\"Shop\",\"item\":\"https:\\\/\\\/tibladin.dk\\\/shop\\\/\"},{\"@type\":\"ListItem\",\"position\":3,\"name\":\"Puf Cognac med m\u00f8nster &#8211; 35 cm.\"}]},{\"@type\":\"WebSite\",\"@id\":\"https:\\\/\\\/tibladin.dk\\\/#website\",\"url\":\"https:\\\/\\\/tibladin.dk\\\/\",\"name\":\"Tibladin\",\"description\":\"Tibladin\",\"publisher\":{\"@id\":\"https:\\\/\\\/tibladin.dk\\\/#organization\"},\"potentialAction\":[{\"@type\":\"SearchAction\",\"target\":{\"@type\":\"EntryPoint\",\"urlTemplate\":\"https:\\\/\\\/tibladin.dk\\\/?s={search_term_string}\"},\"query-input\":{\"@type\":\"PropertyValueSpecification\",\"valueRequired\":true,\"valueName\":\"search_term_string\"}}],\"inLanguage\":\"sv-SE\"},{\"@type\":\"Organization\",\"@id\":\"https:\\\/\\\/tibladin.dk\\\/#organization\",\"name\":\"Tibladin\",\"url\":\"https:\\\/\\\/tibladin.dk\\\/\",\"logo\":{\"@type\":\"ImageObject\",\"inLanguage\":\"sv-SE\",\"@id\":\"https:\\\/\\\/tibladin.dk\\\/#\\\/schema\\\/logo\\\/image\\\/\",\"url\":\"https:\\\/\\\/tibladin.dk\\\/wp-content\\\/uploads\\\/2022\\\/09\\\/tibladin_logo.svg\",\"contentUrl\":\"https:\\\/\\\/tibladin.dk\\\/wp-content\\\/uploads\\\/2022\\\/09\\\/tibladin_logo.svg\",\"caption\":\"Tibladin\"},\"image\":{\"@id\":\"https:\\\/\\\/tibladin.dk\\\/#\\\/schema\\\/logo\\\/image\\\/\"}}]}<\/script>\n<!-- \/ Yoast SEO plugin. -->","yoast_head_json":{"title":"Marockansk puff i cognacsf\u00e4rg med m\u00f6nster | stort urval","description":"Unik marockansk l\u00e4derpuff i naturl\u00e4der Hos Tibladin hittar du ett stort utbud av sittpuffar, s\u00e5 det \u00e4r l\u00e4tt att hitta den som passar dig perfekt.","robots":{"index":"index","follow":"follow","max-snippet":"max-snippet:-1","max-image-preview":"max-image-preview:large","max-video-preview":"max-video-preview:-1"},"canonical":"https:\/\/tibladin.dk\/sv\/produkt\/puff-konjak-med-monster-35-cm\/","og_locale":"sv_SE","og_type":"article","og_title":"Marokkansk puf i cognacfarvet med m\u00f8nster | stort udvalg","og_description":"Unik marokkansk l\u00e6derpuf i naturligt l\u00e6der| Hos Tibladin finder du et stort udvalg af pufs, s\u00e5 det er let at finde den der passer perfekt til dig.","og_url":"https:\/\/tibladin.dk\/sv\/produkt\/puff-konjak-med-monster-35-cm\/","og_site_name":"Tibladin","article_modified_time":"2026-04-19T05:53:11+00:00","og_image":[{"width":800,"height":800,"url":"https:\/\/tibladin.dk\/wp-content\/uploads\/2026\/04\/Photoroom_20260418_135411.jpg","type":"image\/jpeg"}],"twitter_card":"summary_large_image","twitter_misc":{"Ber\u00e4knad l\u00e4stid":"2 minuter"},"schema":{"@context":"https:\/\/schema.org","@graph":[{"@type":"WebPage","@id":"https:\/\/tibladin.dk\/produkt\/puf-cognac-med-moenster-35-cm\/","url":"https:\/\/tibladin.dk\/produkt\/puf-cognac-med-moenster-35-cm\/","name":"Marockansk puff i cognacsf\u00e4rg med m\u00f6nster | stort urval","isPartOf":{"@id":"https:\/\/tibladin.dk\/#website"},"primaryImageOfPage":{"@id":"https:\/\/tibladin.dk\/produkt\/puf-cognac-med-moenster-35-cm\/#primaryimage"},"image":{"@id":"https:\/\/tibladin.dk\/produkt\/puf-cognac-med-moenster-35-cm\/#primaryimage"},"thumbnailUrl":"https:\/\/tibladin.dk\/wp-content\/uploads\/2026\/04\/Photoroom_20260418_135411.jpg","datePublished":"2026-04-18T12:07:47+00:00","dateModified":"2026-04-19T05:53:11+00:00","description":"Unik marockansk l\u00e4derpuff i naturl\u00e4der Hos Tibladin hittar du ett stort utbud av sittpuffar, s\u00e5 det \u00e4r l\u00e4tt att hitta den som passar dig perfekt.","breadcrumb":{"@id":"https:\/\/tibladin.dk\/produkt\/puf-cognac-med-moenster-35-cm\/#breadcrumb"},"inLanguage":"sv-SE","potentialAction":[{"@type":"ReadAction","target":["https:\/\/tibladin.dk\/produkt\/puf-cognac-med-moenster-35-cm\/"]}]},{"@type":"ImageObject","inLanguage":"sv-SE","@id":"https:\/\/tibladin.dk\/produkt\/puf-cognac-med-moenster-35-cm\/#primaryimage","url":"https:\/\/tibladin.dk\/wp-content\/uploads\/2026\/04\/Photoroom_20260418_135411.jpg","contentUrl":"https:\/\/tibladin.dk\/wp-content\/uploads\/2026\/04\/Photoroom_20260418_135411.jpg","width":800,"height":800,"caption":"Minipuf i gedel\u00e6der i cognacfarvet med m\u00f8nster."},{"@type":"BreadcrumbList","@id":"https:\/\/tibladin.dk\/produkt\/puf-cognac-med-moenster-35-cm\/#breadcrumb","itemListElement":[{"@type":"ListItem","position":1,"name":"Hjem","item":"https:\/\/tibladin.dk\/"},{"@type":"ListItem","position":2,"name":"Shop","item":"https:\/\/tibladin.dk\/shop\/"},{"@type":"ListItem","position":3,"name":"Puf Cognac med m\u00f8nster &#8211; 35 cm."}]},{"@type":"WebSite","@id":"https:\/\/tibladin.dk\/#website","url":"https:\/\/tibladin.dk\/","name":"Tibladin","description":"Tibladin","publisher":{"@id":"https:\/\/tibladin.dk\/#organization"},"potentialAction":[{"@type":"SearchAction","target":{"@type":"EntryPoint","urlTemplate":"https:\/\/tibladin.dk\/?s={search_term_string}"},"query-input":{"@type":"PropertyValueSpecification","valueRequired":true,"valueName":"search_term_string"}}],"inLanguage":"sv-SE"},{"@type":"Organization","@id":"https:\/\/tibladin.dk\/#organization","name":"Tibladin","url":"https:\/\/tibladin.dk\/","logo":{"@type":"ImageObject","inLanguage":"sv-SE","@id":"https:\/\/tibladin.dk\/#\/schema\/logo\/image\/","url":"https:\/\/tibladin.dk\/wp-content\/uploads\/2022\/09\/tibladin_logo.svg","contentUrl":"https:\/\/tibladin.dk\/wp-content\/uploads\/2022\/09\/tibladin_logo.svg","caption":"Tibladin"},"image":{"@id":"https:\/\/tibladin.dk\/#\/schema\/logo\/image\/"}}]}},"_links":{"self":[{"href":"https:\/\/tibladin.dk\/sv\/wp-json\/wp\/v2\/product\/44071","targetHints":{"allow":["GET"]}}],"collection":[{"href":"https:\/\/tibladin.dk\/sv\/wp-json\/wp\/v2\/product"}],"about":[{"href":"https:\/\/tibladin.dk\/sv\/wp-json\/wp\/v2\/types\/product"}],"wp:featuredmedia":[{"embeddable":true,"href":"https:\/\/tibladin.dk\/sv\/wp-json\/wp\/v2\/media\/44059"}],"wp:attachment":[{"href":"https:\/\/tibladin.dk\/sv\/wp-json\/wp\/v2\/media?parent=44071"}],"wp:term":[{"taxonomy":"product_brand","embeddable":true,"href":"https:\/\/tibladin.dk\/sv\/wp-json\/wp\/v2\/product_brand?post=44071"},{"taxonomy":"product_cat","embeddable":true,"href":"https:\/\/tibladin.dk\/sv\/wp-json\/wp\/v2\/product_cat?post=44071"},{"taxonomy":"product_tag","embeddable":true,"href":"https:\/\/tibladin.dk\/sv\/wp-json\/wp\/v2\/product_tag?post=44071"}],"curies":[{"name":"wp","href":"https:\/\/api.w.org\/{rel}","templated":true}]}}