{"id":44211,"date":"2026-04-25T12:27:38","date_gmt":"2026-04-25T10:27:38","guid":{"rendered":"https:\/\/tibladin.dk\/?post_type=product&#038;p=44211"},"modified":"2026-05-01T11:59:18","modified_gmt":"2026-05-01T09:59:18","slug":"ring-i-soelv-emalje-fatima-1","status":"publish","type":"product","link":"https:\/\/tibladin.dk\/sv\/produkt\/ring-i-soelv-emalje-fatima-1\/","title":{"rendered":"Ring i silver - ENAMEL FATIMA 1"},"content":{"rendered":"<div class=\"wpb-content-wrapper\"><div class=\"vc_row wpb_row vc_row-fluid\"><div class=\"wpb_column vc_column_container vc_col-sm-4\"><div class=\"vc_column-inner\"><div class=\"wpb_wrapper\"><\/div><\/div><\/div><div class=\"wpb_column vc_column_container vc_col-sm-4\"><div class=\"vc_column-inner\"><div class=\"wpb_wrapper\"><h3 style=\"text-align: left\" class=\"vc_custom_heading vc_do_custom_heading\" >Underh\u00e5ll<\/h3>\n\t<div class=\"wpb_text_column wpb_content_element\" >\n\t\t<div class=\"wpb_wrapper\">\n\t\t\t<p>Silver kommer att mattas och m\u00f6rkna med tiden. Detta \u00e4r en helt naturlig process som uppst\u00e5r n\u00e4r silver kommer i kontakt med syre, syra och svett fr\u00e5n kroppen. Du kan enkelt piffa upp dina silversmycken igen. L\u00e4gg dem i en liten sk\u00e5l med mild tv\u00e5l och vatten och gnugga f\u00f6rsiktigt med en mjuk bomullstrasa. Du kan \u00e4ven k\u00f6pa speciellt silverreng\u00f6ringsmedel f\u00f6r smycken som du f\u00f6rsiktigt gnider in i silversmyckena med en bomullstrasa och gnuggar l\u00e4tt tills det gl\u00e4nser igen.<\/p>\n\n\t\t<\/div>\n\t<\/div>\n<\/div><\/div><\/div><div class=\"wpb_column vc_column_container vc_col-sm-4\"><div class=\"vc_column-inner\"><div class=\"wpb_wrapper\"><h3 style=\"text-align: left\" class=\"vc_custom_heading vc_do_custom_heading\" >Historien bakom<\/h3>\n\t<div class=\"wpb_text_column wpb_content_element\" >\n\t\t<div class=\"wpb_wrapper\">\n\t\t\t<p><span style=\"font-weight: 400;\">Tiznit \u00e4r en liten stad i regionen Souss-Massa som ligger p\u00e5 Marockos v\u00e4stkust. Traditionella marockanska amazigh\/berbersmycken f\u00f6rknippas med Tiznit eftersom denna stad \u00e4r k\u00e4nd f\u00f6r sitt \u00e5r av hantverk av h\u00f6gkvalitativa traditionella silversmycken handgjorda av skickliga hantverkare. Varje smycke \u00e4r resultatet av dedikerat hantverk och var och en ber\u00e4ttar en historia, som \u00e4r en symbol f\u00f6r skaparnas kreativa och vackra hantverk. Smyckena representerar inte bara stadens kulturarv, utan hela Marockos kulturarv samt berbernas traditioner, som har g\u00e5tt i arv genom generationer.\u00a0<\/span><\/p>\n<p><span style=\"font-weight: 400;\"><br \/>\n<\/span><b>Ber\u00e4tta din historia genom smycken<\/b><\/p>\n<p><span style=\"font-weight: 400;\">Ett smycke kan rymma m\u00e5nga minnen och ber\u00e4tta din personliga historia, n\u00e4r du tar med dig smycket p\u00e5 din egen resa och skapar h\u00e4rliga, minnesv\u00e4rda upplevelser. N\u00e4r Tibladin g\u00e5r p\u00e5 smyckejakt i den marockanska staden Tiznit, vars hj\u00e4rta sl\u00e5r f\u00f6r smycken,<\/span><\/p>\n<p><span style=\"font-weight: 400;\">vi v\u00e4ljer smycken som varierar i stil och p\u00e5 sitt eget charmiga s\u00e4tt kombinerar den klassiska, historiska designen som berberna f\u00f6redrar med elegans och tidl\u00f6shet.\u00a0<\/span><\/p>\n<p><br style=\"font-weight: 400;\" \/><\/p>\n\n\t\t<\/div>\n\t<\/div>\n<\/div><\/div><\/div><\/div>\n<\/div>","protected":false},"excerpt":{"rendered":"<p><strong>Denna handgjorda marockanska silverring i emalj i Majorellebl\u00e5tt, gult och gr\u00f6nt ger din outfit en personlig touch.<\/strong><\/p>\n<p>Smykker i emalje fra Tiznit i Marokko er kendt for deres farverige og detaljerede h\u00e5ndv\u00e6rk. Tiznit, beliggende n\u00e6r Atlasbjergene, har en st\u00e6rk tradition for berberisk s\u00f8lvsmedekunst. Emaljesmykkerne herfra kombinerer traditionelt s\u00f8lvarbejde med levende farver og geometriske m\u00f8nstre, ofte inspireret af berberkulturen. Hver genstand er h\u00e5ndlavet og b\u00e6rer et unikt pr\u00e6g af lokal kultur og historie. Disse smykker er ikke kun pynt, men ogs\u00e5 b\u00e6rere af identitet og tradition.<\/p>\n<p>Ringen er en \u00e9ner og bidrager til en karakterfuld og dynamisk stil.<\/p>\n<p>Ringst\u00f8rrelse: 66<\/p>\n<p>Ringen er justerbar.<\/p>","protected":false},"featured_media":44216,"template":"","meta":{"inline_featured_image":false},"product_brand":[],"product_cat":[165,162],"product_tag":[],"class_list":{"0":"post-44211","1":"product","2":"type-product","3":"status-publish","4":"has-post-thumbnail","6":"product_cat-ringe","7":"product_cat-smykker","9":"first","10":"instock","11":"taxable","12":"shipping-taxable","13":"purchasable","14":"product-type-simple"},"exclude_global_add_ons":[],"addons":[],"yoast_head":"<!-- This site is optimized with the Yoast SEO plugin v27.5 - https:\/\/yoast.com\/product\/yoast-seo-wordpress\/ -->\n<title>S\u00f8lvring | H\u00e5ndlavede marokkanske kreationer | Kun hos Tibladin<\/title>\n<meta name=\"description\" content=\"Smuk s\u00f8lvring med turkis sten h\u00e5ndlavet i Tiznit. Helt unikke kreationer til dig, der elsker at have autentiske smykker med en historie.\" \/>\n<meta name=\"robots\" content=\"index, follow, max-snippet:-1, max-image-preview:large, max-video-preview:-1\" \/>\n<link rel=\"canonical\" href=\"https:\/\/tibladin.dk\/sv\/produkt\/ring-i-soelv-emalje-fatima-1\/\" \/>\n<meta property=\"og:locale\" content=\"sv_SE\" \/>\n<meta property=\"og:type\" content=\"article\" \/>\n<meta property=\"og:title\" content=\"S\u00f8lvring | H\u00e5ndlavede marokkanske kreationer | Kun hos Tibladin\" \/>\n<meta property=\"og:description\" content=\"Smuk s\u00f8lvring med turkis sten h\u00e5ndlavet i Tiznit. Helt unikke kreationer til dig, der elsker at have autentiske smykker med en historie.\" \/>\n<meta property=\"og:url\" content=\"https:\/\/tibladin.dk\/sv\/produkt\/ring-i-soelv-emalje-fatima-1\/\" \/>\n<meta property=\"og:site_name\" content=\"Tibladin\" \/>\n<meta property=\"article:modified_time\" content=\"2026-05-01T09:59:18+00:00\" \/>\n<meta property=\"og:image\" content=\"https:\/\/tibladin.dk\/wp-content\/uploads\/2026\/04\/Photoroom_20260425_125009.jpg\" \/>\n\t<meta property=\"og:image:width\" content=\"800\" \/>\n\t<meta property=\"og:image:height\" content=\"800\" \/>\n\t<meta property=\"og:image:type\" content=\"image\/jpeg\" \/>\n<meta name=\"twitter:card\" content=\"summary_large_image\" \/>\n<meta name=\"twitter:label1\" content=\"Ber\u00e4knad l\u00e4stid\" \/>\n\t<meta name=\"twitter:data1\" content=\"2 minuter\" \/>\n<script type=\"application\/ld+json\" class=\"yoast-schema-graph\">{\"@context\":\"https:\\\/\\\/schema.org\",\"@graph\":[{\"@type\":\"WebPage\",\"@id\":\"https:\\\/\\\/tibladin.dk\\\/produkt\\\/ring-i-soelv-emalje-fatima-1\\\/\",\"url\":\"https:\\\/\\\/tibladin.dk\\\/produkt\\\/ring-i-soelv-emalje-fatima-1\\\/\",\"name\":\"S\u00f8lvring | H\u00e5ndlavede marokkanske kreationer | Kun hos Tibladin\",\"isPartOf\":{\"@id\":\"https:\\\/\\\/tibladin.dk\\\/#website\"},\"primaryImageOfPage\":{\"@id\":\"https:\\\/\\\/tibladin.dk\\\/produkt\\\/ring-i-soelv-emalje-fatima-1\\\/#primaryimage\"},\"image\":{\"@id\":\"https:\\\/\\\/tibladin.dk\\\/produkt\\\/ring-i-soelv-emalje-fatima-1\\\/#primaryimage\"},\"thumbnailUrl\":\"https:\\\/\\\/tibladin.dk\\\/wp-content\\\/uploads\\\/2026\\\/04\\\/Photoroom_20260425_125009.jpg\",\"datePublished\":\"2026-04-25T10:27:38+00:00\",\"dateModified\":\"2026-05-01T09:59:18+00:00\",\"description\":\"Smuk s\u00f8lvring med turkis sten h\u00e5ndlavet i Tiznit. Helt unikke kreationer til dig, der elsker at have autentiske smykker med en historie.\",\"breadcrumb\":{\"@id\":\"https:\\\/\\\/tibladin.dk\\\/produkt\\\/ring-i-soelv-emalje-fatima-1\\\/#breadcrumb\"},\"inLanguage\":\"sv-SE\",\"potentialAction\":[{\"@type\":\"ReadAction\",\"target\":[\"https:\\\/\\\/tibladin.dk\\\/produkt\\\/ring-i-soelv-emalje-fatima-1\\\/\"]}]},{\"@type\":\"ImageObject\",\"inLanguage\":\"sv-SE\",\"@id\":\"https:\\\/\\\/tibladin.dk\\\/produkt\\\/ring-i-soelv-emalje-fatima-1\\\/#primaryimage\",\"url\":\"https:\\\/\\\/tibladin.dk\\\/wp-content\\\/uploads\\\/2026\\\/04\\\/Photoroom_20260425_125009.jpg\",\"contentUrl\":\"https:\\\/\\\/tibladin.dk\\\/wp-content\\\/uploads\\\/2026\\\/04\\\/Photoroom_20260425_125009.jpg\",\"width\":800,\"height\":800,\"caption\":\"Smuk s\u00f8lvring med emalje detaljer i flotte farver. Ringen er h\u00e5ndlavet og formet som fatimas h\u00e5nd.\"},{\"@type\":\"BreadcrumbList\",\"@id\":\"https:\\\/\\\/tibladin.dk\\\/produkt\\\/ring-i-soelv-emalje-fatima-1\\\/#breadcrumb\",\"itemListElement\":[{\"@type\":\"ListItem\",\"position\":1,\"name\":\"Hjem\",\"item\":\"https:\\\/\\\/tibladin.dk\\\/\"},{\"@type\":\"ListItem\",\"position\":2,\"name\":\"Shop\",\"item\":\"https:\\\/\\\/tibladin.dk\\\/shop\\\/\"},{\"@type\":\"ListItem\",\"position\":3,\"name\":\"Ring i s\u00f8lv &#8211; EMALJE FATIMA 1\"}]},{\"@type\":\"WebSite\",\"@id\":\"https:\\\/\\\/tibladin.dk\\\/#website\",\"url\":\"https:\\\/\\\/tibladin.dk\\\/\",\"name\":\"Tibladin\",\"description\":\"Tibladin\",\"publisher\":{\"@id\":\"https:\\\/\\\/tibladin.dk\\\/#organization\"},\"potentialAction\":[{\"@type\":\"SearchAction\",\"target\":{\"@type\":\"EntryPoint\",\"urlTemplate\":\"https:\\\/\\\/tibladin.dk\\\/?s={search_term_string}\"},\"query-input\":{\"@type\":\"PropertyValueSpecification\",\"valueRequired\":true,\"valueName\":\"search_term_string\"}}],\"inLanguage\":\"sv-SE\"},{\"@type\":\"Organization\",\"@id\":\"https:\\\/\\\/tibladin.dk\\\/#organization\",\"name\":\"Tibladin\",\"url\":\"https:\\\/\\\/tibladin.dk\\\/\",\"logo\":{\"@type\":\"ImageObject\",\"inLanguage\":\"sv-SE\",\"@id\":\"https:\\\/\\\/tibladin.dk\\\/#\\\/schema\\\/logo\\\/image\\\/\",\"url\":\"https:\\\/\\\/tibladin.dk\\\/wp-content\\\/uploads\\\/2022\\\/09\\\/tibladin_logo.svg\",\"contentUrl\":\"https:\\\/\\\/tibladin.dk\\\/wp-content\\\/uploads\\\/2022\\\/09\\\/tibladin_logo.svg\",\"caption\":\"Tibladin\"},\"image\":{\"@id\":\"https:\\\/\\\/tibladin.dk\\\/#\\\/schema\\\/logo\\\/image\\\/\"}}]}<\/script>\n<!-- \/ Yoast SEO plugin. -->","yoast_head_json":{"title":"Silverring | Handgjorda marockanska skapelser | Bara p\u00e5 Tibladin","description":"Vacker silverring med turkos sten handgjord i Tiznit. Helt unika skapelser f\u00f6r dig som \u00e4lskar att ha autentiska smycken med en historia.","robots":{"index":"index","follow":"follow","max-snippet":"max-snippet:-1","max-image-preview":"max-image-preview:large","max-video-preview":"max-video-preview:-1"},"canonical":"https:\/\/tibladin.dk\/sv\/produkt\/ring-i-soelv-emalje-fatima-1\/","og_locale":"sv_SE","og_type":"article","og_title":"S\u00f8lvring | H\u00e5ndlavede marokkanske kreationer | Kun hos Tibladin","og_description":"Smuk s\u00f8lvring med turkis sten h\u00e5ndlavet i Tiznit. Helt unikke kreationer til dig, der elsker at have autentiske smykker med en historie.","og_url":"https:\/\/tibladin.dk\/sv\/produkt\/ring-i-soelv-emalje-fatima-1\/","og_site_name":"Tibladin","article_modified_time":"2026-05-01T09:59:18+00:00","og_image":[{"width":800,"height":800,"url":"https:\/\/tibladin.dk\/wp-content\/uploads\/2026\/04\/Photoroom_20260425_125009.jpg","type":"image\/jpeg"}],"twitter_card":"summary_large_image","twitter_misc":{"Ber\u00e4knad l\u00e4stid":"2 minuter"},"schema":{"@context":"https:\/\/schema.org","@graph":[{"@type":"WebPage","@id":"https:\/\/tibladin.dk\/produkt\/ring-i-soelv-emalje-fatima-1\/","url":"https:\/\/tibladin.dk\/produkt\/ring-i-soelv-emalje-fatima-1\/","name":"Silverring | Handgjorda marockanska skapelser | Bara p\u00e5 Tibladin","isPartOf":{"@id":"https:\/\/tibladin.dk\/#website"},"primaryImageOfPage":{"@id":"https:\/\/tibladin.dk\/produkt\/ring-i-soelv-emalje-fatima-1\/#primaryimage"},"image":{"@id":"https:\/\/tibladin.dk\/produkt\/ring-i-soelv-emalje-fatima-1\/#primaryimage"},"thumbnailUrl":"https:\/\/tibladin.dk\/wp-content\/uploads\/2026\/04\/Photoroom_20260425_125009.jpg","datePublished":"2026-04-25T10:27:38+00:00","dateModified":"2026-05-01T09:59:18+00:00","description":"Vacker silverring med turkos sten handgjord i Tiznit. Helt unika skapelser f\u00f6r dig som \u00e4lskar att ha autentiska smycken med en historia.","breadcrumb":{"@id":"https:\/\/tibladin.dk\/produkt\/ring-i-soelv-emalje-fatima-1\/#breadcrumb"},"inLanguage":"sv-SE","potentialAction":[{"@type":"ReadAction","target":["https:\/\/tibladin.dk\/produkt\/ring-i-soelv-emalje-fatima-1\/"]}]},{"@type":"ImageObject","inLanguage":"sv-SE","@id":"https:\/\/tibladin.dk\/produkt\/ring-i-soelv-emalje-fatima-1\/#primaryimage","url":"https:\/\/tibladin.dk\/wp-content\/uploads\/2026\/04\/Photoroom_20260425_125009.jpg","contentUrl":"https:\/\/tibladin.dk\/wp-content\/uploads\/2026\/04\/Photoroom_20260425_125009.jpg","width":800,"height":800,"caption":"Smuk s\u00f8lvring med emalje detaljer i flotte farver. Ringen er h\u00e5ndlavet og formet som fatimas h\u00e5nd."},{"@type":"BreadcrumbList","@id":"https:\/\/tibladin.dk\/produkt\/ring-i-soelv-emalje-fatima-1\/#breadcrumb","itemListElement":[{"@type":"ListItem","position":1,"name":"Hjem","item":"https:\/\/tibladin.dk\/"},{"@type":"ListItem","position":2,"name":"Shop","item":"https:\/\/tibladin.dk\/shop\/"},{"@type":"ListItem","position":3,"name":"Ring i s\u00f8lv &#8211; EMALJE FATIMA 1"}]},{"@type":"WebSite","@id":"https:\/\/tibladin.dk\/#website","url":"https:\/\/tibladin.dk\/","name":"Tibladin","description":"Tibladin","publisher":{"@id":"https:\/\/tibladin.dk\/#organization"},"potentialAction":[{"@type":"SearchAction","target":{"@type":"EntryPoint","urlTemplate":"https:\/\/tibladin.dk\/?s={search_term_string}"},"query-input":{"@type":"PropertyValueSpecification","valueRequired":true,"valueName":"search_term_string"}}],"inLanguage":"sv-SE"},{"@type":"Organization","@id":"https:\/\/tibladin.dk\/#organization","name":"Tibladin","url":"https:\/\/tibladin.dk\/","logo":{"@type":"ImageObject","inLanguage":"sv-SE","@id":"https:\/\/tibladin.dk\/#\/schema\/logo\/image\/","url":"https:\/\/tibladin.dk\/wp-content\/uploads\/2022\/09\/tibladin_logo.svg","contentUrl":"https:\/\/tibladin.dk\/wp-content\/uploads\/2022\/09\/tibladin_logo.svg","caption":"Tibladin"},"image":{"@id":"https:\/\/tibladin.dk\/#\/schema\/logo\/image\/"}}]}},"_links":{"self":[{"href":"https:\/\/tibladin.dk\/sv\/wp-json\/wp\/v2\/product\/44211","targetHints":{"allow":["GET"]}}],"collection":[{"href":"https:\/\/tibladin.dk\/sv\/wp-json\/wp\/v2\/product"}],"about":[{"href":"https:\/\/tibladin.dk\/sv\/wp-json\/wp\/v2\/types\/product"}],"wp:featuredmedia":[{"embeddable":true,"href":"https:\/\/tibladin.dk\/sv\/wp-json\/wp\/v2\/media\/44216"}],"wp:attachment":[{"href":"https:\/\/tibladin.dk\/sv\/wp-json\/wp\/v2\/media?parent=44211"}],"wp:term":[{"taxonomy":"product_brand","embeddable":true,"href":"https:\/\/tibladin.dk\/sv\/wp-json\/wp\/v2\/product_brand?post=44211"},{"taxonomy":"product_cat","embeddable":true,"href":"https:\/\/tibladin.dk\/sv\/wp-json\/wp\/v2\/product_cat?post=44211"},{"taxonomy":"product_tag","embeddable":true,"href":"https:\/\/tibladin.dk\/sv\/wp-json\/wp\/v2\/product_tag?post=44211"}],"curies":[{"name":"wp","href":"https:\/\/api.w.org\/{rel}","templated":true}]}}