{"id":44273,"date":"2026-04-29T11:20:38","date_gmt":"2026-04-29T09:20:38","guid":{"rendered":"https:\/\/tibladin.dk\/?post_type=product&#038;p=44273"},"modified":"2026-05-01T12:06:08","modified_gmt":"2026-05-01T10:06:08","slug":"oereringe-i-soelv-majorelle","status":"publish","type":"product","link":"https:\/\/tibladin.dk\/sv\/produkt\/oereringe-i-soelv-majorelle\/","title":{"rendered":"Silver\u00f6rh\u00e4ngen \u2013 Majorelle"},"content":{"rendered":"<div class=\"wpb-content-wrapper\"><div class=\"vc_row wpb_row vc_row-fluid\"><div class=\"wpb_column vc_column_container vc_col-sm-4\"><div class=\"vc_column-inner\"><div class=\"wpb_wrapper\"><\/div><\/div><\/div><div class=\"wpb_column vc_column_container vc_col-sm-4\"><div class=\"vc_column-inner\"><div class=\"wpb_wrapper\"><h3 style=\"text-align: left\" class=\"vc_custom_heading vc_do_custom_heading\" >Underh\u00e5ll<\/h3>\n\t<div class=\"wpb_text_column wpb_content_element\" >\n\t\t<div class=\"wpb_wrapper\">\n\t\t\t<p>Silver kommer att mattas och m\u00f6rkna med tiden. Detta \u00e4r en helt naturlig process som uppst\u00e5r n\u00e4r silver kommer i kontakt med syre, syra och svett fr\u00e5n kroppen. Du kan enkelt piffa upp dina silversmycken igen. L\u00e4gg dem i en liten sk\u00e5l med mild tv\u00e5l och vatten och gnugga f\u00f6rsiktigt med en mjuk bomullstrasa. Du kan \u00e4ven k\u00f6pa speciellt silverreng\u00f6ringsmedel f\u00f6r smycken som du f\u00f6rsiktigt gnider in i silversmyckena med en bomullstrasa och gnuggar l\u00e4tt tills det gl\u00e4nser igen.<\/p>\n<p>Malakit \u00e4r en relativt por\u00f6s sten som m\u00e5ste behandlas med f\u00f6rsiktighet. Anv\u00e4nd en torr, mjuk trasa och gnugga stenen l\u00e4tt. Undvik vatten, kemikalier och parfym.<\/p>\n\n\t\t<\/div>\n\t<\/div>\n<\/div><\/div><\/div><div class=\"wpb_column vc_column_container vc_col-sm-4\"><div class=\"vc_column-inner\"><div class=\"wpb_wrapper\"><h3 style=\"text-align: left\" class=\"vc_custom_heading vc_do_custom_heading\" >Historien bakom<\/h3>\n\t<div class=\"wpb_text_column wpb_content_element\" >\n\t\t<div class=\"wpb_wrapper\">\n\t\t\t<p><span style=\"font-weight: 400;\">Tiznit \u00e4r en liten stad i regionen Souss-Massa som ligger p\u00e5 Marockos v\u00e4stkust. Traditionella marockanska amazigh\/berbersmycken f\u00f6rknippas med Tiznit eftersom denna stad \u00e4r k\u00e4nd f\u00f6r sitt \u00e5r av hantverk av h\u00f6gkvalitativa traditionella silversmycken handgjorda av skickliga hantverkare. Varje smycke \u00e4r resultatet av dedikerat hantverk och var och en ber\u00e4ttar en historia, som \u00e4r en symbol f\u00f6r skaparnas kreativa och vackra hantverk. Smyckena representerar inte bara stadens kulturarv, utan hela Marockos kulturarv samt berbernas traditioner, som har g\u00e5tt i arv genom generationer.\u00a0<\/span><\/p>\n<p><span style=\"font-weight: 400;\"><br \/>\n<\/span><b>Ber\u00e4tta din historia genom smycken<\/b><\/p>\n<p><span style=\"font-weight: 400;\">Ett smycke kan rymma m\u00e5nga minnen och ber\u00e4tta din personliga historia, n\u00e4r du tar med dig smycket p\u00e5 din egen resa och skapar h\u00e4rliga, minnesv\u00e4rda upplevelser. N\u00e4r Tibladin g\u00e5r p\u00e5 smyckejakt i den marockanska staden Tiznit, vars hj\u00e4rta sl\u00e5r f\u00f6r smycken,<\/span><\/p>\n<p><span style=\"font-weight: 400;\">vi v\u00e4ljer smycken som varierar i stil och p\u00e5 sitt eget charmiga s\u00e4tt kombinerar den klassiska, historiska designen som berberna f\u00f6redrar med elegans och tidl\u00f6shet.\u00a0<\/span><\/p>\n<p><br style=\"font-weight: 400;\" \/><\/p>\n\n\t\t<\/div>\n\t<\/div>\n<\/div><\/div><\/div><\/div>\n<\/div>","protected":false},"excerpt":{"rendered":"<p class=\"p1\">Eleganta och tidl\u00f6sa \u00f6rh\u00e4ngen handgjorda i \u00e4kta silver med en vacker, rund marinbl\u00e5 sten.<\/p>\n<p class=\"p1\">Den fina silverb\u00e5gen \u00e4r dekorerad med sm\u00e5 kuldetaljer, vilket ger ett klassiskt, l\u00e4tt r\u00e5tt uttryck och framh\u00e4ver det unika hantverket. \u00d6rh\u00e4ngena h\u00e4nger l\u00e4tt fr\u00e5n \u00f6rat och r\u00f6r sig diskret, vilket ger ett sofistikerat och naturligt utseende.<\/p>\n<p class=\"p1\">Helt unika och perfekta f\u00f6r b\u00e5de vardag och speciella tillf\u00e4llen \u2013 \u00f6rh\u00e4ngen med lugn, djup och karakt\u00e4r.<\/p>\n<p>Priset \u00e4r f\u00f6r ett par.<\/p>","protected":false},"featured_media":44249,"template":"","meta":{"inline_featured_image":false},"product_brand":[],"product_cat":[166,162],"product_tag":[],"class_list":{"0":"post-44273","1":"product","2":"type-product","3":"status-publish","4":"has-post-thumbnail","6":"product_cat-oereringe","7":"product_cat-smykker","9":"first","10":"instock","11":"taxable","12":"shipping-taxable","13":"purchasable","14":"product-type-simple"},"exclude_global_add_ons":[],"addons":[],"yoast_head":"<!-- This site is optimized with the Yoast SEO plugin v27.5 - https:\/\/yoast.com\/product\/yoast-seo-wordpress\/ -->\n<title>H\u00e5ndlavede marokkanske smykker | Stort udvalg | Kun hos Tibladin<\/title>\n<meta name=\"description\" content=\"Smukke h\u00e5ndlavede \u00f8reringe i s\u00f8lv fra Tiznit i Marokko. Perfekte til dig, der elsker at have unikke smykker med en historie.\" \/>\n<meta name=\"robots\" content=\"index, follow, max-snippet:-1, max-image-preview:large, max-video-preview:-1\" \/>\n<link rel=\"canonical\" href=\"https:\/\/tibladin.dk\/sv\/produkt\/oereringe-i-soelv-majorelle\/\" \/>\n<meta property=\"og:locale\" content=\"sv_SE\" \/>\n<meta property=\"og:type\" content=\"article\" \/>\n<meta property=\"og:title\" content=\"H\u00e5ndlavede marokkanske smykker | Stort udvalg | Kun hos Tibladin\" \/>\n<meta property=\"og:description\" content=\"Smukke h\u00e5ndlavede \u00f8reringe i s\u00f8lv fra Tiznit i Marokko. Perfekte til dig, der elsker at have unikke smykker med en historie.\" \/>\n<meta property=\"og:url\" content=\"https:\/\/tibladin.dk\/sv\/produkt\/oereringe-i-soelv-majorelle\/\" \/>\n<meta property=\"og:site_name\" content=\"Tibladin\" \/>\n<meta property=\"article:modified_time\" content=\"2026-05-01T10:06:08+00:00\" \/>\n<meta property=\"og:image\" content=\"https:\/\/tibladin.dk\/wp-content\/uploads\/2026\/04\/Photoroom_20260428_113822.png\" \/>\n\t<meta property=\"og:image:width\" content=\"800\" \/>\n\t<meta property=\"og:image:height\" content=\"800\" \/>\n\t<meta property=\"og:image:type\" content=\"image\/png\" \/>\n<meta name=\"twitter:card\" content=\"summary_large_image\" \/>\n<meta name=\"twitter:label1\" content=\"Ber\u00e4knad l\u00e4stid\" \/>\n\t<meta name=\"twitter:data1\" content=\"3 minuter\" \/>\n<script type=\"application\/ld+json\" class=\"yoast-schema-graph\">{\"@context\":\"https:\\\/\\\/schema.org\",\"@graph\":[{\"@type\":\"WebPage\",\"@id\":\"https:\\\/\\\/tibladin.dk\\\/produkt\\\/oereringe-i-soelv-majorelle\\\/\",\"url\":\"https:\\\/\\\/tibladin.dk\\\/produkt\\\/oereringe-i-soelv-majorelle\\\/\",\"name\":\"H\u00e5ndlavede marokkanske smykker | Stort udvalg | Kun hos Tibladin\",\"isPartOf\":{\"@id\":\"https:\\\/\\\/tibladin.dk\\\/#website\"},\"primaryImageOfPage\":{\"@id\":\"https:\\\/\\\/tibladin.dk\\\/produkt\\\/oereringe-i-soelv-majorelle\\\/#primaryimage\"},\"image\":{\"@id\":\"https:\\\/\\\/tibladin.dk\\\/produkt\\\/oereringe-i-soelv-majorelle\\\/#primaryimage\"},\"thumbnailUrl\":\"https:\\\/\\\/tibladin.dk\\\/wp-content\\\/uploads\\\/2026\\\/04\\\/Photoroom_20260428_113822.png\",\"datePublished\":\"2026-04-29T09:20:38+00:00\",\"dateModified\":\"2026-05-01T10:06:08+00:00\",\"description\":\"Smukke h\u00e5ndlavede \u00f8reringe i s\u00f8lv fra Tiznit i Marokko. Perfekte til dig, der elsker at have unikke smykker med en historie.\",\"breadcrumb\":{\"@id\":\"https:\\\/\\\/tibladin.dk\\\/produkt\\\/oereringe-i-soelv-majorelle\\\/#breadcrumb\"},\"inLanguage\":\"sv-SE\",\"potentialAction\":[{\"@type\":\"ReadAction\",\"target\":[\"https:\\\/\\\/tibladin.dk\\\/produkt\\\/oereringe-i-soelv-majorelle\\\/\"]}]},{\"@type\":\"ImageObject\",\"inLanguage\":\"sv-SE\",\"@id\":\"https:\\\/\\\/tibladin.dk\\\/produkt\\\/oereringe-i-soelv-majorelle\\\/#primaryimage\",\"url\":\"https:\\\/\\\/tibladin.dk\\\/wp-content\\\/uploads\\\/2026\\\/04\\\/Photoroom_20260428_113822.png\",\"contentUrl\":\"https:\\\/\\\/tibladin.dk\\\/wp-content\\\/uploads\\\/2026\\\/04\\\/Photoroom_20260428_113822.png\",\"width\":800,\"height\":800,\"caption\":\"Rund marinebl\u00e5 sten omringet af prikker h\u00e6nge\u00f8rering i s\u00f8lv.\"},{\"@type\":\"BreadcrumbList\",\"@id\":\"https:\\\/\\\/tibladin.dk\\\/produkt\\\/oereringe-i-soelv-majorelle\\\/#breadcrumb\",\"itemListElement\":[{\"@type\":\"ListItem\",\"position\":1,\"name\":\"Hjem\",\"item\":\"https:\\\/\\\/tibladin.dk\\\/\"},{\"@type\":\"ListItem\",\"position\":2,\"name\":\"Shop\",\"item\":\"https:\\\/\\\/tibladin.dk\\\/shop\\\/\"},{\"@type\":\"ListItem\",\"position\":3,\"name\":\"\u00d8reringe i s\u00f8lv &#8211; Majorelle\"}]},{\"@type\":\"WebSite\",\"@id\":\"https:\\\/\\\/tibladin.dk\\\/#website\",\"url\":\"https:\\\/\\\/tibladin.dk\\\/\",\"name\":\"Tibladin\",\"description\":\"Tibladin\",\"publisher\":{\"@id\":\"https:\\\/\\\/tibladin.dk\\\/#organization\"},\"potentialAction\":[{\"@type\":\"SearchAction\",\"target\":{\"@type\":\"EntryPoint\",\"urlTemplate\":\"https:\\\/\\\/tibladin.dk\\\/?s={search_term_string}\"},\"query-input\":{\"@type\":\"PropertyValueSpecification\",\"valueRequired\":true,\"valueName\":\"search_term_string\"}}],\"inLanguage\":\"sv-SE\"},{\"@type\":\"Organization\",\"@id\":\"https:\\\/\\\/tibladin.dk\\\/#organization\",\"name\":\"Tibladin\",\"url\":\"https:\\\/\\\/tibladin.dk\\\/\",\"logo\":{\"@type\":\"ImageObject\",\"inLanguage\":\"sv-SE\",\"@id\":\"https:\\\/\\\/tibladin.dk\\\/#\\\/schema\\\/logo\\\/image\\\/\",\"url\":\"https:\\\/\\\/tibladin.dk\\\/wp-content\\\/uploads\\\/2022\\\/09\\\/tibladin_logo.svg\",\"contentUrl\":\"https:\\\/\\\/tibladin.dk\\\/wp-content\\\/uploads\\\/2022\\\/09\\\/tibladin_logo.svg\",\"caption\":\"Tibladin\"},\"image\":{\"@id\":\"https:\\\/\\\/tibladin.dk\\\/#\\\/schema\\\/logo\\\/image\\\/\"}}]}<\/script>\n<!-- \/ Yoast SEO plugin. -->","yoast_head_json":{"title":"Handgjorda marockanska smycken | Stort utbud | Bara p\u00e5 Tibladin","description":"Vackra handgjorda \u00f6rh\u00e4ngen i silver fr\u00e5n Tiznit i Marocko. Perfekt f\u00f6r dig som \u00e4lskar att ha unika smycken med en historia.","robots":{"index":"index","follow":"follow","max-snippet":"max-snippet:-1","max-image-preview":"max-image-preview:large","max-video-preview":"max-video-preview:-1"},"canonical":"https:\/\/tibladin.dk\/sv\/produkt\/oereringe-i-soelv-majorelle\/","og_locale":"sv_SE","og_type":"article","og_title":"H\u00e5ndlavede marokkanske smykker | Stort udvalg | Kun hos Tibladin","og_description":"Smukke h\u00e5ndlavede \u00f8reringe i s\u00f8lv fra Tiznit i Marokko. Perfekte til dig, der elsker at have unikke smykker med en historie.","og_url":"https:\/\/tibladin.dk\/sv\/produkt\/oereringe-i-soelv-majorelle\/","og_site_name":"Tibladin","article_modified_time":"2026-05-01T10:06:08+00:00","og_image":[{"width":800,"height":800,"url":"https:\/\/tibladin.dk\/wp-content\/uploads\/2026\/04\/Photoroom_20260428_113822.png","type":"image\/png"}],"twitter_card":"summary_large_image","twitter_misc":{"Ber\u00e4knad l\u00e4stid":"3 minuter"},"schema":{"@context":"https:\/\/schema.org","@graph":[{"@type":"WebPage","@id":"https:\/\/tibladin.dk\/produkt\/oereringe-i-soelv-majorelle\/","url":"https:\/\/tibladin.dk\/produkt\/oereringe-i-soelv-majorelle\/","name":"Handgjorda marockanska smycken | Stort utbud | Bara p\u00e5 Tibladin","isPartOf":{"@id":"https:\/\/tibladin.dk\/#website"},"primaryImageOfPage":{"@id":"https:\/\/tibladin.dk\/produkt\/oereringe-i-soelv-majorelle\/#primaryimage"},"image":{"@id":"https:\/\/tibladin.dk\/produkt\/oereringe-i-soelv-majorelle\/#primaryimage"},"thumbnailUrl":"https:\/\/tibladin.dk\/wp-content\/uploads\/2026\/04\/Photoroom_20260428_113822.png","datePublished":"2026-04-29T09:20:38+00:00","dateModified":"2026-05-01T10:06:08+00:00","description":"Vackra handgjorda \u00f6rh\u00e4ngen i silver fr\u00e5n Tiznit i Marocko. Perfekt f\u00f6r dig som \u00e4lskar att ha unika smycken med en historia.","breadcrumb":{"@id":"https:\/\/tibladin.dk\/produkt\/oereringe-i-soelv-majorelle\/#breadcrumb"},"inLanguage":"sv-SE","potentialAction":[{"@type":"ReadAction","target":["https:\/\/tibladin.dk\/produkt\/oereringe-i-soelv-majorelle\/"]}]},{"@type":"ImageObject","inLanguage":"sv-SE","@id":"https:\/\/tibladin.dk\/produkt\/oereringe-i-soelv-majorelle\/#primaryimage","url":"https:\/\/tibladin.dk\/wp-content\/uploads\/2026\/04\/Photoroom_20260428_113822.png","contentUrl":"https:\/\/tibladin.dk\/wp-content\/uploads\/2026\/04\/Photoroom_20260428_113822.png","width":800,"height":800,"caption":"Rund marinebl\u00e5 sten omringet af prikker h\u00e6nge\u00f8rering i s\u00f8lv."},{"@type":"BreadcrumbList","@id":"https:\/\/tibladin.dk\/produkt\/oereringe-i-soelv-majorelle\/#breadcrumb","itemListElement":[{"@type":"ListItem","position":1,"name":"Hjem","item":"https:\/\/tibladin.dk\/"},{"@type":"ListItem","position":2,"name":"Shop","item":"https:\/\/tibladin.dk\/shop\/"},{"@type":"ListItem","position":3,"name":"\u00d8reringe i s\u00f8lv &#8211; Majorelle"}]},{"@type":"WebSite","@id":"https:\/\/tibladin.dk\/#website","url":"https:\/\/tibladin.dk\/","name":"Tibladin","description":"Tibladin","publisher":{"@id":"https:\/\/tibladin.dk\/#organization"},"potentialAction":[{"@type":"SearchAction","target":{"@type":"EntryPoint","urlTemplate":"https:\/\/tibladin.dk\/?s={search_term_string}"},"query-input":{"@type":"PropertyValueSpecification","valueRequired":true,"valueName":"search_term_string"}}],"inLanguage":"sv-SE"},{"@type":"Organization","@id":"https:\/\/tibladin.dk\/#organization","name":"Tibladin","url":"https:\/\/tibladin.dk\/","logo":{"@type":"ImageObject","inLanguage":"sv-SE","@id":"https:\/\/tibladin.dk\/#\/schema\/logo\/image\/","url":"https:\/\/tibladin.dk\/wp-content\/uploads\/2022\/09\/tibladin_logo.svg","contentUrl":"https:\/\/tibladin.dk\/wp-content\/uploads\/2022\/09\/tibladin_logo.svg","caption":"Tibladin"},"image":{"@id":"https:\/\/tibladin.dk\/#\/schema\/logo\/image\/"}}]}},"_links":{"self":[{"href":"https:\/\/tibladin.dk\/sv\/wp-json\/wp\/v2\/product\/44273","targetHints":{"allow":["GET"]}}],"collection":[{"href":"https:\/\/tibladin.dk\/sv\/wp-json\/wp\/v2\/product"}],"about":[{"href":"https:\/\/tibladin.dk\/sv\/wp-json\/wp\/v2\/types\/product"}],"wp:featuredmedia":[{"embeddable":true,"href":"https:\/\/tibladin.dk\/sv\/wp-json\/wp\/v2\/media\/44249"}],"wp:attachment":[{"href":"https:\/\/tibladin.dk\/sv\/wp-json\/wp\/v2\/media?parent=44273"}],"wp:term":[{"taxonomy":"product_brand","embeddable":true,"href":"https:\/\/tibladin.dk\/sv\/wp-json\/wp\/v2\/product_brand?post=44273"},{"taxonomy":"product_cat","embeddable":true,"href":"https:\/\/tibladin.dk\/sv\/wp-json\/wp\/v2\/product_cat?post=44273"},{"taxonomy":"product_tag","embeddable":true,"href":"https:\/\/tibladin.dk\/sv\/wp-json\/wp\/v2\/product_tag?post=44273"}],"curies":[{"name":"wp","href":"https:\/\/api.w.org\/{rel}","templated":true}]}}