{"id":4480,"date":"2022-10-27T11:27:17","date_gmt":"2022-10-27T09:27:17","guid":{"rendered":"https:\/\/tibladin.dk\/?post_type=product&#038;p=4480"},"modified":"2025-12-21T21:19:47","modified_gmt":"2025-12-21T20:19:47","slug":"marockansk-affisch-guerrab","status":"publish","type":"product","link":"https:\/\/tibladin.dk\/sv\/produkt\/marokkansk-plakat-guerrab\/","title":{"rendered":"Marockansk affisch GUERRAB"},"content":{"rendered":"<div class=\"wpb-content-wrapper\"><div class=\"vc_row wpb_row vc_row-fluid\"><div class=\"wpb_column vc_column_container vc_col-sm-4\"><div class=\"vc_column-inner\"><div class=\"wpb_wrapper\"><\/div><\/div><\/div><div class=\"wpb_column vc_column_container vc_col-sm-4\"><div class=\"vc_column-inner\"><div class=\"wpb_wrapper\"><h3 style=\"text-align: left\" class=\"vc_custom_heading vc_do_custom_heading\" >Ram<\/h3>\n\t<div class=\"wpb_text_column wpb_content_element\" >\n\t\t<div class=\"wpb_wrapper\">\n\t\t\t<p>M\u00f6jlighet till till\u00e4ggsk\u00f6p av f\u00e4rgade och naturf\u00e4rgade ramar.<\/p>\n\n\t\t<\/div>\n\t<\/div>\n<\/div><\/div><\/div><div class=\"wpb_column vc_column_container vc_col-sm-4\"><div class=\"vc_column-inner\"><div class=\"wpb_wrapper\"><h3 style=\"text-align: left\" class=\"vc_custom_heading vc_do_custom_heading\" >S\u00e5 h\u00e4r dekorerar jag mina v\u00e4ggar<\/h3>\n\t<div class=\"wpb_text_column wpb_content_element\" >\n\t\t<div class=\"wpb_wrapper\">\n\t\t\t<p><span class=\"JsGRdQ\">Skulle dina v\u00e4ggar bubbla \u00f6ver som ett champagneglas av romantik, utstr\u00e5la exklusivitet, skapa en v\u00e4rme<\/span><span class=\"JsGRdQ\">\u00a0<\/span><span class=\"JsGRdQ\">bohemisk vibe eller n\u00e5got helt annat? Det kan uppn\u00e5s med sm\u00e5 f\u00f6r\u00e4ndringar och n\u00e5gra enkla val. Anv\u00e4nd affischer av lokala marockanska konstn\u00e4rer f\u00f6r att ge din inredning ett personligt och unikt utseende.<\/span><\/p>\n\n\t\t<\/div>\n\t<\/div>\n<\/div><\/div><\/div><\/div>\n<\/div>","protected":false},"excerpt":{"rendered":"<h3>Guerrab av Yann Chatelin<\/h3>\n<div>Marockansk affisch fr\u00e5n 100% \u00e5tervunnet papper. Affischerna \u00e4r av h\u00f6g kvalitet och kommer i en f\u00f6rsiktig och skyddande triangul\u00e4r kartong.<\/div>\n<div><\/div>\n<div>\n<div>H\u00e4r ger Yann Chatelin oss sin version av Guerrab (vattenb\u00e4rare). Affischen visar en man som \u00e4r en vattenb\u00e4rare m\u00e5lad i bl\u00e5tt. I bakgrunden \u00e4r teckningen ett cirkul\u00e4rt, arabiskt m\u00f6nster i orange f\u00e4rg. Vattenb\u00e4raren, guerrabas, \u00e4r ett mycket gammalt, typiskt marockanskt jobb. F\u00f6rr i tiden var det mycket vanligt att m\u00e5nga av dessa m\u00e4n gick runt i soukerna och f\u00f6rde med sig uppfriskande vatten till t\u00f6rstiga f\u00f6rbipasserande och butiks\u00e4gare f\u00f6r n\u00e5gra dirhams. Idag har vi vattenflaskor som folk k\u00f6per ist\u00e4llet, s\u00e5 de \u00e4r mindre popul\u00e4ra. &quot;Guerrab&quot; kommer fr\u00e5n det arabiska ordet guerba som betyder flaska. Flaskan \u00e4r t\u00e4ckt av getskinn som h\u00e5ller vattnet kallt och \u00e4r dekorerad med gamla mynt.<\/div>\n<p dir=\"ltr\">De \u00e4r kl\u00e4dda i en traditionell r\u00f6d outfit, s\u00e5 att man l\u00e4tt kan se dem p\u00e5 avst\u00e5nd, och kl\u00e4derna \u00e4r t\u00e4ckta med koppar- eller pl\u00e5tmuggar och en f\u00e4rgglad hatt, kallad tarazza. Han har en klocka som han ringer f\u00f6r att visa att han \u00e4r n\u00e4rvarande.<\/p>\n<p dir=\"ltr\">Speciellt i soukerna och p\u00e5 torget Jemaa el fna i Marrakech ser man dem g\u00e5 omkring. De \u00e4r en del av Marockos traditionella kultur och m\u00e5nga marockaner och turister uppskattar dem.<\/p>\n<p dir=\"ltr\">\n<\/div>\n<h3>Om konstn\u00e4ren<\/h3>\n<p>Den unge gatukonstn\u00e4ren Yann Chatelain bor i Berlin, men f\u00f6ddes i hamnstaden Calais i Frankrike 1980. Han har tillbringat 15 \u00e5r i Marocko, d\u00e4r han bodde 2005-2020. Han blev medveten om graffiti vid 15 \u00e5rs \u00e5lder. Han menar att teknik ers\u00e4tter individuell reflektion och kreativitet. I sina verk reflekterar han \u00f6ver handskiftet till f\u00f6rm\u00e5n f\u00f6r digitalt skrivande, som tyv\u00e4rr har b\u00f6rjat ta \u00f6ver. Allt handskrivet \u00e4r unikt, det \u00e4r som ett tryck, en spegel av f\u00f6rfattarens personlighet. S\u00e5 f\u00f6r Yann \u00e4r hans konst ett s\u00e4tt f\u00f6r honom att uttrycka sig kreativt och s\u00e4tta sina sp\u00e5r via sina egna handskrivna ord och fraser inspirerade av det kalligrafiska typsnittet.<\/p>\n<h3><strong>Ramverk<\/strong><\/h3>\n<div>Det \u00e4r m\u00f6jligt att k\u00f6pa en ram i exakt den f\u00e4rg du \u00f6nskar. Genom att v\u00e4lja en f\u00e4rgad ram som matchar affischens f\u00e4rger framh\u00e4vs affischens sk\u00f6nhet. V\u00e5ra ramar l\u00e4gger till f\u00e4rg och kompletterar hela looken. Det \u00e4r verkligen gr\u00e4dden p\u00e5 moset. Ramarna finns i 30\u00d740 respektive 50\u00d770. Ramarna skickas separat fr\u00e5n din best\u00e4llning eftersom de skickas fr\u00e5n fj\u00e4rrlagring. B\u00e5garna kommer med plexiglas, men om du f\u00f6redrar vanligt glas \u00e4r det bara att skriva det i kommentarsf\u00e4ltet.<\/div>","protected":false},"featured_media":5252,"template":"","meta":{"inline_featured_image":false},"product_brand":[],"product_cat":[47,111,133,114,56],"product_tag":[],"class_list":{"0":"post-4480","1":"product","2":"type-product","3":"status-publish","4":"has-post-thumbnail","6":"product_cat-gaven-til-ham","7":"product_cat-plakater","8":"product_cat-plakater30x40","9":"product_cat-plakater-50x70","10":"product_cat-vaegdekoration","12":"first","13":"instock","14":"taxable","15":"shipping-taxable","16":"purchasable","17":"product-type-variable"},"exclude_global_add_ons":false,"addons":[{"name":"Vill du ha presentinslagning?","type":"checkbox","position":0,"required":false,"title_format":"label","default":"","description_enable":false,"description":"","placeholder_enable":false,"placeholder":"","display":"images","restrictions_type":"any_text","adjust_price":false,"price":"","price_type":"flat_fee","restrictions":false,"min":"0","max":"0","options":[{"label":"Ja tak","price":"10","price_type":"flat_fee","image":11015,"visibility":true}],"id":1669646111},{"name":"K\u00f6p en ram till din affisch","type":"multiple_choice","position":0,"required":false,"title_format":"label","default":"","description_enable":true,"description":"Ramarna levereras med plexiglas. Om du f\u00f6redrar vanligt glas, skriv det bara i kommentarsf\u00e4ltet. De f\u00e4rgade ramarna levereras separat eftersom de skickas fr\u00e5n ett fj\u00e4rrlager.","placeholder_enable":false,"placeholder":"","display":"images","restrictions_type":"any_text","adjust_price":false,"price":"","price_type":"flat_fee","restrictions":false,"min":"0","max":"0","options":[{"label":"GUL 30x40","price":"199","price_type":"flat_fee","image":7321,"visibility":true},{"label":"GUL 50x70","price":"299","price_type":"flat_fee","image":7322,"visibility":true},{"label":"LYSEBL\u00c5 30x40","price":"199","price_type":"flat_fee","image":7325,"visibility":true},{"label":"LYSEBL\u00c5 50x70","price":"299","price_type":"flat_fee","image":7336,"visibility":true},{"label":"KOBOLTBL\u00c5 30x40","price":"199","price_type":"flat_fee","image":7323,"visibility":true},{"label":"KOBOLTBL\u00c5 50x70","price":"299","price_type":"flat_fee","image":7324,"visibility":true},{"label":"M\u00d8RKEBL\u00c5 30x40","price":"199","price_type":"flat_fee","image":7329,"visibility":true},{"label":"M\u00d8RKEBL\u00c5 50x70","price":"299","price_type":"flat_fee","image":7330,"visibility":true},{"label":"ROSA 30x40","price":"199","price_type":"flat_fee","image":7327,"visibility":true},{"label":"ROSA 50x70","price":"299","price_type":"flat_fee","image":7328,"visibility":true},{"label":"ORANGE 30x40","price":"199","price_type":"flat_fee","image":7333,"visibility":true},{"label":"ORANGE 50x70","price":"299","price_type":"flat_fee","image":7334,"visibility":true},{"label":"SORT 30x40","price":"199","price_type":"flat_fee","image":7319,"visibility":true},{"label":"SORT 50x70","price":"299","price_type":"flat_fee","image":7320,"visibility":true},{"label":"NATUR 30x40","price":"70","price_type":"flat_fee","image":7331,"visibility":true},{"label":"NATUR 50x70","price":"149","price_type":"flat_fee","image":7332,"visibility":true}],"id":1683372015}],"yoast_head":"<!-- This site is optimized with the Yoast SEO plugin v27.4 - https:\/\/yoast.com\/product\/yoast-seo-wordpress\/ -->\n<title>Marokkansk Plakat GUERRAB<\/title>\n<meta name=\"description\" content=\"Marokkansk plakat af Yann Chatelin GUERRAB. Flot plakat i hvid med orange og bl\u00e5 nuancer af en &quot;Guerrab&quot;. Stort udvalg af marokkanske plakater hos Tibladin.\" \/>\n<meta name=\"robots\" content=\"index, follow, max-snippet:-1, max-image-preview:large, max-video-preview:-1\" \/>\n<link rel=\"canonical\" href=\"https:\/\/tibladin.dk\/sv\/produkt\/marockansk-affisch-guerrab\/\" \/>\n<meta property=\"og:locale\" content=\"sv_SE\" \/>\n<meta property=\"og:type\" content=\"article\" \/>\n<meta property=\"og:title\" content=\"Marokkansk Plakat GUERRAB\" \/>\n<meta property=\"og:description\" content=\"Marokkansk plakat af Yann Chatelin GUERRAB. Flot plakat i hvid med orange og bl\u00e5 nuancer af en &quot;Guerrab&quot;. Stort udvalg af marokkanske plakater hos Tibladin.\" \/>\n<meta property=\"og:url\" content=\"https:\/\/tibladin.dk\/sv\/produkt\/marockansk-affisch-guerrab\/\" \/>\n<meta property=\"og:site_name\" content=\"Tibladin\" \/>\n<meta property=\"article:modified_time\" content=\"2025-12-21T20:19:47+00:00\" \/>\n<meta property=\"og:image\" content=\"https:\/\/tibladin.dk\/wp-content\/uploads\/2022\/10\/Guarreb.jpg\" \/>\n\t<meta property=\"og:image:width\" content=\"800\" \/>\n\t<meta property=\"og:image:height\" content=\"800\" \/>\n\t<meta property=\"og:image:type\" content=\"image\/jpeg\" \/>\n<meta name=\"twitter:card\" content=\"summary_large_image\" \/>\n<meta name=\"twitter:label1\" content=\"Ber\u00e4knad l\u00e4stid\" \/>\n\t<meta name=\"twitter:data1\" content=\"1 minut\" \/>\n<script type=\"application\/ld+json\" class=\"yoast-schema-graph\">{\"@context\":\"https:\\\/\\\/schema.org\",\"@graph\":[{\"@type\":\"WebPage\",\"@id\":\"https:\\\/\\\/tibladin.dk\\\/produkt\\\/marokkansk-plakat-guerrab\\\/\",\"url\":\"https:\\\/\\\/tibladin.dk\\\/produkt\\\/marokkansk-plakat-guerrab\\\/\",\"name\":\"Marokkansk Plakat GUERRAB\",\"isPartOf\":{\"@id\":\"https:\\\/\\\/tibladin.dk\\\/#website\"},\"primaryImageOfPage\":{\"@id\":\"https:\\\/\\\/tibladin.dk\\\/produkt\\\/marokkansk-plakat-guerrab\\\/#primaryimage\"},\"image\":{\"@id\":\"https:\\\/\\\/tibladin.dk\\\/produkt\\\/marokkansk-plakat-guerrab\\\/#primaryimage\"},\"thumbnailUrl\":\"https:\\\/\\\/tibladin.dk\\\/wp-content\\\/uploads\\\/2022\\\/10\\\/Guarreb.jpg\",\"datePublished\":\"2022-10-27T09:27:17+00:00\",\"dateModified\":\"2025-12-21T20:19:47+00:00\",\"description\":\"Marokkansk plakat af Yann Chatelin GUERRAB. Flot plakat i hvid med orange og bl\u00e5 nuancer af en \\\"Guerrab\\\". Stort udvalg af marokkanske plakater hos Tibladin.\",\"breadcrumb\":{\"@id\":\"https:\\\/\\\/tibladin.dk\\\/produkt\\\/marokkansk-plakat-guerrab\\\/#breadcrumb\"},\"inLanguage\":\"sv-SE\",\"potentialAction\":[{\"@type\":\"ReadAction\",\"target\":[\"https:\\\/\\\/tibladin.dk\\\/produkt\\\/marokkansk-plakat-guerrab\\\/\"]}]},{\"@type\":\"ImageObject\",\"inLanguage\":\"sv-SE\",\"@id\":\"https:\\\/\\\/tibladin.dk\\\/produkt\\\/marokkansk-plakat-guerrab\\\/#primaryimage\",\"url\":\"https:\\\/\\\/tibladin.dk\\\/wp-content\\\/uploads\\\/2022\\\/10\\\/Guarreb.jpg\",\"contentUrl\":\"https:\\\/\\\/tibladin.dk\\\/wp-content\\\/uploads\\\/2022\\\/10\\\/Guarreb.jpg\",\"width\":800,\"height\":800,\"caption\":\"Plakat GUARREB\"},{\"@type\":\"BreadcrumbList\",\"@id\":\"https:\\\/\\\/tibladin.dk\\\/produkt\\\/marokkansk-plakat-guerrab\\\/#breadcrumb\",\"itemListElement\":[{\"@type\":\"ListItem\",\"position\":1,\"name\":\"Hjem\",\"item\":\"https:\\\/\\\/tibladin.dk\\\/\"},{\"@type\":\"ListItem\",\"position\":2,\"name\":\"Shop\",\"item\":\"https:\\\/\\\/tibladin.dk\\\/shop\\\/\"},{\"@type\":\"ListItem\",\"position\":3,\"name\":\"Marokkansk Plakat GUERRAB\"}]},{\"@type\":\"WebSite\",\"@id\":\"https:\\\/\\\/tibladin.dk\\\/#website\",\"url\":\"https:\\\/\\\/tibladin.dk\\\/\",\"name\":\"Tibladin\",\"description\":\"Tibladin\",\"publisher\":{\"@id\":\"https:\\\/\\\/tibladin.dk\\\/#organization\"},\"potentialAction\":[{\"@type\":\"SearchAction\",\"target\":{\"@type\":\"EntryPoint\",\"urlTemplate\":\"https:\\\/\\\/tibladin.dk\\\/?s={search_term_string}\"},\"query-input\":{\"@type\":\"PropertyValueSpecification\",\"valueRequired\":true,\"valueName\":\"search_term_string\"}}],\"inLanguage\":\"sv-SE\"},{\"@type\":\"Organization\",\"@id\":\"https:\\\/\\\/tibladin.dk\\\/#organization\",\"name\":\"Tibladin\",\"url\":\"https:\\\/\\\/tibladin.dk\\\/\",\"logo\":{\"@type\":\"ImageObject\",\"inLanguage\":\"sv-SE\",\"@id\":\"https:\\\/\\\/tibladin.dk\\\/#\\\/schema\\\/logo\\\/image\\\/\",\"url\":\"https:\\\/\\\/tibladin.dk\\\/wp-content\\\/uploads\\\/2022\\\/09\\\/tibladin_logo.svg\",\"contentUrl\":\"https:\\\/\\\/tibladin.dk\\\/wp-content\\\/uploads\\\/2022\\\/09\\\/tibladin_logo.svg\",\"caption\":\"Tibladin\"},\"image\":{\"@id\":\"https:\\\/\\\/tibladin.dk\\\/#\\\/schema\\\/logo\\\/image\\\/\"}}]}<\/script>\n<!-- \/ Yoast SEO plugin. -->","yoast_head_json":{"title":"Marockansk affisch GUERRAB","description":"Marockansk affisch av Yann Chatelin GUERRAB. Fin affisch i vitt med orange och bl\u00e5 nyanser av en &quot;Guerrab&quot;. Stort utbud av marockanska posters hos Tibladin.","robots":{"index":"index","follow":"follow","max-snippet":"max-snippet:-1","max-image-preview":"max-image-preview:large","max-video-preview":"max-video-preview:-1"},"canonical":"https:\/\/tibladin.dk\/sv\/produkt\/marockansk-affisch-guerrab\/","og_locale":"sv_SE","og_type":"article","og_title":"Marokkansk Plakat GUERRAB","og_description":"Marokkansk plakat af Yann Chatelin GUERRAB. Flot plakat i hvid med orange og bl\u00e5 nuancer af en \"Guerrab\". Stort udvalg af marokkanske plakater hos Tibladin.","og_url":"https:\/\/tibladin.dk\/sv\/produkt\/marockansk-affisch-guerrab\/","og_site_name":"Tibladin","article_modified_time":"2025-12-21T20:19:47+00:00","og_image":[{"width":800,"height":800,"url":"https:\/\/tibladin.dk\/wp-content\/uploads\/2022\/10\/Guarreb.jpg","type":"image\/jpeg"}],"twitter_card":"summary_large_image","twitter_misc":{"Ber\u00e4knad l\u00e4stid":"1 minut"},"schema":{"@context":"https:\/\/schema.org","@graph":[{"@type":"WebPage","@id":"https:\/\/tibladin.dk\/produkt\/marokkansk-plakat-guerrab\/","url":"https:\/\/tibladin.dk\/produkt\/marokkansk-plakat-guerrab\/","name":"Marockansk affisch GUERRAB","isPartOf":{"@id":"https:\/\/tibladin.dk\/#website"},"primaryImageOfPage":{"@id":"https:\/\/tibladin.dk\/produkt\/marokkansk-plakat-guerrab\/#primaryimage"},"image":{"@id":"https:\/\/tibladin.dk\/produkt\/marokkansk-plakat-guerrab\/#primaryimage"},"thumbnailUrl":"https:\/\/tibladin.dk\/wp-content\/uploads\/2022\/10\/Guarreb.jpg","datePublished":"2022-10-27T09:27:17+00:00","dateModified":"2025-12-21T20:19:47+00:00","description":"Marockansk affisch av Yann Chatelin GUERRAB. Fin affisch i vitt med orange och bl\u00e5 nyanser av en &quot;Guerrab&quot;. Stort utbud av marockanska posters hos Tibladin.","breadcrumb":{"@id":"https:\/\/tibladin.dk\/produkt\/marokkansk-plakat-guerrab\/#breadcrumb"},"inLanguage":"sv-SE","potentialAction":[{"@type":"ReadAction","target":["https:\/\/tibladin.dk\/produkt\/marokkansk-plakat-guerrab\/"]}]},{"@type":"ImageObject","inLanguage":"sv-SE","@id":"https:\/\/tibladin.dk\/produkt\/marokkansk-plakat-guerrab\/#primaryimage","url":"https:\/\/tibladin.dk\/wp-content\/uploads\/2022\/10\/Guarreb.jpg","contentUrl":"https:\/\/tibladin.dk\/wp-content\/uploads\/2022\/10\/Guarreb.jpg","width":800,"height":800,"caption":"Plakat GUARREB"},{"@type":"BreadcrumbList","@id":"https:\/\/tibladin.dk\/produkt\/marokkansk-plakat-guerrab\/#breadcrumb","itemListElement":[{"@type":"ListItem","position":1,"name":"Hjem","item":"https:\/\/tibladin.dk\/"},{"@type":"ListItem","position":2,"name":"Shop","item":"https:\/\/tibladin.dk\/shop\/"},{"@type":"ListItem","position":3,"name":"Marokkansk Plakat GUERRAB"}]},{"@type":"WebSite","@id":"https:\/\/tibladin.dk\/#website","url":"https:\/\/tibladin.dk\/","name":"Tibladin","description":"Tibladin","publisher":{"@id":"https:\/\/tibladin.dk\/#organization"},"potentialAction":[{"@type":"SearchAction","target":{"@type":"EntryPoint","urlTemplate":"https:\/\/tibladin.dk\/?s={search_term_string}"},"query-input":{"@type":"PropertyValueSpecification","valueRequired":true,"valueName":"search_term_string"}}],"inLanguage":"sv-SE"},{"@type":"Organization","@id":"https:\/\/tibladin.dk\/#organization","name":"Tibladin","url":"https:\/\/tibladin.dk\/","logo":{"@type":"ImageObject","inLanguage":"sv-SE","@id":"https:\/\/tibladin.dk\/#\/schema\/logo\/image\/","url":"https:\/\/tibladin.dk\/wp-content\/uploads\/2022\/09\/tibladin_logo.svg","contentUrl":"https:\/\/tibladin.dk\/wp-content\/uploads\/2022\/09\/tibladin_logo.svg","caption":"Tibladin"},"image":{"@id":"https:\/\/tibladin.dk\/#\/schema\/logo\/image\/"}}]}},"_links":{"self":[{"href":"https:\/\/tibladin.dk\/sv\/wp-json\/wp\/v2\/product\/4480","targetHints":{"allow":["GET"]}}],"collection":[{"href":"https:\/\/tibladin.dk\/sv\/wp-json\/wp\/v2\/product"}],"about":[{"href":"https:\/\/tibladin.dk\/sv\/wp-json\/wp\/v2\/types\/product"}],"wp:featuredmedia":[{"embeddable":true,"href":"https:\/\/tibladin.dk\/sv\/wp-json\/wp\/v2\/media\/5252"}],"wp:attachment":[{"href":"https:\/\/tibladin.dk\/sv\/wp-json\/wp\/v2\/media?parent=4480"}],"wp:term":[{"taxonomy":"product_brand","embeddable":true,"href":"https:\/\/tibladin.dk\/sv\/wp-json\/wp\/v2\/product_brand?post=4480"},{"taxonomy":"product_cat","embeddable":true,"href":"https:\/\/tibladin.dk\/sv\/wp-json\/wp\/v2\/product_cat?post=4480"},{"taxonomy":"product_tag","embeddable":true,"href":"https:\/\/tibladin.dk\/sv\/wp-json\/wp\/v2\/product_tag?post=4480"}],"curies":[{"name":"wp","href":"https:\/\/api.w.org\/{rel}","templated":true}]}}