{"id":4732,"date":"2022-11-07T08:47:38","date_gmt":"2022-11-07T07:47:38","guid":{"rendered":"https:\/\/tibladin.dk\/?post_type=product&#038;p=4732"},"modified":"2024-12-09T14:18:27","modified_gmt":"2024-12-09T13:18:27","slug":"nallekorg-i-naturlig-flatning","status":"publish","type":"product","link":"https:\/\/tibladin.dk\/sv\/produkt\/bamsekurv-i-naturflet\/","title":{"rendered":"Nallekorg i naturlig fl\u00e4tning"},"content":{"rendered":"<div class=\"wpb-content-wrapper\"><div class=\"vc_row wpb_row vc_row-fluid\"><div class=\"wpb_column vc_column_container vc_col-sm-4\"><div class=\"vc_column-inner\"><div class=\"wpb_wrapper\"><\/div><\/div><\/div><div class=\"wpb_column vc_column_container vc_col-sm-4\"><div class=\"vc_column-inner\"><div class=\"wpb_wrapper\"><h3 style=\"text-align: left\" class=\"vc_custom_heading vc_do_custom_heading\" >Underh\u00e5ll<\/h3>\n\t<div class=\"wpb_text_column wpb_content_element\" >\n\t\t<div class=\"wpb_wrapper\">\n\t\t\t<p>F\u00f6r reng\u00f6ring \u00e4r det enklaste att dammsuga den noggrant.<\/p>\n\n\t\t<\/div>\n\t<\/div>\n<\/div><\/div><\/div><div class=\"wpb_column vc_column_container vc_col-sm-4\"><div class=\"vc_column-inner\"><div class=\"wpb_wrapper\"><h3 style=\"text-align: left\" class=\"vc_custom_heading vc_do_custom_heading\" >Historien bakom<\/h3>\n\t<div class=\"wpb_text_column wpb_content_element\" >\n\t\t<div class=\"wpb_wrapper\">\n\t\t\t<p>Denna dekorativa korg kan anv\u00e4ndas f\u00f6r g\u00e4sthanddukar i badrummet, extra toalettpapper, eller i rummet som papperskorg eller f\u00f6r din stickning. M\u00f6jligheterna \u00e4r m\u00e5nga.<\/p>\n<p>Korgarna \u00e4r handgjorda i naturlig bast och fr\u00e5n ett familjef\u00f6retag i Marrakech som \u00e4r specialiserat p\u00e5 fl\u00e4tning och har gjort det i generationer. Eftersom korgarna \u00e4r handgjorda varierar de n\u00e5got i storlek och bredd, vilket bara ger produkten lite charm.<\/p>\n\n\t\t<\/div>\n\t<\/div>\n<\/div><\/div><\/div><\/div>\n<\/div>","protected":false},"excerpt":{"rendered":"<p>Fina handgjorda korgar med ett s\u00f6tt teddybj\u00f6rnsansikte med slutna \u00f6gon i rottingfl\u00e4tning. Korgarna finns i tre olika storlekar och alla har ett s\u00f6tt nallem\u00f6nster med fina \u00f6ron ovanp\u00e5. De s\u00f6ta \u00f6ronen \u00e4r till f\u00f6r dekoration och ger extra karakt\u00e4r \u00e5t den gosiga nallen.<\/p>\n<p>Storlek: S: 23 cm h\u00f6g och 23 cm i diameter | M: 30 cm h\u00f6g och 30 cm i diameter | L: 44 cm h\u00f6g och 44 cm i diameter<\/p>\n<p>Korgarna har m\u00e5nga anv\u00e4ndningsomr\u00e5den. Saknar du f\u00f6rvaring i badrummet, till exempel f\u00f6r sm\u00e5 g\u00e4sthanddukar? Eller f\u00f6r barnens leksaker? Du kan ocks\u00e5 ta av locket, och s\u00e5 har du en fin pottg\u00f6mma eller s\u00e5 kan du anv\u00e4nda den till din stickning.<\/p>\n<p>Eftersom produkten \u00e4r handgjord lokalt i Marocko kan storlekarna variera n\u00e5got i h\u00f6jd och bredd.<\/p>","protected":false},"featured_media":4861,"template":"","meta":{"inline_featured_image":false},"product_brand":[],"product_cat":[55,51],"product_tag":[],"class_list":{"0":"post-4732","1":"product","2":"type-product","3":"status-publish","4":"has-post-thumbnail","6":"product_cat-kurve","7":"product_cat-opbevaring","9":"first","10":"instock","11":"taxable","12":"shipping-taxable","13":"purchasable","14":"product-type-variable"},"exclude_global_add_ons":[],"addons":[],"yoast_head":"<!-- This site is optimized with the Yoast SEO plugin v27.5 - https:\/\/yoast.com\/product\/yoast-seo-wordpress\/ -->\n<title>Bamsekurv kurv i naturflet | f\u00e5es i 3 forskellige st\u00f8rrelser |Tibladin<\/title>\n<meta name=\"description\" content=\"Fin h\u00e5ndlavet kurv med bamsem\u00f8nster i rattan flet med \u00f8rer p\u00e5 l\u00e5get. F\u00e5es i tre forskellige st\u00f8rrelser. S\u00e5 fine til eksempelvis b\u00f8rnev\u00e6relset. Se dem her!\" \/>\n<meta name=\"robots\" content=\"index, follow, max-snippet:-1, max-image-preview:large, max-video-preview:-1\" \/>\n<link rel=\"canonical\" href=\"https:\/\/tibladin.dk\/sv\/produkt\/nallekorg-i-naturlig-flatning\/\" \/>\n<meta property=\"og:locale\" content=\"sv_SE\" \/>\n<meta property=\"og:type\" content=\"article\" \/>\n<meta property=\"og:title\" content=\"Bamsekurv kurv i naturflet | f\u00e5es i 3 forskellige st\u00f8rrelser |Tibladin\" \/>\n<meta property=\"og:description\" content=\"Fin h\u00e5ndlavet kurv med bamsem\u00f8nster i rattan flet med \u00f8rer p\u00e5 l\u00e5get. F\u00e5es i tre forskellige st\u00f8rrelser. S\u00e5 fine til eksempelvis b\u00f8rnev\u00e6relset. Se dem her!\" \/>\n<meta property=\"og:url\" content=\"https:\/\/tibladin.dk\/sv\/produkt\/nallekorg-i-naturlig-flatning\/\" \/>\n<meta property=\"og:site_name\" content=\"Tibladin\" \/>\n<meta property=\"article:modified_time\" content=\"2024-12-09T13:18:27+00:00\" \/>\n<meta property=\"og:image\" content=\"https:\/\/tibladin.dk\/wp-content\/uploads\/2022\/11\/Bamsekurv-3-stk.jpg\" \/>\n\t<meta property=\"og:image:width\" content=\"800\" \/>\n\t<meta property=\"og:image:height\" content=\"800\" \/>\n\t<meta property=\"og:image:type\" content=\"image\/jpeg\" \/>\n<meta name=\"twitter:card\" content=\"summary_large_image\" \/>\n<meta name=\"twitter:label1\" content=\"Ber\u00e4knad l\u00e4stid\" \/>\n\t<meta name=\"twitter:data1\" content=\"1 minut\" \/>\n<script type=\"application\/ld+json\" class=\"yoast-schema-graph\">{\"@context\":\"https:\\\/\\\/schema.org\",\"@graph\":[{\"@type\":\"WebPage\",\"@id\":\"https:\\\/\\\/tibladin.dk\\\/produkt\\\/bamsekurv-i-naturflet\\\/\",\"url\":\"https:\\\/\\\/tibladin.dk\\\/produkt\\\/bamsekurv-i-naturflet\\\/\",\"name\":\"Bamsekurv kurv i naturflet | f\u00e5es i 3 forskellige st\u00f8rrelser |Tibladin\",\"isPartOf\":{\"@id\":\"https:\\\/\\\/tibladin.dk\\\/#website\"},\"primaryImageOfPage\":{\"@id\":\"https:\\\/\\\/tibladin.dk\\\/produkt\\\/bamsekurv-i-naturflet\\\/#primaryimage\"},\"image\":{\"@id\":\"https:\\\/\\\/tibladin.dk\\\/produkt\\\/bamsekurv-i-naturflet\\\/#primaryimage\"},\"thumbnailUrl\":\"https:\\\/\\\/tibladin.dk\\\/wp-content\\\/uploads\\\/2022\\\/11\\\/Bamsekurv-3-stk.jpg\",\"datePublished\":\"2022-11-07T07:47:38+00:00\",\"dateModified\":\"2024-12-09T13:18:27+00:00\",\"description\":\"Fin h\u00e5ndlavet kurv med bamsem\u00f8nster i rattan flet med \u00f8rer p\u00e5 l\u00e5get. F\u00e5es i tre forskellige st\u00f8rrelser. S\u00e5 fine til eksempelvis b\u00f8rnev\u00e6relset. Se dem her!\",\"breadcrumb\":{\"@id\":\"https:\\\/\\\/tibladin.dk\\\/produkt\\\/bamsekurv-i-naturflet\\\/#breadcrumb\"},\"inLanguage\":\"sv-SE\",\"potentialAction\":[{\"@type\":\"ReadAction\",\"target\":[\"https:\\\/\\\/tibladin.dk\\\/produkt\\\/bamsekurv-i-naturflet\\\/\"]}]},{\"@type\":\"ImageObject\",\"inLanguage\":\"sv-SE\",\"@id\":\"https:\\\/\\\/tibladin.dk\\\/produkt\\\/bamsekurv-i-naturflet\\\/#primaryimage\",\"url\":\"https:\\\/\\\/tibladin.dk\\\/wp-content\\\/uploads\\\/2022\\\/11\\\/Bamsekurv-3-stk.jpg\",\"contentUrl\":\"https:\\\/\\\/tibladin.dk\\\/wp-content\\\/uploads\\\/2022\\\/11\\\/Bamsekurv-3-stk.jpg\",\"width\":800,\"height\":800,\"caption\":\"bamsekurv i naturflet\"},{\"@type\":\"BreadcrumbList\",\"@id\":\"https:\\\/\\\/tibladin.dk\\\/produkt\\\/bamsekurv-i-naturflet\\\/#breadcrumb\",\"itemListElement\":[{\"@type\":\"ListItem\",\"position\":1,\"name\":\"Hjem\",\"item\":\"https:\\\/\\\/tibladin.dk\\\/\"},{\"@type\":\"ListItem\",\"position\":2,\"name\":\"Shop\",\"item\":\"https:\\\/\\\/tibladin.dk\\\/shop\\\/\"},{\"@type\":\"ListItem\",\"position\":3,\"name\":\"Bamsekurv i naturflet\"}]},{\"@type\":\"WebSite\",\"@id\":\"https:\\\/\\\/tibladin.dk\\\/#website\",\"url\":\"https:\\\/\\\/tibladin.dk\\\/\",\"name\":\"Tibladin\",\"description\":\"Tibladin\",\"publisher\":{\"@id\":\"https:\\\/\\\/tibladin.dk\\\/#organization\"},\"potentialAction\":[{\"@type\":\"SearchAction\",\"target\":{\"@type\":\"EntryPoint\",\"urlTemplate\":\"https:\\\/\\\/tibladin.dk\\\/?s={search_term_string}\"},\"query-input\":{\"@type\":\"PropertyValueSpecification\",\"valueRequired\":true,\"valueName\":\"search_term_string\"}}],\"inLanguage\":\"sv-SE\"},{\"@type\":\"Organization\",\"@id\":\"https:\\\/\\\/tibladin.dk\\\/#organization\",\"name\":\"Tibladin\",\"url\":\"https:\\\/\\\/tibladin.dk\\\/\",\"logo\":{\"@type\":\"ImageObject\",\"inLanguage\":\"sv-SE\",\"@id\":\"https:\\\/\\\/tibladin.dk\\\/#\\\/schema\\\/logo\\\/image\\\/\",\"url\":\"https:\\\/\\\/tibladin.dk\\\/wp-content\\\/uploads\\\/2022\\\/09\\\/tibladin_logo.svg\",\"contentUrl\":\"https:\\\/\\\/tibladin.dk\\\/wp-content\\\/uploads\\\/2022\\\/09\\\/tibladin_logo.svg\",\"caption\":\"Tibladin\"},\"image\":{\"@id\":\"https:\\\/\\\/tibladin.dk\\\/#\\\/schema\\\/logo\\\/image\\\/\"}}]}<\/script>\n<!-- \/ Yoast SEO plugin. -->","yoast_head_json":{"title":"Nallekorg i naturlig fl\u00e4tning | finns i 3 olika storlekar |Tibladin","description":"Fin handgjord korg med nallem\u00f6nster i rottingfl\u00e4tning med \u00f6ron p\u00e5 locket. Finns i tre olika storlekar. S\u00e5 fint till till exempel barnrummet. Se dem h\u00e4r!","robots":{"index":"index","follow":"follow","max-snippet":"max-snippet:-1","max-image-preview":"max-image-preview:large","max-video-preview":"max-video-preview:-1"},"canonical":"https:\/\/tibladin.dk\/sv\/produkt\/nallekorg-i-naturlig-flatning\/","og_locale":"sv_SE","og_type":"article","og_title":"Bamsekurv kurv i naturflet | f\u00e5es i 3 forskellige st\u00f8rrelser |Tibladin","og_description":"Fin h\u00e5ndlavet kurv med bamsem\u00f8nster i rattan flet med \u00f8rer p\u00e5 l\u00e5get. F\u00e5es i tre forskellige st\u00f8rrelser. S\u00e5 fine til eksempelvis b\u00f8rnev\u00e6relset. Se dem her!","og_url":"https:\/\/tibladin.dk\/sv\/produkt\/nallekorg-i-naturlig-flatning\/","og_site_name":"Tibladin","article_modified_time":"2024-12-09T13:18:27+00:00","og_image":[{"width":800,"height":800,"url":"https:\/\/tibladin.dk\/wp-content\/uploads\/2022\/11\/Bamsekurv-3-stk.jpg","type":"image\/jpeg"}],"twitter_card":"summary_large_image","twitter_misc":{"Ber\u00e4knad l\u00e4stid":"1 minut"},"schema":{"@context":"https:\/\/schema.org","@graph":[{"@type":"WebPage","@id":"https:\/\/tibladin.dk\/produkt\/bamsekurv-i-naturflet\/","url":"https:\/\/tibladin.dk\/produkt\/bamsekurv-i-naturflet\/","name":"Nallekorg i naturlig fl\u00e4tning | finns i 3 olika storlekar |Tibladin","isPartOf":{"@id":"https:\/\/tibladin.dk\/#website"},"primaryImageOfPage":{"@id":"https:\/\/tibladin.dk\/produkt\/bamsekurv-i-naturflet\/#primaryimage"},"image":{"@id":"https:\/\/tibladin.dk\/produkt\/bamsekurv-i-naturflet\/#primaryimage"},"thumbnailUrl":"https:\/\/tibladin.dk\/wp-content\/uploads\/2022\/11\/Bamsekurv-3-stk.jpg","datePublished":"2022-11-07T07:47:38+00:00","dateModified":"2024-12-09T13:18:27+00:00","description":"Fin handgjord korg med nallem\u00f6nster i rottingfl\u00e4tning med \u00f6ron p\u00e5 locket. Finns i tre olika storlekar. S\u00e5 fint till till exempel barnrummet. Se dem h\u00e4r!","breadcrumb":{"@id":"https:\/\/tibladin.dk\/produkt\/bamsekurv-i-naturflet\/#breadcrumb"},"inLanguage":"sv-SE","potentialAction":[{"@type":"ReadAction","target":["https:\/\/tibladin.dk\/produkt\/bamsekurv-i-naturflet\/"]}]},{"@type":"ImageObject","inLanguage":"sv-SE","@id":"https:\/\/tibladin.dk\/produkt\/bamsekurv-i-naturflet\/#primaryimage","url":"https:\/\/tibladin.dk\/wp-content\/uploads\/2022\/11\/Bamsekurv-3-stk.jpg","contentUrl":"https:\/\/tibladin.dk\/wp-content\/uploads\/2022\/11\/Bamsekurv-3-stk.jpg","width":800,"height":800,"caption":"bamsekurv i naturflet"},{"@type":"BreadcrumbList","@id":"https:\/\/tibladin.dk\/produkt\/bamsekurv-i-naturflet\/#breadcrumb","itemListElement":[{"@type":"ListItem","position":1,"name":"Hjem","item":"https:\/\/tibladin.dk\/"},{"@type":"ListItem","position":2,"name":"Shop","item":"https:\/\/tibladin.dk\/shop\/"},{"@type":"ListItem","position":3,"name":"Bamsekurv i naturflet"}]},{"@type":"WebSite","@id":"https:\/\/tibladin.dk\/#website","url":"https:\/\/tibladin.dk\/","name":"Tibladin","description":"Tibladin","publisher":{"@id":"https:\/\/tibladin.dk\/#organization"},"potentialAction":[{"@type":"SearchAction","target":{"@type":"EntryPoint","urlTemplate":"https:\/\/tibladin.dk\/?s={search_term_string}"},"query-input":{"@type":"PropertyValueSpecification","valueRequired":true,"valueName":"search_term_string"}}],"inLanguage":"sv-SE"},{"@type":"Organization","@id":"https:\/\/tibladin.dk\/#organization","name":"Tibladin","url":"https:\/\/tibladin.dk\/","logo":{"@type":"ImageObject","inLanguage":"sv-SE","@id":"https:\/\/tibladin.dk\/#\/schema\/logo\/image\/","url":"https:\/\/tibladin.dk\/wp-content\/uploads\/2022\/09\/tibladin_logo.svg","contentUrl":"https:\/\/tibladin.dk\/wp-content\/uploads\/2022\/09\/tibladin_logo.svg","caption":"Tibladin"},"image":{"@id":"https:\/\/tibladin.dk\/#\/schema\/logo\/image\/"}}]}},"_links":{"self":[{"href":"https:\/\/tibladin.dk\/sv\/wp-json\/wp\/v2\/product\/4732","targetHints":{"allow":["GET"]}}],"collection":[{"href":"https:\/\/tibladin.dk\/sv\/wp-json\/wp\/v2\/product"}],"about":[{"href":"https:\/\/tibladin.dk\/sv\/wp-json\/wp\/v2\/types\/product"}],"wp:featuredmedia":[{"embeddable":true,"href":"https:\/\/tibladin.dk\/sv\/wp-json\/wp\/v2\/media\/4861"}],"wp:attachment":[{"href":"https:\/\/tibladin.dk\/sv\/wp-json\/wp\/v2\/media?parent=4732"}],"wp:term":[{"taxonomy":"product_brand","embeddable":true,"href":"https:\/\/tibladin.dk\/sv\/wp-json\/wp\/v2\/product_brand?post=4732"},{"taxonomy":"product_cat","embeddable":true,"href":"https:\/\/tibladin.dk\/sv\/wp-json\/wp\/v2\/product_cat?post=4732"},{"taxonomy":"product_tag","embeddable":true,"href":"https:\/\/tibladin.dk\/sv\/wp-json\/wp\/v2\/product_tag?post=4732"}],"curies":[{"name":"wp","href":"https:\/\/api.w.org\/{rel}","templated":true}]}}