{"id":4738,"date":"2022-11-07T09:05:10","date_gmt":"2022-11-07T08:05:10","guid":{"rendered":"https:\/\/tibladin.dk\/?post_type=product&#038;p=4738"},"modified":"2026-03-11T16:07:10","modified_gmt":"2026-03-11T15:07:10","slug":"mini-vardagsrumsstol","status":"publish","type":"product","link":"https:\/\/tibladin.dk\/sv\/produkt\/mini-boernestol\/","title":{"rendered":"Mini barnstol"},"content":{"rendered":"<div class=\"wpb-content-wrapper\"><div class=\"vc_row wpb_row vc_row-fluid\"><div class=\"wpb_column vc_column_container vc_col-sm-4\"><div class=\"vc_column-inner\"><div class=\"wpb_wrapper\"><\/div><\/div><\/div><div class=\"wpb_column vc_column_container vc_col-sm-4\"><div class=\"vc_column-inner\"><div class=\"wpb_wrapper\"><h3 style=\"text-align: left\" class=\"vc_custom_heading vc_do_custom_heading\" >Underh\u00e5ll<\/h3>\n\t<div class=\"wpb_text_column wpb_content_element\" >\n\t\t<div class=\"wpb_wrapper\">\n\t\t\t<p>Stolarna kan dammsugas. F\u00e5r du en fl\u00e4ck kan den tas bort med en h\u00e5rt urvriden trasa<\/p>\n\n\t\t<\/div>\n\t<\/div>\n<\/div><\/div><\/div><div class=\"wpb_column vc_column_container vc_col-sm-4\"><div class=\"vc_column-inner\"><div class=\"wpb_wrapper\"><h3 style=\"text-align: left\" class=\"vc_custom_heading vc_do_custom_heading\" >Historien bakom<\/h3>\n\t<div class=\"wpb_text_column wpb_content_element\" >\n\t\t<div class=\"wpb_wrapper\">\n\t\t\t<p><span style=\"font-weight: 400;\">De l\u00e5nga pallarna s\u00e5v\u00e4l som de sm\u00e5 pallarna \u00e4r ett enkelt och effektivt s\u00e4tt att bidra till din inredning f\u00f6r att skapa ett exotiskt och personligt uttryck. De ger liv, v\u00e4rme och variation och fungerar som sm\u00e5 konstverk i hemmet. Alla mina pallar \u00e4r handgjorda, och inga tv\u00e5 \u00e4r exakt likadana. Jag v\u00e4ljer material och f\u00e4rger med stor omsorg och erbjuder tr\u00e4pallar med fl\u00e4tade sn\u00f6ren i noggrant utvalda, uts\u00f6kta nyanser, som tillsammans skapar ett elegant bohemiskt uttryck. Vi erbjuder en m\u00e4ngd olika typer av pallar, var och en med sin egen charm.\u00a0<\/span><\/p>\n<p data-start=\"143\" data-end=\"626\">De l\u00e4derv\u00e4vda pallarna tillf\u00f6r v\u00e4rme, tyngd och en exklusiv touch, som bara blir vackrare med tiden, allt eftersom materialet patinerar och f\u00e5r sitt eget unika uttryck. Naturl\u00e4dret skapar en fin kontrast till tr\u00e4ets ljusa yta och ger pallen ett tidl\u00f6st och elegant utseende.<\/p>\n<p data-start=\"628\" data-end=\"1086\">Om du vill ha en l\u00e4ttare och mer grafisk look \u00e4r de sn\u00f6rfl\u00e4tade pallarna perfekta. De starka sn\u00f6rena \u00e4r handfl\u00e4tade i vackra m\u00f6nster och utvalda f\u00e4rger, vilket tillf\u00f6r liv, personlighet och en touch av bohemisk stil. Kombinationen av f\u00e4rger, m\u00f6nster och material g\u00f6r att du kan v\u00e4lja en pall som antingen sm\u00e4lter in lugnt i inredningen eller fungerar som ett sl\u00e5ende statement-item.<\/p>\n<p><span style=\"font-weight: 400;\">De runda pallarna \u00e4r tillverkade av tr\u00e4, och en speciell och charmig detalj med dessa pallar \u00e4r anv\u00e4ndningen av ett \u00e5tervunnet d\u00e4ck i konstruktionen av sitsen. Det \u00e4r en b\u00e5de rolig och kreativ l\u00f6sning, som ger m\u00f6blerna en ov\u00e4ntad historia och en modern twist. Det som tidigare hade ett helt annat syfte f\u00e5r nytt liv och en ny funktion i hemmet \u2013 f\u00f6rvandlas fr\u00e5n industriavfall till en estetisk och funktionell m\u00f6bel. Denna f\u00f6rvandling ger karakt\u00e4r \u00e5t pallen och g\u00f6r den till ett samtals\u00e4mne som v\u00e4cker nyfikenhet och sp\u00e4nning.<\/span><\/p>\n<p><span style=\"font-weight: 400;\">Samtidigt \u00e4r anv\u00e4ndningen av d\u00e4ck ett starkt h\u00e5llbart val. D\u00e4ck \u00e4r oftast sv\u00e5ra att \u00e5tervinna och hamnar ofta som avfall som f\u00f6rorenar milj\u00f6n. Genom att \u00e5tervinna dem i m\u00f6belproduktion f\u00f6rl\u00e4ngs materialets livsl\u00e4ngd avsev\u00e4rt och behovet av nya r\u00e5varor minskar. Kombinationen av \u00e5tervinning, hantverk och estetik visar hur h\u00e5llbarhet och design kan g\u00e5 hand i hand utan att kompromissa med kvalitet eller uttryck.<\/span><\/p>\n<p><span style=\"font-weight: 400;\">Att anv\u00e4nda ett d\u00e4ck som bas f\u00f6r rottingarbetet ger ocks\u00e5 en robust och h\u00e5llbar k\u00e4rna, vilket g\u00f6r pallen l\u00e4mplig f\u00f6r vardagsbruk. Detta st\u00f6der Tibladins id\u00e9 om att skapa m\u00f6bler som inte bara \u00e4r vackra, utan ocks\u00e5 ansvarsfulla \u2013 m\u00f6bler med sj\u00e4l, historia och omtanke om b\u00e5de m\u00e4nniskor och milj\u00f6.<br \/>\n<\/span><\/p>\n<p data-start=\"107\" data-end=\"425\">De rottingv\u00e4vda pallarna utstr\u00e5lar l\u00e4tthet, naturlighet och genuint hantverk. Rotting \u00e4r ett flexibelt och starkt naturmaterial som v\u00e4vs f\u00f6r hand, vilket skapar vackra, harmoniska m\u00f6nster med sm\u00e5 variationer som g\u00f6r varje pall unik. Den v\u00e4vda sitsen ger ett l\u00e4tt och luftigt utseende och tillf\u00f6r v\u00e4rme och lugn till interi\u00f6ren.<\/p>\n<p data-start=\"427\" data-end=\"691\">Rotting \u00e4r ocks\u00e5 ett h\u00e5llbart val, eftersom det \u00e4r ett snabbv\u00e4xande material som kan sk\u00f6rdas varsamt. Tillsammans med tr\u00e4ets naturliga struktur skapar det en tidl\u00f6s och h\u00e5llbar pall som fungerar b\u00e5de som en praktisk sittplats och som ett dekorativt element i hemmet.<\/p>\n<p><span style=\"font-weight: 400;\">Pallarna \u00e4r handgjorda av kvinnor i ett kvinnokooperativ s\u00f6der om Marrakech. Kooperativet syssels\u00e4tter cirka 160 kvinnor och spelar en viktig roll i att f\u00f6rb\u00e4ttra levnadsvillkoren f\u00f6r m\u00e5nga familjer i den lilla byn. N\u00e4r du v\u00e4ljer denna pall f\u00e5r du inte bara en vacker och funktionell m\u00f6bel \u2013 du st\u00f6der ocks\u00e5 traditionellt hantverk, h\u00e5llbar produktion och kvinnors m\u00f6jlighet till ekonomiskt oberoende.<\/span><\/p>\n<p>De s\u00f6ta barnstolarna \u00e4r popul\u00e4ra bland de sm\u00e5 i barnrummet. En m\u00f6bel i barnh\u00f6jd, som \u00e4r anpassad efter barnet, s\u00e5 att de har sin alldeles egna lilla m\u00f6bel bara f\u00f6r dem. De \u00e4r ocks\u00e5 roliga att l\u00e4gga till i din inredning som en slags miniatyrm\u00f6bler.\u00a0<\/p>\n\n\t\t<\/div>\n\t<\/div>\n<\/div><\/div><\/div><\/div>\n<\/div>","protected":false},"excerpt":{"rendered":"<p class=\"p1\"><span class=\"s1\">S\u00f6t bohemo mini barnstol med mjuk boucheroute sladdfl\u00e4ta. Finns i tio olika f\u00e4rger. De kan variera n\u00e5got i storlek.<\/span><\/p>\n<p class=\"p1\"><span class=\"s1\">En l\u00e4tt m\u00f6bel att l\u00e4gga till din inredning f\u00f6r ett personligt uttryck. Passar t.ex. bra i sovrummet, i hallen och i badrummet.<\/span><\/p>\n<p>Sidans h\u00f6jd \u00e4r 22 cm. Passar en 1-6 \u00e5ring.<\/p>","protected":false},"featured_media":5282,"template":"","meta":{"inline_featured_image":false},"product_brand":[],"product_cat":[49],"product_tag":[],"class_list":{"0":"post-4738","1":"product","2":"type-product","3":"status-publish","4":"has-post-thumbnail","6":"product_cat-skamler","8":"first","9":"instock","10":"taxable","11":"shipping-taxable","12":"purchasable","13":"product-type-variable"},"exclude_global_add_ons":[],"addons":[],"yoast_head":"<!-- This site is optimized with the Yoast SEO plugin v27.5 - https:\/\/yoast.com\/product\/yoast-seo-wordpress\/ -->\n<title>Mini b\u00f8rnestol - Tibladin<\/title>\n<meta name=\"description\" content=\"Fin mini b\u00f8rnestol med s\u00e6de af bl\u00f8dt boucherouite snorflet. Rigtig god til b\u00f8rnev\u00e6relset. Stort udvalg af forskellige skamler og b\u00e6nke\" \/>\n<meta name=\"robots\" content=\"index, follow, max-snippet:-1, max-image-preview:large, max-video-preview:-1\" \/>\n<link rel=\"canonical\" href=\"https:\/\/tibladin.dk\/sv\/produkt\/mini-vardagsrumsstol\/\" \/>\n<meta property=\"og:locale\" content=\"sv_SE\" \/>\n<meta property=\"og:type\" content=\"article\" \/>\n<meta property=\"og:title\" content=\"Mini b\u00f8rnestol - Tibladin\" \/>\n<meta property=\"og:description\" content=\"Fin mini b\u00f8rnestol med s\u00e6de af bl\u00f8dt boucherouite snorflet. Rigtig god til b\u00f8rnev\u00e6relset. Stort udvalg af forskellige skamler og b\u00e6nke\" \/>\n<meta property=\"og:url\" content=\"https:\/\/tibladin.dk\/sv\/produkt\/mini-vardagsrumsstol\/\" \/>\n<meta property=\"og:site_name\" content=\"Tibladin\" \/>\n<meta property=\"article:modified_time\" content=\"2026-03-11T15:07:10+00:00\" \/>\n<meta property=\"og:image\" content=\"https:\/\/tibladin.dk\/wp-content\/uploads\/2022\/11\/Boernestol-motiv-7.jpg\" \/>\n\t<meta property=\"og:image:width\" content=\"800\" \/>\n\t<meta property=\"og:image:height\" content=\"800\" \/>\n\t<meta property=\"og:image:type\" content=\"image\/jpeg\" \/>\n<meta name=\"twitter:card\" content=\"summary_large_image\" \/>\n<meta name=\"twitter:label1\" content=\"Ber\u00e4knad l\u00e4stid\" \/>\n\t<meta name=\"twitter:data1\" content=\"2 minuter\" \/>\n<script type=\"application\/ld+json\" class=\"yoast-schema-graph\">{\"@context\":\"https:\\\/\\\/schema.org\",\"@graph\":[{\"@type\":\"WebPage\",\"@id\":\"https:\\\/\\\/tibladin.dk\\\/produkt\\\/mini-boernestol\\\/\",\"url\":\"https:\\\/\\\/tibladin.dk\\\/produkt\\\/mini-boernestol\\\/\",\"name\":\"Mini b\u00f8rnestol - Tibladin\",\"isPartOf\":{\"@id\":\"https:\\\/\\\/tibladin.dk\\\/#website\"},\"primaryImageOfPage\":{\"@id\":\"https:\\\/\\\/tibladin.dk\\\/produkt\\\/mini-boernestol\\\/#primaryimage\"},\"image\":{\"@id\":\"https:\\\/\\\/tibladin.dk\\\/produkt\\\/mini-boernestol\\\/#primaryimage\"},\"thumbnailUrl\":\"https:\\\/\\\/tibladin.dk\\\/wp-content\\\/uploads\\\/2022\\\/11\\\/Boernestol-motiv-7.jpg\",\"datePublished\":\"2022-11-07T08:05:10+00:00\",\"dateModified\":\"2026-03-11T15:07:10+00:00\",\"description\":\"Fin mini b\u00f8rnestol med s\u00e6de af bl\u00f8dt boucherouite snorflet. Rigtig god til b\u00f8rnev\u00e6relset. Stort udvalg af forskellige skamler og b\u00e6nke\",\"breadcrumb\":{\"@id\":\"https:\\\/\\\/tibladin.dk\\\/produkt\\\/mini-boernestol\\\/#breadcrumb\"},\"inLanguage\":\"sv-SE\",\"potentialAction\":[{\"@type\":\"ReadAction\",\"target\":[\"https:\\\/\\\/tibladin.dk\\\/produkt\\\/mini-boernestol\\\/\"]}]},{\"@type\":\"ImageObject\",\"inLanguage\":\"sv-SE\",\"@id\":\"https:\\\/\\\/tibladin.dk\\\/produkt\\\/mini-boernestol\\\/#primaryimage\",\"url\":\"https:\\\/\\\/tibladin.dk\\\/wp-content\\\/uploads\\\/2022\\\/11\\\/Boernestol-motiv-7.jpg\",\"contentUrl\":\"https:\\\/\\\/tibladin.dk\\\/wp-content\\\/uploads\\\/2022\\\/11\\\/Boernestol-motiv-7.jpg\",\"width\":800,\"height\":800,\"caption\":\"B\u00f8rnestol i snorflet\"},{\"@type\":\"BreadcrumbList\",\"@id\":\"https:\\\/\\\/tibladin.dk\\\/produkt\\\/mini-boernestol\\\/#breadcrumb\",\"itemListElement\":[{\"@type\":\"ListItem\",\"position\":1,\"name\":\"Hjem\",\"item\":\"https:\\\/\\\/tibladin.dk\\\/\"},{\"@type\":\"ListItem\",\"position\":2,\"name\":\"Shop\",\"item\":\"https:\\\/\\\/tibladin.dk\\\/shop\\\/\"},{\"@type\":\"ListItem\",\"position\":3,\"name\":\"Mini b\u00f8rnestol\"}]},{\"@type\":\"WebSite\",\"@id\":\"https:\\\/\\\/tibladin.dk\\\/#website\",\"url\":\"https:\\\/\\\/tibladin.dk\\\/\",\"name\":\"Tibladin\",\"description\":\"Tibladin\",\"publisher\":{\"@id\":\"https:\\\/\\\/tibladin.dk\\\/#organization\"},\"potentialAction\":[{\"@type\":\"SearchAction\",\"target\":{\"@type\":\"EntryPoint\",\"urlTemplate\":\"https:\\\/\\\/tibladin.dk\\\/?s={search_term_string}\"},\"query-input\":{\"@type\":\"PropertyValueSpecification\",\"valueRequired\":true,\"valueName\":\"search_term_string\"}}],\"inLanguage\":\"sv-SE\"},{\"@type\":\"Organization\",\"@id\":\"https:\\\/\\\/tibladin.dk\\\/#organization\",\"name\":\"Tibladin\",\"url\":\"https:\\\/\\\/tibladin.dk\\\/\",\"logo\":{\"@type\":\"ImageObject\",\"inLanguage\":\"sv-SE\",\"@id\":\"https:\\\/\\\/tibladin.dk\\\/#\\\/schema\\\/logo\\\/image\\\/\",\"url\":\"https:\\\/\\\/tibladin.dk\\\/wp-content\\\/uploads\\\/2022\\\/09\\\/tibladin_logo.svg\",\"contentUrl\":\"https:\\\/\\\/tibladin.dk\\\/wp-content\\\/uploads\\\/2022\\\/09\\\/tibladin_logo.svg\",\"caption\":\"Tibladin\"},\"image\":{\"@id\":\"https:\\\/\\\/tibladin.dk\\\/#\\\/schema\\\/logo\\\/image\\\/\"}}]}<\/script>\n<!-- \/ Yoast SEO plugin. -->","yoast_head_json":{"title":"Mini barnstol - Tibladin","description":"Fin minibarnstol med sits av mjuk boucheroute sladdfl\u00e4ta. Riktigt bra f\u00f6r barnrummet. Stort utbud av olika pallar och b\u00e4nkar","robots":{"index":"index","follow":"follow","max-snippet":"max-snippet:-1","max-image-preview":"max-image-preview:large","max-video-preview":"max-video-preview:-1"},"canonical":"https:\/\/tibladin.dk\/sv\/produkt\/mini-vardagsrumsstol\/","og_locale":"sv_SE","og_type":"article","og_title":"Mini b\u00f8rnestol - Tibladin","og_description":"Fin mini b\u00f8rnestol med s\u00e6de af bl\u00f8dt boucherouite snorflet. Rigtig god til b\u00f8rnev\u00e6relset. Stort udvalg af forskellige skamler og b\u00e6nke","og_url":"https:\/\/tibladin.dk\/sv\/produkt\/mini-vardagsrumsstol\/","og_site_name":"Tibladin","article_modified_time":"2026-03-11T15:07:10+00:00","og_image":[{"width":800,"height":800,"url":"https:\/\/tibladin.dk\/wp-content\/uploads\/2022\/11\/Boernestol-motiv-7.jpg","type":"image\/jpeg"}],"twitter_card":"summary_large_image","twitter_misc":{"Ber\u00e4knad l\u00e4stid":"2 minuter"},"schema":{"@context":"https:\/\/schema.org","@graph":[{"@type":"WebPage","@id":"https:\/\/tibladin.dk\/produkt\/mini-boernestol\/","url":"https:\/\/tibladin.dk\/produkt\/mini-boernestol\/","name":"Mini barnstol - Tibladin","isPartOf":{"@id":"https:\/\/tibladin.dk\/#website"},"primaryImageOfPage":{"@id":"https:\/\/tibladin.dk\/produkt\/mini-boernestol\/#primaryimage"},"image":{"@id":"https:\/\/tibladin.dk\/produkt\/mini-boernestol\/#primaryimage"},"thumbnailUrl":"https:\/\/tibladin.dk\/wp-content\/uploads\/2022\/11\/Boernestol-motiv-7.jpg","datePublished":"2022-11-07T08:05:10+00:00","dateModified":"2026-03-11T15:07:10+00:00","description":"Fin minibarnstol med sits av mjuk boucheroute sladdfl\u00e4ta. Riktigt bra f\u00f6r barnrummet. Stort utbud av olika pallar och b\u00e4nkar","breadcrumb":{"@id":"https:\/\/tibladin.dk\/produkt\/mini-boernestol\/#breadcrumb"},"inLanguage":"sv-SE","potentialAction":[{"@type":"ReadAction","target":["https:\/\/tibladin.dk\/produkt\/mini-boernestol\/"]}]},{"@type":"ImageObject","inLanguage":"sv-SE","@id":"https:\/\/tibladin.dk\/produkt\/mini-boernestol\/#primaryimage","url":"https:\/\/tibladin.dk\/wp-content\/uploads\/2022\/11\/Boernestol-motiv-7.jpg","contentUrl":"https:\/\/tibladin.dk\/wp-content\/uploads\/2022\/11\/Boernestol-motiv-7.jpg","width":800,"height":800,"caption":"B\u00f8rnestol i snorflet"},{"@type":"BreadcrumbList","@id":"https:\/\/tibladin.dk\/produkt\/mini-boernestol\/#breadcrumb","itemListElement":[{"@type":"ListItem","position":1,"name":"Hjem","item":"https:\/\/tibladin.dk\/"},{"@type":"ListItem","position":2,"name":"Shop","item":"https:\/\/tibladin.dk\/shop\/"},{"@type":"ListItem","position":3,"name":"Mini b\u00f8rnestol"}]},{"@type":"WebSite","@id":"https:\/\/tibladin.dk\/#website","url":"https:\/\/tibladin.dk\/","name":"Tibladin","description":"Tibladin","publisher":{"@id":"https:\/\/tibladin.dk\/#organization"},"potentialAction":[{"@type":"SearchAction","target":{"@type":"EntryPoint","urlTemplate":"https:\/\/tibladin.dk\/?s={search_term_string}"},"query-input":{"@type":"PropertyValueSpecification","valueRequired":true,"valueName":"search_term_string"}}],"inLanguage":"sv-SE"},{"@type":"Organization","@id":"https:\/\/tibladin.dk\/#organization","name":"Tibladin","url":"https:\/\/tibladin.dk\/","logo":{"@type":"ImageObject","inLanguage":"sv-SE","@id":"https:\/\/tibladin.dk\/#\/schema\/logo\/image\/","url":"https:\/\/tibladin.dk\/wp-content\/uploads\/2022\/09\/tibladin_logo.svg","contentUrl":"https:\/\/tibladin.dk\/wp-content\/uploads\/2022\/09\/tibladin_logo.svg","caption":"Tibladin"},"image":{"@id":"https:\/\/tibladin.dk\/#\/schema\/logo\/image\/"}}]}},"_links":{"self":[{"href":"https:\/\/tibladin.dk\/sv\/wp-json\/wp\/v2\/product\/4738","targetHints":{"allow":["GET"]}}],"collection":[{"href":"https:\/\/tibladin.dk\/sv\/wp-json\/wp\/v2\/product"}],"about":[{"href":"https:\/\/tibladin.dk\/sv\/wp-json\/wp\/v2\/types\/product"}],"wp:featuredmedia":[{"embeddable":true,"href":"https:\/\/tibladin.dk\/sv\/wp-json\/wp\/v2\/media\/5282"}],"wp:attachment":[{"href":"https:\/\/tibladin.dk\/sv\/wp-json\/wp\/v2\/media?parent=4738"}],"wp:term":[{"taxonomy":"product_brand","embeddable":true,"href":"https:\/\/tibladin.dk\/sv\/wp-json\/wp\/v2\/product_brand?post=4738"},{"taxonomy":"product_cat","embeddable":true,"href":"https:\/\/tibladin.dk\/sv\/wp-json\/wp\/v2\/product_cat?post=4738"},{"taxonomy":"product_tag","embeddable":true,"href":"https:\/\/tibladin.dk\/sv\/wp-json\/wp\/v2\/product_tag?post=4738"}],"curies":[{"name":"wp","href":"https:\/\/api.w.org\/{rel}","templated":true}]}}