{"id":4767,"date":"2022-11-07T10:34:49","date_gmt":"2022-11-07T09:34:49","guid":{"rendered":"https:\/\/tibladin.dk\/?post_type=product&#038;p=4767"},"modified":"2026-01-31T10:40:32","modified_gmt":"2026-01-31T09:40:32","slug":"tofflor-dam-deluxe-koboltblaa","status":"publish","type":"product","link":"https:\/\/tibladin.dk\/sv\/produkt\/slippers-dame-deluxe-kobolt-blaa\/","title":{"rendered":"Tofflor dam deluxe \u2013 koboltbl\u00e5"},"content":{"rendered":"<div class=\"wpb-content-wrapper\"><div class=\"vc_row wpb_row vc_row-fluid\"><div class=\"wpb_column vc_column_container vc_col-sm-4\"><div class=\"vc_column-inner\"><div class=\"wpb_wrapper\"><\/div><\/div><\/div><div class=\"wpb_column vc_column_container vc_col-sm-4\"><div class=\"vc_column-inner\"><div class=\"wpb_wrapper\"><h3 style=\"text-align: left\" class=\"vc_custom_heading vc_do_custom_heading\" >Underh\u00e5ll<\/h3>\n\t<div class=\"wpb_text_column wpb_content_element\" >\n\t\t<div class=\"wpb_wrapper\">\n\t\t\t<p>Om du f\u00e5r en fl\u00e4ck p\u00e5 dina mockatofflor, anv\u00e4nd ett suddgummi som \u00e4r l\u00e4mpligt f\u00f6r mocka f\u00f6r att ta bort fl\u00e4cken. Kan impregneras med produkt l\u00e4mplig f\u00f6r mocka.<\/p>\n<p>Storleksguide dam \u2013 ca. M\u00e5l:<\/p>\n<p>36 L: 23,2 cm<\/p>\n<p>37<span class=\"Apple-converted-space\">\u00a0 <\/span>L: 23,8 cm<\/p>\n<p>38<span class=\"Apple-converted-space\">\u00a0 <\/span>L: 24,3 cm<\/p>\n<p>39<span class=\"Apple-converted-space\">\u00a0 <\/span>L: 25,1 cm<\/p>\n<p>40<span class=\"Apple-converted-space\">\u00a0 <\/span>L: 25,4 cm<\/p>\n<p>41<span class=\"Apple-converted-space\">\u00a0 <\/span>L: 26,3 cm<\/p>\n<p>42 L: 26,5 cm<\/p>\n<p>43 L: 27 cm<\/p>\n<p>&nbsp;<\/p>\n\n\t\t<\/div>\n\t<\/div>\n<\/div><\/div><\/div><div class=\"wpb_column vc_column_container vc_col-sm-4\"><div class=\"vc_column-inner\"><div class=\"wpb_wrapper\"><h3 style=\"text-align: left\" class=\"vc_custom_heading vc_do_custom_heading\" >Historien bakom<\/h3>\n\t<div class=\"wpb_text_column wpb_content_element\" >\n\t\t<div class=\"wpb_wrapper\">\n\t\t\t<p><i>Babouches\u00a0<\/i>\u00e4r klassiska marockanska tofflor.<\/p>\n<p>De \u00e4r handgjorda p\u00e5 traditionellt s\u00e4tt i Marocko. Allt i getskinn, s\u00e5 de k\u00e4nns silkeslena p\u00e5 dina f\u00f6tter. Med sina m\u00e5nga olika f\u00e4rger och m\u00f6nster kan de ing\u00e5 i de flesta outfits och tillf\u00f6r en l\u00e4cker touch av bohem till en skandinavisk look. I Marocko anv\u00e4nds de ute s\u00e5v\u00e4l som inne och v\u00e4nta bara, s\u00e5 fort du f\u00e5r de h\u00e4r snygga tofflorna p\u00e5 f\u00f6tterna vill du inte ha p\u00e5 dig n\u00e5got annat.<\/p>\n<p><strong>Varf\u00f6r v\u00e4lja tofflor fr\u00e5n Tibladin?<\/strong><\/p>\n<ul>\n<li>Man k\u00e4nner n\u00e4stan inte att man har n\u00e5got p\u00e5 foten; de k\u00e4nns sk\u00f6na och l\u00e4tta<\/li>\n<li>Perfekt att ha med sig n\u00e4r man ska bes\u00f6ka v\u00e4nner och familj<\/li>\n<li>V\u00e4ger och tar ingenting n\u00e4r du beh\u00f6ver ta med dem p\u00e5 semester<\/li>\n<li>H\u00e5ller dina f\u00f6tter vid en behaglig temperatur, inte f\u00f6r varmt, inte f\u00f6r kallt<\/li>\n<li>Mjuk och smidig och passar de allra flesta f\u00f6tter<\/li>\n<li>M\u00e5nga f\u00e4rger och stilar att v\u00e4lja mellan<\/li>\n<li>Handgjorda av 100 %-skinn<\/li>\n<li>Med ditt k\u00f6p st\u00f6djer du de sm\u00e5 hantverkarna i Marocko<\/li>\n<\/ul>\n\n\t\t<\/div>\n\t<\/div>\n<\/div><\/div><\/div><\/div>\n<\/div>","protected":false},"excerpt":{"rendered":"<ul>\n<li>Tofflor deluxe i 100% l\u00e4cker kvalitetsmocka i en l\u00e4cker koboltbl\u00e5 f\u00e4rg. Dessa tofflor \u00e4r f\u00f6r dig som vill ha en vacker tofflor som \u00e4r helt unik i en vacker design.<\/li>\n<li>Tofflorna \u00e4r l\u00e4tta att kliva i, sitter bra p\u00e5 f\u00f6tterna och \u00e4r v\u00e4ldigt sk\u00f6na att g\u00e5 i.<\/li>\n<\/ul>","protected":false},"featured_media":5783,"template":"","meta":{"inline_featured_image":false},"product_brand":[],"product_cat":[79,80],"product_tag":[],"class_list":{"0":"post-4767","1":"product","2":"type-product","3":"status-publish","4":"has-post-thumbnail","6":"product_cat-slippers","7":"product_cat-kvinder","9":"first","10":"instock","11":"taxable","12":"shipping-taxable","13":"purchasable","14":"product-type-variable"},"exclude_global_add_ons":false,"addons":[{"name":"Vill du ha presentinslagning?","type":"checkbox","position":0,"required":false,"title_format":"label","default":"","description_enable":false,"description":"","placeholder_enable":false,"placeholder":"","display":"images","restrictions_type":"any_text","adjust_price":false,"price":"","price_type":"flat_fee","restrictions":false,"min":"0","max":"0","options":[{"label":"Ja tak","price":"10","price_type":"flat_fee","image":11015,"visibility":true}],"id":1669646111}],"yoast_head":"<!-- This site is optimized with the Yoast SEO plugin v27.4 - https:\/\/yoast.com\/product\/yoast-seo-wordpress\/ -->\n<title>Slippers dame | Unikt design | Tibladin<\/title>\n<meta name=\"description\" content=\"Marokkanske delixe slippers til damer i ruskind med en l\u00e6kker kobolt bl\u00e5 farve. Stort udvalg af marokkanske slippers i forskellige st\u00f8rrelser og farver\" \/>\n<meta name=\"robots\" content=\"index, follow, max-snippet:-1, max-image-preview:large, max-video-preview:-1\" \/>\n<link rel=\"canonical\" href=\"https:\/\/tibladin.dk\/sv\/produkt\/tofflor-dam-deluxe-koboltblaa\/\" \/>\n<meta property=\"og:locale\" content=\"sv_SE\" \/>\n<meta property=\"og:type\" content=\"article\" \/>\n<meta property=\"og:title\" content=\"Slippers dame | Unikt design | Tibladin\" \/>\n<meta property=\"og:description\" content=\"Marokkanske delixe slippers til damer i ruskind med en l\u00e6kker kobolt bl\u00e5 farve. Stort udvalg af marokkanske slippers i forskellige st\u00f8rrelser og farver\" \/>\n<meta property=\"og:url\" content=\"https:\/\/tibladin.dk\/sv\/produkt\/tofflor-dam-deluxe-koboltblaa\/\" \/>\n<meta property=\"og:site_name\" content=\"Tibladin\" \/>\n<meta property=\"article:modified_time\" content=\"2026-01-31T09:40:32+00:00\" \/>\n<meta property=\"og:image\" content=\"https:\/\/tibladin.dk\/wp-content\/uploads\/2022\/11\/Slippers-rusind-kobolt_2.jpg\" \/>\n\t<meta property=\"og:image:width\" content=\"800\" \/>\n\t<meta property=\"og:image:height\" content=\"800\" \/>\n\t<meta property=\"og:image:type\" content=\"image\/jpeg\" \/>\n<meta name=\"twitter:card\" content=\"summary_large_image\" \/>\n<meta name=\"twitter:label1\" content=\"Ber\u00e4knad l\u00e4stid\" \/>\n\t<meta name=\"twitter:data1\" content=\"2 minuter\" \/>\n<script type=\"application\/ld+json\" class=\"yoast-schema-graph\">{\"@context\":\"https:\\\/\\\/schema.org\",\"@graph\":[{\"@type\":\"WebPage\",\"@id\":\"https:\\\/\\\/tibladin.dk\\\/produkt\\\/slippers-dame-deluxe-kobolt-blaa\\\/\",\"url\":\"https:\\\/\\\/tibladin.dk\\\/produkt\\\/slippers-dame-deluxe-kobolt-blaa\\\/\",\"name\":\"Slippers dame | Unikt design | Tibladin\",\"isPartOf\":{\"@id\":\"https:\\\/\\\/tibladin.dk\\\/#website\"},\"primaryImageOfPage\":{\"@id\":\"https:\\\/\\\/tibladin.dk\\\/produkt\\\/slippers-dame-deluxe-kobolt-blaa\\\/#primaryimage\"},\"image\":{\"@id\":\"https:\\\/\\\/tibladin.dk\\\/produkt\\\/slippers-dame-deluxe-kobolt-blaa\\\/#primaryimage\"},\"thumbnailUrl\":\"https:\\\/\\\/tibladin.dk\\\/wp-content\\\/uploads\\\/2022\\\/11\\\/Slippers-rusind-kobolt_2.jpg\",\"datePublished\":\"2022-11-07T09:34:49+00:00\",\"dateModified\":\"2026-01-31T09:40:32+00:00\",\"description\":\"Marokkanske delixe slippers til damer i ruskind med en l\u00e6kker kobolt bl\u00e5 farve. Stort udvalg af marokkanske slippers i forskellige st\u00f8rrelser og farver\",\"breadcrumb\":{\"@id\":\"https:\\\/\\\/tibladin.dk\\\/produkt\\\/slippers-dame-deluxe-kobolt-blaa\\\/#breadcrumb\"},\"inLanguage\":\"sv-SE\",\"potentialAction\":[{\"@type\":\"ReadAction\",\"target\":[\"https:\\\/\\\/tibladin.dk\\\/produkt\\\/slippers-dame-deluxe-kobolt-blaa\\\/\"]}]},{\"@type\":\"ImageObject\",\"inLanguage\":\"sv-SE\",\"@id\":\"https:\\\/\\\/tibladin.dk\\\/produkt\\\/slippers-dame-deluxe-kobolt-blaa\\\/#primaryimage\",\"url\":\"https:\\\/\\\/tibladin.dk\\\/wp-content\\\/uploads\\\/2022\\\/11\\\/Slippers-rusind-kobolt_2.jpg\",\"contentUrl\":\"https:\\\/\\\/tibladin.dk\\\/wp-content\\\/uploads\\\/2022\\\/11\\\/Slippers-rusind-kobolt_2.jpg\",\"width\":800,\"height\":800,\"caption\":\"Ruskind deluxe slippers kobolt bl\u00e5\"},{\"@type\":\"BreadcrumbList\",\"@id\":\"https:\\\/\\\/tibladin.dk\\\/produkt\\\/slippers-dame-deluxe-kobolt-blaa\\\/#breadcrumb\",\"itemListElement\":[{\"@type\":\"ListItem\",\"position\":1,\"name\":\"Hjem\",\"item\":\"https:\\\/\\\/tibladin.dk\\\/\"},{\"@type\":\"ListItem\",\"position\":2,\"name\":\"Shop\",\"item\":\"https:\\\/\\\/tibladin.dk\\\/shop\\\/\"},{\"@type\":\"ListItem\",\"position\":3,\"name\":\"Slippers dame deluxe &#8211; kobolt bl\u00e5\"}]},{\"@type\":\"WebSite\",\"@id\":\"https:\\\/\\\/tibladin.dk\\\/#website\",\"url\":\"https:\\\/\\\/tibladin.dk\\\/\",\"name\":\"Tibladin\",\"description\":\"Tibladin\",\"publisher\":{\"@id\":\"https:\\\/\\\/tibladin.dk\\\/#organization\"},\"potentialAction\":[{\"@type\":\"SearchAction\",\"target\":{\"@type\":\"EntryPoint\",\"urlTemplate\":\"https:\\\/\\\/tibladin.dk\\\/?s={search_term_string}\"},\"query-input\":{\"@type\":\"PropertyValueSpecification\",\"valueRequired\":true,\"valueName\":\"search_term_string\"}}],\"inLanguage\":\"sv-SE\"},{\"@type\":\"Organization\",\"@id\":\"https:\\\/\\\/tibladin.dk\\\/#organization\",\"name\":\"Tibladin\",\"url\":\"https:\\\/\\\/tibladin.dk\\\/\",\"logo\":{\"@type\":\"ImageObject\",\"inLanguage\":\"sv-SE\",\"@id\":\"https:\\\/\\\/tibladin.dk\\\/#\\\/schema\\\/logo\\\/image\\\/\",\"url\":\"https:\\\/\\\/tibladin.dk\\\/wp-content\\\/uploads\\\/2022\\\/09\\\/tibladin_logo.svg\",\"contentUrl\":\"https:\\\/\\\/tibladin.dk\\\/wp-content\\\/uploads\\\/2022\\\/09\\\/tibladin_logo.svg\",\"caption\":\"Tibladin\"},\"image\":{\"@id\":\"https:\\\/\\\/tibladin.dk\\\/#\\\/schema\\\/logo\\\/image\\\/\"}}]}<\/script>\n<!-- \/ Yoast SEO plugin. -->","yoast_head_json":{"title":"Tofflor damer | Unik design | Tibladin","description":"Marockanska delixe tofflor f\u00f6r dam i mocka med en l\u00e4cker koboltbl\u00e5 f\u00e4rg. Stort utbud av marockanska tofflor i olika storlekar och f\u00e4rger","robots":{"index":"index","follow":"follow","max-snippet":"max-snippet:-1","max-image-preview":"max-image-preview:large","max-video-preview":"max-video-preview:-1"},"canonical":"https:\/\/tibladin.dk\/sv\/produkt\/tofflor-dam-deluxe-koboltblaa\/","og_locale":"sv_SE","og_type":"article","og_title":"Slippers dame | Unikt design | Tibladin","og_description":"Marokkanske delixe slippers til damer i ruskind med en l\u00e6kker kobolt bl\u00e5 farve. Stort udvalg af marokkanske slippers i forskellige st\u00f8rrelser og farver","og_url":"https:\/\/tibladin.dk\/sv\/produkt\/tofflor-dam-deluxe-koboltblaa\/","og_site_name":"Tibladin","article_modified_time":"2026-01-31T09:40:32+00:00","og_image":[{"width":800,"height":800,"url":"https:\/\/tibladin.dk\/wp-content\/uploads\/2022\/11\/Slippers-rusind-kobolt_2.jpg","type":"image\/jpeg"}],"twitter_card":"summary_large_image","twitter_misc":{"Ber\u00e4knad l\u00e4stid":"2 minuter"},"schema":{"@context":"https:\/\/schema.org","@graph":[{"@type":"WebPage","@id":"https:\/\/tibladin.dk\/produkt\/slippers-dame-deluxe-kobolt-blaa\/","url":"https:\/\/tibladin.dk\/produkt\/slippers-dame-deluxe-kobolt-blaa\/","name":"Tofflor damer | Unik design | Tibladin","isPartOf":{"@id":"https:\/\/tibladin.dk\/#website"},"primaryImageOfPage":{"@id":"https:\/\/tibladin.dk\/produkt\/slippers-dame-deluxe-kobolt-blaa\/#primaryimage"},"image":{"@id":"https:\/\/tibladin.dk\/produkt\/slippers-dame-deluxe-kobolt-blaa\/#primaryimage"},"thumbnailUrl":"https:\/\/tibladin.dk\/wp-content\/uploads\/2022\/11\/Slippers-rusind-kobolt_2.jpg","datePublished":"2022-11-07T09:34:49+00:00","dateModified":"2026-01-31T09:40:32+00:00","description":"Marockanska delixe tofflor f\u00f6r dam i mocka med en l\u00e4cker koboltbl\u00e5 f\u00e4rg. Stort utbud av marockanska tofflor i olika storlekar och f\u00e4rger","breadcrumb":{"@id":"https:\/\/tibladin.dk\/produkt\/slippers-dame-deluxe-kobolt-blaa\/#breadcrumb"},"inLanguage":"sv-SE","potentialAction":[{"@type":"ReadAction","target":["https:\/\/tibladin.dk\/produkt\/slippers-dame-deluxe-kobolt-blaa\/"]}]},{"@type":"ImageObject","inLanguage":"sv-SE","@id":"https:\/\/tibladin.dk\/produkt\/slippers-dame-deluxe-kobolt-blaa\/#primaryimage","url":"https:\/\/tibladin.dk\/wp-content\/uploads\/2022\/11\/Slippers-rusind-kobolt_2.jpg","contentUrl":"https:\/\/tibladin.dk\/wp-content\/uploads\/2022\/11\/Slippers-rusind-kobolt_2.jpg","width":800,"height":800,"caption":"Ruskind deluxe slippers kobolt bl\u00e5"},{"@type":"BreadcrumbList","@id":"https:\/\/tibladin.dk\/produkt\/slippers-dame-deluxe-kobolt-blaa\/#breadcrumb","itemListElement":[{"@type":"ListItem","position":1,"name":"Hjem","item":"https:\/\/tibladin.dk\/"},{"@type":"ListItem","position":2,"name":"Shop","item":"https:\/\/tibladin.dk\/shop\/"},{"@type":"ListItem","position":3,"name":"Slippers dame deluxe &#8211; kobolt bl\u00e5"}]},{"@type":"WebSite","@id":"https:\/\/tibladin.dk\/#website","url":"https:\/\/tibladin.dk\/","name":"Tibladin","description":"Tibladin","publisher":{"@id":"https:\/\/tibladin.dk\/#organization"},"potentialAction":[{"@type":"SearchAction","target":{"@type":"EntryPoint","urlTemplate":"https:\/\/tibladin.dk\/?s={search_term_string}"},"query-input":{"@type":"PropertyValueSpecification","valueRequired":true,"valueName":"search_term_string"}}],"inLanguage":"sv-SE"},{"@type":"Organization","@id":"https:\/\/tibladin.dk\/#organization","name":"Tibladin","url":"https:\/\/tibladin.dk\/","logo":{"@type":"ImageObject","inLanguage":"sv-SE","@id":"https:\/\/tibladin.dk\/#\/schema\/logo\/image\/","url":"https:\/\/tibladin.dk\/wp-content\/uploads\/2022\/09\/tibladin_logo.svg","contentUrl":"https:\/\/tibladin.dk\/wp-content\/uploads\/2022\/09\/tibladin_logo.svg","caption":"Tibladin"},"image":{"@id":"https:\/\/tibladin.dk\/#\/schema\/logo\/image\/"}}]}},"_links":{"self":[{"href":"https:\/\/tibladin.dk\/sv\/wp-json\/wp\/v2\/product\/4767","targetHints":{"allow":["GET"]}}],"collection":[{"href":"https:\/\/tibladin.dk\/sv\/wp-json\/wp\/v2\/product"}],"about":[{"href":"https:\/\/tibladin.dk\/sv\/wp-json\/wp\/v2\/types\/product"}],"wp:featuredmedia":[{"embeddable":true,"href":"https:\/\/tibladin.dk\/sv\/wp-json\/wp\/v2\/media\/5783"}],"wp:attachment":[{"href":"https:\/\/tibladin.dk\/sv\/wp-json\/wp\/v2\/media?parent=4767"}],"wp:term":[{"taxonomy":"product_brand","embeddable":true,"href":"https:\/\/tibladin.dk\/sv\/wp-json\/wp\/v2\/product_brand?post=4767"},{"taxonomy":"product_cat","embeddable":true,"href":"https:\/\/tibladin.dk\/sv\/wp-json\/wp\/v2\/product_cat?post=4767"},{"taxonomy":"product_tag","embeddable":true,"href":"https:\/\/tibladin.dk\/sv\/wp-json\/wp\/v2\/product_tag?post=4767"}],"curies":[{"name":"wp","href":"https:\/\/api.w.org\/{rel}","templated":true}]}}