{"id":6349,"date":"2022-12-17T07:28:24","date_gmt":"2022-12-17T06:28:24","guid":{"rendered":"https:\/\/tibladin.dk\/?post_type=product&#038;p=6349"},"modified":"2025-02-21T17:23:50","modified_gmt":"2025-02-21T16:23:50","slug":"salladsbestick-i-valnotstra","status":"publish","type":"product","link":"https:\/\/tibladin.dk\/sv\/produkt\/salatbestik-i-valnoeddetrae\/","title":{"rendered":"salladsbestick i valn\u00f6tstr\u00e4"},"content":{"rendered":"<div class=\"wpb-content-wrapper\"><div class=\"vc_row wpb_row vc_row-fluid\"><div class=\"wpb_column vc_column_container vc_col-sm-4\"><div class=\"vc_column-inner\"><div class=\"wpb_wrapper\"><\/div><\/div><\/div><div class=\"wpb_column vc_column_container vc_col-sm-4\"><div class=\"vc_column-inner\"><div class=\"wpb_wrapper\"><h3 style=\"text-align: left\" class=\"vc_custom_heading vc_do_custom_heading\" >Underh\u00e5ll<\/h3>\n\t<div class=\"wpb_text_column wpb_content_element\" >\n\t\t<div class=\"wpb_wrapper\">\n\t\t\t<p>K\u00f6ksredskapen kan tv\u00e4ttas f\u00f6r hand. F\u00f6r en varmare lyster p\u00e5 tr\u00e4et kan du ge det lite matolja.<\/p>\n\n\t\t<\/div>\n\t<\/div>\n<\/div><\/div><\/div><div class=\"wpb_column vc_column_container vc_col-sm-4\"><div class=\"vc_column-inner\"><div class=\"wpb_wrapper\"><h3 style=\"text-align: left\" class=\"vc_custom_heading vc_do_custom_heading\" >Historien bakom<\/h3>\n\t<div class=\"wpb_text_column wpb_content_element\" >\n\t\t<div class=\"wpb_wrapper\">\n\t\t\t<p>Vackra handsnidade k\u00f6ksredskap i valn\u00f6tstr\u00e4. Ger en varm och mysig look till din k\u00f6ksinredning.<\/p>\n\n\t\t<\/div>\n\t<\/div>\n<\/div><\/div><\/div><\/div>\n<\/div>","protected":false},"excerpt":{"rendered":"<p>Vackra handsnidade sk\u00e5lar. Prova att servera din sallad i denna vackra sk\u00e5l gjord av valn\u00f6tstr\u00e4. Salladen kommer att ha en mycket l\u00e4tt smak av valn\u00f6t. Anv\u00e4nd den som dekoration, till frukt eller som serveringssk\u00e5l till middagsbordet.<\/p>\n<p>F\u00f6rblir obehandlad. Kan ges lite matolja om man vill ha ett varmare och m\u00f6rkare sken. Kan tv\u00e4ttas f\u00f6r hand.<\/p>\n<p>Kan variera i storlek och f\u00e4rg\/m\u00f6nster. Finns i tv\u00e5 storlekar.<\/p>\n<p>20 cm i diameter och 9 cm h\u00f6g | 28 cm och 9 cm h\u00f6g<\/p>","protected":false},"featured_media":6354,"template":"","meta":{"inline_featured_image":false},"product_brand":[],"product_cat":[144],"product_tag":[],"class_list":{"0":"post-6349","1":"product","2":"type-product","3":"status-publish","4":"has-post-thumbnail","6":"product_cat-koekkenredskaber-trae","8":"first","9":"instock","10":"featured","11":"taxable","12":"shipping-taxable","13":"purchasable","14":"product-type-variable"},"exclude_global_add_ons":[],"addons":[],"yoast_head":"<!-- This site is optimized with the Yoast SEO plugin v27.4 - https:\/\/yoast.com\/product\/yoast-seo-wordpress\/ -->\n<title>Salatbestik i valn\u00f8ddetr\u00e6 | H\u00e5ndsk\u00e5ret i Marokko | Tibladin<\/title>\n<meta name=\"description\" content=\"Hos Tibladin finder du et udvalg af l\u00e6kre h\u00e5ndsk\u00e5rne k\u00f8kkenredskaber i valn\u00f8ddetr\u00e6. Salatbestik i to forskellige st\u00f8rrelser.\" \/>\n<meta name=\"robots\" content=\"index, follow, max-snippet:-1, max-image-preview:large, max-video-preview:-1\" \/>\n<link rel=\"canonical\" href=\"https:\/\/tibladin.dk\/sv\/produkt\/salladsbestick-i-valnotstra\/\" \/>\n<meta property=\"og:locale\" content=\"sv_SE\" \/>\n<meta property=\"og:type\" content=\"article\" \/>\n<meta property=\"og:title\" content=\"Salatbestik i valn\u00f8ddetr\u00e6 | H\u00e5ndsk\u00e5ret i Marokko | Tibladin\" \/>\n<meta property=\"og:description\" content=\"Hos Tibladin finder du et udvalg af l\u00e6kre h\u00e5ndsk\u00e5rne k\u00f8kkenredskaber i valn\u00f8ddetr\u00e6. Salatbestik i to forskellige st\u00f8rrelser.\" \/>\n<meta property=\"og:url\" content=\"https:\/\/tibladin.dk\/sv\/produkt\/salladsbestick-i-valnotstra\/\" \/>\n<meta property=\"og:site_name\" content=\"Tibladin\" \/>\n<meta property=\"article:modified_time\" content=\"2025-02-21T16:23:50+00:00\" \/>\n<meta property=\"og:image\" content=\"https:\/\/tibladin.dk\/wp-content\/uploads\/2022\/12\/Salatbestik-i-valnoeddetrae_4.jpg\" \/>\n\t<meta property=\"og:image:width\" content=\"800\" \/>\n\t<meta property=\"og:image:height\" content=\"800\" \/>\n\t<meta property=\"og:image:type\" content=\"image\/jpeg\" \/>\n<meta name=\"twitter:card\" content=\"summary_large_image\" \/>\n<meta name=\"twitter:label1\" content=\"Ber\u00e4knad l\u00e4stid\" \/>\n\t<meta name=\"twitter:data1\" content=\"1 minut\" \/>\n<script type=\"application\/ld+json\" class=\"yoast-schema-graph\">{\"@context\":\"https:\\\/\\\/schema.org\",\"@graph\":[{\"@type\":\"WebPage\",\"@id\":\"https:\\\/\\\/tibladin.dk\\\/produkt\\\/salatbestik-i-valnoeddetrae\\\/\",\"url\":\"https:\\\/\\\/tibladin.dk\\\/produkt\\\/salatbestik-i-valnoeddetrae\\\/\",\"name\":\"Salatbestik i valn\u00f8ddetr\u00e6 | H\u00e5ndsk\u00e5ret i Marokko | Tibladin\",\"isPartOf\":{\"@id\":\"https:\\\/\\\/tibladin.dk\\\/#website\"},\"primaryImageOfPage\":{\"@id\":\"https:\\\/\\\/tibladin.dk\\\/produkt\\\/salatbestik-i-valnoeddetrae\\\/#primaryimage\"},\"image\":{\"@id\":\"https:\\\/\\\/tibladin.dk\\\/produkt\\\/salatbestik-i-valnoeddetrae\\\/#primaryimage\"},\"thumbnailUrl\":\"https:\\\/\\\/tibladin.dk\\\/wp-content\\\/uploads\\\/2022\\\/12\\\/Salatbestik-i-valnoeddetrae_4.jpg\",\"datePublished\":\"2022-12-17T06:28:24+00:00\",\"dateModified\":\"2025-02-21T16:23:50+00:00\",\"description\":\"Hos Tibladin finder du et udvalg af l\u00e6kre h\u00e5ndsk\u00e5rne k\u00f8kkenredskaber i valn\u00f8ddetr\u00e6. Salatbestik i to forskellige st\u00f8rrelser.\",\"breadcrumb\":{\"@id\":\"https:\\\/\\\/tibladin.dk\\\/produkt\\\/salatbestik-i-valnoeddetrae\\\/#breadcrumb\"},\"inLanguage\":\"sv-SE\",\"potentialAction\":[{\"@type\":\"ReadAction\",\"target\":[\"https:\\\/\\\/tibladin.dk\\\/produkt\\\/salatbestik-i-valnoeddetrae\\\/\"]}]},{\"@type\":\"ImageObject\",\"inLanguage\":\"sv-SE\",\"@id\":\"https:\\\/\\\/tibladin.dk\\\/produkt\\\/salatbestik-i-valnoeddetrae\\\/#primaryimage\",\"url\":\"https:\\\/\\\/tibladin.dk\\\/wp-content\\\/uploads\\\/2022\\\/12\\\/Salatbestik-i-valnoeddetrae_4.jpg\",\"contentUrl\":\"https:\\\/\\\/tibladin.dk\\\/wp-content\\\/uploads\\\/2022\\\/12\\\/Salatbestik-i-valnoeddetrae_4.jpg\",\"width\":800,\"height\":800,\"caption\":\"Salatbestik i valn\u00f8ddetr\u00e6\"},{\"@type\":\"BreadcrumbList\",\"@id\":\"https:\\\/\\\/tibladin.dk\\\/produkt\\\/salatbestik-i-valnoeddetrae\\\/#breadcrumb\",\"itemListElement\":[{\"@type\":\"ListItem\",\"position\":1,\"name\":\"Hjem\",\"item\":\"https:\\\/\\\/tibladin.dk\\\/\"},{\"@type\":\"ListItem\",\"position\":2,\"name\":\"Shop\",\"item\":\"https:\\\/\\\/tibladin.dk\\\/shop\\\/\"},{\"@type\":\"ListItem\",\"position\":3,\"name\":\"salatbestik i valn\u00f8ddetr\u00e6\"}]},{\"@type\":\"WebSite\",\"@id\":\"https:\\\/\\\/tibladin.dk\\\/#website\",\"url\":\"https:\\\/\\\/tibladin.dk\\\/\",\"name\":\"Tibladin\",\"description\":\"Tibladin\",\"publisher\":{\"@id\":\"https:\\\/\\\/tibladin.dk\\\/#organization\"},\"potentialAction\":[{\"@type\":\"SearchAction\",\"target\":{\"@type\":\"EntryPoint\",\"urlTemplate\":\"https:\\\/\\\/tibladin.dk\\\/?s={search_term_string}\"},\"query-input\":{\"@type\":\"PropertyValueSpecification\",\"valueRequired\":true,\"valueName\":\"search_term_string\"}}],\"inLanguage\":\"sv-SE\"},{\"@type\":\"Organization\",\"@id\":\"https:\\\/\\\/tibladin.dk\\\/#organization\",\"name\":\"Tibladin\",\"url\":\"https:\\\/\\\/tibladin.dk\\\/\",\"logo\":{\"@type\":\"ImageObject\",\"inLanguage\":\"sv-SE\",\"@id\":\"https:\\\/\\\/tibladin.dk\\\/#\\\/schema\\\/logo\\\/image\\\/\",\"url\":\"https:\\\/\\\/tibladin.dk\\\/wp-content\\\/uploads\\\/2022\\\/09\\\/tibladin_logo.svg\",\"contentUrl\":\"https:\\\/\\\/tibladin.dk\\\/wp-content\\\/uploads\\\/2022\\\/09\\\/tibladin_logo.svg\",\"caption\":\"Tibladin\"},\"image\":{\"@id\":\"https:\\\/\\\/tibladin.dk\\\/#\\\/schema\\\/logo\\\/image\\\/\"}}]}<\/script>\n<!-- \/ Yoast SEO plugin. -->","yoast_head_json":{"title":"Salladsbestick i valn\u00f6tstr\u00e4 | Handsnidad i Marocko | Tibladin","description":"Hos Tibladin hittar du ett urval av l\u00e4ckra handsnidade k\u00f6ksredskap i valn\u00f6tstr\u00e4. Salladsbestick i tv\u00e5 olika storlekar.","robots":{"index":"index","follow":"follow","max-snippet":"max-snippet:-1","max-image-preview":"max-image-preview:large","max-video-preview":"max-video-preview:-1"},"canonical":"https:\/\/tibladin.dk\/sv\/produkt\/salladsbestick-i-valnotstra\/","og_locale":"sv_SE","og_type":"article","og_title":"Salatbestik i valn\u00f8ddetr\u00e6 | H\u00e5ndsk\u00e5ret i Marokko | Tibladin","og_description":"Hos Tibladin finder du et udvalg af l\u00e6kre h\u00e5ndsk\u00e5rne k\u00f8kkenredskaber i valn\u00f8ddetr\u00e6. Salatbestik i to forskellige st\u00f8rrelser.","og_url":"https:\/\/tibladin.dk\/sv\/produkt\/salladsbestick-i-valnotstra\/","og_site_name":"Tibladin","article_modified_time":"2025-02-21T16:23:50+00:00","og_image":[{"width":800,"height":800,"url":"https:\/\/tibladin.dk\/wp-content\/uploads\/2022\/12\/Salatbestik-i-valnoeddetrae_4.jpg","type":"image\/jpeg"}],"twitter_card":"summary_large_image","twitter_misc":{"Ber\u00e4knad l\u00e4stid":"1 minut"},"schema":{"@context":"https:\/\/schema.org","@graph":[{"@type":"WebPage","@id":"https:\/\/tibladin.dk\/produkt\/salatbestik-i-valnoeddetrae\/","url":"https:\/\/tibladin.dk\/produkt\/salatbestik-i-valnoeddetrae\/","name":"Salladsbestick i valn\u00f6tstr\u00e4 | Handsnidad i Marocko | Tibladin","isPartOf":{"@id":"https:\/\/tibladin.dk\/#website"},"primaryImageOfPage":{"@id":"https:\/\/tibladin.dk\/produkt\/salatbestik-i-valnoeddetrae\/#primaryimage"},"image":{"@id":"https:\/\/tibladin.dk\/produkt\/salatbestik-i-valnoeddetrae\/#primaryimage"},"thumbnailUrl":"https:\/\/tibladin.dk\/wp-content\/uploads\/2022\/12\/Salatbestik-i-valnoeddetrae_4.jpg","datePublished":"2022-12-17T06:28:24+00:00","dateModified":"2025-02-21T16:23:50+00:00","description":"Hos Tibladin hittar du ett urval av l\u00e4ckra handsnidade k\u00f6ksredskap i valn\u00f6tstr\u00e4. Salladsbestick i tv\u00e5 olika storlekar.","breadcrumb":{"@id":"https:\/\/tibladin.dk\/produkt\/salatbestik-i-valnoeddetrae\/#breadcrumb"},"inLanguage":"sv-SE","potentialAction":[{"@type":"ReadAction","target":["https:\/\/tibladin.dk\/produkt\/salatbestik-i-valnoeddetrae\/"]}]},{"@type":"ImageObject","inLanguage":"sv-SE","@id":"https:\/\/tibladin.dk\/produkt\/salatbestik-i-valnoeddetrae\/#primaryimage","url":"https:\/\/tibladin.dk\/wp-content\/uploads\/2022\/12\/Salatbestik-i-valnoeddetrae_4.jpg","contentUrl":"https:\/\/tibladin.dk\/wp-content\/uploads\/2022\/12\/Salatbestik-i-valnoeddetrae_4.jpg","width":800,"height":800,"caption":"Salatbestik i valn\u00f8ddetr\u00e6"},{"@type":"BreadcrumbList","@id":"https:\/\/tibladin.dk\/produkt\/salatbestik-i-valnoeddetrae\/#breadcrumb","itemListElement":[{"@type":"ListItem","position":1,"name":"Hjem","item":"https:\/\/tibladin.dk\/"},{"@type":"ListItem","position":2,"name":"Shop","item":"https:\/\/tibladin.dk\/shop\/"},{"@type":"ListItem","position":3,"name":"salatbestik i valn\u00f8ddetr\u00e6"}]},{"@type":"WebSite","@id":"https:\/\/tibladin.dk\/#website","url":"https:\/\/tibladin.dk\/","name":"Tibladin","description":"Tibladin","publisher":{"@id":"https:\/\/tibladin.dk\/#organization"},"potentialAction":[{"@type":"SearchAction","target":{"@type":"EntryPoint","urlTemplate":"https:\/\/tibladin.dk\/?s={search_term_string}"},"query-input":{"@type":"PropertyValueSpecification","valueRequired":true,"valueName":"search_term_string"}}],"inLanguage":"sv-SE"},{"@type":"Organization","@id":"https:\/\/tibladin.dk\/#organization","name":"Tibladin","url":"https:\/\/tibladin.dk\/","logo":{"@type":"ImageObject","inLanguage":"sv-SE","@id":"https:\/\/tibladin.dk\/#\/schema\/logo\/image\/","url":"https:\/\/tibladin.dk\/wp-content\/uploads\/2022\/09\/tibladin_logo.svg","contentUrl":"https:\/\/tibladin.dk\/wp-content\/uploads\/2022\/09\/tibladin_logo.svg","caption":"Tibladin"},"image":{"@id":"https:\/\/tibladin.dk\/#\/schema\/logo\/image\/"}}]}},"_links":{"self":[{"href":"https:\/\/tibladin.dk\/sv\/wp-json\/wp\/v2\/product\/6349","targetHints":{"allow":["GET"]}}],"collection":[{"href":"https:\/\/tibladin.dk\/sv\/wp-json\/wp\/v2\/product"}],"about":[{"href":"https:\/\/tibladin.dk\/sv\/wp-json\/wp\/v2\/types\/product"}],"wp:featuredmedia":[{"embeddable":true,"href":"https:\/\/tibladin.dk\/sv\/wp-json\/wp\/v2\/media\/6354"}],"wp:attachment":[{"href":"https:\/\/tibladin.dk\/sv\/wp-json\/wp\/v2\/media?parent=6349"}],"wp:term":[{"taxonomy":"product_brand","embeddable":true,"href":"https:\/\/tibladin.dk\/sv\/wp-json\/wp\/v2\/product_brand?post=6349"},{"taxonomy":"product_cat","embeddable":true,"href":"https:\/\/tibladin.dk\/sv\/wp-json\/wp\/v2\/product_cat?post=6349"},{"taxonomy":"product_tag","embeddable":true,"href":"https:\/\/tibladin.dk\/sv\/wp-json\/wp\/v2\/product_tag?post=6349"}],"curies":[{"name":"wp","href":"https:\/\/api.w.org\/{rel}","templated":true}]}}