{"id":710,"date":"2022-09-20T11:04:02","date_gmt":"2022-09-20T09:04:02","guid":{"rendered":"https:\/\/tibladin.dk\/vare\/marokkansk-sengetaeppe-140x270-cm\/"},"modified":"2025-02-19T12:20:51","modified_gmt":"2025-02-19T11:20:51","slug":"marockanskt-overkast-140x270-cm","status":"publish","type":"product","link":"https:\/\/tibladin.dk\/sv\/produkt\/marokkansk-sengetaeppe-140x270-cm\/","title":{"rendered":"Marockanskt \u00f6verkast 140\u00d7270 cm."},"content":{"rendered":"<div class=\"wpb-content-wrapper\"><div class=\"vc_row wpb_row vc_row-fluid\"><div class=\"wpb_column vc_column_container vc_col-sm-4\"><div class=\"vc_column-inner\"><div class=\"wpb_wrapper\">\n\t<div class=\"wpb_video_widget wpb_content_element vc_clearfix   vc_video-aspect-ratio-43 vc_video-el-width-100 vc_video-align-left\" >\n\t\t<div class=\"wpb_wrapper\">\n\t\t\t\n\t\t\t<div class=\"wpb_video_wrapper\"><div class=\"video-container\"><iframe loading=\"lazy\" title=\"Kvinnokooperativet Marrakech\" src=\"https:\/\/player.vimeo.com\/video\/416218536?dnt=1&amp;app_id=122963\" width=\"500\" height=\"281\" frameborder=\"0\" allow=\"autoplay; fullscreen; picture-in-picture\"><\/iframe><\/div><\/div>\n\t\t<\/div>\n\t<\/div>\n<\/div><\/div><\/div><div class=\"wpb_column vc_column_container vc_col-sm-4\"><div class=\"vc_column-inner\"><div class=\"wpb_wrapper\"><h3 style=\"text-align: left\" class=\"vc_custom_heading vc_do_custom_heading\" >Underh\u00e5ll<\/h3>\n\t<div class=\"wpb_text_column wpb_content_element\" >\n\t\t<div class=\"wpb_wrapper\">\n\t\t\t<p>Kan tv\u00e4ttas i max 60 grader i maskin. D\u00e5 mattan \u00e4r handv\u00e4vd rekommenderas att tv\u00e4tta den f\u00f6rsiktigt i 30 grader, d\u00e5 den mycket v\u00e4l kan \u00e4ndra struktur vid h\u00f6gre temperatur.<\/p>\n\n\t\t<\/div>\n\t<\/div>\n<\/div><\/div><\/div><div class=\"wpb_column vc_column_container vc_col-sm-4\"><div class=\"vc_column-inner\"><div class=\"wpb_wrapper\"><h3 style=\"text-align: left\" class=\"vc_custom_heading vc_do_custom_heading\" >Historien bakom<\/h3>\n\t<div class=\"wpb_text_column wpb_content_element\" >\n\t\t<div class=\"wpb_wrapper\">\n\t\t\t<p>\u00d6verkast av finaste kvalitet handv\u00e4vda av kvinnor s\u00f6der om Marrakech. Kvinnokooperativet syssels\u00e4tter 160 kvinnor fr\u00e5n den lilla byn och bidrar d\u00e4rmed till att h\u00f6ja levnadsstandarden f\u00f6r m\u00e5nga familjer. En skola och dagis har inr\u00e4ttats f\u00f6r kvinnornas barn, s\u00e5 att barnen kan f\u00e5 utbildning och syssels\u00e4ttas medan mammorna arbetar.<\/p>\n\n\t\t<\/div>\n\t<\/div>\n<\/div><\/div><\/div><\/div>\n<\/div>","protected":false},"excerpt":{"rendered":"<p>Dekorativt \u00f6verkast i 100 % ekologisk bomull. \u00c4r \u00e4ven fin som pl\u00e4d. Vitt och gr\u00e5tt med virkbr\u00e4da och sm\u00e5 pompoms.<\/p>\n<p>Handv\u00e4vd i Marocko i ett kooperativ som syssels\u00e4tter 160 m\u00e4n och kvinnor<\/p>\n<p>Som \u00f6verkast passar det en 90 och 120 cm. bred s\u00e4ng. Kan \u00e4ven anv\u00e4ndas som en dekorativ matta vid foten av din dubbels\u00e4ng.<\/p>","protected":false},"featured_media":708,"template":"","meta":{"inline_featured_image":false},"product_brand":[],"product_cat":[65,29,38,37],"product_tag":[],"class_list":{"0":"post-710","1":"product","2":"type-product","3":"status-publish","4":"has-post-thumbnail","6":"product_cat-duge","7":"product_cat-gaven-til-den-unge-pige","8":"product_cat-sengetaepper","9":"product_cat-tekstiler","11":"first","12":"instock","13":"taxable","14":"shipping-taxable","15":"purchasable","16":"product-type-simple"},"exclude_global_add_ons":false,"addons":[{"name":"Vill du ha presentinslagning?","type":"checkbox","position":0,"required":false,"title_format":"label","default":"","description_enable":false,"description":"","placeholder_enable":false,"placeholder":"","display":"images","restrictions_type":"any_text","adjust_price":false,"price":"","price_type":"flat_fee","restrictions":false,"min":"0","max":"0","options":[{"label":"Ja tak","price":"10","price_type":"flat_fee","image":11015,"visibility":true}],"id":1669646111}],"yoast_head":"<!-- This site is optimized with the Yoast SEO plugin v27.4 - https:\/\/yoast.com\/product\/yoast-seo-wordpress\/ -->\n<title>Marokkansk h\u00e5ndv\u00e6vet senget\u00e6ppe 140x270cm. | Tibladin<\/title>\n<meta name=\"description\" content=\"Dekorativt r\u00e5hvidt senget\u00e6ppe med gr\u00e5 striber, en h\u00e6klet kant og sm\u00e5 pomponer i enden. H\u00e5ndv\u00e6vet fra Marokko. H\u00f8j kvalitet\" \/>\n<meta name=\"robots\" content=\"index, follow, max-snippet:-1, max-image-preview:large, max-video-preview:-1\" \/>\n<link rel=\"canonical\" href=\"https:\/\/tibladin.dk\/sv\/produkt\/marockanskt-overkast-140x270-cm\/\" \/>\n<meta property=\"og:locale\" content=\"sv_SE\" \/>\n<meta property=\"og:type\" content=\"article\" \/>\n<meta property=\"og:title\" content=\"Marokkansk h\u00e5ndv\u00e6vet senget\u00e6ppe 140x270cm. | Tibladin\" \/>\n<meta property=\"og:description\" content=\"Dekorativt r\u00e5hvidt senget\u00e6ppe med gr\u00e5 striber, en h\u00e6klet kant og sm\u00e5 pomponer i enden. H\u00e5ndv\u00e6vet fra Marokko. H\u00f8j kvalitet\" \/>\n<meta property=\"og:url\" content=\"https:\/\/tibladin.dk\/sv\/produkt\/marockanskt-overkast-140x270-cm\/\" \/>\n<meta property=\"og:site_name\" content=\"Tibladin\" \/>\n<meta property=\"article:modified_time\" content=\"2025-02-19T11:20:51+00:00\" \/>\n<meta property=\"og:image\" content=\"https:\/\/tibladin.dk\/wp-content\/uploads\/2022\/09\/Tibladin_marokkansk-sengetaeppe_hvid_graa_800x800-1.jpg\" \/>\n\t<meta property=\"og:image:width\" content=\"800\" \/>\n\t<meta property=\"og:image:height\" content=\"800\" \/>\n\t<meta property=\"og:image:type\" content=\"image\/jpeg\" \/>\n<meta name=\"twitter:card\" content=\"summary_large_image\" \/>\n<meta name=\"twitter:label1\" content=\"Ber\u00e4knad l\u00e4stid\" \/>\n\t<meta name=\"twitter:data1\" content=\"1 minut\" \/>\n<script type=\"application\/ld+json\" class=\"yoast-schema-graph\">{\"@context\":\"https:\\\/\\\/schema.org\",\"@graph\":[{\"@type\":\"WebPage\",\"@id\":\"https:\\\/\\\/tibladin.dk\\\/produkt\\\/marokkansk-sengetaeppe-140x270-cm\\\/\",\"url\":\"https:\\\/\\\/tibladin.dk\\\/produkt\\\/marokkansk-sengetaeppe-140x270-cm\\\/\",\"name\":\"Marokkansk h\u00e5ndv\u00e6vet senget\u00e6ppe 140x270cm. | Tibladin\",\"isPartOf\":{\"@id\":\"https:\\\/\\\/tibladin.dk\\\/#website\"},\"primaryImageOfPage\":{\"@id\":\"https:\\\/\\\/tibladin.dk\\\/produkt\\\/marokkansk-sengetaeppe-140x270-cm\\\/#primaryimage\"},\"image\":{\"@id\":\"https:\\\/\\\/tibladin.dk\\\/produkt\\\/marokkansk-sengetaeppe-140x270-cm\\\/#primaryimage\"},\"thumbnailUrl\":\"https:\\\/\\\/tibladin.dk\\\/wp-content\\\/uploads\\\/2022\\\/09\\\/Tibladin_marokkansk-sengetaeppe_hvid_graa_800x800-1.jpg\",\"datePublished\":\"2022-09-20T09:04:02+00:00\",\"dateModified\":\"2025-02-19T11:20:51+00:00\",\"description\":\"Dekorativt r\u00e5hvidt senget\u00e6ppe med gr\u00e5 striber, en h\u00e6klet kant og sm\u00e5 pomponer i enden. H\u00e5ndv\u00e6vet fra Marokko. H\u00f8j kvalitet\",\"breadcrumb\":{\"@id\":\"https:\\\/\\\/tibladin.dk\\\/produkt\\\/marokkansk-sengetaeppe-140x270-cm\\\/#breadcrumb\"},\"inLanguage\":\"sv-SE\",\"potentialAction\":[{\"@type\":\"ReadAction\",\"target\":[\"https:\\\/\\\/tibladin.dk\\\/produkt\\\/marokkansk-sengetaeppe-140x270-cm\\\/\"]}]},{\"@type\":\"ImageObject\",\"inLanguage\":\"sv-SE\",\"@id\":\"https:\\\/\\\/tibladin.dk\\\/produkt\\\/marokkansk-sengetaeppe-140x270-cm\\\/#primaryimage\",\"url\":\"https:\\\/\\\/tibladin.dk\\\/wp-content\\\/uploads\\\/2022\\\/09\\\/Tibladin_marokkansk-sengetaeppe_hvid_graa_800x800-1.jpg\",\"contentUrl\":\"https:\\\/\\\/tibladin.dk\\\/wp-content\\\/uploads\\\/2022\\\/09\\\/Tibladin_marokkansk-sengetaeppe_hvid_graa_800x800-1.jpg\",\"width\":800,\"height\":800,\"caption\":\"Marokkansk h\u00e5ndv\u00e6vet plaid i hvid med sorte striber\"},{\"@type\":\"BreadcrumbList\",\"@id\":\"https:\\\/\\\/tibladin.dk\\\/produkt\\\/marokkansk-sengetaeppe-140x270-cm\\\/#breadcrumb\",\"itemListElement\":[{\"@type\":\"ListItem\",\"position\":1,\"name\":\"Hjem\",\"item\":\"https:\\\/\\\/tibladin.dk\\\/\"},{\"@type\":\"ListItem\",\"position\":2,\"name\":\"Shop\",\"item\":\"https:\\\/\\\/tibladin.dk\\\/shop\\\/\"},{\"@type\":\"ListItem\",\"position\":3,\"name\":\"Marokkansk senget\u00e6ppe 140&#215;270 cm.\"}]},{\"@type\":\"WebSite\",\"@id\":\"https:\\\/\\\/tibladin.dk\\\/#website\",\"url\":\"https:\\\/\\\/tibladin.dk\\\/\",\"name\":\"Tibladin\",\"description\":\"Tibladin\",\"publisher\":{\"@id\":\"https:\\\/\\\/tibladin.dk\\\/#organization\"},\"potentialAction\":[{\"@type\":\"SearchAction\",\"target\":{\"@type\":\"EntryPoint\",\"urlTemplate\":\"https:\\\/\\\/tibladin.dk\\\/?s={search_term_string}\"},\"query-input\":{\"@type\":\"PropertyValueSpecification\",\"valueRequired\":true,\"valueName\":\"search_term_string\"}}],\"inLanguage\":\"sv-SE\"},{\"@type\":\"Organization\",\"@id\":\"https:\\\/\\\/tibladin.dk\\\/#organization\",\"name\":\"Tibladin\",\"url\":\"https:\\\/\\\/tibladin.dk\\\/\",\"logo\":{\"@type\":\"ImageObject\",\"inLanguage\":\"sv-SE\",\"@id\":\"https:\\\/\\\/tibladin.dk\\\/#\\\/schema\\\/logo\\\/image\\\/\",\"url\":\"https:\\\/\\\/tibladin.dk\\\/wp-content\\\/uploads\\\/2022\\\/09\\\/tibladin_logo.svg\",\"contentUrl\":\"https:\\\/\\\/tibladin.dk\\\/wp-content\\\/uploads\\\/2022\\\/09\\\/tibladin_logo.svg\",\"caption\":\"Tibladin\"},\"image\":{\"@id\":\"https:\\\/\\\/tibladin.dk\\\/#\\\/schema\\\/logo\\\/image\\\/\"}}]}<\/script>\n<!-- \/ Yoast SEO plugin. -->","yoast_head_json":{"title":"Marockanskt handv\u00e4vt \u00f6verkast 140x270cm. | Tibladin","description":"Dekorativt benvitt \u00f6verkast med gr\u00e5 r\u00e4nder, virkad b\u00e5rd och sm\u00e5 pompoms i slutet. Handv\u00e4vd fr\u00e5n Marocko. H\u00f6g kvalitet","robots":{"index":"index","follow":"follow","max-snippet":"max-snippet:-1","max-image-preview":"max-image-preview:large","max-video-preview":"max-video-preview:-1"},"canonical":"https:\/\/tibladin.dk\/sv\/produkt\/marockanskt-overkast-140x270-cm\/","og_locale":"sv_SE","og_type":"article","og_title":"Marokkansk h\u00e5ndv\u00e6vet senget\u00e6ppe 140x270cm. | Tibladin","og_description":"Dekorativt r\u00e5hvidt senget\u00e6ppe med gr\u00e5 striber, en h\u00e6klet kant og sm\u00e5 pomponer i enden. H\u00e5ndv\u00e6vet fra Marokko. H\u00f8j kvalitet","og_url":"https:\/\/tibladin.dk\/sv\/produkt\/marockanskt-overkast-140x270-cm\/","og_site_name":"Tibladin","article_modified_time":"2025-02-19T11:20:51+00:00","og_image":[{"width":800,"height":800,"url":"https:\/\/tibladin.dk\/wp-content\/uploads\/2022\/09\/Tibladin_marokkansk-sengetaeppe_hvid_graa_800x800-1.jpg","type":"image\/jpeg"}],"twitter_card":"summary_large_image","twitter_misc":{"Ber\u00e4knad l\u00e4stid":"1 minut"},"schema":{"@context":"https:\/\/schema.org","@graph":[{"@type":"WebPage","@id":"https:\/\/tibladin.dk\/produkt\/marokkansk-sengetaeppe-140x270-cm\/","url":"https:\/\/tibladin.dk\/produkt\/marokkansk-sengetaeppe-140x270-cm\/","name":"Marockanskt handv\u00e4vt \u00f6verkast 140x270cm. | Tibladin","isPartOf":{"@id":"https:\/\/tibladin.dk\/#website"},"primaryImageOfPage":{"@id":"https:\/\/tibladin.dk\/produkt\/marokkansk-sengetaeppe-140x270-cm\/#primaryimage"},"image":{"@id":"https:\/\/tibladin.dk\/produkt\/marokkansk-sengetaeppe-140x270-cm\/#primaryimage"},"thumbnailUrl":"https:\/\/tibladin.dk\/wp-content\/uploads\/2022\/09\/Tibladin_marokkansk-sengetaeppe_hvid_graa_800x800-1.jpg","datePublished":"2022-09-20T09:04:02+00:00","dateModified":"2025-02-19T11:20:51+00:00","description":"Dekorativt benvitt \u00f6verkast med gr\u00e5 r\u00e4nder, virkad b\u00e5rd och sm\u00e5 pompoms i slutet. Handv\u00e4vd fr\u00e5n Marocko. H\u00f6g kvalitet","breadcrumb":{"@id":"https:\/\/tibladin.dk\/produkt\/marokkansk-sengetaeppe-140x270-cm\/#breadcrumb"},"inLanguage":"sv-SE","potentialAction":[{"@type":"ReadAction","target":["https:\/\/tibladin.dk\/produkt\/marokkansk-sengetaeppe-140x270-cm\/"]}]},{"@type":"ImageObject","inLanguage":"sv-SE","@id":"https:\/\/tibladin.dk\/produkt\/marokkansk-sengetaeppe-140x270-cm\/#primaryimage","url":"https:\/\/tibladin.dk\/wp-content\/uploads\/2022\/09\/Tibladin_marokkansk-sengetaeppe_hvid_graa_800x800-1.jpg","contentUrl":"https:\/\/tibladin.dk\/wp-content\/uploads\/2022\/09\/Tibladin_marokkansk-sengetaeppe_hvid_graa_800x800-1.jpg","width":800,"height":800,"caption":"Marokkansk h\u00e5ndv\u00e6vet plaid i hvid med sorte striber"},{"@type":"BreadcrumbList","@id":"https:\/\/tibladin.dk\/produkt\/marokkansk-sengetaeppe-140x270-cm\/#breadcrumb","itemListElement":[{"@type":"ListItem","position":1,"name":"Hjem","item":"https:\/\/tibladin.dk\/"},{"@type":"ListItem","position":2,"name":"Shop","item":"https:\/\/tibladin.dk\/shop\/"},{"@type":"ListItem","position":3,"name":"Marokkansk senget\u00e6ppe 140&#215;270 cm."}]},{"@type":"WebSite","@id":"https:\/\/tibladin.dk\/#website","url":"https:\/\/tibladin.dk\/","name":"Tibladin","description":"Tibladin","publisher":{"@id":"https:\/\/tibladin.dk\/#organization"},"potentialAction":[{"@type":"SearchAction","target":{"@type":"EntryPoint","urlTemplate":"https:\/\/tibladin.dk\/?s={search_term_string}"},"query-input":{"@type":"PropertyValueSpecification","valueRequired":true,"valueName":"search_term_string"}}],"inLanguage":"sv-SE"},{"@type":"Organization","@id":"https:\/\/tibladin.dk\/#organization","name":"Tibladin","url":"https:\/\/tibladin.dk\/","logo":{"@type":"ImageObject","inLanguage":"sv-SE","@id":"https:\/\/tibladin.dk\/#\/schema\/logo\/image\/","url":"https:\/\/tibladin.dk\/wp-content\/uploads\/2022\/09\/tibladin_logo.svg","contentUrl":"https:\/\/tibladin.dk\/wp-content\/uploads\/2022\/09\/tibladin_logo.svg","caption":"Tibladin"},"image":{"@id":"https:\/\/tibladin.dk\/#\/schema\/logo\/image\/"}}]}},"_links":{"self":[{"href":"https:\/\/tibladin.dk\/sv\/wp-json\/wp\/v2\/product\/710","targetHints":{"allow":["GET"]}}],"collection":[{"href":"https:\/\/tibladin.dk\/sv\/wp-json\/wp\/v2\/product"}],"about":[{"href":"https:\/\/tibladin.dk\/sv\/wp-json\/wp\/v2\/types\/product"}],"wp:featuredmedia":[{"embeddable":true,"href":"https:\/\/tibladin.dk\/sv\/wp-json\/wp\/v2\/media\/708"}],"wp:attachment":[{"href":"https:\/\/tibladin.dk\/sv\/wp-json\/wp\/v2\/media?parent=710"}],"wp:term":[{"taxonomy":"product_brand","embeddable":true,"href":"https:\/\/tibladin.dk\/sv\/wp-json\/wp\/v2\/product_brand?post=710"},{"taxonomy":"product_cat","embeddable":true,"href":"https:\/\/tibladin.dk\/sv\/wp-json\/wp\/v2\/product_cat?post=710"},{"taxonomy":"product_tag","embeddable":true,"href":"https:\/\/tibladin.dk\/sv\/wp-json\/wp\/v2\/product_tag?post=710"}],"curies":[{"name":"wp","href":"https:\/\/api.w.org\/{rel}","templated":true}]}}