{"id":7288,"date":"2023-05-04T08:50:09","date_gmt":"2023-05-04T06:50:09","guid":{"rendered":"https:\/\/tibladin.dk\/?post_type=product&#038;p=7288"},"modified":"2026-03-10T12:50:19","modified_gmt":"2026-03-10T11:50:19","slug":"puff-i-lader-med-majorelleblaatt-broderi","status":"publish","type":"product","link":"https:\/\/tibladin.dk\/sv\/produkt\/puf-i-laeder-med-broderi-majorelle-blaa\/","title":{"rendered":"Puff i l\u00e4der med broderi \u2013 Majorellebl\u00e5"},"content":{"rendered":"<div class=\"wpb-content-wrapper\"><div class=\"vc_row wpb_row vc_row-fluid\"><div class=\"wpb_column vc_column_container vc_col-sm-4\"><div class=\"vc_column-inner\"><div class=\"wpb_wrapper\">\n\t<div class=\"wpb_video_widget wpb_content_element vc_clearfix   vc_video-aspect-ratio-43 vc_video-el-width-100 vc_video-align-left\" >\n\t\t<div class=\"wpb_wrapper\">\n\t\t\t\n\t\t\t<div class=\"wpb_video_wrapper\"><div class=\"video-container\"><iframe loading=\"lazy\" title=\"Fyll din marockanska l\u00e4derpuff\" src=\"https:\/\/player.vimeo.com\/video\/417093994?dnt=1&amp;app_id=122963\" width=\"310\" height=\"310\" frameborder=\"0\" allow=\"autoplay; fullscreen; picture-in-picture\"><\/iframe><\/div><\/div>\n\t\t<\/div>\n\t<\/div>\n<\/div><\/div><\/div><div class=\"wpb_column vc_column_container vc_col-sm-4\"><div class=\"vc_column-inner\"><div class=\"wpb_wrapper\"><h3 style=\"text-align: left\" class=\"vc_custom_heading vc_do_custom_heading\" >Underh\u00e5ll<\/h3>\n\t<div class=\"wpb_text_column wpb_content_element\" >\n\t\t<div class=\"wpb_wrapper\">\n\t\t\t<p>Hos Tibladin k\u00f6per du l\u00e4derpuffar utan fyllning, s\u00e5 du kan fylla den sj\u00e4lv med fyllning efter din egen smak. Du kan enkelt anv\u00e4nda saker du redan har, som kl\u00e4der du inte l\u00e4ngre anv\u00e4nder, vintert\u00e4cken, kuddar, filtar eller h\u00e5rt skrynkliga tidningspapper.<\/p>\n<p>Du kan ocks\u00e5 k\u00f6pa skumgranulat eller bomullsfyllning till din sittpuff. Anv\u00e4nder du denna typ av stoppning kan jag rekommendera att du syr ett inner\u00f6verdrag eller tar ett gammalt p\u00e5slakan och l\u00e4gger in fyllningen d\u00e4r innan du l\u00e4gger den i din sittpuff<\/p>\n<p>L\u00e4derpuffar \u00e4r gjorda av getskinn och kommer att f\u00e5 en vacker patina med tiden. Vill du ha din sittpuff m\u00f6rkare och glansig kan du ge den lite l\u00e4derolja. Alldeles i b\u00f6rjan, n\u00e4r du anv\u00e4nder den, kan den lukta lite som l\u00e4der. Detta f\u00f6rsvinner snabbt igen. Om du vill p\u00e5skynda den processen, l\u00e4gg ut den i solen en stund s\u00e5 f\u00f6rsvinner den.<\/p>\n\n\t\t<\/div>\n\t<\/div>\n<\/div><\/div><\/div><div class=\"wpb_column vc_column_container vc_col-sm-4\"><div class=\"vc_column-inner\"><div class=\"wpb_wrapper\"><h3 style=\"text-align: left\" class=\"vc_custom_heading vc_do_custom_heading\" >Historien bakom<\/h3>\n\t<div class=\"wpb_text_column wpb_content_element\" >\n\t\t<div class=\"wpb_wrapper\">\n\t\t\t<p>Sm\u00e5 sittpuffar \u00e4r l\u00e4tta att l\u00e4gga till din inredning och f\u00e5r snabbt en exotisk look och en mer personlig touch. Min leverant\u00f6r av l\u00e4derpuffar har m\u00e5nga \u00e5rs erfarenhet av att g\u00f6ra bra och mycket h\u00e5llbara sittpuffar och han exporterar till flera st\u00e4llen runt om i v\u00e4rlden. Alla mina sittpuffar \u00e4r gjorda av getskinn d\u00e5 det \u00e4r det som ger den mjukaste och smidigaste sittpuffen.<\/p>\n\n\t\t<\/div>\n\t<\/div>\n<\/div><\/div><\/div><\/div>\n<\/div>","protected":false},"excerpt":{"rendered":"<p class=\"p1\"><span class=\"s1\">Denna marockanska sittpuff i det vackraste Majorellebl\u00e5tt spelar fint mot det vita broderim\u00f6nstret. Ger verkligen din inredning en unik touch!\u00a0<\/span><\/p>\n<p class=\"p1\"><span class=\"s1\">Kan fyllas med m\u00e5nga olika saker: kl\u00e4der du inte l\u00e4ngre anv\u00e4nder, vintert\u00e4cket, skumgranulat, tidningspapper etc. beroende p\u00e5 vilken fasthet du vill ha. Du kan \u00e4ven v\u00e4lja fyllning till puffen h\u00e4r, d\u00e5 skickas den med tr\u00e4ullsfyllning.<\/span><\/p>","protected":false},"featured_media":7292,"template":"","meta":{"inline_featured_image":false},"product_brand":[],"product_cat":[29,41,40],"product_tag":[],"class_list":{"0":"post-7288","1":"product","2":"type-product","3":"status-publish","4":"has-post-thumbnail","6":"product_cat-gaven-til-den-unge-pige","7":"product_cat-laederpufs","8":"product_cat-pufs","10":"first","11":"instock","12":"taxable","13":"shipping-taxable","14":"purchasable","15":"product-type-simple"},"exclude_global_add_ons":false,"addons":[{"name":"Vill du ha din sittpuff levererad med tr\u00e4ullsfyllning?","type":"checkbox","position":0,"required":false,"title_format":"label","default":"","description_enable":false,"description":"","placeholder_enable":false,"placeholder":"","display":"select","restrictions_type":"any_text","adjust_price":false,"price":"","price_type":"flat_fee","restrictions":false,"min":"0","max":"0","options":[{"label":"Ja tak!","price":"200.00","price_type":"quantity_based","image":0,"visibility":true}],"id":1708085317}],"yoast_head":"<!-- This site is optimized with the Yoast SEO plugin v27.4 - https:\/\/yoast.com\/product\/yoast-seo-wordpress\/ -->\n<title>Marokkansk puf i l\u00e6der 50x50 cm med broderet m\u00f8nster | Tibladin<\/title>\n<meta name=\"description\" content=\"Marokkansk indfarvet l\u00e6der 50x50 cm i bl\u00f8d og fleksibel kvalitet. Smukt broderi og lavet med ekstra syninger for at sikre en god holdbarhed.\" \/>\n<meta name=\"robots\" content=\"index, follow, max-snippet:-1, max-image-preview:large, max-video-preview:-1\" \/>\n<link rel=\"canonical\" href=\"https:\/\/tibladin.dk\/sv\/produkt\/puff-i-lader-med-majorelleblaatt-broderi\/\" \/>\n<meta property=\"og:locale\" content=\"sv_SE\" \/>\n<meta property=\"og:type\" content=\"article\" \/>\n<meta property=\"og:title\" content=\"Marokkansk puf i l\u00e6der 50x50 cm med broderet m\u00f8nster | Tibladin\" \/>\n<meta property=\"og:description\" content=\"Marokkansk indfarvet l\u00e6der 50x50 cm i bl\u00f8d og fleksibel kvalitet. Smukt broderi og lavet med ekstra syninger for at sikre en god holdbarhed.\" \/>\n<meta property=\"og:url\" content=\"https:\/\/tibladin.dk\/sv\/produkt\/puff-i-lader-med-majorelleblaatt-broderi\/\" \/>\n<meta property=\"og:site_name\" content=\"Tibladin\" \/>\n<meta property=\"article:modified_time\" content=\"2026-03-10T11:50:19+00:00\" \/>\n<meta property=\"og:image\" content=\"https:\/\/tibladin.dk\/wp-content\/uploads\/2023\/05\/Tibladin-marokkansk-puf-i-blaa.jpg\" \/>\n\t<meta property=\"og:image:width\" content=\"800\" \/>\n\t<meta property=\"og:image:height\" content=\"800\" \/>\n\t<meta property=\"og:image:type\" content=\"image\/jpeg\" \/>\n<meta name=\"twitter:card\" content=\"summary_large_image\" \/>\n<meta name=\"twitter:label1\" content=\"Ber\u00e4knad l\u00e4stid\" \/>\n\t<meta name=\"twitter:data1\" content=\"2 minuter\" \/>\n<script type=\"application\/ld+json\" class=\"yoast-schema-graph\">{\"@context\":\"https:\\\/\\\/schema.org\",\"@graph\":[{\"@type\":\"WebPage\",\"@id\":\"https:\\\/\\\/tibladin.dk\\\/produkt\\\/puf-i-laeder-med-broderi-majorelle-blaa\\\/\",\"url\":\"https:\\\/\\\/tibladin.dk\\\/produkt\\\/puf-i-laeder-med-broderi-majorelle-blaa\\\/\",\"name\":\"Marokkansk puf i l\u00e6der 50x50 cm med broderet m\u00f8nster | Tibladin\",\"isPartOf\":{\"@id\":\"https:\\\/\\\/tibladin.dk\\\/#website\"},\"primaryImageOfPage\":{\"@id\":\"https:\\\/\\\/tibladin.dk\\\/produkt\\\/puf-i-laeder-med-broderi-majorelle-blaa\\\/#primaryimage\"},\"image\":{\"@id\":\"https:\\\/\\\/tibladin.dk\\\/produkt\\\/puf-i-laeder-med-broderi-majorelle-blaa\\\/#primaryimage\"},\"thumbnailUrl\":\"https:\\\/\\\/tibladin.dk\\\/wp-content\\\/uploads\\\/2023\\\/05\\\/Tibladin-marokkansk-puf-i-blaa.jpg\",\"datePublished\":\"2023-05-04T06:50:09+00:00\",\"dateModified\":\"2026-03-10T11:50:19+00:00\",\"description\":\"Marokkansk indfarvet l\u00e6der 50x50 cm i bl\u00f8d og fleksibel kvalitet. Smukt broderi og lavet med ekstra syninger for at sikre en god holdbarhed.\",\"breadcrumb\":{\"@id\":\"https:\\\/\\\/tibladin.dk\\\/produkt\\\/puf-i-laeder-med-broderi-majorelle-blaa\\\/#breadcrumb\"},\"inLanguage\":\"sv-SE\",\"potentialAction\":[{\"@type\":\"ReadAction\",\"target\":[\"https:\\\/\\\/tibladin.dk\\\/produkt\\\/puf-i-laeder-med-broderi-majorelle-blaa\\\/\"]}]},{\"@type\":\"ImageObject\",\"inLanguage\":\"sv-SE\",\"@id\":\"https:\\\/\\\/tibladin.dk\\\/produkt\\\/puf-i-laeder-med-broderi-majorelle-blaa\\\/#primaryimage\",\"url\":\"https:\\\/\\\/tibladin.dk\\\/wp-content\\\/uploads\\\/2023\\\/05\\\/Tibladin-marokkansk-puf-i-blaa.jpg\",\"contentUrl\":\"https:\\\/\\\/tibladin.dk\\\/wp-content\\\/uploads\\\/2023\\\/05\\\/Tibladin-marokkansk-puf-i-blaa.jpg\",\"width\":800,\"height\":800,\"caption\":\"marokkansk l\u00e6derpuf i en smuk majorelle bl\u00e5\"},{\"@type\":\"BreadcrumbList\",\"@id\":\"https:\\\/\\\/tibladin.dk\\\/produkt\\\/puf-i-laeder-med-broderi-majorelle-blaa\\\/#breadcrumb\",\"itemListElement\":[{\"@type\":\"ListItem\",\"position\":1,\"name\":\"Hjem\",\"item\":\"https:\\\/\\\/tibladin.dk\\\/\"},{\"@type\":\"ListItem\",\"position\":2,\"name\":\"Shop\",\"item\":\"https:\\\/\\\/tibladin.dk\\\/shop\\\/\"},{\"@type\":\"ListItem\",\"position\":3,\"name\":\"Puf i l\u00e6der med broderi &#8211; Majorelle bl\u00e5\"}]},{\"@type\":\"WebSite\",\"@id\":\"https:\\\/\\\/tibladin.dk\\\/#website\",\"url\":\"https:\\\/\\\/tibladin.dk\\\/\",\"name\":\"Tibladin\",\"description\":\"Tibladin\",\"publisher\":{\"@id\":\"https:\\\/\\\/tibladin.dk\\\/#organization\"},\"potentialAction\":[{\"@type\":\"SearchAction\",\"target\":{\"@type\":\"EntryPoint\",\"urlTemplate\":\"https:\\\/\\\/tibladin.dk\\\/?s={search_term_string}\"},\"query-input\":{\"@type\":\"PropertyValueSpecification\",\"valueRequired\":true,\"valueName\":\"search_term_string\"}}],\"inLanguage\":\"sv-SE\"},{\"@type\":\"Organization\",\"@id\":\"https:\\\/\\\/tibladin.dk\\\/#organization\",\"name\":\"Tibladin\",\"url\":\"https:\\\/\\\/tibladin.dk\\\/\",\"logo\":{\"@type\":\"ImageObject\",\"inLanguage\":\"sv-SE\",\"@id\":\"https:\\\/\\\/tibladin.dk\\\/#\\\/schema\\\/logo\\\/image\\\/\",\"url\":\"https:\\\/\\\/tibladin.dk\\\/wp-content\\\/uploads\\\/2022\\\/09\\\/tibladin_logo.svg\",\"contentUrl\":\"https:\\\/\\\/tibladin.dk\\\/wp-content\\\/uploads\\\/2022\\\/09\\\/tibladin_logo.svg\",\"caption\":\"Tibladin\"},\"image\":{\"@id\":\"https:\\\/\\\/tibladin.dk\\\/#\\\/schema\\\/logo\\\/image\\\/\"}}]}<\/script>\n<!-- \/ Yoast SEO plugin. -->","yoast_head_json":{"title":"Marockansk sittpuff i l\u00e4der 50x50 cm med broderat m\u00f6nster | Tibladin","description":"Marockanskt f\u00e4rgat l\u00e4der 50x50 cm i mjuk och smidig kvalitet. Vackert broderi och gjort med extra s\u00f6mmar f\u00f6r att s\u00e4kerst\u00e4lla god h\u00e5llbarhet.","robots":{"index":"index","follow":"follow","max-snippet":"max-snippet:-1","max-image-preview":"max-image-preview:large","max-video-preview":"max-video-preview:-1"},"canonical":"https:\/\/tibladin.dk\/sv\/produkt\/puff-i-lader-med-majorelleblaatt-broderi\/","og_locale":"sv_SE","og_type":"article","og_title":"Marokkansk puf i l\u00e6der 50x50 cm med broderet m\u00f8nster | Tibladin","og_description":"Marokkansk indfarvet l\u00e6der 50x50 cm i bl\u00f8d og fleksibel kvalitet. Smukt broderi og lavet med ekstra syninger for at sikre en god holdbarhed.","og_url":"https:\/\/tibladin.dk\/sv\/produkt\/puff-i-lader-med-majorelleblaatt-broderi\/","og_site_name":"Tibladin","article_modified_time":"2026-03-10T11:50:19+00:00","og_image":[{"width":800,"height":800,"url":"https:\/\/tibladin.dk\/wp-content\/uploads\/2023\/05\/Tibladin-marokkansk-puf-i-blaa.jpg","type":"image\/jpeg"}],"twitter_card":"summary_large_image","twitter_misc":{"Ber\u00e4knad l\u00e4stid":"2 minuter"},"schema":{"@context":"https:\/\/schema.org","@graph":[{"@type":"WebPage","@id":"https:\/\/tibladin.dk\/produkt\/puf-i-laeder-med-broderi-majorelle-blaa\/","url":"https:\/\/tibladin.dk\/produkt\/puf-i-laeder-med-broderi-majorelle-blaa\/","name":"Marockansk sittpuff i l\u00e4der 50x50 cm med broderat m\u00f6nster | Tibladin","isPartOf":{"@id":"https:\/\/tibladin.dk\/#website"},"primaryImageOfPage":{"@id":"https:\/\/tibladin.dk\/produkt\/puf-i-laeder-med-broderi-majorelle-blaa\/#primaryimage"},"image":{"@id":"https:\/\/tibladin.dk\/produkt\/puf-i-laeder-med-broderi-majorelle-blaa\/#primaryimage"},"thumbnailUrl":"https:\/\/tibladin.dk\/wp-content\/uploads\/2023\/05\/Tibladin-marokkansk-puf-i-blaa.jpg","datePublished":"2023-05-04T06:50:09+00:00","dateModified":"2026-03-10T11:50:19+00:00","description":"Marockanskt f\u00e4rgat l\u00e4der 50x50 cm i mjuk och smidig kvalitet. Vackert broderi och gjort med extra s\u00f6mmar f\u00f6r att s\u00e4kerst\u00e4lla god h\u00e5llbarhet.","breadcrumb":{"@id":"https:\/\/tibladin.dk\/produkt\/puf-i-laeder-med-broderi-majorelle-blaa\/#breadcrumb"},"inLanguage":"sv-SE","potentialAction":[{"@type":"ReadAction","target":["https:\/\/tibladin.dk\/produkt\/puf-i-laeder-med-broderi-majorelle-blaa\/"]}]},{"@type":"ImageObject","inLanguage":"sv-SE","@id":"https:\/\/tibladin.dk\/produkt\/puf-i-laeder-med-broderi-majorelle-blaa\/#primaryimage","url":"https:\/\/tibladin.dk\/wp-content\/uploads\/2023\/05\/Tibladin-marokkansk-puf-i-blaa.jpg","contentUrl":"https:\/\/tibladin.dk\/wp-content\/uploads\/2023\/05\/Tibladin-marokkansk-puf-i-blaa.jpg","width":800,"height":800,"caption":"marokkansk l\u00e6derpuf i en smuk majorelle bl\u00e5"},{"@type":"BreadcrumbList","@id":"https:\/\/tibladin.dk\/produkt\/puf-i-laeder-med-broderi-majorelle-blaa\/#breadcrumb","itemListElement":[{"@type":"ListItem","position":1,"name":"Hjem","item":"https:\/\/tibladin.dk\/"},{"@type":"ListItem","position":2,"name":"Shop","item":"https:\/\/tibladin.dk\/shop\/"},{"@type":"ListItem","position":3,"name":"Puf i l\u00e6der med broderi &#8211; Majorelle bl\u00e5"}]},{"@type":"WebSite","@id":"https:\/\/tibladin.dk\/#website","url":"https:\/\/tibladin.dk\/","name":"Tibladin","description":"Tibladin","publisher":{"@id":"https:\/\/tibladin.dk\/#organization"},"potentialAction":[{"@type":"SearchAction","target":{"@type":"EntryPoint","urlTemplate":"https:\/\/tibladin.dk\/?s={search_term_string}"},"query-input":{"@type":"PropertyValueSpecification","valueRequired":true,"valueName":"search_term_string"}}],"inLanguage":"sv-SE"},{"@type":"Organization","@id":"https:\/\/tibladin.dk\/#organization","name":"Tibladin","url":"https:\/\/tibladin.dk\/","logo":{"@type":"ImageObject","inLanguage":"sv-SE","@id":"https:\/\/tibladin.dk\/#\/schema\/logo\/image\/","url":"https:\/\/tibladin.dk\/wp-content\/uploads\/2022\/09\/tibladin_logo.svg","contentUrl":"https:\/\/tibladin.dk\/wp-content\/uploads\/2022\/09\/tibladin_logo.svg","caption":"Tibladin"},"image":{"@id":"https:\/\/tibladin.dk\/#\/schema\/logo\/image\/"}}]}},"_links":{"self":[{"href":"https:\/\/tibladin.dk\/sv\/wp-json\/wp\/v2\/product\/7288","targetHints":{"allow":["GET"]}}],"collection":[{"href":"https:\/\/tibladin.dk\/sv\/wp-json\/wp\/v2\/product"}],"about":[{"href":"https:\/\/tibladin.dk\/sv\/wp-json\/wp\/v2\/types\/product"}],"wp:featuredmedia":[{"embeddable":true,"href":"https:\/\/tibladin.dk\/sv\/wp-json\/wp\/v2\/media\/7292"}],"wp:attachment":[{"href":"https:\/\/tibladin.dk\/sv\/wp-json\/wp\/v2\/media?parent=7288"}],"wp:term":[{"taxonomy":"product_brand","embeddable":true,"href":"https:\/\/tibladin.dk\/sv\/wp-json\/wp\/v2\/product_brand?post=7288"},{"taxonomy":"product_cat","embeddable":true,"href":"https:\/\/tibladin.dk\/sv\/wp-json\/wp\/v2\/product_cat?post=7288"},{"taxonomy":"product_tag","embeddable":true,"href":"https:\/\/tibladin.dk\/sv\/wp-json\/wp\/v2\/product_tag?post=7288"}],"curies":[{"name":"wp","href":"https:\/\/api.w.org\/{rel}","templated":true}]}}