{"id":786,"date":"2022-09-20T11:04:42","date_gmt":"2022-09-20T09:04:42","guid":{"rendered":"https:\/\/tibladin.dk\/vare\/marokkansk-pendellampe-rund-guld-m-el\/"},"modified":"2025-11-29T10:58:07","modified_gmt":"2025-11-29T09:58:07","slug":"marockansk-taklampa-rund-guld-med-el","status":"publish","type":"product","link":"https:\/\/tibladin.dk\/sv\/produkt\/marokkansk-pendellampe-rund-guld-m-el\/","title":{"rendered":"Marockansk taklampa rund - guld m\/el"},"content":{"rendered":"<div class=\"wpb-content-wrapper\"><div class=\"vc_row wpb_row vc_row-fluid\"><div class=\"wpb_column vc_column_container vc_col-sm-4\"><div class=\"vc_column-inner\"><div class=\"wpb_wrapper\"><\/div><\/div><\/div><div class=\"wpb_column vc_column_container vc_col-sm-4\"><div class=\"vc_column-inner\"><div class=\"wpb_wrapper\"><h3 style=\"text-align: left\" class=\"vc_custom_heading vc_do_custom_heading\" >Underh\u00e5ll<\/h3>\n\t<div class=\"wpb_text_column wpb_content_element\" >\n\t\t<div class=\"wpb_wrapper\">\n\t\t\t<p>Torka av med en fuktig trasa. Lamporna kan oxidera lite med tiden, vilket bara ger extra charm. Vill du ha din lampa polerad kan du anv\u00e4nda ett polermedel eller lite citronsaft, som marockanerna g\u00f6r.<\/p>\n<p>Metallen lamporna \u00e4r gjorda av \u00e4r smidig och skulle din lampa f\u00e5 en liten buckla kan den r\u00e4tas ut v\u00e4ldigt enkelt. Anv\u00e4nd en tesked och gnugga den d\u00e4r bulan sticker ut och j\u00e4mna f\u00f6rsiktigt till den p\u00e5 plats.<\/p>\n\n\t\t<\/div>\n\t<\/div>\n<\/div><\/div><\/div><div class=\"wpb_column vc_column_container vc_col-sm-4\"><div class=\"vc_column-inner\"><div class=\"wpb_wrapper\"><h3 style=\"text-align: left\" class=\"vc_custom_heading vc_do_custom_heading\" >Historien bakom<\/h3>\n\t<div class=\"wpb_text_column wpb_content_element\" >\n\t\t<div class=\"wpb_wrapper\">\n\t\t\t<p>Lamporna \u00e4r gjorda av guldmetall med sm\u00e5 h\u00e5lm\u00f6nster utslagna f\u00f6r hand. H\u00e5len i lampan reflekterar ljuset i ett magiskt sken mot v\u00e4ggen och ger rummet en mycket speciell atmosf\u00e4r.<\/p>\n<p>Lampor fr\u00e5n Marocko ger en unik touch till din inredning och ger ett dekorativt ljus.<\/p>\n<p>Lamporna \u00e4r handgjorda och det kommer att finnas sm\u00e5 brister och skillnader i m\u00f6nster och form.<\/p>\n<p>F\u00e5 din egen riad-atmosf\u00e4r med en handgjord lampa fr\u00e5n Marrakech.<\/p>\n\n\t\t<\/div>\n\t<\/div>\n<\/div><\/div><\/div><\/div>\n<\/div>","protected":false},"excerpt":{"rendered":"<p>Dekorativ rund pendellampa i guldmetall i superkvalitet. Handklippt h\u00e5lm\u00f6nster ger ett fint sken i rummet.<\/p>\n<p>Dessa lampor levereras inkl. uttag och sladd.<\/p>\n<p>F\u00e5 din egen 1001 natts st\u00e4mning med denna marockanska lampa.<\/p>\n<p>Lampan finns i tv\u00e5 olika storlekar H: 38 cm och H: 33 cm<\/p>\n<p>&nbsp;<\/p>\n<p>Lampan \u00e4r ca. 28 cm h\u00f6g och 19 cm i diameter.<\/p>","protected":false},"featured_media":782,"template":"","meta":{"inline_featured_image":false},"product_brand":[],"product_cat":[47,67,68],"product_tag":[],"class_list":{"0":"post-786","1":"product","2":"type-product","3":"status-publish","4":"has-post-thumbnail","6":"product_cat-gaven-til-ham","7":"product_cat-lamper","8":"product_cat-metal-lamper","10":"first","11":"instock","12":"taxable","13":"shipping-taxable","14":"purchasable","15":"product-type-variable","16":"has-default-attributes"},"exclude_global_add_ons":false,"addons":[{"name":"Vill du ha presentinslagning?","type":"checkbox","position":0,"required":false,"title_format":"label","default":"","description_enable":false,"description":"","placeholder_enable":false,"placeholder":"","display":"images","restrictions_type":"any_text","adjust_price":false,"price":"","price_type":"flat_fee","restrictions":false,"min":"0","max":"0","options":[{"label":"Ja tak","price":"10","price_type":"flat_fee","image":11015,"visibility":true}],"id":1669646111}],"yoast_head":"<!-- This site is optimized with the Yoast SEO plugin v27.4 - https:\/\/yoast.com\/product\/yoast-seo-wordpress\/ -->\n<title>Marokkansk h\u00e5ndlavet pendel lampe i guldmetal | Tibladin<\/title>\n<meta name=\"description\" content=\"Marokkansk rund pendel lampe i guldmetal med h\u00e5ndlavet hulm\u00f8nster der giver et dekorativt og hyggeligt lys i rummet. Passer rigtig godt til sovev\u00e6relset\" \/>\n<meta name=\"robots\" content=\"index, follow, max-snippet:-1, max-image-preview:large, max-video-preview:-1\" \/>\n<link rel=\"canonical\" href=\"https:\/\/tibladin.dk\/sv\/produkt\/marockansk-taklampa-rund-guld-med-el\/\" \/>\n<meta property=\"og:locale\" content=\"sv_SE\" \/>\n<meta property=\"og:type\" content=\"article\" \/>\n<meta property=\"og:title\" content=\"Marokkansk h\u00e5ndlavet pendel lampe i guldmetal | Tibladin\" \/>\n<meta property=\"og:description\" content=\"Marokkansk rund pendel lampe i guldmetal med h\u00e5ndlavet hulm\u00f8nster der giver et dekorativt og hyggeligt lys i rummet. Passer rigtig godt til sovev\u00e6relset\" \/>\n<meta property=\"og:url\" content=\"https:\/\/tibladin.dk\/sv\/produkt\/marockansk-taklampa-rund-guld-med-el\/\" \/>\n<meta property=\"og:site_name\" content=\"Tibladin\" \/>\n<meta property=\"article:modified_time\" content=\"2025-11-29T09:58:07+00:00\" \/>\n<meta property=\"og:image\" content=\"https:\/\/tibladin.dk\/wp-content\/uploads\/2022\/09\/Tibladin_marokkansk-lampe_guldmetal_rund-pendellampe_800x800-1.jpg\" \/>\n\t<meta property=\"og:image:width\" content=\"800\" \/>\n\t<meta property=\"og:image:height\" content=\"800\" \/>\n\t<meta property=\"og:image:type\" content=\"image\/jpeg\" \/>\n<meta name=\"twitter:card\" content=\"summary_large_image\" \/>\n<meta name=\"twitter:label1\" content=\"Ber\u00e4knad l\u00e4stid\" \/>\n\t<meta name=\"twitter:data1\" content=\"2 minuter\" \/>\n<script type=\"application\/ld+json\" class=\"yoast-schema-graph\">{\"@context\":\"https:\\\/\\\/schema.org\",\"@graph\":[{\"@type\":\"WebPage\",\"@id\":\"https:\\\/\\\/tibladin.dk\\\/produkt\\\/marokkansk-pendellampe-rund-guld-m-el\\\/\",\"url\":\"https:\\\/\\\/tibladin.dk\\\/produkt\\\/marokkansk-pendellampe-rund-guld-m-el\\\/\",\"name\":\"Marokkansk h\u00e5ndlavet pendel lampe i guldmetal | Tibladin\",\"isPartOf\":{\"@id\":\"https:\\\/\\\/tibladin.dk\\\/#website\"},\"primaryImageOfPage\":{\"@id\":\"https:\\\/\\\/tibladin.dk\\\/produkt\\\/marokkansk-pendellampe-rund-guld-m-el\\\/#primaryimage\"},\"image\":{\"@id\":\"https:\\\/\\\/tibladin.dk\\\/produkt\\\/marokkansk-pendellampe-rund-guld-m-el\\\/#primaryimage\"},\"thumbnailUrl\":\"https:\\\/\\\/tibladin.dk\\\/wp-content\\\/uploads\\\/2022\\\/09\\\/Tibladin_marokkansk-lampe_guldmetal_rund-pendellampe_800x800-1.jpg\",\"datePublished\":\"2022-09-20T09:04:42+00:00\",\"dateModified\":\"2025-11-29T09:58:07+00:00\",\"description\":\"Marokkansk rund pendel lampe i guldmetal med h\u00e5ndlavet hulm\u00f8nster der giver et dekorativt og hyggeligt lys i rummet. Passer rigtig godt til sovev\u00e6relset\",\"breadcrumb\":{\"@id\":\"https:\\\/\\\/tibladin.dk\\\/produkt\\\/marokkansk-pendellampe-rund-guld-m-el\\\/#breadcrumb\"},\"inLanguage\":\"sv-SE\",\"potentialAction\":[{\"@type\":\"ReadAction\",\"target\":[\"https:\\\/\\\/tibladin.dk\\\/produkt\\\/marokkansk-pendellampe-rund-guld-m-el\\\/\"]}]},{\"@type\":\"ImageObject\",\"inLanguage\":\"sv-SE\",\"@id\":\"https:\\\/\\\/tibladin.dk\\\/produkt\\\/marokkansk-pendellampe-rund-guld-m-el\\\/#primaryimage\",\"url\":\"https:\\\/\\\/tibladin.dk\\\/wp-content\\\/uploads\\\/2022\\\/09\\\/Tibladin_marokkansk-lampe_guldmetal_rund-pendellampe_800x800-1.jpg\",\"contentUrl\":\"https:\\\/\\\/tibladin.dk\\\/wp-content\\\/uploads\\\/2022\\\/09\\\/Tibladin_marokkansk-lampe_guldmetal_rund-pendellampe_800x800-1.jpg\",\"width\":800,\"height\":800,\"caption\":\"Marokkansk h\u00e5ndlavet rund lampe af guld\"},{\"@type\":\"BreadcrumbList\",\"@id\":\"https:\\\/\\\/tibladin.dk\\\/produkt\\\/marokkansk-pendellampe-rund-guld-m-el\\\/#breadcrumb\",\"itemListElement\":[{\"@type\":\"ListItem\",\"position\":1,\"name\":\"Hjem\",\"item\":\"https:\\\/\\\/tibladin.dk\\\/\"},{\"@type\":\"ListItem\",\"position\":2,\"name\":\"Shop\",\"item\":\"https:\\\/\\\/tibladin.dk\\\/shop\\\/\"},{\"@type\":\"ListItem\",\"position\":3,\"name\":\"Marokkansk pendellampe rund &#8211; guld m\\\/el\"}]},{\"@type\":\"WebSite\",\"@id\":\"https:\\\/\\\/tibladin.dk\\\/#website\",\"url\":\"https:\\\/\\\/tibladin.dk\\\/\",\"name\":\"Tibladin\",\"description\":\"Tibladin\",\"publisher\":{\"@id\":\"https:\\\/\\\/tibladin.dk\\\/#organization\"},\"potentialAction\":[{\"@type\":\"SearchAction\",\"target\":{\"@type\":\"EntryPoint\",\"urlTemplate\":\"https:\\\/\\\/tibladin.dk\\\/?s={search_term_string}\"},\"query-input\":{\"@type\":\"PropertyValueSpecification\",\"valueRequired\":true,\"valueName\":\"search_term_string\"}}],\"inLanguage\":\"sv-SE\"},{\"@type\":\"Organization\",\"@id\":\"https:\\\/\\\/tibladin.dk\\\/#organization\",\"name\":\"Tibladin\",\"url\":\"https:\\\/\\\/tibladin.dk\\\/\",\"logo\":{\"@type\":\"ImageObject\",\"inLanguage\":\"sv-SE\",\"@id\":\"https:\\\/\\\/tibladin.dk\\\/#\\\/schema\\\/logo\\\/image\\\/\",\"url\":\"https:\\\/\\\/tibladin.dk\\\/wp-content\\\/uploads\\\/2022\\\/09\\\/tibladin_logo.svg\",\"contentUrl\":\"https:\\\/\\\/tibladin.dk\\\/wp-content\\\/uploads\\\/2022\\\/09\\\/tibladin_logo.svg\",\"caption\":\"Tibladin\"},\"image\":{\"@id\":\"https:\\\/\\\/tibladin.dk\\\/#\\\/schema\\\/logo\\\/image\\\/\"}}]}<\/script>\n<!-- \/ Yoast SEO plugin. -->","yoast_head_json":{"title":"Marockansk handgjord taklampa i guldmetall | Tibladin","description":"Marockansk rund pendellampa i guldmetall med handgjort h\u00e5lm\u00f6nster som ger ett dekorativt och mysigt ljus i rummet. Passar v\u00e4ldigt bra i sovrummet","robots":{"index":"index","follow":"follow","max-snippet":"max-snippet:-1","max-image-preview":"max-image-preview:large","max-video-preview":"max-video-preview:-1"},"canonical":"https:\/\/tibladin.dk\/sv\/produkt\/marockansk-taklampa-rund-guld-med-el\/","og_locale":"sv_SE","og_type":"article","og_title":"Marokkansk h\u00e5ndlavet pendel lampe i guldmetal | Tibladin","og_description":"Marokkansk rund pendel lampe i guldmetal med h\u00e5ndlavet hulm\u00f8nster der giver et dekorativt og hyggeligt lys i rummet. Passer rigtig godt til sovev\u00e6relset","og_url":"https:\/\/tibladin.dk\/sv\/produkt\/marockansk-taklampa-rund-guld-med-el\/","og_site_name":"Tibladin","article_modified_time":"2025-11-29T09:58:07+00:00","og_image":[{"width":800,"height":800,"url":"https:\/\/tibladin.dk\/wp-content\/uploads\/2022\/09\/Tibladin_marokkansk-lampe_guldmetal_rund-pendellampe_800x800-1.jpg","type":"image\/jpeg"}],"twitter_card":"summary_large_image","twitter_misc":{"Ber\u00e4knad l\u00e4stid":"2 minuter"},"schema":{"@context":"https:\/\/schema.org","@graph":[{"@type":"WebPage","@id":"https:\/\/tibladin.dk\/produkt\/marokkansk-pendellampe-rund-guld-m-el\/","url":"https:\/\/tibladin.dk\/produkt\/marokkansk-pendellampe-rund-guld-m-el\/","name":"Marockansk handgjord taklampa i guldmetall | Tibladin","isPartOf":{"@id":"https:\/\/tibladin.dk\/#website"},"primaryImageOfPage":{"@id":"https:\/\/tibladin.dk\/produkt\/marokkansk-pendellampe-rund-guld-m-el\/#primaryimage"},"image":{"@id":"https:\/\/tibladin.dk\/produkt\/marokkansk-pendellampe-rund-guld-m-el\/#primaryimage"},"thumbnailUrl":"https:\/\/tibladin.dk\/wp-content\/uploads\/2022\/09\/Tibladin_marokkansk-lampe_guldmetal_rund-pendellampe_800x800-1.jpg","datePublished":"2022-09-20T09:04:42+00:00","dateModified":"2025-11-29T09:58:07+00:00","description":"Marockansk rund pendellampa i guldmetall med handgjort h\u00e5lm\u00f6nster som ger ett dekorativt och mysigt ljus i rummet. Passar v\u00e4ldigt bra i sovrummet","breadcrumb":{"@id":"https:\/\/tibladin.dk\/produkt\/marokkansk-pendellampe-rund-guld-m-el\/#breadcrumb"},"inLanguage":"sv-SE","potentialAction":[{"@type":"ReadAction","target":["https:\/\/tibladin.dk\/produkt\/marokkansk-pendellampe-rund-guld-m-el\/"]}]},{"@type":"ImageObject","inLanguage":"sv-SE","@id":"https:\/\/tibladin.dk\/produkt\/marokkansk-pendellampe-rund-guld-m-el\/#primaryimage","url":"https:\/\/tibladin.dk\/wp-content\/uploads\/2022\/09\/Tibladin_marokkansk-lampe_guldmetal_rund-pendellampe_800x800-1.jpg","contentUrl":"https:\/\/tibladin.dk\/wp-content\/uploads\/2022\/09\/Tibladin_marokkansk-lampe_guldmetal_rund-pendellampe_800x800-1.jpg","width":800,"height":800,"caption":"Marokkansk h\u00e5ndlavet rund lampe af guld"},{"@type":"BreadcrumbList","@id":"https:\/\/tibladin.dk\/produkt\/marokkansk-pendellampe-rund-guld-m-el\/#breadcrumb","itemListElement":[{"@type":"ListItem","position":1,"name":"Hjem","item":"https:\/\/tibladin.dk\/"},{"@type":"ListItem","position":2,"name":"Shop","item":"https:\/\/tibladin.dk\/shop\/"},{"@type":"ListItem","position":3,"name":"Marokkansk pendellampe rund &#8211; guld m\/el"}]},{"@type":"WebSite","@id":"https:\/\/tibladin.dk\/#website","url":"https:\/\/tibladin.dk\/","name":"Tibladin","description":"Tibladin","publisher":{"@id":"https:\/\/tibladin.dk\/#organization"},"potentialAction":[{"@type":"SearchAction","target":{"@type":"EntryPoint","urlTemplate":"https:\/\/tibladin.dk\/?s={search_term_string}"},"query-input":{"@type":"PropertyValueSpecification","valueRequired":true,"valueName":"search_term_string"}}],"inLanguage":"sv-SE"},{"@type":"Organization","@id":"https:\/\/tibladin.dk\/#organization","name":"Tibladin","url":"https:\/\/tibladin.dk\/","logo":{"@type":"ImageObject","inLanguage":"sv-SE","@id":"https:\/\/tibladin.dk\/#\/schema\/logo\/image\/","url":"https:\/\/tibladin.dk\/wp-content\/uploads\/2022\/09\/tibladin_logo.svg","contentUrl":"https:\/\/tibladin.dk\/wp-content\/uploads\/2022\/09\/tibladin_logo.svg","caption":"Tibladin"},"image":{"@id":"https:\/\/tibladin.dk\/#\/schema\/logo\/image\/"}}]}},"_links":{"self":[{"href":"https:\/\/tibladin.dk\/sv\/wp-json\/wp\/v2\/product\/786","targetHints":{"allow":["GET"]}}],"collection":[{"href":"https:\/\/tibladin.dk\/sv\/wp-json\/wp\/v2\/product"}],"about":[{"href":"https:\/\/tibladin.dk\/sv\/wp-json\/wp\/v2\/types\/product"}],"wp:featuredmedia":[{"embeddable":true,"href":"https:\/\/tibladin.dk\/sv\/wp-json\/wp\/v2\/media\/782"}],"wp:attachment":[{"href":"https:\/\/tibladin.dk\/sv\/wp-json\/wp\/v2\/media?parent=786"}],"wp:term":[{"taxonomy":"product_brand","embeddable":true,"href":"https:\/\/tibladin.dk\/sv\/wp-json\/wp\/v2\/product_brand?post=786"},{"taxonomy":"product_cat","embeddable":true,"href":"https:\/\/tibladin.dk\/sv\/wp-json\/wp\/v2\/product_cat?post=786"},{"taxonomy":"product_tag","embeddable":true,"href":"https:\/\/tibladin.dk\/sv\/wp-json\/wp\/v2\/product_tag?post=786"}],"curies":[{"name":"wp","href":"https:\/\/api.w.org\/{rel}","templated":true}]}}