{"id":8846,"date":"2023-10-04T19:46:25","date_gmt":"2023-10-04T17:46:25","guid":{"rendered":"https:\/\/tibladin.dk\/?post_type=product&#038;p=8846"},"modified":"2025-05-05T09:33:49","modified_gmt":"2025-05-05T07:33:49","slug":"handvaska-med-kaede-odette","status":"publish","type":"product","link":"https:\/\/tibladin.dk\/sv\/produkt\/haandtaske-med-kaede-odette\/","title":{"rendered":"Handv\u00e4ska med kedja ODETTE"},"content":{"rendered":"<div class=\"wpb-content-wrapper\"><div class=\"vc_row wpb_row vc_row-fluid\"><div class=\"wpb_column vc_column_container vc_col-sm-4\"><div class=\"vc_column-inner\"><div class=\"wpb_wrapper\"><\/div><\/div><\/div><div class=\"wpb_column vc_column_container vc_col-sm-4\"><div class=\"vc_column-inner\"><div class=\"wpb_wrapper\"><h3 style=\"text-align: left\" class=\"vc_custom_heading vc_do_custom_heading\" >Underh\u00e5ll<\/h3>\n\t<div class=\"wpb_text_column wpb_content_element\" >\n\t\t<div class=\"wpb_wrapper\">\n\t\t\t<p>Handtv\u00e4tt i max 30 grader<\/p>\n\n\t\t<\/div>\n\t<\/div>\n<\/div><\/div><\/div><div class=\"wpb_column vc_column_container vc_col-sm-4\"><div class=\"vc_column-inner\"><div class=\"wpb_wrapper\"><h3 style=\"text-align: left\" class=\"vc_custom_heading vc_do_custom_heading\" >Historien bakom<\/h3>\n\t<div class=\"wpb_text_column wpb_content_element\" >\n\t\t<div class=\"wpb_wrapper\">\n\t\t\t<p>Det finns inget b\u00e4ttre \u00e4n att b\u00e4ra n\u00e5got unikt! Det finns bara en av den h\u00e4r v\u00e4skan. Tibladins egen design. Finns i olika vackra textilier med olikf\u00e4rgade kopparknappar med f\u00e4rgade stenar inuti.V\u00e4skorna st\u00e4ngs med magnetiska tryckknappar p\u00e5 sidorna och det finns en dragkedja inuti f\u00f6r bra skydd av v\u00e4skans inneh\u00e5ll. Alla v\u00e4skor kan b\u00e4ras som en clutchv\u00e4ska, men kommer med en kedja s\u00e5 den \u00e4ven kan b\u00e4ras \u00f6ver axeln.<\/p>\n<p>Handsydd med k\u00e4rlek.<\/p>\n\n\t\t<\/div>\n\t<\/div>\n<\/div><\/div><\/div><\/div>\n<\/div>","protected":false},"excerpt":{"rendered":"<p>Unik handgjord marockansk v\u00e4ska. Det finns bara 1 av denna vackra ODETTE-v\u00e4ska. Svart och gr\u00e5tt vackert m\u00f6nstrat tyg ger v\u00e4skan ett elegant utseende.<\/p>\n<p>V\u00e4skan \u00e4r 18 cm h\u00f6g och 30 cm l\u00e5ng. Den \u00f6ppnas med magnetiska tryckknappar p\u00e5 varje sida. Svart mjukt velourtyg inuti och dragkedja f\u00f6r att skydda v\u00e4skans inneh\u00e5ll. Kopparknapp med marmorerad brun svart sten pryder mitten av v\u00e4skan. Den medf\u00f6ljande kedjan kan f\u00e4stas p\u00e5 sidorna, s\u00e5 v\u00e4skan kan b\u00e4ras \u00f6ver axeln eller som crossbody-v\u00e4ska. Du kan ocks\u00e5 l\u00e4mna kopparkedjan p\u00e5 och b\u00e4ra den som en clutch-handv\u00e4ska. Ett elegant val f\u00f6r en utekv\u00e4ll.<\/p>\n<p>Bara den h\u00e4r v\u00e4skan finns.<\/p>","protected":false},"featured_media":8848,"template":"","meta":{"inline_featured_image":false},"product_brand":[],"product_cat":[27,31,32],"product_tag":[],"class_list":{"0":"post-8846","1":"product","2":"type-product","3":"status-publish","4":"has-post-thumbnail","6":"product_cat-diverse","7":"product_cat-tasker","8":"product_cat-tilbud","10":"first","11":"instock","12":"sale","13":"taxable","14":"shipping-taxable","15":"purchasable","16":"product-type-simple"},"exclude_global_add_ons":false,"addons":[{"name":"Vill du ha presentinslagning?","type":"checkbox","position":0,"required":false,"title_format":"label","default":"","description_enable":false,"description":"","placeholder_enable":false,"placeholder":"","display":"images","restrictions_type":"any_text","adjust_price":false,"price":"","price_type":"flat_fee","restrictions":false,"min":"0","max":"0","options":[{"label":"Ja tak","price":"10","price_type":"flat_fee","image":11015,"visibility":true}],"id":1669646111}],"yoast_head":"<!-- This site is optimized with the Yoast SEO plugin v27.4 - https:\/\/yoast.com\/product\/yoast-seo-wordpress\/ -->\n<title>Unika taske i smukt stof med k\u00e6de - Tibladin<\/title>\n<meta name=\"description\" content=\"Der findes kun \u00e9n som denne. Lukkes med praktisk magnetisk knap. Indvendigt er der sort foer og en lomme med lynl\u00e5s | helt unikt design fra Tibladin\" \/>\n<meta name=\"robots\" content=\"index, follow, max-snippet:-1, max-image-preview:large, max-video-preview:-1\" \/>\n<link rel=\"canonical\" href=\"https:\/\/tibladin.dk\/sv\/produkt\/handvaska-med-kaede-odette\/\" \/>\n<meta property=\"og:locale\" content=\"sv_SE\" \/>\n<meta property=\"og:type\" content=\"article\" \/>\n<meta property=\"og:title\" content=\"Unika taske i smukt stof med k\u00e6de - Tibladin\" \/>\n<meta property=\"og:description\" content=\"Der findes kun \u00e9n som denne. Lukkes med praktisk magnetisk knap. Indvendigt er der sort foer og en lomme med lynl\u00e5s | helt unikt design fra Tibladin\" \/>\n<meta property=\"og:url\" content=\"https:\/\/tibladin.dk\/sv\/produkt\/handvaska-med-kaede-odette\/\" \/>\n<meta property=\"og:site_name\" content=\"Tibladin\" \/>\n<meta property=\"article:modified_time\" content=\"2025-05-05T07:33:49+00:00\" \/>\n<meta property=\"og:image\" content=\"https:\/\/tibladin.dk\/wp-content\/uploads\/2023\/10\/Odette-haandtaske_1.jpg\" \/>\n\t<meta property=\"og:image:width\" content=\"800\" \/>\n\t<meta property=\"og:image:height\" content=\"800\" \/>\n\t<meta property=\"og:image:type\" content=\"image\/jpeg\" \/>\n<meta name=\"twitter:card\" content=\"summary_large_image\" \/>\n<meta name=\"twitter:label1\" content=\"Ber\u00e4knad l\u00e4stid\" \/>\n\t<meta name=\"twitter:data1\" content=\"1 minut\" \/>\n<script type=\"application\/ld+json\" class=\"yoast-schema-graph\">{\"@context\":\"https:\\\/\\\/schema.org\",\"@graph\":[{\"@type\":\"WebPage\",\"@id\":\"https:\\\/\\\/tibladin.dk\\\/produkt\\\/haandtaske-med-kaede-odette\\\/\",\"url\":\"https:\\\/\\\/tibladin.dk\\\/produkt\\\/haandtaske-med-kaede-odette\\\/\",\"name\":\"Unika taske i smukt stof med k\u00e6de - Tibladin\",\"isPartOf\":{\"@id\":\"https:\\\/\\\/tibladin.dk\\\/#website\"},\"primaryImageOfPage\":{\"@id\":\"https:\\\/\\\/tibladin.dk\\\/produkt\\\/haandtaske-med-kaede-odette\\\/#primaryimage\"},\"image\":{\"@id\":\"https:\\\/\\\/tibladin.dk\\\/produkt\\\/haandtaske-med-kaede-odette\\\/#primaryimage\"},\"thumbnailUrl\":\"https:\\\/\\\/tibladin.dk\\\/wp-content\\\/uploads\\\/2023\\\/10\\\/Odette-haandtaske_1.jpg\",\"datePublished\":\"2023-10-04T17:46:25+00:00\",\"dateModified\":\"2025-05-05T07:33:49+00:00\",\"description\":\"Der findes kun \u00e9n som denne. Lukkes med praktisk magnetisk knap. Indvendigt er der sort foer og en lomme med lynl\u00e5s | helt unikt design fra Tibladin\",\"breadcrumb\":{\"@id\":\"https:\\\/\\\/tibladin.dk\\\/produkt\\\/haandtaske-med-kaede-odette\\\/#breadcrumb\"},\"inLanguage\":\"sv-SE\",\"potentialAction\":[{\"@type\":\"ReadAction\",\"target\":[\"https:\\\/\\\/tibladin.dk\\\/produkt\\\/haandtaske-med-kaede-odette\\\/\"]}]},{\"@type\":\"ImageObject\",\"inLanguage\":\"sv-SE\",\"@id\":\"https:\\\/\\\/tibladin.dk\\\/produkt\\\/haandtaske-med-kaede-odette\\\/#primaryimage\",\"url\":\"https:\\\/\\\/tibladin.dk\\\/wp-content\\\/uploads\\\/2023\\\/10\\\/Odette-haandtaske_1.jpg\",\"contentUrl\":\"https:\\\/\\\/tibladin.dk\\\/wp-content\\\/uploads\\\/2023\\\/10\\\/Odette-haandtaske_1.jpg\",\"width\":800,\"height\":800,\"caption\":\"H\u00e5ndtaske ODETTE med sort og gr\u00e5t m\u00f8nstret stof\"},{\"@type\":\"BreadcrumbList\",\"@id\":\"https:\\\/\\\/tibladin.dk\\\/produkt\\\/haandtaske-med-kaede-odette\\\/#breadcrumb\",\"itemListElement\":[{\"@type\":\"ListItem\",\"position\":1,\"name\":\"Hjem\",\"item\":\"https:\\\/\\\/tibladin.dk\\\/\"},{\"@type\":\"ListItem\",\"position\":2,\"name\":\"Shop\",\"item\":\"https:\\\/\\\/tibladin.dk\\\/shop\\\/\"},{\"@type\":\"ListItem\",\"position\":3,\"name\":\"H\u00e5ndtaske med k\u00e6de ODETTE\"}]},{\"@type\":\"WebSite\",\"@id\":\"https:\\\/\\\/tibladin.dk\\\/#website\",\"url\":\"https:\\\/\\\/tibladin.dk\\\/\",\"name\":\"Tibladin\",\"description\":\"Tibladin\",\"publisher\":{\"@id\":\"https:\\\/\\\/tibladin.dk\\\/#organization\"},\"potentialAction\":[{\"@type\":\"SearchAction\",\"target\":{\"@type\":\"EntryPoint\",\"urlTemplate\":\"https:\\\/\\\/tibladin.dk\\\/?s={search_term_string}\"},\"query-input\":{\"@type\":\"PropertyValueSpecification\",\"valueRequired\":true,\"valueName\":\"search_term_string\"}}],\"inLanguage\":\"sv-SE\"},{\"@type\":\"Organization\",\"@id\":\"https:\\\/\\\/tibladin.dk\\\/#organization\",\"name\":\"Tibladin\",\"url\":\"https:\\\/\\\/tibladin.dk\\\/\",\"logo\":{\"@type\":\"ImageObject\",\"inLanguage\":\"sv-SE\",\"@id\":\"https:\\\/\\\/tibladin.dk\\\/#\\\/schema\\\/logo\\\/image\\\/\",\"url\":\"https:\\\/\\\/tibladin.dk\\\/wp-content\\\/uploads\\\/2022\\\/09\\\/tibladin_logo.svg\",\"contentUrl\":\"https:\\\/\\\/tibladin.dk\\\/wp-content\\\/uploads\\\/2022\\\/09\\\/tibladin_logo.svg\",\"caption\":\"Tibladin\"},\"image\":{\"@id\":\"https:\\\/\\\/tibladin.dk\\\/#\\\/schema\\\/logo\\\/image\\\/\"}}]}<\/script>\n<!-- \/ Yoast SEO plugin. -->","yoast_head_json":{"title":"Unik v\u00e4ska i vackert tyg med kedja - Tibladin","description":"Det finns bara en s\u00e5dan h\u00e4r. St\u00e4ngs med en praktisk magnetknapp. Inuti finns ett svart foder och en ficka med dragkedja | helt unik design fr\u00e5n Tibladin","robots":{"index":"index","follow":"follow","max-snippet":"max-snippet:-1","max-image-preview":"max-image-preview:large","max-video-preview":"max-video-preview:-1"},"canonical":"https:\/\/tibladin.dk\/sv\/produkt\/handvaska-med-kaede-odette\/","og_locale":"sv_SE","og_type":"article","og_title":"Unika taske i smukt stof med k\u00e6de - Tibladin","og_description":"Der findes kun \u00e9n som denne. Lukkes med praktisk magnetisk knap. Indvendigt er der sort foer og en lomme med lynl\u00e5s | helt unikt design fra Tibladin","og_url":"https:\/\/tibladin.dk\/sv\/produkt\/handvaska-med-kaede-odette\/","og_site_name":"Tibladin","article_modified_time":"2025-05-05T07:33:49+00:00","og_image":[{"width":800,"height":800,"url":"https:\/\/tibladin.dk\/wp-content\/uploads\/2023\/10\/Odette-haandtaske_1.jpg","type":"image\/jpeg"}],"twitter_card":"summary_large_image","twitter_misc":{"Ber\u00e4knad l\u00e4stid":"1 minut"},"schema":{"@context":"https:\/\/schema.org","@graph":[{"@type":"WebPage","@id":"https:\/\/tibladin.dk\/produkt\/haandtaske-med-kaede-odette\/","url":"https:\/\/tibladin.dk\/produkt\/haandtaske-med-kaede-odette\/","name":"Unik v\u00e4ska i vackert tyg med kedja - Tibladin","isPartOf":{"@id":"https:\/\/tibladin.dk\/#website"},"primaryImageOfPage":{"@id":"https:\/\/tibladin.dk\/produkt\/haandtaske-med-kaede-odette\/#primaryimage"},"image":{"@id":"https:\/\/tibladin.dk\/produkt\/haandtaske-med-kaede-odette\/#primaryimage"},"thumbnailUrl":"https:\/\/tibladin.dk\/wp-content\/uploads\/2023\/10\/Odette-haandtaske_1.jpg","datePublished":"2023-10-04T17:46:25+00:00","dateModified":"2025-05-05T07:33:49+00:00","description":"Det finns bara en s\u00e5dan h\u00e4r. St\u00e4ngs med en praktisk magnetknapp. Inuti finns ett svart foder och en ficka med dragkedja | helt unik design fr\u00e5n Tibladin","breadcrumb":{"@id":"https:\/\/tibladin.dk\/produkt\/haandtaske-med-kaede-odette\/#breadcrumb"},"inLanguage":"sv-SE","potentialAction":[{"@type":"ReadAction","target":["https:\/\/tibladin.dk\/produkt\/haandtaske-med-kaede-odette\/"]}]},{"@type":"ImageObject","inLanguage":"sv-SE","@id":"https:\/\/tibladin.dk\/produkt\/haandtaske-med-kaede-odette\/#primaryimage","url":"https:\/\/tibladin.dk\/wp-content\/uploads\/2023\/10\/Odette-haandtaske_1.jpg","contentUrl":"https:\/\/tibladin.dk\/wp-content\/uploads\/2023\/10\/Odette-haandtaske_1.jpg","width":800,"height":800,"caption":"H\u00e5ndtaske ODETTE med sort og gr\u00e5t m\u00f8nstret stof"},{"@type":"BreadcrumbList","@id":"https:\/\/tibladin.dk\/produkt\/haandtaske-med-kaede-odette\/#breadcrumb","itemListElement":[{"@type":"ListItem","position":1,"name":"Hjem","item":"https:\/\/tibladin.dk\/"},{"@type":"ListItem","position":2,"name":"Shop","item":"https:\/\/tibladin.dk\/shop\/"},{"@type":"ListItem","position":3,"name":"H\u00e5ndtaske med k\u00e6de ODETTE"}]},{"@type":"WebSite","@id":"https:\/\/tibladin.dk\/#website","url":"https:\/\/tibladin.dk\/","name":"Tibladin","description":"Tibladin","publisher":{"@id":"https:\/\/tibladin.dk\/#organization"},"potentialAction":[{"@type":"SearchAction","target":{"@type":"EntryPoint","urlTemplate":"https:\/\/tibladin.dk\/?s={search_term_string}"},"query-input":{"@type":"PropertyValueSpecification","valueRequired":true,"valueName":"search_term_string"}}],"inLanguage":"sv-SE"},{"@type":"Organization","@id":"https:\/\/tibladin.dk\/#organization","name":"Tibladin","url":"https:\/\/tibladin.dk\/","logo":{"@type":"ImageObject","inLanguage":"sv-SE","@id":"https:\/\/tibladin.dk\/#\/schema\/logo\/image\/","url":"https:\/\/tibladin.dk\/wp-content\/uploads\/2022\/09\/tibladin_logo.svg","contentUrl":"https:\/\/tibladin.dk\/wp-content\/uploads\/2022\/09\/tibladin_logo.svg","caption":"Tibladin"},"image":{"@id":"https:\/\/tibladin.dk\/#\/schema\/logo\/image\/"}}]}},"_links":{"self":[{"href":"https:\/\/tibladin.dk\/sv\/wp-json\/wp\/v2\/product\/8846","targetHints":{"allow":["GET"]}}],"collection":[{"href":"https:\/\/tibladin.dk\/sv\/wp-json\/wp\/v2\/product"}],"about":[{"href":"https:\/\/tibladin.dk\/sv\/wp-json\/wp\/v2\/types\/product"}],"wp:featuredmedia":[{"embeddable":true,"href":"https:\/\/tibladin.dk\/sv\/wp-json\/wp\/v2\/media\/8848"}],"wp:attachment":[{"href":"https:\/\/tibladin.dk\/sv\/wp-json\/wp\/v2\/media?parent=8846"}],"wp:term":[{"taxonomy":"product_brand","embeddable":true,"href":"https:\/\/tibladin.dk\/sv\/wp-json\/wp\/v2\/product_brand?post=8846"},{"taxonomy":"product_cat","embeddable":true,"href":"https:\/\/tibladin.dk\/sv\/wp-json\/wp\/v2\/product_cat?post=8846"},{"taxonomy":"product_tag","embeddable":true,"href":"https:\/\/tibladin.dk\/sv\/wp-json\/wp\/v2\/product_tag?post=8846"}],"curies":[{"name":"wp","href":"https:\/\/api.w.org\/{rel}","templated":true}]}}