{"id":9083,"date":"2025-06-25T12:48:34","date_gmt":"2025-06-25T10:48:34","guid":{"rendered":"https:\/\/tibladin.dk\/?post_type=product&#038;p=9083"},"modified":"2026-03-26T14:42:08","modified_gmt":"2026-03-26T13:42:08","slug":"kuddfodral-fraan-kaktus-i-blaatt","status":"publish","type":"product","link":"https:\/\/tibladin.dk\/sv\/produkt\/kaktussilke-pudebetraek-blaa\/","title":{"rendered":"Kaktus kuddfodral i siden bl\u00e5"},"content":{"rendered":"<div class=\"wpb-content-wrapper\"><div class=\"vc_row wpb_row vc_row-fluid\"><div class=\"wpb_column vc_column_container vc_col-sm-4\"><div class=\"vc_column-inner\"><div class=\"wpb_wrapper\"><\/div><\/div><\/div><div class=\"wpb_column vc_column_container vc_col-sm-4\"><div class=\"vc_column-inner\"><div class=\"wpb_wrapper\"><h3 style=\"text-align: left\" class=\"vc_custom_heading vc_do_custom_heading\" >Underh\u00e5ll av kaktussilke<\/h3>\n\t<div class=\"wpb_text_column wpb_content_element\" >\n\t\t<div class=\"wpb_wrapper\">\n\t\t\t<p>Kuddfodralet m\u00e5ste kemtv\u00e4ttas.<\/p>\n<p>Eftersom kuddfodralen \u00e4r 100 % handgjorda finns det brister s\u00e5v\u00e4l som skillnader i storlek och m\u00f6nster, vilket \u00e4r en del av charmen med dessa kuddar.<\/p>\n\n\t\t<\/div>\n\t<\/div>\n<\/div><\/div><\/div><div class=\"wpb_column vc_column_container vc_col-sm-4\"><div class=\"vc_column-inner\"><div class=\"wpb_wrapper\"><h3 style=\"text-align: left\" class=\"vc_custom_heading vc_do_custom_heading\" >Historien bakom kaktus sidenkuddar<\/h3>\n\t<div class=\"wpb_text_column wpb_content_element\" >\n\t\t<div class=\"wpb_wrapper\">\n\t\t\t<p>Kuddfodralen i kaktussilke \u2013 \u00e4ven kallat agavesilke \u2013 \u00e4r handgjorda. \u00d6verdragen har en kraftig dragkedja, s\u00e5 du kan enkelt ta bort \u00f6verdragen och ta dem f\u00f6r reng\u00f6ring.<\/p>\n<p>Stickade kuddar ger din interi\u00f6r en varm och mysig look.<\/p>\n<p>\u00d6verdragen passar 50\u00d750 eller 60\u00d760 monteringsdynor, beroende p\u00e5 hur fulla du vill ha dem.<\/p>\n<p>De flesta kuddfodral har bara en av varje, s\u00e5 det hj\u00e4lper att vara snabb,<\/p>\n<p>Kaktussilke \u00e4r v\u00e4vt av fibrer fr\u00e5n kaktusv\u00e4xter fr\u00e5n Marocko.<\/p>\n\n\t\t<\/div>\n\t<\/div>\n<\/div><\/div><\/div><\/div>\n<\/div>","protected":false},"excerpt":{"rendered":"<p>Unika marockanska handgjorda kuddfodral i kaktussilke i ljusbl\u00e5 och bl\u00e5 nyanser.<\/p>\n<p>\u00d6rngotten levereras utan kuddar. Passar 50 x 50 eller 60 x 60 cm. monteringsdynor, beroende p\u00e5 hur full du vill ha dynan.<\/p>","protected":false},"featured_media":37423,"template":"","meta":{"inline_featured_image":false},"product_brand":[],"product_cat":[179,35,160,66,37],"product_tag":[],"class_list":{"0":"post-9083","1":"product","2":"type-product","3":"status-publish","4":"has-post-thumbnail","6":"product_cat-50x50-kaktussilkepuder","7":"product_cat-gaven-til-hende","8":"product_cat-kaktussilke-puder","9":"product_cat-pudebetraek","10":"product_cat-tekstiler","12":"first","13":"instock","14":"taxable","15":"shipping-taxable","16":"purchasable","17":"product-type-variable"},"exclude_global_add_ons":false,"addons":[{"name":"Vill du ha presentinslagning?","type":"checkbox","position":0,"required":false,"title_format":"label","default":"","description_enable":false,"description":"","placeholder_enable":false,"placeholder":"","display":"images","restrictions_type":"any_text","adjust_price":false,"price":"","price_type":"flat_fee","restrictions":false,"min":"0","max":"0","options":[{"label":"Ja tak","price":"10","price_type":"flat_fee","image":11015,"visibility":true}],"id":1669646111},{"name":"F\u00e5 ditt \u00f6rngott levererat med monteringsdyna i 100 % bomull och fyllning av 100% dun\/fj\u00e4der","type":"checkbox","position":0,"required":false,"title_format":"label","default":"","description_enable":false,"description":"","placeholder_enable":false,"placeholder":"","display":"images","restrictions_type":"any_text","adjust_price":false,"price":"","price_type":"flat_fee","restrictions":false,"min":"0","max":"0","options":[{"label":"Ja tak","price":"125","price_type":"quantity_based","image":11025,"visibility":true}],"id":1760629331}],"yoast_head":"<!-- This site is optimized with the Yoast SEO plugin v27.4 - https:\/\/yoast.com\/product\/yoast-seo-wordpress\/ -->\n<title>Marokkanske kaktussilke pudebetr\u00e6k |\u00a0helt unikke | hos Tibladin<\/title>\n<meta name=\"description\" content=\"Kaktussilkepuder til din sofa i dejlige nuancer. Passer til 50x50 el. 60x60 puder, alt efter hvor fyldig du \u00f8nsker din pude.\" \/>\n<meta name=\"robots\" content=\"index, follow, max-snippet:-1, max-image-preview:large, max-video-preview:-1\" \/>\n<link rel=\"canonical\" href=\"https:\/\/tibladin.dk\/sv\/produkt\/kuddfodral-fraan-kaktus-i-blaatt\/\" \/>\n<meta property=\"og:locale\" content=\"sv_SE\" \/>\n<meta property=\"og:type\" content=\"article\" \/>\n<meta property=\"og:title\" content=\"Marokkanske kaktussilke pudebetr\u00e6k |\u00a0helt unikke | hos Tibladin\" \/>\n<meta property=\"og:description\" content=\"Kaktussilkepuder til din sofa i dejlige nuancer. Passer til 50x50 el. 60x60 puder, alt efter hvor fyldig du \u00f8nsker din pude.\" \/>\n<meta property=\"og:url\" content=\"https:\/\/tibladin.dk\/sv\/produkt\/kuddfodral-fraan-kaktus-i-blaatt\/\" \/>\n<meta property=\"og:site_name\" content=\"Tibladin\" \/>\n<meta property=\"article:modified_time\" content=\"2026-03-26T13:42:08+00:00\" \/>\n<meta property=\"og:image\" content=\"https:\/\/tibladin.dk\/wp-content\/uploads\/2025\/06\/Kaktus-silke-puder-blaa-nuancer.jpeg\" \/>\n\t<meta property=\"og:image:width\" content=\"800\" \/>\n\t<meta property=\"og:image:height\" content=\"800\" \/>\n\t<meta property=\"og:image:type\" content=\"image\/jpeg\" \/>\n<meta name=\"twitter:card\" content=\"summary_large_image\" \/>\n<meta name=\"twitter:label1\" content=\"Ber\u00e4knad l\u00e4stid\" \/>\n\t<meta name=\"twitter:data1\" content=\"2 minuter\" \/>\n<script type=\"application\/ld+json\" class=\"yoast-schema-graph\">{\"@context\":\"https:\\\/\\\/schema.org\",\"@graph\":[{\"@type\":\"WebPage\",\"@id\":\"https:\\\/\\\/tibladin.dk\\\/produkt\\\/kaktussilke-pudebetraek-blaa\\\/\",\"url\":\"https:\\\/\\\/tibladin.dk\\\/produkt\\\/kaktussilke-pudebetraek-blaa\\\/\",\"name\":\"Marokkanske kaktussilke pudebetr\u00e6k |\u00a0helt unikke | hos Tibladin\",\"isPartOf\":{\"@id\":\"https:\\\/\\\/tibladin.dk\\\/#website\"},\"primaryImageOfPage\":{\"@id\":\"https:\\\/\\\/tibladin.dk\\\/produkt\\\/kaktussilke-pudebetraek-blaa\\\/#primaryimage\"},\"image\":{\"@id\":\"https:\\\/\\\/tibladin.dk\\\/produkt\\\/kaktussilke-pudebetraek-blaa\\\/#primaryimage\"},\"thumbnailUrl\":\"https:\\\/\\\/tibladin.dk\\\/wp-content\\\/uploads\\\/2025\\\/06\\\/Kaktus-silke-puder-blaa-nuancer.jpeg\",\"datePublished\":\"2025-06-25T10:48:34+00:00\",\"dateModified\":\"2026-03-26T13:42:08+00:00\",\"description\":\"Kaktussilkepuder til din sofa i dejlige nuancer. Passer til 50x50 el. 60x60 puder, alt efter hvor fyldig du \u00f8nsker din pude.\",\"breadcrumb\":{\"@id\":\"https:\\\/\\\/tibladin.dk\\\/produkt\\\/kaktussilke-pudebetraek-blaa\\\/#breadcrumb\"},\"inLanguage\":\"sv-SE\",\"potentialAction\":[{\"@type\":\"ReadAction\",\"target\":[\"https:\\\/\\\/tibladin.dk\\\/produkt\\\/kaktussilke-pudebetraek-blaa\\\/\"]}]},{\"@type\":\"ImageObject\",\"inLanguage\":\"sv-SE\",\"@id\":\"https:\\\/\\\/tibladin.dk\\\/produkt\\\/kaktussilke-pudebetraek-blaa\\\/#primaryimage\",\"url\":\"https:\\\/\\\/tibladin.dk\\\/wp-content\\\/uploads\\\/2025\\\/06\\\/Kaktus-silke-puder-blaa-nuancer.jpeg\",\"contentUrl\":\"https:\\\/\\\/tibladin.dk\\\/wp-content\\\/uploads\\\/2025\\\/06\\\/Kaktus-silke-puder-blaa-nuancer.jpeg\",\"width\":800,\"height\":800,\"caption\":\"Kaktusslike pudebetr\u00e6k bl\u00e5 flere varianter\"},{\"@type\":\"BreadcrumbList\",\"@id\":\"https:\\\/\\\/tibladin.dk\\\/produkt\\\/kaktussilke-pudebetraek-blaa\\\/#breadcrumb\",\"itemListElement\":[{\"@type\":\"ListItem\",\"position\":1,\"name\":\"Hjem\",\"item\":\"https:\\\/\\\/tibladin.dk\\\/\"},{\"@type\":\"ListItem\",\"position\":2,\"name\":\"Shop\",\"item\":\"https:\\\/\\\/tibladin.dk\\\/shop\\\/\"},{\"@type\":\"ListItem\",\"position\":3,\"name\":\"Kaktussilke pudebetr\u00e6k bl\u00e5\"}]},{\"@type\":\"WebSite\",\"@id\":\"https:\\\/\\\/tibladin.dk\\\/#website\",\"url\":\"https:\\\/\\\/tibladin.dk\\\/\",\"name\":\"Tibladin\",\"description\":\"Tibladin\",\"publisher\":{\"@id\":\"https:\\\/\\\/tibladin.dk\\\/#organization\"},\"potentialAction\":[{\"@type\":\"SearchAction\",\"target\":{\"@type\":\"EntryPoint\",\"urlTemplate\":\"https:\\\/\\\/tibladin.dk\\\/?s={search_term_string}\"},\"query-input\":{\"@type\":\"PropertyValueSpecification\",\"valueRequired\":true,\"valueName\":\"search_term_string\"}}],\"inLanguage\":\"sv-SE\"},{\"@type\":\"Organization\",\"@id\":\"https:\\\/\\\/tibladin.dk\\\/#organization\",\"name\":\"Tibladin\",\"url\":\"https:\\\/\\\/tibladin.dk\\\/\",\"logo\":{\"@type\":\"ImageObject\",\"inLanguage\":\"sv-SE\",\"@id\":\"https:\\\/\\\/tibladin.dk\\\/#\\\/schema\\\/logo\\\/image\\\/\",\"url\":\"https:\\\/\\\/tibladin.dk\\\/wp-content\\\/uploads\\\/2022\\\/09\\\/tibladin_logo.svg\",\"contentUrl\":\"https:\\\/\\\/tibladin.dk\\\/wp-content\\\/uploads\\\/2022\\\/09\\\/tibladin_logo.svg\",\"caption\":\"Tibladin\"},\"image\":{\"@id\":\"https:\\\/\\\/tibladin.dk\\\/#\\\/schema\\\/logo\\\/image\\\/\"}}]}<\/script>\n<!-- \/ Yoast SEO plugin. -->","yoast_head_json":{"title":"Marockanska kaktussilke \u00f6rngott | helt unik | p\u00e5 Tibladin","description":"Kaktus sidenkuddar till din soffa i h\u00e4rliga nyanser. Passar 50x50 el. 60x60 kuddar, beroende p\u00e5 hur full du vill ha din kudde.","robots":{"index":"index","follow":"follow","max-snippet":"max-snippet:-1","max-image-preview":"max-image-preview:large","max-video-preview":"max-video-preview:-1"},"canonical":"https:\/\/tibladin.dk\/sv\/produkt\/kuddfodral-fraan-kaktus-i-blaatt\/","og_locale":"sv_SE","og_type":"article","og_title":"Marokkanske kaktussilke pudebetr\u00e6k |\u00a0helt unikke | hos Tibladin","og_description":"Kaktussilkepuder til din sofa i dejlige nuancer. Passer til 50x50 el. 60x60 puder, alt efter hvor fyldig du \u00f8nsker din pude.","og_url":"https:\/\/tibladin.dk\/sv\/produkt\/kuddfodral-fraan-kaktus-i-blaatt\/","og_site_name":"Tibladin","article_modified_time":"2026-03-26T13:42:08+00:00","og_image":[{"width":800,"height":800,"url":"https:\/\/tibladin.dk\/wp-content\/uploads\/2025\/06\/Kaktus-silke-puder-blaa-nuancer.jpeg","type":"image\/jpeg"}],"twitter_card":"summary_large_image","twitter_misc":{"Ber\u00e4knad l\u00e4stid":"2 minuter"},"schema":{"@context":"https:\/\/schema.org","@graph":[{"@type":"WebPage","@id":"https:\/\/tibladin.dk\/produkt\/kaktussilke-pudebetraek-blaa\/","url":"https:\/\/tibladin.dk\/produkt\/kaktussilke-pudebetraek-blaa\/","name":"Marockanska kaktussilke \u00f6rngott | helt unik | p\u00e5 Tibladin","isPartOf":{"@id":"https:\/\/tibladin.dk\/#website"},"primaryImageOfPage":{"@id":"https:\/\/tibladin.dk\/produkt\/kaktussilke-pudebetraek-blaa\/#primaryimage"},"image":{"@id":"https:\/\/tibladin.dk\/produkt\/kaktussilke-pudebetraek-blaa\/#primaryimage"},"thumbnailUrl":"https:\/\/tibladin.dk\/wp-content\/uploads\/2025\/06\/Kaktus-silke-puder-blaa-nuancer.jpeg","datePublished":"2025-06-25T10:48:34+00:00","dateModified":"2026-03-26T13:42:08+00:00","description":"Kaktus sidenkuddar till din soffa i h\u00e4rliga nyanser. Passar 50x50 el. 60x60 kuddar, beroende p\u00e5 hur full du vill ha din kudde.","breadcrumb":{"@id":"https:\/\/tibladin.dk\/produkt\/kaktussilke-pudebetraek-blaa\/#breadcrumb"},"inLanguage":"sv-SE","potentialAction":[{"@type":"ReadAction","target":["https:\/\/tibladin.dk\/produkt\/kaktussilke-pudebetraek-blaa\/"]}]},{"@type":"ImageObject","inLanguage":"sv-SE","@id":"https:\/\/tibladin.dk\/produkt\/kaktussilke-pudebetraek-blaa\/#primaryimage","url":"https:\/\/tibladin.dk\/wp-content\/uploads\/2025\/06\/Kaktus-silke-puder-blaa-nuancer.jpeg","contentUrl":"https:\/\/tibladin.dk\/wp-content\/uploads\/2025\/06\/Kaktus-silke-puder-blaa-nuancer.jpeg","width":800,"height":800,"caption":"Kaktusslike pudebetr\u00e6k bl\u00e5 flere varianter"},{"@type":"BreadcrumbList","@id":"https:\/\/tibladin.dk\/produkt\/kaktussilke-pudebetraek-blaa\/#breadcrumb","itemListElement":[{"@type":"ListItem","position":1,"name":"Hjem","item":"https:\/\/tibladin.dk\/"},{"@type":"ListItem","position":2,"name":"Shop","item":"https:\/\/tibladin.dk\/shop\/"},{"@type":"ListItem","position":3,"name":"Kaktussilke pudebetr\u00e6k bl\u00e5"}]},{"@type":"WebSite","@id":"https:\/\/tibladin.dk\/#website","url":"https:\/\/tibladin.dk\/","name":"Tibladin","description":"Tibladin","publisher":{"@id":"https:\/\/tibladin.dk\/#organization"},"potentialAction":[{"@type":"SearchAction","target":{"@type":"EntryPoint","urlTemplate":"https:\/\/tibladin.dk\/?s={search_term_string}"},"query-input":{"@type":"PropertyValueSpecification","valueRequired":true,"valueName":"search_term_string"}}],"inLanguage":"sv-SE"},{"@type":"Organization","@id":"https:\/\/tibladin.dk\/#organization","name":"Tibladin","url":"https:\/\/tibladin.dk\/","logo":{"@type":"ImageObject","inLanguage":"sv-SE","@id":"https:\/\/tibladin.dk\/#\/schema\/logo\/image\/","url":"https:\/\/tibladin.dk\/wp-content\/uploads\/2022\/09\/tibladin_logo.svg","contentUrl":"https:\/\/tibladin.dk\/wp-content\/uploads\/2022\/09\/tibladin_logo.svg","caption":"Tibladin"},"image":{"@id":"https:\/\/tibladin.dk\/#\/schema\/logo\/image\/"}}]}},"_links":{"self":[{"href":"https:\/\/tibladin.dk\/sv\/wp-json\/wp\/v2\/product\/9083","targetHints":{"allow":["GET"]}}],"collection":[{"href":"https:\/\/tibladin.dk\/sv\/wp-json\/wp\/v2\/product"}],"about":[{"href":"https:\/\/tibladin.dk\/sv\/wp-json\/wp\/v2\/types\/product"}],"wp:featuredmedia":[{"embeddable":true,"href":"https:\/\/tibladin.dk\/sv\/wp-json\/wp\/v2\/media\/37423"}],"wp:attachment":[{"href":"https:\/\/tibladin.dk\/sv\/wp-json\/wp\/v2\/media?parent=9083"}],"wp:term":[{"taxonomy":"product_brand","embeddable":true,"href":"https:\/\/tibladin.dk\/sv\/wp-json\/wp\/v2\/product_brand?post=9083"},{"taxonomy":"product_cat","embeddable":true,"href":"https:\/\/tibladin.dk\/sv\/wp-json\/wp\/v2\/product_cat?post=9083"},{"taxonomy":"product_tag","embeddable":true,"href":"https:\/\/tibladin.dk\/sv\/wp-json\/wp\/v2\/product_tag?post=9083"}],"curies":[{"name":"wp","href":"https:\/\/api.w.org\/{rel}","templated":true}]}}