{"id":9266,"date":"2026-04-10T05:46:16","date_gmt":"2026-04-10T03:46:16","guid":{"rendered":"https:\/\/tibladin.dk\/?post_type=product&#038;p=9266"},"modified":"2026-04-14T16:33:20","modified_gmt":"2026-04-14T14:33:20","slug":"golvkuddepuff-i-ullkaramell","status":"publish","type":"product","link":"https:\/\/tibladin.dk\/sv\/produkt\/gulvpude-puf-i-uld-caramel\/","title":{"rendered":"Golvkudde\/puff i ull \u2013 CARAMEL"},"content":{"rendered":"<div class=\"wpb-content-wrapper\"><div class=\"vc_row wpb_row vc_row-fluid\"><div class=\"wpb_column vc_column_container vc_col-sm-6\"><div class=\"vc_column-inner\"><div class=\"wpb_wrapper\"><h3 style=\"text-align: left\" class=\"vc_custom_heading vc_do_custom_heading\" >Underh\u00e5ll<\/h3>\n\t<div class=\"wpb_text_column wpb_content_element\" >\n\t\t<div class=\"wpb_wrapper\">\n\t\t\t<p>Om du skulle ha otur att f\u00e5 en fl\u00e4ck p\u00e5 din ullpuff eller golvkudde av ull, b\u00f6rja med att dammsuga fl\u00e4cken. Ullen \u00e4r naturligt omgiven av lanolin som bildar en skyddande hinna p\u00e5 fibrerna, s\u00e5 fl\u00e4ckar har s\u00e4mre chans att tr\u00e4nga in. Om det inte lossnar med detta kan du ta en fuktig trasa och dutta p\u00e5 fl\u00e4cken, gnugga slutligen inte. Skulle vi ha turen att f\u00e5 sn\u00f6 att falla en vinterdag, l\u00e4gg ut din ullpuff eller yllefilt i den nyfallna sn\u00f6n. Det \u00e4r den mest effektiva metoden f\u00f6r att f\u00e5 den rengjord p\u00e5 djupet<\/p>\n\n\t\t<\/div>\n\t<\/div>\n<\/div><\/div><\/div><div class=\"wpb_column vc_column_container vc_col-sm-6\"><div class=\"vc_column-inner\"><div class=\"wpb_wrapper\"><h3 style=\"text-align: left\" class=\"vc_custom_heading vc_do_custom_heading\" >Golvkuddar\/puffar fr\u00e5n azilalmattor<\/h3>\n\t<div class=\"wpb_text_column wpb_content_element\" >\n\t\t<div class=\"wpb_wrapper\">\n\t\t\t<p>Vi har f\u00e5tt in en hel del golvkuddar\/ullpuffar i olika f\u00e4rger och m\u00f6nster. Dessa golvkuddar \u00e4r handsydda av \u00e4kta vintage azilalmattor, vilket \u00e4r anledningen till att alla golvkuddar \u00e4r olika. Mattorna kommer fr\u00e5n Azilal-regionen i de marockanska bergen \u00f6ster om Marrakech, d\u00e4r det vanligtvis \u00e4r kvinnornas uppgift att v\u00e4va mattorna f\u00f6r hand. Ursprungligen hade de lokala berberkvinnorna inget skriftspr\u00e5k, s\u00e5 de v\u00e4vde in ber\u00e4ttelser i mattorna, varf\u00f6r varje matta \u00e4r unik. Azilal-mattor \u00e4r gjorda av 100% ull \u2013 ibland i kombination med bomullstr\u00e5d.<\/p>\n<p><a href=\"https:\/\/tibladin.dk\/sv\/produktkategori-2\/interior\/mobel\/poff\/\">Se hela v\u00e5rt utbud av golvkuddar gjorda av \u00e5tervunna Azilal- och Beni Ouarain-mattor h\u00e4r.<\/a><\/p>\n<p><b>Fyll din sittpuff<\/b><br \/>\nDet b\u00e4sta \u00e4r att fylla din sittpuff med en stor stadig kudde \u2013 g\u00e4rna 90\u00d790 cm, som kommer att fylla hela kudden bra. Du kan enkelt anv\u00e4nda saker du redan har, t\u00e4cken, kuddar, filtar eller h\u00e5rt skrynkliga tidningspapper. Du kan ocks\u00e5 k\u00f6pa skumgranulat eller bomullsfyllning till din sittpuff. Om du anv\u00e4nder den h\u00e4r typen av stoppning rekommenderar vi att du syr ett inner\u00f6verdrag eller tar ett gammalt p\u00e5slakan och l\u00e4gger in fyllningen d\u00e4r innan du l\u00e4gger den i din sittpuff.<\/p>\n<p>Vid extra k\u00f6p skickar vi den med en monteringsplatta 90\u00d790 cm.<\/p>\n\n\t\t<\/div>\n\t<\/div>\n<\/div><\/div><\/div><\/div>\n<\/div>","protected":false},"excerpt":{"rendered":"<p class=\"p1\"><span class=\"s1\">Vacker fyrkantig marockansk golvkudde\/puff tillverkad av vintage Azilal-mattor, handsydd av kvalitetsull. L\u00e4cker karamellf\u00e4rgad puff med varma r\u00f6daktiga undertoner, vilket ger ett verkligt vackert ljusspel i puffen.<\/span><\/p>\n<p class=\"p1\">Det finns bara ett exemplar av denna sittpuff \u2013 handsydd av vintage Azilal-mattor i Atlasbergen av skickliga och skickliga berberfolk.<\/p>\n<p>Botten p\u00e5 mattan - med dragkedja p\u00e5 tv\u00e5 intilliggande sidor, s\u00e5 att du enkelt kan fylla den. Vill du att vi ska fylla den med fyllning fr\u00e5n Tibladin s\u00e5 skickar vi den med en stor 90\u00d790 monteringskudde som g\u00f6r din golvkudde mjuk och h\u00e4rlig att sitta p\u00e5.<\/p>\n<p>M\u00e5tt 60 x 60 x 20<\/p>\n<p class=\"p1\"><span class=\"s1\">L\u00e4gg till denna unika sittpuff till din inredning och se hur den sprider mysighet och v\u00e4rme och ger en marockansk touch. Golvkudden passar perfekt in i alla rum. B\u00e5de i vardagsrummet vid soffarrangemanget och i sovrummet samt i ett barnrum. Se hur du nu vill anv\u00e4nda golvet som extra utrymme. Den vinner \u00f6ver soffan :-)<br \/>\n<\/span><\/p>","protected":false},"featured_media":9271,"template":"","meta":{"inline_featured_image":false},"product_brand":[],"product_cat":[101,39],"product_tag":[],"class_list":{"0":"post-9266","1":"product","2":"type-product","3":"status-publish","4":"has-post-thumbnail","6":"product_cat-gulvpuder-uldpufs","7":"product_cat-moebler","9":"first","10":"instock","11":"taxable","12":"shipping-taxable","13":"purchasable","14":"product-type-simple"},"exclude_global_add_ons":false,"addons":[{"name":"F\u00e5 din sittpuff levererad med fyllning av en stor monteringsdyna","type":"checkbox","position":0,"required":false,"title_format":"label","default":"","description_enable":true,"description":"Fylld med en stor monteringskudde p\u00e5 90x90 cm, som fyller puffen v\u00e4l och g\u00f6r den mjuk och bekv\u00e4m att sitta p\u00e5. G\u00f6r det enkelt att ta av \u00f6verdraget och reng\u00f6ra det.","placeholder_enable":false,"placeholder":"","display":"images","restrictions_type":"any_text","adjust_price":false,"price":"","price_type":"flat_fee","restrictions":false,"min":"0","max":"0","options":[{"label":"Ja tak","price":"300","price_type":"quantity_based","image":11028,"visibility":true}],"id":1672424044}],"yoast_head":"<!-- This site is optimized with the Yoast SEO plugin v27.5 - https:\/\/yoast.com\/product\/yoast-seo-wordpress\/ -->\n<title>Unik marokkansk gulvpude | H\u00e5ndsyet af vintage azilal-t\u00e6pper<\/title>\n<meta name=\"description\" content=\"Marokkansk gulvpude i smukke nuancer, som pryder din indretning. H\u00e5ndsyet af vintage azilal-t\u00e6pper i atlasbjergene i Marrakech.\" \/>\n<meta name=\"robots\" content=\"index, follow, max-snippet:-1, max-image-preview:large, max-video-preview:-1\" \/>\n<link rel=\"canonical\" href=\"https:\/\/tibladin.dk\/sv\/produkt\/golvkuddepuff-i-ullkaramell\/\" \/>\n<meta property=\"og:locale\" content=\"sv_SE\" \/>\n<meta property=\"og:type\" content=\"article\" \/>\n<meta property=\"og:title\" content=\"Unik marokkansk gulvpude | H\u00e5ndsyet af vintage azilal-t\u00e6pper\" \/>\n<meta property=\"og:description\" content=\"Marokkansk gulvpude i smukke nuancer, som pryder din indretning. H\u00e5ndsyet af vintage azilal-t\u00e6pper i atlasbjergene i Marrakech.\" \/>\n<meta property=\"og:url\" content=\"https:\/\/tibladin.dk\/sv\/produkt\/golvkuddepuff-i-ullkaramell\/\" \/>\n<meta property=\"og:site_name\" content=\"Tibladin\" \/>\n<meta property=\"article:modified_time\" content=\"2026-04-14T14:33:20+00:00\" \/>\n<meta property=\"og:image\" content=\"https:\/\/tibladin.dk\/wp-content\/uploads\/2023\/11\/Marokkansk-gulvpude_CARAMEL_side2.jpg\" \/>\n\t<meta property=\"og:image:width\" content=\"800\" \/>\n\t<meta property=\"og:image:height\" content=\"800\" \/>\n\t<meta property=\"og:image:type\" content=\"image\/jpeg\" \/>\n<meta name=\"twitter:card\" content=\"summary_large_image\" \/>\n<meta name=\"twitter:label1\" content=\"Ber\u00e4knad l\u00e4stid\" \/>\n\t<meta name=\"twitter:data1\" content=\"3 minuter\" \/>\n<script type=\"application\/ld+json\" class=\"yoast-schema-graph\">{\"@context\":\"https:\\\/\\\/schema.org\",\"@graph\":[{\"@type\":\"WebPage\",\"@id\":\"https:\\\/\\\/tibladin.dk\\\/produkt\\\/gulvpude-puf-i-uld-caramel\\\/\",\"url\":\"https:\\\/\\\/tibladin.dk\\\/produkt\\\/gulvpude-puf-i-uld-caramel\\\/\",\"name\":\"Unik marokkansk gulvpude | H\u00e5ndsyet af vintage azilal-t\u00e6pper\",\"isPartOf\":{\"@id\":\"https:\\\/\\\/tibladin.dk\\\/#website\"},\"primaryImageOfPage\":{\"@id\":\"https:\\\/\\\/tibladin.dk\\\/produkt\\\/gulvpude-puf-i-uld-caramel\\\/#primaryimage\"},\"image\":{\"@id\":\"https:\\\/\\\/tibladin.dk\\\/produkt\\\/gulvpude-puf-i-uld-caramel\\\/#primaryimage\"},\"thumbnailUrl\":\"https:\\\/\\\/tibladin.dk\\\/wp-content\\\/uploads\\\/2023\\\/11\\\/Marokkansk-gulvpude_CARAMEL_side2.jpg\",\"datePublished\":\"2026-04-10T03:46:16+00:00\",\"dateModified\":\"2026-04-14T14:33:20+00:00\",\"description\":\"Marokkansk gulvpude i smukke nuancer, som pryder din indretning. H\u00e5ndsyet af vintage azilal-t\u00e6pper i atlasbjergene i Marrakech.\",\"breadcrumb\":{\"@id\":\"https:\\\/\\\/tibladin.dk\\\/produkt\\\/gulvpude-puf-i-uld-caramel\\\/#breadcrumb\"},\"inLanguage\":\"sv-SE\",\"potentialAction\":[{\"@type\":\"ReadAction\",\"target\":[\"https:\\\/\\\/tibladin.dk\\\/produkt\\\/gulvpude-puf-i-uld-caramel\\\/\"]}]},{\"@type\":\"ImageObject\",\"inLanguage\":\"sv-SE\",\"@id\":\"https:\\\/\\\/tibladin.dk\\\/produkt\\\/gulvpude-puf-i-uld-caramel\\\/#primaryimage\",\"url\":\"https:\\\/\\\/tibladin.dk\\\/wp-content\\\/uploads\\\/2023\\\/11\\\/Marokkansk-gulvpude_CARAMEL_side2.jpg\",\"contentUrl\":\"https:\\\/\\\/tibladin.dk\\\/wp-content\\\/uploads\\\/2023\\\/11\\\/Marokkansk-gulvpude_CARAMEL_side2.jpg\",\"width\":800,\"height\":800,\"caption\":\"Marokkansk gulvpude_CARAMEL\"},{\"@type\":\"BreadcrumbList\",\"@id\":\"https:\\\/\\\/tibladin.dk\\\/produkt\\\/gulvpude-puf-i-uld-caramel\\\/#breadcrumb\",\"itemListElement\":[{\"@type\":\"ListItem\",\"position\":1,\"name\":\"Hjem\",\"item\":\"https:\\\/\\\/tibladin.dk\\\/\"},{\"@type\":\"ListItem\",\"position\":2,\"name\":\"Shop\",\"item\":\"https:\\\/\\\/tibladin.dk\\\/shop\\\/\"},{\"@type\":\"ListItem\",\"position\":3,\"name\":\"Gulvpude\\\/puf i uld &#8211; CARAMEL\"}]},{\"@type\":\"WebSite\",\"@id\":\"https:\\\/\\\/tibladin.dk\\\/#website\",\"url\":\"https:\\\/\\\/tibladin.dk\\\/\",\"name\":\"Tibladin\",\"description\":\"Tibladin\",\"publisher\":{\"@id\":\"https:\\\/\\\/tibladin.dk\\\/#organization\"},\"potentialAction\":[{\"@type\":\"SearchAction\",\"target\":{\"@type\":\"EntryPoint\",\"urlTemplate\":\"https:\\\/\\\/tibladin.dk\\\/?s={search_term_string}\"},\"query-input\":{\"@type\":\"PropertyValueSpecification\",\"valueRequired\":true,\"valueName\":\"search_term_string\"}}],\"inLanguage\":\"sv-SE\"},{\"@type\":\"Organization\",\"@id\":\"https:\\\/\\\/tibladin.dk\\\/#organization\",\"name\":\"Tibladin\",\"url\":\"https:\\\/\\\/tibladin.dk\\\/\",\"logo\":{\"@type\":\"ImageObject\",\"inLanguage\":\"sv-SE\",\"@id\":\"https:\\\/\\\/tibladin.dk\\\/#\\\/schema\\\/logo\\\/image\\\/\",\"url\":\"https:\\\/\\\/tibladin.dk\\\/wp-content\\\/uploads\\\/2022\\\/09\\\/tibladin_logo.svg\",\"contentUrl\":\"https:\\\/\\\/tibladin.dk\\\/wp-content\\\/uploads\\\/2022\\\/09\\\/tibladin_logo.svg\",\"caption\":\"Tibladin\"},\"image\":{\"@id\":\"https:\\\/\\\/tibladin.dk\\\/#\\\/schema\\\/logo\\\/image\\\/\"}}]}<\/script>\n<!-- \/ Yoast SEO plugin. -->","yoast_head_json":{"title":"Unik marockansk golvkudde | Handsydda av vintage azilalmattor","description":"Marockansk golvkudde i vackra nyanser som pryder din inredning. Handsydda av vintage azilalmattor i Atlasbergen i Marrakech.","robots":{"index":"index","follow":"follow","max-snippet":"max-snippet:-1","max-image-preview":"max-image-preview:large","max-video-preview":"max-video-preview:-1"},"canonical":"https:\/\/tibladin.dk\/sv\/produkt\/golvkuddepuff-i-ullkaramell\/","og_locale":"sv_SE","og_type":"article","og_title":"Unik marokkansk gulvpude | H\u00e5ndsyet af vintage azilal-t\u00e6pper","og_description":"Marokkansk gulvpude i smukke nuancer, som pryder din indretning. H\u00e5ndsyet af vintage azilal-t\u00e6pper i atlasbjergene i Marrakech.","og_url":"https:\/\/tibladin.dk\/sv\/produkt\/golvkuddepuff-i-ullkaramell\/","og_site_name":"Tibladin","article_modified_time":"2026-04-14T14:33:20+00:00","og_image":[{"width":800,"height":800,"url":"https:\/\/tibladin.dk\/wp-content\/uploads\/2023\/11\/Marokkansk-gulvpude_CARAMEL_side2.jpg","type":"image\/jpeg"}],"twitter_card":"summary_large_image","twitter_misc":{"Ber\u00e4knad l\u00e4stid":"3 minuter"},"schema":{"@context":"https:\/\/schema.org","@graph":[{"@type":"WebPage","@id":"https:\/\/tibladin.dk\/produkt\/gulvpude-puf-i-uld-caramel\/","url":"https:\/\/tibladin.dk\/produkt\/gulvpude-puf-i-uld-caramel\/","name":"Unik marockansk golvkudde | Handsydda av vintage azilalmattor","isPartOf":{"@id":"https:\/\/tibladin.dk\/#website"},"primaryImageOfPage":{"@id":"https:\/\/tibladin.dk\/produkt\/gulvpude-puf-i-uld-caramel\/#primaryimage"},"image":{"@id":"https:\/\/tibladin.dk\/produkt\/gulvpude-puf-i-uld-caramel\/#primaryimage"},"thumbnailUrl":"https:\/\/tibladin.dk\/wp-content\/uploads\/2023\/11\/Marokkansk-gulvpude_CARAMEL_side2.jpg","datePublished":"2026-04-10T03:46:16+00:00","dateModified":"2026-04-14T14:33:20+00:00","description":"Marockansk golvkudde i vackra nyanser som pryder din inredning. Handsydda av vintage azilalmattor i Atlasbergen i Marrakech.","breadcrumb":{"@id":"https:\/\/tibladin.dk\/produkt\/gulvpude-puf-i-uld-caramel\/#breadcrumb"},"inLanguage":"sv-SE","potentialAction":[{"@type":"ReadAction","target":["https:\/\/tibladin.dk\/produkt\/gulvpude-puf-i-uld-caramel\/"]}]},{"@type":"ImageObject","inLanguage":"sv-SE","@id":"https:\/\/tibladin.dk\/produkt\/gulvpude-puf-i-uld-caramel\/#primaryimage","url":"https:\/\/tibladin.dk\/wp-content\/uploads\/2023\/11\/Marokkansk-gulvpude_CARAMEL_side2.jpg","contentUrl":"https:\/\/tibladin.dk\/wp-content\/uploads\/2023\/11\/Marokkansk-gulvpude_CARAMEL_side2.jpg","width":800,"height":800,"caption":"Marokkansk gulvpude_CARAMEL"},{"@type":"BreadcrumbList","@id":"https:\/\/tibladin.dk\/produkt\/gulvpude-puf-i-uld-caramel\/#breadcrumb","itemListElement":[{"@type":"ListItem","position":1,"name":"Hjem","item":"https:\/\/tibladin.dk\/"},{"@type":"ListItem","position":2,"name":"Shop","item":"https:\/\/tibladin.dk\/shop\/"},{"@type":"ListItem","position":3,"name":"Gulvpude\/puf i uld &#8211; CARAMEL"}]},{"@type":"WebSite","@id":"https:\/\/tibladin.dk\/#website","url":"https:\/\/tibladin.dk\/","name":"Tibladin","description":"Tibladin","publisher":{"@id":"https:\/\/tibladin.dk\/#organization"},"potentialAction":[{"@type":"SearchAction","target":{"@type":"EntryPoint","urlTemplate":"https:\/\/tibladin.dk\/?s={search_term_string}"},"query-input":{"@type":"PropertyValueSpecification","valueRequired":true,"valueName":"search_term_string"}}],"inLanguage":"sv-SE"},{"@type":"Organization","@id":"https:\/\/tibladin.dk\/#organization","name":"Tibladin","url":"https:\/\/tibladin.dk\/","logo":{"@type":"ImageObject","inLanguage":"sv-SE","@id":"https:\/\/tibladin.dk\/#\/schema\/logo\/image\/","url":"https:\/\/tibladin.dk\/wp-content\/uploads\/2022\/09\/tibladin_logo.svg","contentUrl":"https:\/\/tibladin.dk\/wp-content\/uploads\/2022\/09\/tibladin_logo.svg","caption":"Tibladin"},"image":{"@id":"https:\/\/tibladin.dk\/#\/schema\/logo\/image\/"}}]}},"_links":{"self":[{"href":"https:\/\/tibladin.dk\/sv\/wp-json\/wp\/v2\/product\/9266","targetHints":{"allow":["GET"]}}],"collection":[{"href":"https:\/\/tibladin.dk\/sv\/wp-json\/wp\/v2\/product"}],"about":[{"href":"https:\/\/tibladin.dk\/sv\/wp-json\/wp\/v2\/types\/product"}],"wp:featuredmedia":[{"embeddable":true,"href":"https:\/\/tibladin.dk\/sv\/wp-json\/wp\/v2\/media\/9271"}],"wp:attachment":[{"href":"https:\/\/tibladin.dk\/sv\/wp-json\/wp\/v2\/media?parent=9266"}],"wp:term":[{"taxonomy":"product_brand","embeddable":true,"href":"https:\/\/tibladin.dk\/sv\/wp-json\/wp\/v2\/product_brand?post=9266"},{"taxonomy":"product_cat","embeddable":true,"href":"https:\/\/tibladin.dk\/sv\/wp-json\/wp\/v2\/product_cat?post=9266"},{"taxonomy":"product_tag","embeddable":true,"href":"https:\/\/tibladin.dk\/sv\/wp-json\/wp\/v2\/product_tag?post=9266"}],"curies":[{"name":"wp","href":"https:\/\/api.w.org\/{rel}","templated":true}]}}