{"id":9312,"date":"2023-11-11T06:10:20","date_gmt":"2023-11-11T05:10:20","guid":{"rendered":"https:\/\/tibladin.dk\/?post_type=product&#038;p=9312"},"modified":"2025-11-14T17:16:10","modified_gmt":"2025-11-14T16:16:10","slug":"ljusstakar-i-gron-tamgroute-keramisk-solei","status":"publish","type":"product","link":"https:\/\/tibladin.dk\/sv\/produkt\/lysestager-i-groen-tamegroute-keramik-solei\/","title":{"rendered":"Ljusstakar i gr\u00f6n Tamegroute keramik SOLEI"},"content":{"rendered":"<div class=\"wpb-content-wrapper\"><div class=\"vc_row wpb_row vc_row-fluid\"><div class=\"wpb_column vc_column_container vc_col-sm-4\"><div class=\"vc_column-inner\"><div class=\"wpb_wrapper\"><\/div><\/div><\/div><div class=\"wpb_column vc_column_container vc_col-sm-4\"><div class=\"vc_column-inner\"><div class=\"wpb_wrapper\"><h3 style=\"text-align: left\" class=\"vc_custom_heading vc_do_custom_heading\" >Underh\u00e5ll<\/h3>\n\t<div class=\"wpb_text_column wpb_content_element\" >\n\t\t<div class=\"wpb_wrapper\">\n\t\t\t<p>Vi rekommenderar inte diskmaskinen. Det \u00e4r b\u00e4ttre att tv\u00e4tta dem f\u00f6r hand.<\/p>\n\n\t\t<\/div>\n\t<\/div>\n<\/div><\/div><\/div><div class=\"wpb_column vc_column_container vc_col-sm-4\"><div class=\"vc_column-inner\"><div class=\"wpb_wrapper\"><h3 style=\"text-align: left\" class=\"vc_custom_heading vc_do_custom_heading\" >Historien bakom<\/h3>\n\t<div class=\"wpb_text_column wpb_content_element\" >\n\t\t<div class=\"wpb_wrapper\">\n\t\t\t<p>Tamegroute-keramik \u00e4r ett traditionellt s\u00e4tt att tillverka keramik som kommer fr\u00e5n marockanska folk i Zagora-regionen. S\u00e4ttet p\u00e5 vilket den \u00e4r tillverkad, och den unika gr\u00f6na f\u00e4rgen, \u00e4r det som k\u00e4nnetecknar keramiken b\u00e4st. P\u00e5 grund av hur den \u00e4r tillverkad har keramiken en mycket taktil yta. Samtidigt som den \u00e4r handgjord kan det \u00e4ven f\u00f6rekomma olika sm\u00e5 variationer i storlekar, f\u00e4rger och bel\u00e4ggning, samt brister i keramiken. Det \u00e4r en del av charmen att det \u00e4r unikt, och det ger keramiken mer karakt\u00e4r.<\/p>\n\n\t\t<\/div>\n\t<\/div>\n<\/div><\/div><\/div><\/div>\n<\/div>","protected":false},"excerpt":{"rendered":"<p><span data-sheets-value=\"{&quot;1&quot;:2,&quot;2&quot;:&quot;Smukt og rustikt fad i gul Tamegroute keramik. Smukt fad til pynt eller til servering. Kan ogs\u00e5 bruges som frokosttallerkner.&quot;}\" data-sheets-userformat=\"{&quot;2&quot;:15293,&quot;3&quot;:{&quot;1&quot;:0},&quot;5&quot;:{&quot;1&quot;:[{&quot;1&quot;:2,&quot;2&quot;:0,&quot;5&quot;:{&quot;1&quot;:2,&quot;2&quot;:0}},{&quot;1&quot;:0,&quot;2&quot;:0,&quot;3&quot;:3},{&quot;1&quot;:1,&quot;2&quot;:0,&quot;4&quot;:1}]},&quot;6&quot;:{&quot;1&quot;:[{&quot;1&quot;:2,&quot;2&quot;:0,&quot;5&quot;:{&quot;1&quot;:2,&quot;2&quot;:0}},{&quot;1&quot;:0,&quot;2&quot;:0,&quot;3&quot;:3},{&quot;1&quot;:1,&quot;2&quot;:0,&quot;4&quot;:1}]},&quot;7&quot;:{&quot;1&quot;:[{&quot;1&quot;:2,&quot;2&quot;:0,&quot;5&quot;:{&quot;1&quot;:2,&quot;2&quot;:0}},{&quot;1&quot;:0,&quot;2&quot;:0,&quot;3&quot;:3},{&quot;1&quot;:1,&quot;2&quot;:0,&quot;4&quot;:1}]},&quot;8&quot;:{&quot;1&quot;:[{&quot;1&quot;:2,&quot;2&quot;:0,&quot;5&quot;:{&quot;1&quot;:2,&quot;2&quot;:0}},{&quot;1&quot;:0,&quot;2&quot;:0,&quot;3&quot;:3},{&quot;1&quot;:1,&quot;2&quot;:0,&quot;4&quot;:1}]},&quot;10&quot;:0,&quot;11&quot;:4,&quot;12&quot;:0,&quot;14&quot;:{&quot;1&quot;:2,&quot;2&quot;:0},&quot;15&quot;:&quot;Helvetica Neue&quot;,&quot;16&quot;:10}\">Smukke lysestager i gr\u00f8n tamegroute keramik. Stagens form har p\u00e5 midten en rund cirkel med hul i midten og takker rundt om, som et smukt solm\u00f8nster. Der findes kun 1 stage i hver farve.<\/span><\/p>\n<p>Der kan forekomme forskellige sm\u00e5 variationer i st\u00f8rrelser, farver og bel\u00e6gningen, da Tamegroute keramik er h\u00e5ndlavet p\u00e5 en meget speciel m\u00e5de.<\/p>\n<p><span style=\"font-weight: 400;\">Tamegroute keramik er kendt for et uf\u00e6rdige, rustikt og r\u00e5t udtryk. Keramikken har hakker, lidt sk\u00e5ret nogle steder, m\u00e6rker og glasur forskelligheder. Helt perfekt uperfekt!<\/span><\/p>\n<p><br style=\"font-weight: 400;\" \/><br style=\"font-weight: 400;\" \/><\/p>\n","protected":false},"featured_media":9321,"template":"","meta":{"inline_featured_image":false},"product_brand":[],"product_cat":[138],"product_tag":[],"class_list":{"0":"post-9312","1":"product","2":"type-product","3":"status-publish","4":"has-post-thumbnail","6":"product_cat-tamegroute-keramik","8":"first","9":"outofstock","10":"taxable","11":"shipping-taxable","12":"purchasable","13":"product-type-variable"},"exclude_global_add_ons":false,"addons":[{"name":"Vill du ha presentinslagning?","type":"checkbox","position":0,"required":false,"title_format":"label","default":"","description_enable":false,"description":"","placeholder_enable":false,"placeholder":"","display":"images","restrictions_type":"any_text","adjust_price":false,"price":"","price_type":"flat_fee","restrictions":false,"min":"0","max":"0","options":[{"label":"Ja tak","price":"10","price_type":"flat_fee","image":11015,"visibility":true}],"id":1669646111}],"yoast_head":"<!-- This site is optimized with the Yoast SEO plugin v27.5 - https:\/\/yoast.com\/product\/yoast-seo-wordpress\/ -->\n<title>Lysestager i gr\u00f8n Tamegroute keramik SOLEI<\/title>\n<meta name=\"description\" content=\"Smukke lysestager i gr\u00f8n tamegroute keramik SOLEI. Stort udvalg af den smukke Tamegroute keramik, som er h\u00e5ndlavet i Marokko.\" \/>\n<meta name=\"robots\" content=\"index, follow, max-snippet:-1, max-image-preview:large, max-video-preview:-1\" \/>\n<link rel=\"canonical\" href=\"https:\/\/tibladin.dk\/sv\/produkt\/ljusstakar-i-gron-tamgroute-keramisk-solei\/\" \/>\n<meta property=\"og:locale\" content=\"sv_SE\" \/>\n<meta property=\"og:type\" content=\"article\" \/>\n<meta property=\"og:title\" content=\"Lysestager i gr\u00f8n Tamegroute keramik SOLEI\" \/>\n<meta property=\"og:description\" content=\"Smukke lysestager i gr\u00f8n tamegroute keramik SOLEI. Stort udvalg af den smukke Tamegroute keramik, som er h\u00e5ndlavet i Marokko.\" \/>\n<meta property=\"og:url\" content=\"https:\/\/tibladin.dk\/sv\/produkt\/ljusstakar-i-gron-tamgroute-keramisk-solei\/\" \/>\n<meta property=\"og:site_name\" content=\"Tibladin\" \/>\n<meta property=\"article:modified_time\" content=\"2025-11-14T16:16:10+00:00\" \/>\n<meta property=\"og:image\" content=\"https:\/\/tibladin.dk\/wp-content\/uploads\/2023\/11\/Marokkansk-Tamegroute-lysestage_ETOLIE_begge-farver.jpg\" \/>\n\t<meta property=\"og:image:width\" content=\"800\" \/>\n\t<meta property=\"og:image:height\" content=\"800\" \/>\n\t<meta property=\"og:image:type\" content=\"image\/jpeg\" \/>\n<meta name=\"twitter:card\" content=\"summary_large_image\" \/>\n<meta name=\"twitter:label1\" content=\"Ber\u00e4knad l\u00e4stid\" \/>\n\t<meta name=\"twitter:data1\" content=\"2 minuter\" \/>\n<script type=\"application\/ld+json\" class=\"yoast-schema-graph\">{\"@context\":\"https:\\\/\\\/schema.org\",\"@graph\":[{\"@type\":\"WebPage\",\"@id\":\"https:\\\/\\\/tibladin.dk\\\/produkt\\\/lysestager-i-groen-tamegroute-keramik-solei\\\/\",\"url\":\"https:\\\/\\\/tibladin.dk\\\/produkt\\\/lysestager-i-groen-tamegroute-keramik-solei\\\/\",\"name\":\"Lysestager i gr\u00f8n Tamegroute keramik SOLEI\",\"isPartOf\":{\"@id\":\"https:\\\/\\\/tibladin.dk\\\/#website\"},\"primaryImageOfPage\":{\"@id\":\"https:\\\/\\\/tibladin.dk\\\/produkt\\\/lysestager-i-groen-tamegroute-keramik-solei\\\/#primaryimage\"},\"image\":{\"@id\":\"https:\\\/\\\/tibladin.dk\\\/produkt\\\/lysestager-i-groen-tamegroute-keramik-solei\\\/#primaryimage\"},\"thumbnailUrl\":\"https:\\\/\\\/tibladin.dk\\\/wp-content\\\/uploads\\\/2023\\\/11\\\/Marokkansk-Tamegroute-lysestage_ETOLIE_begge-farver.jpg\",\"datePublished\":\"2023-11-11T05:10:20+00:00\",\"dateModified\":\"2025-11-14T16:16:10+00:00\",\"description\":\"Smukke lysestager i gr\u00f8n tamegroute keramik SOLEI. Stort udvalg af den smukke Tamegroute keramik, som er h\u00e5ndlavet i Marokko.\",\"breadcrumb\":{\"@id\":\"https:\\\/\\\/tibladin.dk\\\/produkt\\\/lysestager-i-groen-tamegroute-keramik-solei\\\/#breadcrumb\"},\"inLanguage\":\"sv-SE\",\"potentialAction\":[{\"@type\":\"ReadAction\",\"target\":[\"https:\\\/\\\/tibladin.dk\\\/produkt\\\/lysestager-i-groen-tamegroute-keramik-solei\\\/\"]}]},{\"@type\":\"ImageObject\",\"inLanguage\":\"sv-SE\",\"@id\":\"https:\\\/\\\/tibladin.dk\\\/produkt\\\/lysestager-i-groen-tamegroute-keramik-solei\\\/#primaryimage\",\"url\":\"https:\\\/\\\/tibladin.dk\\\/wp-content\\\/uploads\\\/2023\\\/11\\\/Marokkansk-Tamegroute-lysestage_ETOLIE_begge-farver.jpg\",\"contentUrl\":\"https:\\\/\\\/tibladin.dk\\\/wp-content\\\/uploads\\\/2023\\\/11\\\/Marokkansk-Tamegroute-lysestage_ETOLIE_begge-farver.jpg\",\"width\":800,\"height\":800,\"caption\":\"Marokkansk Tamegroute lysestage_ETOLIE\"},{\"@type\":\"BreadcrumbList\",\"@id\":\"https:\\\/\\\/tibladin.dk\\\/produkt\\\/lysestager-i-groen-tamegroute-keramik-solei\\\/#breadcrumb\",\"itemListElement\":[{\"@type\":\"ListItem\",\"position\":1,\"name\":\"Hjem\",\"item\":\"https:\\\/\\\/tibladin.dk\\\/\"},{\"@type\":\"ListItem\",\"position\":2,\"name\":\"Shop\",\"item\":\"https:\\\/\\\/tibladin.dk\\\/shop\\\/\"},{\"@type\":\"ListItem\",\"position\":3,\"name\":\"Lysestager i gr\u00f8n Tamegroute keramik SOLEI\"}]},{\"@type\":\"WebSite\",\"@id\":\"https:\\\/\\\/tibladin.dk\\\/#website\",\"url\":\"https:\\\/\\\/tibladin.dk\\\/\",\"name\":\"Tibladin\",\"description\":\"Tibladin\",\"publisher\":{\"@id\":\"https:\\\/\\\/tibladin.dk\\\/#organization\"},\"potentialAction\":[{\"@type\":\"SearchAction\",\"target\":{\"@type\":\"EntryPoint\",\"urlTemplate\":\"https:\\\/\\\/tibladin.dk\\\/?s={search_term_string}\"},\"query-input\":{\"@type\":\"PropertyValueSpecification\",\"valueRequired\":true,\"valueName\":\"search_term_string\"}}],\"inLanguage\":\"sv-SE\"},{\"@type\":\"Organization\",\"@id\":\"https:\\\/\\\/tibladin.dk\\\/#organization\",\"name\":\"Tibladin\",\"url\":\"https:\\\/\\\/tibladin.dk\\\/\",\"logo\":{\"@type\":\"ImageObject\",\"inLanguage\":\"sv-SE\",\"@id\":\"https:\\\/\\\/tibladin.dk\\\/#\\\/schema\\\/logo\\\/image\\\/\",\"url\":\"https:\\\/\\\/tibladin.dk\\\/wp-content\\\/uploads\\\/2022\\\/09\\\/tibladin_logo.svg\",\"contentUrl\":\"https:\\\/\\\/tibladin.dk\\\/wp-content\\\/uploads\\\/2022\\\/09\\\/tibladin_logo.svg\",\"caption\":\"Tibladin\"},\"image\":{\"@id\":\"https:\\\/\\\/tibladin.dk\\\/#\\\/schema\\\/logo\\\/image\\\/\"}}]}<\/script>\n<!-- \/ Yoast SEO plugin. -->","yoast_head_json":{"title":"Ljusstakar i gr\u00f6n Tamegroute keramik SOLEI","description":"Vackra ljusstakar i gr\u00f6n tamgroute keramik SOLEI. Stort urval av den vackra Tamegroute-keramiken, som \u00e4r handgjord i Marocko.","robots":{"index":"index","follow":"follow","max-snippet":"max-snippet:-1","max-image-preview":"max-image-preview:large","max-video-preview":"max-video-preview:-1"},"canonical":"https:\/\/tibladin.dk\/sv\/produkt\/ljusstakar-i-gron-tamgroute-keramisk-solei\/","og_locale":"sv_SE","og_type":"article","og_title":"Lysestager i gr\u00f8n Tamegroute keramik SOLEI","og_description":"Smukke lysestager i gr\u00f8n tamegroute keramik SOLEI. Stort udvalg af den smukke Tamegroute keramik, som er h\u00e5ndlavet i Marokko.","og_url":"https:\/\/tibladin.dk\/sv\/produkt\/ljusstakar-i-gron-tamgroute-keramisk-solei\/","og_site_name":"Tibladin","article_modified_time":"2025-11-14T16:16:10+00:00","og_image":[{"width":800,"height":800,"url":"https:\/\/tibladin.dk\/wp-content\/uploads\/2023\/11\/Marokkansk-Tamegroute-lysestage_ETOLIE_begge-farver.jpg","type":"image\/jpeg"}],"twitter_card":"summary_large_image","twitter_misc":{"Ber\u00e4knad l\u00e4stid":"2 minuter"},"schema":{"@context":"https:\/\/schema.org","@graph":[{"@type":"WebPage","@id":"https:\/\/tibladin.dk\/produkt\/lysestager-i-groen-tamegroute-keramik-solei\/","url":"https:\/\/tibladin.dk\/produkt\/lysestager-i-groen-tamegroute-keramik-solei\/","name":"Ljusstakar i gr\u00f6n Tamegroute keramik SOLEI","isPartOf":{"@id":"https:\/\/tibladin.dk\/#website"},"primaryImageOfPage":{"@id":"https:\/\/tibladin.dk\/produkt\/lysestager-i-groen-tamegroute-keramik-solei\/#primaryimage"},"image":{"@id":"https:\/\/tibladin.dk\/produkt\/lysestager-i-groen-tamegroute-keramik-solei\/#primaryimage"},"thumbnailUrl":"https:\/\/tibladin.dk\/wp-content\/uploads\/2023\/11\/Marokkansk-Tamegroute-lysestage_ETOLIE_begge-farver.jpg","datePublished":"2023-11-11T05:10:20+00:00","dateModified":"2025-11-14T16:16:10+00:00","description":"Vackra ljusstakar i gr\u00f6n tamgroute keramik SOLEI. Stort urval av den vackra Tamegroute-keramiken, som \u00e4r handgjord i Marocko.","breadcrumb":{"@id":"https:\/\/tibladin.dk\/produkt\/lysestager-i-groen-tamegroute-keramik-solei\/#breadcrumb"},"inLanguage":"sv-SE","potentialAction":[{"@type":"ReadAction","target":["https:\/\/tibladin.dk\/produkt\/lysestager-i-groen-tamegroute-keramik-solei\/"]}]},{"@type":"ImageObject","inLanguage":"sv-SE","@id":"https:\/\/tibladin.dk\/produkt\/lysestager-i-groen-tamegroute-keramik-solei\/#primaryimage","url":"https:\/\/tibladin.dk\/wp-content\/uploads\/2023\/11\/Marokkansk-Tamegroute-lysestage_ETOLIE_begge-farver.jpg","contentUrl":"https:\/\/tibladin.dk\/wp-content\/uploads\/2023\/11\/Marokkansk-Tamegroute-lysestage_ETOLIE_begge-farver.jpg","width":800,"height":800,"caption":"Marokkansk Tamegroute lysestage_ETOLIE"},{"@type":"BreadcrumbList","@id":"https:\/\/tibladin.dk\/produkt\/lysestager-i-groen-tamegroute-keramik-solei\/#breadcrumb","itemListElement":[{"@type":"ListItem","position":1,"name":"Hjem","item":"https:\/\/tibladin.dk\/"},{"@type":"ListItem","position":2,"name":"Shop","item":"https:\/\/tibladin.dk\/shop\/"},{"@type":"ListItem","position":3,"name":"Lysestager i gr\u00f8n Tamegroute keramik SOLEI"}]},{"@type":"WebSite","@id":"https:\/\/tibladin.dk\/#website","url":"https:\/\/tibladin.dk\/","name":"Tibladin","description":"Tibladin","publisher":{"@id":"https:\/\/tibladin.dk\/#organization"},"potentialAction":[{"@type":"SearchAction","target":{"@type":"EntryPoint","urlTemplate":"https:\/\/tibladin.dk\/?s={search_term_string}"},"query-input":{"@type":"PropertyValueSpecification","valueRequired":true,"valueName":"search_term_string"}}],"inLanguage":"sv-SE"},{"@type":"Organization","@id":"https:\/\/tibladin.dk\/#organization","name":"Tibladin","url":"https:\/\/tibladin.dk\/","logo":{"@type":"ImageObject","inLanguage":"sv-SE","@id":"https:\/\/tibladin.dk\/#\/schema\/logo\/image\/","url":"https:\/\/tibladin.dk\/wp-content\/uploads\/2022\/09\/tibladin_logo.svg","contentUrl":"https:\/\/tibladin.dk\/wp-content\/uploads\/2022\/09\/tibladin_logo.svg","caption":"Tibladin"},"image":{"@id":"https:\/\/tibladin.dk\/#\/schema\/logo\/image\/"}}]}},"_links":{"self":[{"href":"https:\/\/tibladin.dk\/sv\/wp-json\/wp\/v2\/product\/9312","targetHints":{"allow":["GET"]}}],"collection":[{"href":"https:\/\/tibladin.dk\/sv\/wp-json\/wp\/v2\/product"}],"about":[{"href":"https:\/\/tibladin.dk\/sv\/wp-json\/wp\/v2\/types\/product"}],"wp:featuredmedia":[{"embeddable":true,"href":"https:\/\/tibladin.dk\/sv\/wp-json\/wp\/v2\/media\/9321"}],"wp:attachment":[{"href":"https:\/\/tibladin.dk\/sv\/wp-json\/wp\/v2\/media?parent=9312"}],"wp:term":[{"taxonomy":"product_brand","embeddable":true,"href":"https:\/\/tibladin.dk\/sv\/wp-json\/wp\/v2\/product_brand?post=9312"},{"taxonomy":"product_cat","embeddable":true,"href":"https:\/\/tibladin.dk\/sv\/wp-json\/wp\/v2\/product_cat?post=9312"},{"taxonomy":"product_tag","embeddable":true,"href":"https:\/\/tibladin.dk\/sv\/wp-json\/wp\/v2\/product_tag?post=9312"}],"curies":[{"name":"wp","href":"https:\/\/api.w.org\/{rel}","templated":true}]}}